{"id":4120,"date":"2023-02-13T16:17:44","date_gmt":"2023-02-13T15:17:44","guid":{"rendered":"https:\/\/agora.xtec.cat\/escolasagarra\/?page_id=4120"},"modified":"2023-05-09T10:12:07","modified_gmt":"2023-05-09T08:12:07","slug":"diagnosi-2","status":"publish","type":"page","link":"https:\/\/agora.xtec.cat\/escolasagarra\/estrategia-digital-de-centre-edc-2\/diagnosi\/diagnosi-2\/","title":{"rendered":"Diagnosi"},"content":{"rendered":"<p style=\"text-align: justify;\"><span style=\"font-weight: 400;\">Per a la realitzaci\u00f3 de la diagnosi de l\u2019\u00e0mbit digital i amb motiu de l\u2019elaboraci\u00f3 de tota l\u2019estrat\u00e8gia, s\u2019ha utilitzat l\u2019eina <\/span><b>SELFIE<\/b><span style=\"font-weight: 400;\"> per con\u00e8ixer, amb car\u00e0cter general, la compet\u00e8ncia digital de l\u2019alumnat i el professorat i <\/span><b>Google Forms<\/b><span style=\"font-weight: 400;\"> per recollir opinions i dades relacionades amb l\u2019\u00e0mbit digital i les fam\u00edlies. Tot plegat ens permet per detectar els punts forts i febles de la comunitat educativa.<\/span><\/p>\n<p style=\"text-align: justify;\"><span style=\"font-weight: 400;\">A partir d\u2019aquests instruments, s\u2019extreuen les dades i es categoritzen en aspectes a mantenir i a millorar, \u00e9s a dir, punts forts i febles dels quals partim per establir els nostres objectius dins de l\u2019estrat\u00e8gia.\u00a0<\/span><\/p>\n<p><img loading=\"lazy\" decoding=\"async\" class=\"aligncenter wp-image-4304 size-full\" src=\"https:\/\/agora.xtec.cat\/escolasagarra\/wp-content\/uploads\/usu946\/2023\/05\/Alumnes.png\" alt=\"\" width=\"1414\" height=\"2000\" srcset=\"https:\/\/agora.xtec.cat\/escolasagarra\/wp-content\/uploads\/usu946\/2023\/05\/Alumnes.png 1414w, https:\/\/agora.xtec.cat\/escolasagarra\/wp-content\/uploads\/usu946\/2023\/05\/Alumnes-212x300.png 212w, https:\/\/agora.xtec.cat\/escolasagarra\/wp-content\/uploads\/usu946\/2023\/05\/Alumnes-724x1024.png 724w, https:\/\/agora.xtec.cat\/escolasagarra\/wp-content\/uploads\/usu946\/2023\/05\/Alumnes-768x1086.png 768w, https:\/\/agora.xtec.cat\/escolasagarra\/wp-content\/uploads\/usu946\/2023\/05\/Alumnes-1086x1536.png 1086w\" sizes=\"auto, (max-width: 1414px) 100vw, 1414px\" \/><\/p>\n","protected":false},"excerpt":{"rendered":"<p>Per a la realitzaci\u00f3 de la diagnosi de l\u2019\u00e0mbit digital i amb motiu de l\u2019elaboraci\u00f3 de tota l\u2019estrat\u00e8gia, s\u2019ha utilitzat l\u2019eina SELFIE per con\u00e8ixer, amb car\u00e0cter general, la compet\u00e8ncia digital de l\u2019alumnat i el professorat i Google Forms per recollir opinions i dades relacionades amb l\u2019\u00e0mbit digital i les fam\u00edlies. Tot plegat ens permet per [&hellip;]<\/p>\n","protected":false},"author":1,"featured_media":0,"parent":4054,"menu_order":1,"comment_status":"closed","ping_status":"closed","template":"page-templates\/side-menu.php","meta":{"_bbp_topic_count":0,"_bbp_reply_count":0,"_bbp_total_topic_count":0,"_bbp_total_reply_count":0,"_bbp_voice_count":0,"_bbp_anonymous_reply_count":0,"_bbp_topic_count_hidden":0,"_bbp_reply_count_hidden":0,"_bbp_forum_subforum_count":0,"site-sidebar-layout":"default","site-content-layout":"","ast-site-content-layout":"","site-content-style":"default","site-sidebar-style":"default","ast-global-header-display":"","ast-banner-title-visibility":"","ast-main-header-display":"","ast-hfb-above-header-display":"","ast-hfb-below-header-display":"","ast-hfb-mobile-header-display":"","site-post-title":"","ast-breadcrumbs-content":"","ast-featured-img":"","footer-sml-layout":"","theme-transparent-header-meta":"","adv-header-id-meta":"","stick-header-meta":"","header-above-stick-meta":"","header-main-stick-meta":"","header-below-stick-meta":"","astra-migrate-meta-layouts":"default","ast-page-background-enabled":"default","ast-page-background-meta":{"desktop":{"background-color":"var(--ast-global-color-4)","background-image":"","background-repeat":"repeat","background-position":"center center","background-size":"auto","background-attachment":"scroll","background-type":"","background-media":"","overlay-type":"","overlay-color":"","overlay-opacity":"","overlay-gradient":""},"tablet":{"background-color":"","background-image":"","background-repeat":"repeat","background-position":"center center","background-size":"auto","background-attachment":"scroll","background-type":"","background-media":"","overlay-type":"","overlay-color":"","overlay-opacity":"","overlay-gradient":""},"mobile":{"background-color":"","background-image":"","background-repeat":"repeat","background-position":"center center","background-size":"auto","background-attachment":"scroll","background-type":"","background-media":"","overlay-type":"","overlay-color":"","overlay-opacity":"","overlay-gradient":""}},"ast-content-background-meta":{"desktop":{"background-color":"var(--ast-global-color-5)","background-image":"","background-repeat":"repeat","background-position":"center center","background-size":"auto","background-attachment":"scroll","background-type":"","background-media":"","overlay-type":"","overlay-color":"","overlay-opacity":"","overlay-gradient":""},"tablet":{"background-color":"var(--ast-global-color-5)","background-image":"","background-repeat":"repeat","background-position":"center center","background-size":"auto","background-attachment":"scroll","background-type":"","background-media":"","overlay-type":"","overlay-color":"","overlay-opacity":"","overlay-gradient":""},"mobile":{"background-color":"var(--ast-global-color-5)","background-image":"","background-repeat":"repeat","background-position":"center center","background-size":"auto","background-attachment":"scroll","background-type":"","background-media":"","overlay-type":"","overlay-color":"","overlay-opacity":"","overlay-gradient":""}},"footnotes":""},"class_list":["post-4120","page","type-page","status-publish","hentry"],"post_mailing_queue_ids":[],"_links":{"self":[{"href":"https:\/\/agora.xtec.cat\/escolasagarra\/wp-json\/wp\/v2\/pages\/4120","targetHints":{"allow":["GET"]}}],"collection":[{"href":"https:\/\/agora.xtec.cat\/escolasagarra\/wp-json\/wp\/v2\/pages"}],"about":[{"href":"https:\/\/agora.xtec.cat\/escolasagarra\/wp-json\/wp\/v2\/types\/page"}],"author":[{"embeddable":true,"href":"https:\/\/agora.xtec.cat\/escolasagarra\/wp-json\/wp\/v2\/users\/1"}],"replies":[{"embeddable":true,"href":"https:\/\/agora.xtec.cat\/escolasagarra\/wp-json\/wp\/v2\/comments?post=4120"}],"version-history":[{"count":3,"href":"https:\/\/agora.xtec.cat\/escolasagarra\/wp-json\/wp\/v2\/pages\/4120\/revisions"}],"predecessor-version":[{"id":4306,"href":"https:\/\/agora.xtec.cat\/escolasagarra\/wp-json\/wp\/v2\/pages\/4120\/revisions\/4306"}],"up":[{"embeddable":true,"href":"https:\/\/agora.xtec.cat\/escolasagarra\/wp-json\/wp\/v2\/pages\/4054"}],"wp:attachment":[{"href":"https:\/\/agora.xtec.cat\/escolasagarra\/wp-json\/wp\/v2\/media?parent=4120"}],"curies":[{"name":"wp","href":"https:\/\/api.w.org\/{rel}","templated":true}]}}