{"id":412,"date":"2020-03-03T23:12:32","date_gmt":"2020-03-03T22:12:32","guid":{"rendered":"http:\/\/agora.xtec.cat\/escolasagarra\/?page_id=412"},"modified":"2021-01-22T20:59:27","modified_gmt":"2021-01-22T19:59:27","slug":"historia","status":"publish","type":"page","link":"https:\/\/agora.xtec.cat\/escolasagarra\/historia\/","title":{"rendered":"Hist\u00f2ria"},"content":{"rendered":"<p style=\"text-align: justify;\"><span style=\"font-size: 12.0pt; line-height: 150%; font-family: Arial,sans-serif; letter-spacing: -.1pt; layout-grid-mode: line;\"><span style=\"font-size: small;\">El nostre centre es va inaugurar l&#8217;octubre de 1973 amb quatre classes de parvulari i tres aules per nivell de primer a cinqu\u00e8. La creaci\u00f3 de l\u2019escola responia a la demanda generada pel creixement de poblaci\u00f3 del barri. <\/span><\/span><span style=\"font-size: small;\"><span style=\"line-height: 150%; font-family: Arial,sans-serif; letter-spacing: -0.1pt;\">A partir dels anys 80 es produeix un envelliment de la poblaci\u00f3 de la zona, la qual cosa fa que minvi la matriculaci\u00f3 d\u2019alumnat.<\/span><\/span><\/p>\n<p style=\"text-align: justify;\"><span style=\"font-size: small;\"><span style=\"line-height: 150%; font-family: Arial,sans-serif; letter-spacing: -0.1pt;\">Actualment, l\u2019escola est\u00e0 formada per tres aules d\u2019educaci\u00f3 infantil: P3, P4 i P5 i 6 aules d\u2019educaci\u00f3 prim\u00e0ria, una aula per cadascun dels cursos de 1r a 6\u00e8. <\/span><\/span><span style=\"font-size: small;\"><span style=\"line-height: 150%; font-family: Arial,sans-serif;\">Durant el curs 2007-2008 es va produir una remodelaci\u00f3 total de l\u2019edifici. Actualment disposem d\u2019unes instal\u00b7lacions noves, amb espais amplis i lluminosos del tot adients per la tasca escolar.<\/span><\/span><\/p>\n","protected":false},"excerpt":{"rendered":"<p>El nostre centre es va inaugurar l&#8217;octubre de 1973 amb quatre classes de parvulari i tres aules per nivell de primer a cinqu\u00e8. La creaci\u00f3 de l\u2019escola responia a la demanda generada pel creixement de poblaci\u00f3 del barri. A partir dels anys 80 es produeix un envelliment de la poblaci\u00f3 de la zona, la qual [&hellip;]<\/p>\n","protected":false},"author":1,"featured_media":0,"parent":0,"menu_order":0,"comment_status":"closed","ping_status":"closed","template":"","meta":{"_bbp_topic_count":0,"_bbp_reply_count":0,"_bbp_total_topic_count":0,"_bbp_total_reply_count":0,"_bbp_voice_count":0,"_bbp_anonymous_reply_count":0,"_bbp_topic_count_hidden":0,"_bbp_reply_count_hidden":0,"_bbp_forum_subforum_count":0,"site-sidebar-layout":"default","site-content-layout":"","ast-site-content-layout":"","site-content-style":"default","site-sidebar-style":"default","ast-global-header-display":"","ast-banner-title-visibility":"","ast-main-header-display":"","ast-hfb-above-header-display":"","ast-hfb-below-header-display":"","ast-hfb-mobile-header-display":"","site-post-title":"","ast-breadcrumbs-content":"","ast-featured-img":"","footer-sml-layout":"","theme-transparent-header-meta":"","adv-header-id-meta":"","stick-header-meta":"","header-above-stick-meta":"","header-main-stick-meta":"","header-below-stick-meta":"","astra-migrate-meta-layouts":"default","ast-page-background-enabled":"default","ast-page-background-meta":{"desktop":{"background-color":"var(--ast-global-color-4)","background-image":"","background-repeat":"repeat","background-position":"center center","background-size":"auto","background-attachment":"scroll","background-type":"","background-media":"","overlay-type":"","overlay-color":"","overlay-opacity":"","overlay-gradient":""},"tablet":{"background-color":"","background-image":"","background-repeat":"repeat","background-position":"center center","background-size":"auto","background-attachment":"scroll","background-type":"","background-media":"","overlay-type":"","overlay-color":"","overlay-opacity":"","overlay-gradient":""},"mobile":{"background-color":"","background-image":"","background-repeat":"repeat","background-position":"center center","background-size":"auto","background-attachment":"scroll","background-type":"","background-media":"","overlay-type":"","overlay-color":"","overlay-opacity":"","overlay-gradient":""}},"ast-content-background-meta":{"desktop":{"background-color":"var(--ast-global-color-5)","background-image":"","background-repeat":"repeat","background-position":"center center","background-size":"auto","background-attachment":"scroll","background-type":"","background-media":"","overlay-type":"","overlay-color":"","overlay-opacity":"","overlay-gradient":""},"tablet":{"background-color":"var(--ast-global-color-5)","background-image":"","background-repeat":"repeat","background-position":"center center","background-size":"auto","background-attachment":"scroll","background-type":"","background-media":"","overlay-type":"","overlay-color":"","overlay-opacity":"","overlay-gradient":""},"mobile":{"background-color":"var(--ast-global-color-5)","background-image":"","background-repeat":"repeat","background-position":"center center","background-size":"auto","background-attachment":"scroll","background-type":"","background-media":"","overlay-type":"","overlay-color":"","overlay-opacity":"","overlay-gradient":""}},"footnotes":""},"class_list":["post-412","page","type-page","status-publish","hentry"],"post_mailing_queue_ids":[],"_links":{"self":[{"href":"https:\/\/agora.xtec.cat\/escolasagarra\/wp-json\/wp\/v2\/pages\/412","targetHints":{"allow":["GET"]}}],"collection":[{"href":"https:\/\/agora.xtec.cat\/escolasagarra\/wp-json\/wp\/v2\/pages"}],"about":[{"href":"https:\/\/agora.xtec.cat\/escolasagarra\/wp-json\/wp\/v2\/types\/page"}],"author":[{"embeddable":true,"href":"https:\/\/agora.xtec.cat\/escolasagarra\/wp-json\/wp\/v2\/users\/1"}],"replies":[{"embeddable":true,"href":"https:\/\/agora.xtec.cat\/escolasagarra\/wp-json\/wp\/v2\/comments?post=412"}],"version-history":[{"count":3,"href":"https:\/\/agora.xtec.cat\/escolasagarra\/wp-json\/wp\/v2\/pages\/412\/revisions"}],"predecessor-version":[{"id":1211,"href":"https:\/\/agora.xtec.cat\/escolasagarra\/wp-json\/wp\/v2\/pages\/412\/revisions\/1211"}],"wp:attachment":[{"href":"https:\/\/agora.xtec.cat\/escolasagarra\/wp-json\/wp\/v2\/media?parent=412"}],"curies":[{"name":"wp","href":"https:\/\/api.w.org\/{rel}","templated":true}]}}