{"id":411,"date":"2020-03-03T23:12:32","date_gmt":"2020-03-03T22:12:32","guid":{"rendered":"http:\/\/agora.xtec.cat\/escolasagarra\/?page_id=411"},"modified":"2025-12-02T09:37:53","modified_gmt":"2025-12-02T08:37:53","slug":"on-som","status":"publish","type":"page","link":"https:\/\/agora.xtec.cat\/escolasagarra\/on-som\/","title":{"rendered":"On som"},"content":{"rendered":"<p style=\"text-align: left;\">Adre\u00e7a: Passeig Vall d&#8217;Hebron 64<br \/>\nDistricte: Gr\u00e0cia<br \/>\nBarri: Vallcarca i els Penitents<br \/>\nMunicipi: Barcelona<br \/>\nCodi postal: 08023<br \/>\nTel\u00e8fon: 93 212 44 29<br \/>\nCorreu electr\u00f2nic: <a href=\"mailto:escolasagarra@xtec.cat\">escolasagarra@xtec.cat<\/a><br \/>\nWeb: <a href=\"http:\/\/www.xtec.cat\/escolasagarra\">www.xtec.cat\/escolasagarra<\/a><br \/>\ntwitter: <a href=\"https:\/\/twitter.com\/escolasagarra?lang=ca\">@EscolaSagarra<\/a><\/p>\n<p>Instagram: <a href=\"http:\/\/instagram.com\/josep_maria_sagarra\/\">@josep_maria_sagarra<\/a><\/p>\n<p>facebook: <a href=\"https:\/\/www.facebook.com\/profile.php?id=100007964659432\">facebook\/escolasagarra<\/a><\/p>\n<p><a href=\"http:\/\/www.edubcn.cat\/ca\/centres_serveis_educatius\/centres_educatius\/cercador#\/centre\/08002216\">Enlla\u00e7 amb el cercador del Consorci d&#8217;Educaci\u00f3 de Barcelona<\/a><\/p>\n","protected":false},"excerpt":{"rendered":"<p>Adre\u00e7a: Passeig Vall d&#8217;Hebron 64 Districte: Gr\u00e0cia Barri: Vallcarca i els Penitents Municipi: Barcelona Codi postal: 08023 Tel\u00e8fon: 93 212 44 29 Correu electr\u00f2nic: escolasagarra@xtec.cat Web: www.xtec.cat\/escolasagarra twitter: @EscolaSagarra Instagram: @josep_maria_sagarra facebook: facebook\/escolasagarra Enlla\u00e7 amb el cercador del Consorci d&#8217;Educaci\u00f3 de Barcelona<\/p>\n","protected":false},"author":1,"featured_media":0,"parent":0,"menu_order":0,"comment_status":"closed","ping_status":"closed","template":"","meta":{"_bbp_topic_count":0,"_bbp_reply_count":0,"_bbp_total_topic_count":0,"_bbp_total_reply_count":0,"_bbp_voice_count":0,"_bbp_anonymous_reply_count":0,"_bbp_topic_count_hidden":0,"_bbp_reply_count_hidden":0,"_bbp_forum_subforum_count":0,"site-sidebar-layout":"default","site-content-layout":"","ast-site-content-layout":"default","site-content-style":"default","site-sidebar-style":"default","ast-global-header-display":"","ast-banner-title-visibility":"","ast-main-header-display":"","ast-hfb-above-header-display":"","ast-hfb-below-header-display":"","ast-hfb-mobile-header-display":"","site-post-title":"","ast-breadcrumbs-content":"","ast-featured-img":"","footer-sml-layout":"","theme-transparent-header-meta":"","adv-header-id-meta":"","stick-header-meta":"","header-above-stick-meta":"","header-main-stick-meta":"","header-below-stick-meta":"","astra-migrate-meta-layouts":"set","ast-page-background-enabled":"default","ast-page-background-meta":{"desktop":{"background-color":"var(--ast-global-color-4)","background-image":"","background-repeat":"repeat","background-position":"center center","background-size":"auto","background-attachment":"scroll","background-type":"","background-media":"","overlay-type":"","overlay-color":"","overlay-opacity":"","overlay-gradient":""},"tablet":{"background-color":"","background-image":"","background-repeat":"repeat","background-position":"center center","background-size":"auto","background-attachment":"scroll","background-type":"","background-media":"","overlay-type":"","overlay-color":"","overlay-opacity":"","overlay-gradient":""},"mobile":{"background-color":"","background-image":"","background-repeat":"repeat","background-position":"center center","background-size":"auto","background-attachment":"scroll","background-type":"","background-media":"","overlay-type":"","overlay-color":"","overlay-opacity":"","overlay-gradient":""}},"ast-content-background-meta":{"desktop":{"background-color":"var(--ast-global-color-5)","background-image":"","background-repeat":"repeat","background-position":"center center","background-size":"auto","background-attachment":"scroll","background-type":"","background-media":"","overlay-type":"","overlay-color":"","overlay-opacity":"","overlay-gradient":""},"tablet":{"background-color":"var(--ast-global-color-5)","background-image":"","background-repeat":"repeat","background-position":"center center","background-size":"auto","background-attachment":"scroll","background-type":"","background-media":"","overlay-type":"","overlay-color":"","overlay-opacity":"","overlay-gradient":""},"mobile":{"background-color":"var(--ast-global-color-5)","background-image":"","background-repeat":"repeat","background-position":"center center","background-size":"auto","background-attachment":"scroll","background-type":"","background-media":"","overlay-type":"","overlay-color":"","overlay-opacity":"","overlay-gradient":""}},"footnotes":""},"class_list":["post-411","page","type-page","status-publish","hentry"],"post_mailing_queue_ids":[],"_links":{"self":[{"href":"https:\/\/agora.xtec.cat\/escolasagarra\/wp-json\/wp\/v2\/pages\/411","targetHints":{"allow":["GET"]}}],"collection":[{"href":"https:\/\/agora.xtec.cat\/escolasagarra\/wp-json\/wp\/v2\/pages"}],"about":[{"href":"https:\/\/agora.xtec.cat\/escolasagarra\/wp-json\/wp\/v2\/types\/page"}],"author":[{"embeddable":true,"href":"https:\/\/agora.xtec.cat\/escolasagarra\/wp-json\/wp\/v2\/users\/1"}],"replies":[{"embeddable":true,"href":"https:\/\/agora.xtec.cat\/escolasagarra\/wp-json\/wp\/v2\/comments?post=411"}],"version-history":[{"count":3,"href":"https:\/\/agora.xtec.cat\/escolasagarra\/wp-json\/wp\/v2\/pages\/411\/revisions"}],"predecessor-version":[{"id":5653,"href":"https:\/\/agora.xtec.cat\/escolasagarra\/wp-json\/wp\/v2\/pages\/411\/revisions\/5653"}],"wp:attachment":[{"href":"https:\/\/agora.xtec.cat\/escolasagarra\/wp-json\/wp\/v2\/media?parent=411"}],"curies":[{"name":"wp","href":"https:\/\/api.w.org\/{rel}","templated":true}]}}