{"id":385,"date":"2020-03-03T22:56:24","date_gmt":"2020-03-03T21:56:24","guid":{"rendered":"http:\/\/agora.xtec.cat\/escolasagarra\/?page_id=385"},"modified":"2021-02-09T16:14:11","modified_gmt":"2021-02-09T15:14:11","slug":"lescola","status":"publish","type":"page","link":"https:\/\/agora.xtec.cat\/escolasagarra\/lescola\/","title":{"rendered":"L&#8217;escola"},"content":{"rendered":"<ul id=\"menu-menu-inici\" class=\"menu-principal\">\n<li id=\"nav-menu-item-782\" class=\"main-menu-item  menu-item-even menu-item-depth-0 menu-item menu-item-type-post_type menu-item-object-page current-menu-item page_item page-item-385 current_page_item menu-item-has-children\"><a class=\"menu-link main-menu-link\" href=\"https:\/\/agora.xtec.cat\/escolasagarra\/lescola\/\">L\u2019escola<\/a>\n<ul class=\"sub-menu menu-odd  menu-depth-1\">\n<li id=\"nav-menu-item-783\" class=\"sub-menu-item  menu-item-odd menu-item-depth-1 menu-item menu-item-type-post_type menu-item-object-page\"><a class=\"menu-link sub-menu-link\" href=\"https:\/\/agora.xtec.cat\/escolasagarra\/on-som\/\">On som<\/a><\/li>\n<li id=\"nav-menu-item-784\" class=\"sub-menu-item  menu-item-odd menu-item-depth-1 menu-item menu-item-type-post_type menu-item-object-page\"><a class=\"menu-link sub-menu-link\" href=\"https:\/\/agora.xtec.cat\/escolasagarra\/historia\/\">Hist\u00f2ria<\/a><\/li>\n<li id=\"nav-menu-item-785\" class=\"sub-menu-item  menu-item-odd menu-item-depth-1 menu-item menu-item-type-post_type menu-item-object-page\"><a class=\"menu-link sub-menu-link\" href=\"https:\/\/agora.xtec.cat\/escolasagarra\/documents-del-centre\/\">Documents del centre<\/a><\/li>\n<li id=\"nav-menu-item-787\" class=\"sub-menu-item  menu-item-odd menu-item-depth-1 menu-item menu-item-type-post_type menu-item-object-page\"><a class=\"menu-link sub-menu-link\" href=\"https:\/\/agora.xtec.cat\/escolasagarra\/consell-escolar-2019\/\">Consell Escolar 2019<\/a><\/li>\n<li id=\"nav-menu-item-786\" class=\"sub-menu-item  menu-item-odd menu-item-depth-1 menu-item menu-item-type-post_type menu-item-object-page\"><a class=\"menu-link sub-menu-link\" href=\"https:\/\/agora.xtec.cat\/escolasagarra\/publicacions\/\">Publicacions<\/a><\/li>\n<\/ul>\n<\/li>\n<li id=\"nav-menu-item-781\" class=\"main-menu-item  menu-item-even menu-item-depth-0 menu-item menu-item-type-post_type menu-item-object-page menu-item-has-children\"><a class=\"menu-link main-menu-link\" href=\"https:\/\/agora.xtec.cat\/escolasagarra\/som-escola-magnet-2\/\">Som escola Magnet<\/a>\n<ul class=\"sub-menu menu-odd  menu-depth-1\">\n<li id=\"nav-menu-item-792\" class=\"sub-menu-item  menu-item-odd menu-item-depth-1 menu-item menu-item-type-post_type menu-item-object-page\"><a class=\"menu-link sub-menu-link\" href=\"https:\/\/agora.xtec.cat\/escolasagarra\/projecte-educatiu\/\">Projecte Educatiu<\/a><\/li>\n<li id=\"nav-menu-item-793\" class=\"sub-menu-item  menu-item-odd menu-item-depth-1 menu-item menu-item-type-post_type menu-item-object-page\"><a class=\"menu-link sub-menu-link\" href=\"https:\/\/agora.xtec.cat\/escolasagarra\/projecte-de-direccio\/\">Projecte de direcci\u00f3<\/a><\/li>\n<li id=\"nav-menu-item-794\" class=\"sub-menu-item  menu-item-odd menu-item-depth-1 menu-item menu-item-type-post_type menu-item-object-page\"><a class=\"menu-link sub-menu-link\" href=\"https:\/\/agora.xtec.cat\/escolasagarra\/decaleg\/\">Dec\u00e0leg<\/a><\/li>\n<li id=\"nav-menu-item-1120\" class=\"sub-menu-item  menu-item-odd menu-item-depth-1 menu-item menu-item-type-taxonomy menu-item-object-category\"><a class=\"menu-link sub-menu-link\" href=\"https:\/\/agora.xtec.cat\/escolasagarra\/categoria\/espai-c\/\">ESPAI C<\/a><\/li>\n<li id=\"nav-menu-item-2751\" class=\"sub-menu-item  menu-item-odd menu-item-depth-1 menu-item menu-item-type-taxonomy menu-item-object-category\"><a class=\"menu-link sub-menu-link\" href=\"https:\/\/agora.xtec.cat\/escolasagarra\/categoria\/magnet\/\">MAGNET<\/a><\/li>\n<\/ul>\n<\/li>\n<li id=\"nav-menu-item-1122\" class=\"main-menu-item  menu-item-even menu-item-depth-0 menu-item menu-item-type-taxonomy menu-item-object-category menu-item-has-children\"><a class=\"menu-link main-menu-link\" href=\"https:\/\/agora.xtec.cat\/escolasagarra\/categoria\/comunitat-petits\/\">Comunitat petits<\/a>\n<ul class=\"sub-menu menu-odd  menu-depth-1\">\n<li id=\"nav-menu-item-1931\" class=\"sub-menu-item  menu-item-odd menu-item-depth-1 menu-item menu-item-type-taxonomy menu-item-object-category\"><a class=\"menu-link sub-menu-link\" href=\"https:\/\/agora.xtec.cat\/escolasagarra\/categoria\/comunitat-petits\/p3\/\">P3<\/a><\/li>\n<li id=\"nav-menu-item-1932\" class=\"sub-menu-item  menu-item-odd menu-item-depth-1 menu-item menu-item-type-taxonomy menu-item-object-category\"><a class=\"menu-link sub-menu-link\" href=\"https:\/\/agora.xtec.cat\/escolasagarra\/categoria\/comunitat-petits\/p4\/\">P4<\/a><\/li>\n<li id=\"nav-menu-item-1933\" class=\"sub-menu-item  menu-item-odd menu-item-depth-1 menu-item menu-item-type-taxonomy menu-item-object-category\"><a class=\"menu-link sub-menu-link\" href=\"https:\/\/agora.xtec.cat\/escolasagarra\/categoria\/comunitat-petits\/p5\/\">P5<\/a><\/li>\n<\/ul>\n<\/li>\n<li id=\"nav-menu-item-1118\" class=\"main-menu-item  menu-item-even menu-item-depth-0 menu-item menu-item-type-taxonomy menu-item-object-category menu-item-has-children\"><a class=\"menu-link main-menu-link\" href=\"https:\/\/agora.xtec.cat\/escolasagarra\/categoria\/comunitat-mitjans\/\">Comunitat mitjans<\/a>\n<ul class=\"sub-menu menu-odd  menu-depth-1\">\n<li id=\"nav-menu-item-1129\" class=\"sub-menu-item  menu-item-odd menu-item-depth-1 menu-item menu-item-type-taxonomy menu-item-object-category\"><a class=\"menu-link sub-menu-link\" href=\"https:\/\/agora.xtec.cat\/escolasagarra\/categoria\/comunitat-mitjans\/1r\/\">1r<\/a><\/li>\n<li id=\"nav-menu-item-1130\" class=\"sub-menu-item  menu-item-odd menu-item-depth-1 menu-item menu-item-type-taxonomy menu-item-object-category\"><a class=\"menu-link sub-menu-link\" href=\"https:\/\/agora.xtec.cat\/escolasagarra\/categoria\/comunitat-mitjans\/2n\/\">2n<\/a><\/li>\n<li id=\"nav-menu-item-1131\" class=\"sub-menu-item  menu-item-odd menu-item-depth-1 menu-item menu-item-type-taxonomy menu-item-object-category\"><a class=\"menu-link sub-menu-link\" href=\"https:\/\/agora.xtec.cat\/escolasagarra\/categoria\/comunitat-mitjans\/3r\/\">3r<\/a><\/li>\n<\/ul>\n<\/li>\n<li id=\"nav-menu-item-1119\" class=\"main-menu-item  menu-item-even menu-item-depth-0 menu-item menu-item-type-taxonomy menu-item-object-category menu-item-has-children\"><a class=\"menu-link main-menu-link\" href=\"https:\/\/agora.xtec.cat\/escolasagarra\/categoria\/comunitat-grans\/\">Comunitat grans<\/a>\n<ul class=\"sub-menu menu-odd  menu-depth-1\">\n<li id=\"nav-menu-item-1132\" class=\"sub-menu-item  menu-item-odd menu-item-depth-1 menu-item menu-item-type-taxonomy menu-item-object-category\"><a class=\"menu-link sub-menu-link\" href=\"https:\/\/agora.xtec.cat\/escolasagarra\/categoria\/comunitat-grans\/4t\/\">4t<\/a><\/li>\n<li id=\"nav-menu-item-1133\" class=\"sub-menu-item  menu-item-odd menu-item-depth-1 menu-item menu-item-type-taxonomy menu-item-object-category\"><a class=\"menu-link sub-menu-link\" href=\"https:\/\/agora.xtec.cat\/escolasagarra\/categoria\/comunitat-grans\/5e\/\">5\u00e8<\/a><\/li>\n<li id=\"nav-menu-item-1134\" class=\"sub-menu-item  menu-item-odd menu-item-depth-1 menu-item menu-item-type-taxonomy menu-item-object-category\"><a class=\"menu-link sub-menu-link\" href=\"https:\/\/agora.xtec.cat\/escolasagarra\/categoria\/comunitat-grans\/6e\/\">6\u00e8<\/a><\/li>\n<\/ul>\n<\/li>\n<li id=\"nav-menu-item-2755\" class=\"main-menu-item  menu-item-even menu-item-depth-0 menu-item menu-item-type-taxonomy menu-item-object-category menu-item-has-children\"><a class=\"menu-link main-menu-link\" href=\"https:\/\/agora.xtec.cat\/escolasagarra\/categoria\/escola-general\/\">ESCOLA SAGARRA<\/a>\n<ul class=\"sub-menu menu-odd  menu-depth-1\">\n<li id=\"nav-menu-item-799\" class=\"sub-menu-item  menu-item-odd menu-item-depth-1 menu-item menu-item-type-post_type menu-item-object-page\"><a class=\"menu-link sub-menu-link\" href=\"https:\/\/agora.xtec.cat\/escolasagarra\/collaboradors\/\">Col\u00b7laboradors<\/a><\/li>\n<\/ul>\n<\/li>\n<\/ul>\n","protected":false},"excerpt":{"rendered":"<p>L\u2019escola On som Hist\u00f2ria Documents del centre Consell Escolar 2019 Publicacions Som escola Magnet Projecte Educatiu Projecte de direcci\u00f3 Dec\u00e0leg ESPAI C MAGNET Comunitat petits P3 P4 P5 Comunitat mitjans 1r 2n 3r Comunitat grans 4t 5\u00e8 6\u00e8 ESCOLA SAGARRA Col\u00b7laboradors<\/p>\n","protected":false},"author":1,"featured_media":0,"parent":0,"menu_order":0,"comment_status":"closed","ping_status":"closed","template":"","meta":{"_bbp_topic_count":0,"_bbp_reply_count":0,"_bbp_total_topic_count":0,"_bbp_total_reply_count":0,"_bbp_voice_count":0,"_bbp_anonymous_reply_count":0,"_bbp_topic_count_hidden":0,"_bbp_reply_count_hidden":0,"_bbp_forum_subforum_count":0,"site-sidebar-layout":"default","site-content-layout":"","ast-site-content-layout":"","site-content-style":"default","site-sidebar-style":"default","ast-global-header-display":"","ast-banner-title-visibility":"","ast-main-header-display":"","ast-hfb-above-header-display":"","ast-hfb-below-header-display":"","ast-hfb-mobile-header-display":"","site-post-title":"","ast-breadcrumbs-content":"","ast-featured-img":"","footer-sml-layout":"","theme-transparent-header-meta":"","adv-header-id-meta":"","stick-header-meta":"","header-above-stick-meta":"","header-main-stick-meta":"","header-below-stick-meta":"","astra-migrate-meta-layouts":"default","ast-page-background-enabled":"default","ast-page-background-meta":{"desktop":{"background-color":"var(--ast-global-color-4)","background-image":"","background-repeat":"repeat","background-position":"center center","background-size":"auto","background-attachment":"scroll","background-type":"","background-media":"","overlay-type":"","overlay-color":"","overlay-opacity":"","overlay-gradient":""},"tablet":{"background-color":"","background-image":"","background-repeat":"repeat","background-position":"center center","background-size":"auto","background-attachment":"scroll","background-type":"","background-media":"","overlay-type":"","overlay-color":"","overlay-opacity":"","overlay-gradient":""},"mobile":{"background-color":"","background-image":"","background-repeat":"repeat","background-position":"center center","background-size":"auto","background-attachment":"scroll","background-type":"","background-media":"","overlay-type":"","overlay-color":"","overlay-opacity":"","overlay-gradient":""}},"ast-content-background-meta":{"desktop":{"background-color":"var(--ast-global-color-5)","background-image":"","background-repeat":"repeat","background-position":"center center","background-size":"auto","background-attachment":"scroll","background-type":"","background-media":"","overlay-type":"","overlay-color":"","overlay-opacity":"","overlay-gradient":""},"tablet":{"background-color":"var(--ast-global-color-5)","background-image":"","background-repeat":"repeat","background-position":"center center","background-size":"auto","background-attachment":"scroll","background-type":"","background-media":"","overlay-type":"","overlay-color":"","overlay-opacity":"","overlay-gradient":""},"mobile":{"background-color":"var(--ast-global-color-5)","background-image":"","background-repeat":"repeat","background-position":"center center","background-size":"auto","background-attachment":"scroll","background-type":"","background-media":"","overlay-type":"","overlay-color":"","overlay-opacity":"","overlay-gradient":""}},"footnotes":""},"class_list":["post-385","page","type-page","status-publish","hentry"],"post_mailing_queue_ids":[],"_links":{"self":[{"href":"https:\/\/agora.xtec.cat\/escolasagarra\/wp-json\/wp\/v2\/pages\/385","targetHints":{"allow":["GET"]}}],"collection":[{"href":"https:\/\/agora.xtec.cat\/escolasagarra\/wp-json\/wp\/v2\/pages"}],"about":[{"href":"https:\/\/agora.xtec.cat\/escolasagarra\/wp-json\/wp\/v2\/types\/page"}],"author":[{"embeddable":true,"href":"https:\/\/agora.xtec.cat\/escolasagarra\/wp-json\/wp\/v2\/users\/1"}],"replies":[{"embeddable":true,"href":"https:\/\/agora.xtec.cat\/escolasagarra\/wp-json\/wp\/v2\/comments?post=385"}],"version-history":[{"count":3,"href":"https:\/\/agora.xtec.cat\/escolasagarra\/wp-json\/wp\/v2\/pages\/385\/revisions"}],"predecessor-version":[{"id":4073,"href":"https:\/\/agora.xtec.cat\/escolasagarra\/wp-json\/wp\/v2\/pages\/385\/revisions\/4073"}],"wp:attachment":[{"href":"https:\/\/agora.xtec.cat\/escolasagarra\/wp-json\/wp\/v2\/media?parent=385"}],"curies":[{"name":"wp","href":"https:\/\/api.w.org\/{rel}","templated":true}]}}