{"id":73,"date":"2014-09-18T14:01:51","date_gmt":"2014-09-18T14:01:51","guid":{"rendered":"http:\/\/agora.xtec.cat\/escolasaavedra\/?page_id=73"},"modified":"2024-10-11T09:50:11","modified_gmt":"2024-10-11T07:50:11","slug":"menjador-escolar","status":"publish","type":"page","link":"https:\/\/agora.xtec.cat\/escolasaavedra\/serveis\/menjador-escolar\/","title":{"rendered":"Menjador escolar"},"content":{"rendered":"<p>L\u2019Escola\u00a0<strong>Saavedra<\/strong>, \u00e9s un dels principals centres educatius de la ciutat de Tarragona, t\u00e9 m\u00e9s de 100 anys d\u2019hist\u00f2ria. Al capdavant, En Sergi, director amb qui treballem conjuntament, primer com a mestre del centre i des del curs 2021-2022 com a director, per aconseguir un menjador escolar de qualitat, amb un ambient familiar, i on poc a poc hem anat introduint aliments ecol\u00f2gics.<\/p>\n<p>Les tasques fonamentals que fan possible aquest servei son: la coordinaci\u00f3 del monitoratge i cuina. La Yolanda\u00a0 fa que els infants se sentin com a casa des del primer dia amb molta paci\u00e8ncia i estima i en Fallou s\u2019encarrega de preparar uns plats per llepar-se els dits.<\/p>\n<p>Les activitats que es fan dins el servei de menjador s\u00f3n tallers per fer ambientaci\u00f3 del menjador, jocs de pati i jocs d\u2019enginy, per promoure el respecte, la col\u00b7laboraci\u00f3 i la participaci\u00f3 de tots. Gr\u00e0cies al seu entorn privilegiat i les instal\u00b7lacions, els infants gaudeixen cada dia d\u2019una estona de lleure tranquils i sense les pertorbacions caracter\u00edstiques d\u2019una gran ciutat.<\/p>\n<h4><strong>\u00c0gora \u00e9s l&#8217;empresa que s\u2019encarrega d\u2019oferir servei de cuina i monitoratge al voltant d&#8217;uns 160 nens\/es.<\/strong><\/h4>\n<p style=\"text-align: right;\"><a href=\"https:\/\/agora.xtec.cat\/escolasaavedra\/wp-content\/uploads\/usu587\/2022\/06\/WhatsApp-Image-2022-05-28-at-12.04.06-PM.jpeg\"><img loading=\"lazy\" decoding=\"async\" class=\"alignnone size-large wp-image-26335\" src=\"https:\/\/agora.xtec.cat\/escolasaavedra\/wp-content\/uploads\/usu587\/2022\/06\/WhatsApp-Image-2022-05-28-at-12.04.06-PM-1024x766.jpeg\" alt=\"\" width=\"1024\" height=\"766\" srcset=\"https:\/\/agora.xtec.cat\/escolasaavedra\/wp-content\/uploads\/usu587\/2022\/06\/WhatsApp-Image-2022-05-28-at-12.04.06-PM-1024x766.jpeg 1024w, https:\/\/agora.xtec.cat\/escolasaavedra\/wp-content\/uploads\/usu587\/2022\/06\/WhatsApp-Image-2022-05-28-at-12.04.06-PM-300x224.jpeg 300w, https:\/\/agora.xtec.cat\/escolasaavedra\/wp-content\/uploads\/usu587\/2022\/06\/WhatsApp-Image-2022-05-28-at-12.04.06-PM-768x574.jpeg 768w, https:\/\/agora.xtec.cat\/escolasaavedra\/wp-content\/uploads\/usu587\/2022\/06\/WhatsApp-Image-2022-05-28-at-12.04.06-PM-1536x1149.jpeg 1536w, https:\/\/agora.xtec.cat\/escolasaavedra\/wp-content\/uploads\/usu587\/2022\/06\/WhatsApp-Image-2022-05-28-at-12.04.06-PM-200x150.jpeg 200w, https:\/\/agora.xtec.cat\/escolasaavedra\/wp-content\/uploads\/usu587\/2022\/06\/WhatsApp-Image-2022-05-28-at-12.04.06-PM.jpeg 2000w\" sizes=\"auto, (max-width: 1024px) 100vw, 1024px\" \/><\/a><\/p>\n<p>&nbsp;<\/p>\n","protected":false},"excerpt":{"rendered":"<p>L\u2019Escola\u00a0Saavedra, \u00e9s un dels principals centres educatius de la ciutat de Tarragona, t\u00e9 m\u00e9s de 100 anys d\u2019hist\u00f2ria. Al capdavant, En Sergi, director amb qui treballem conjuntament, primer com a mestre del centre i des del curs 2021-2022 com a director, per aconseguir un menjador escolar de qualitat, amb un ambient familiar, i on poc [&hellip;]<\/p>\n","protected":false},"author":2,"featured_media":0,"parent":66,"menu_order":30,"comment_status":"closed","ping_status":"closed","template":"page-templates\/side-menu.php","meta":{"_bbp_topic_count":0,"_bbp_reply_count":0,"_bbp_total_topic_count":0,"_bbp_total_reply_count":0,"_bbp_voice_count":0,"_bbp_anonymous_reply_count":0,"_bbp_topic_count_hidden":0,"_bbp_reply_count_hidden":0,"_bbp_forum_subforum_count":0,"site-sidebar-layout":"default","site-content-layout":"","ast-site-content-layout":"","site-content-style":"default","site-sidebar-style":"default","ast-global-header-display":"","ast-banner-title-visibility":"","ast-main-header-display":"","ast-hfb-above-header-display":"","ast-hfb-below-header-display":"","ast-hfb-mobile-header-display":"","site-post-title":"","ast-breadcrumbs-content":"","ast-featured-img":"","footer-sml-layout":"","theme-transparent-header-meta":"","adv-header-id-meta":"","stick-header-meta":"","header-above-stick-meta":"","header-main-stick-meta":"","header-below-stick-meta":"","astra-migrate-meta-layouts":"default","ast-page-background-enabled":"default","ast-page-background-meta":{"desktop":{"background-color":"var(--ast-global-color-4)","background-image":"","background-repeat":"repeat","background-position":"center center","background-size":"auto","background-attachment":"scroll","background-type":"","background-media":"","overlay-type":"","overlay-color":"","overlay-opacity":"","overlay-gradient":""},"tablet":{"background-color":"","background-image":"","background-repeat":"repeat","background-position":"center center","background-size":"auto","background-attachment":"scroll","background-type":"","background-media":"","overlay-type":"","overlay-color":"","overlay-opacity":"","overlay-gradient":""},"mobile":{"background-color":"","background-image":"","background-repeat":"repeat","background-position":"center center","background-size":"auto","background-attachment":"scroll","background-type":"","background-media":"","overlay-type":"","overlay-color":"","overlay-opacity":"","overlay-gradient":""}},"ast-content-background-meta":{"desktop":{"background-color":"var(--ast-global-color-5)","background-image":"","background-repeat":"repeat","background-position":"center center","background-size":"auto","background-attachment":"scroll","background-type":"","background-media":"","overlay-type":"","overlay-color":"","overlay-opacity":"","overlay-gradient":""},"tablet":{"background-color":"var(--ast-global-color-5)","background-image":"","background-repeat":"repeat","background-position":"center center","background-size":"auto","background-attachment":"scroll","background-type":"","background-media":"","overlay-type":"","overlay-color":"","overlay-opacity":"","overlay-gradient":""},"mobile":{"background-color":"var(--ast-global-color-5)","background-image":"","background-repeat":"repeat","background-position":"center center","background-size":"auto","background-attachment":"scroll","background-type":"","background-media":"","overlay-type":"","overlay-color":"","overlay-opacity":"","overlay-gradient":""}},"footnotes":""},"class_list":["post-73","page","type-page","status-publish","hentry"],"post_mailing_queue_ids":[],"_links":{"self":[{"href":"https:\/\/agora.xtec.cat\/escolasaavedra\/wp-json\/wp\/v2\/pages\/73","targetHints":{"allow":["GET"]}}],"collection":[{"href":"https:\/\/agora.xtec.cat\/escolasaavedra\/wp-json\/wp\/v2\/pages"}],"about":[{"href":"https:\/\/agora.xtec.cat\/escolasaavedra\/wp-json\/wp\/v2\/types\/page"}],"author":[{"embeddable":true,"href":"https:\/\/agora.xtec.cat\/escolasaavedra\/wp-json\/wp\/v2\/users\/2"}],"replies":[{"embeddable":true,"href":"https:\/\/agora.xtec.cat\/escolasaavedra\/wp-json\/wp\/v2\/comments?post=73"}],"version-history":[{"count":5,"href":"https:\/\/agora.xtec.cat\/escolasaavedra\/wp-json\/wp\/v2\/pages\/73\/revisions"}],"predecessor-version":[{"id":31298,"href":"https:\/\/agora.xtec.cat\/escolasaavedra\/wp-json\/wp\/v2\/pages\/73\/revisions\/31298"}],"up":[{"embeddable":true,"href":"https:\/\/agora.xtec.cat\/escolasaavedra\/wp-json\/wp\/v2\/pages\/66"}],"wp:attachment":[{"href":"https:\/\/agora.xtec.cat\/escolasaavedra\/wp-json\/wp\/v2\/media?parent=73"}],"curies":[{"name":"wp","href":"https:\/\/api.w.org\/{rel}","templated":true}]}}