{"id":66,"date":"2014-09-18T12:40:47","date_gmt":"2014-09-18T12:40:47","guid":{"rendered":"http:\/\/agora.xtec.cat\/escolasaavedra\/?page_id=66"},"modified":"2024-10-11T10:01:16","modified_gmt":"2024-10-11T08:01:16","slug":"serveis","status":"publish","type":"page","link":"https:\/\/agora.xtec.cat\/escolasaavedra\/serveis\/","title":{"rendered":"Serveis"},"content":{"rendered":"<p>L&#8217;Escola Saavedra no es limita a l&#8217;eix curricular sin\u00f3 que ent\u00e9n la comunitat educativa com un ens imprescindible de l&#8217;educaci\u00f3 no formal.<\/p>\n<p>La relaci\u00f3 amb la comunitat es fa a trav\u00e9s de diferents projectes dins i fora de l&#8217;escola gestionats pel mestres i l&#8217;AFA.<\/p>\n<p>A\u00a0 m\u00e9s de l&#8217;horari estrictament escolar hi ha altres hores en qu\u00e8 l&#8217;alumnat est\u00e0 a al centre. Aquestes activitats les gestiona l&#8217;empresa \u00c0gora contractada per l&#8217;AFA, i son:<\/p>\n<ul>\n<li><a href=\"https:\/\/agora.xtec.cat\/escolasaavedra\/serveis\/menjador-escolar\/\"><span style=\"font-family: inherit; font-size: 1em;\">el menjador escolar<\/span><\/a><\/li>\n<li><a href=\"https:\/\/agora.xtec.cat\/escolasaavedra\/serveis\/acollida-matinal\/\">l&#8217;acollida<\/a><\/li>\n<li><a href=\"https:\/\/agora.xtec.cat\/escolasaavedra\/serveis\/activitats-extraescolars\/\">les activitats extraescolars<\/a><\/li>\n<\/ul>\n","protected":false},"excerpt":{"rendered":"<p>L&#8217;Escola Saavedra no es limita a l&#8217;eix curricular sin\u00f3 que ent\u00e9n la comunitat educativa com un ens imprescindible de l&#8217;educaci\u00f3 no formal. La relaci\u00f3 amb la comunitat es fa a trav\u00e9s de diferents projectes dins i fora de l&#8217;escola gestionats pel mestres i l&#8217;AFA. A\u00a0 m\u00e9s de l&#8217;horari estrictament escolar hi ha altres hores en [&hellip;]<\/p>\n","protected":false},"author":2,"featured_media":0,"parent":0,"menu_order":0,"comment_status":"closed","ping_status":"closed","template":"page-templates\/side-menu.php","meta":{"_bbp_topic_count":0,"_bbp_reply_count":0,"_bbp_total_topic_count":0,"_bbp_total_reply_count":0,"_bbp_voice_count":0,"_bbp_anonymous_reply_count":0,"_bbp_topic_count_hidden":0,"_bbp_reply_count_hidden":0,"_bbp_forum_subforum_count":0,"site-sidebar-layout":"default","site-content-layout":"","ast-site-content-layout":"","site-content-style":"default","site-sidebar-style":"default","ast-global-header-display":"","ast-banner-title-visibility":"","ast-main-header-display":"","ast-hfb-above-header-display":"","ast-hfb-below-header-display":"","ast-hfb-mobile-header-display":"","site-post-title":"","ast-breadcrumbs-content":"","ast-featured-img":"","footer-sml-layout":"","theme-transparent-header-meta":"","adv-header-id-meta":"","stick-header-meta":"","header-above-stick-meta":"","header-main-stick-meta":"","header-below-stick-meta":"","astra-migrate-meta-layouts":"default","ast-page-background-enabled":"default","ast-page-background-meta":{"desktop":{"background-color":"var(--ast-global-color-4)","background-image":"","background-repeat":"repeat","background-position":"center center","background-size":"auto","background-attachment":"scroll","background-type":"","background-media":"","overlay-type":"","overlay-color":"","overlay-opacity":"","overlay-gradient":""},"tablet":{"background-color":"","background-image":"","background-repeat":"repeat","background-position":"center center","background-size":"auto","background-attachment":"scroll","background-type":"","background-media":"","overlay-type":"","overlay-color":"","overlay-opacity":"","overlay-gradient":""},"mobile":{"background-color":"","background-image":"","background-repeat":"repeat","background-position":"center center","background-size":"auto","background-attachment":"scroll","background-type":"","background-media":"","overlay-type":"","overlay-color":"","overlay-opacity":"","overlay-gradient":""}},"ast-content-background-meta":{"desktop":{"background-color":"var(--ast-global-color-5)","background-image":"","background-repeat":"repeat","background-position":"center center","background-size":"auto","background-attachment":"scroll","background-type":"","background-media":"","overlay-type":"","overlay-color":"","overlay-opacity":"","overlay-gradient":""},"tablet":{"background-color":"var(--ast-global-color-5)","background-image":"","background-repeat":"repeat","background-position":"center center","background-size":"auto","background-attachment":"scroll","background-type":"","background-media":"","overlay-type":"","overlay-color":"","overlay-opacity":"","overlay-gradient":""},"mobile":{"background-color":"var(--ast-global-color-5)","background-image":"","background-repeat":"repeat","background-position":"center center","background-size":"auto","background-attachment":"scroll","background-type":"","background-media":"","overlay-type":"","overlay-color":"","overlay-opacity":"","overlay-gradient":""}},"footnotes":""},"class_list":["post-66","page","type-page","status-publish","hentry"],"post_mailing_queue_ids":[],"_links":{"self":[{"href":"https:\/\/agora.xtec.cat\/escolasaavedra\/wp-json\/wp\/v2\/pages\/66","targetHints":{"allow":["GET"]}}],"collection":[{"href":"https:\/\/agora.xtec.cat\/escolasaavedra\/wp-json\/wp\/v2\/pages"}],"about":[{"href":"https:\/\/agora.xtec.cat\/escolasaavedra\/wp-json\/wp\/v2\/types\/page"}],"author":[{"embeddable":true,"href":"https:\/\/agora.xtec.cat\/escolasaavedra\/wp-json\/wp\/v2\/users\/2"}],"replies":[{"embeddable":true,"href":"https:\/\/agora.xtec.cat\/escolasaavedra\/wp-json\/wp\/v2\/comments?post=66"}],"version-history":[{"count":4,"href":"https:\/\/agora.xtec.cat\/escolasaavedra\/wp-json\/wp\/v2\/pages\/66\/revisions"}],"predecessor-version":[{"id":31304,"href":"https:\/\/agora.xtec.cat\/escolasaavedra\/wp-json\/wp\/v2\/pages\/66\/revisions\/31304"}],"wp:attachment":[{"href":"https:\/\/agora.xtec.cat\/escolasaavedra\/wp-json\/wp\/v2\/media?parent=66"}],"curies":[{"name":"wp","href":"https:\/\/api.w.org\/{rel}","templated":true}]}}