{"id":31944,"date":"2025-01-27T10:28:26","date_gmt":"2025-01-27T09:28:26","guid":{"rendered":"https:\/\/agora.xtec.cat\/escolasaavedra\/?page_id=31944"},"modified":"2025-06-18T12:13:20","modified_gmt":"2025-06-18T10:13:20","slug":"roba-corporativa","status":"publish","type":"page","link":"https:\/\/agora.xtec.cat\/escolasaavedra\/afa\/roba-corporativa\/","title":{"rendered":"Roba corporativa"},"content":{"rendered":"<h4>Descripci\u00f3<\/h4>\n<p>L&#8217;equipament essencial es compon de <a href=\"https:\/\/www.cavalleshop.com\/ca\/saavedra-escola\/313-xandall-saavedra.html?search_query=saavedra&amp;results=8\" target=\"_blank\" rel=\"noopener\">xandall corporatiu<\/a> i samarreta (<a href=\"https:\/\/www.cavalleshop.com\/ca\/saavedra-escola\/314-samarreta-curta-saavedra.html?search_query=saavedra&amp;results=8\" target=\"_blank\" rel=\"noopener\">m\u00e0niga curta<\/a> o <a href=\"https:\/\/www.cavalleshop.com\/ca\/saavedra-escola\/315-samarreta-llarga-saavedra.html?search_query=saavedra&amp;results=8\" target=\"_blank\" rel=\"noopener\">m\u00e0niga llarga<\/a>), per\u00f2 tamb\u00e9 hi haur\u00e0 disponible:<\/p>\n<ul>\n<li style=\"list-style-type: none;\">\n<ul>\n<li style=\"list-style-type: none;\">\n<ul>\n<li><a href=\"https:\/\/www.cavalleshop.com\/ca\/saavedra-escola\/313-xandall-saavedra.html?search_query=saavedra&amp;results=8\" target=\"_blank\" rel=\"noopener\">Xandall corporatiu (pantalons i dessuadora)<\/a><\/li>\n<li><a href=\"https:\/\/www.cavalleshop.com\/ca\/saavedra-escola\/314-samarreta-curta-saavedra.html?search_query=saavedra&amp;results=8\" target=\"_blank\" rel=\"noopener\">Samarreta de m\u00e0niga curta<\/a><\/li>\n<li><a href=\"https:\/\/www.cavalleshop.com\/ca\/saavedra-escola\/316-bermuda-saavedra.html?search_query=saavedra&amp;results=8\" target=\"_blank\" rel=\"noopener\">Pantalons bermudes curts\u00a0<\/a><\/li>\n<li><a href=\"https:\/\/www.cavalleshop.com\/ca\/saavedra-escola\/315-samarreta-llarga-saavedra.html?search_query=saavedra&amp;results=8\" target=\"_blank\" rel=\"noopener\">Samarreta de m\u00e0niga llarga<\/a><\/li>\n<li><a href=\"https:\/\/www.cavalleshop.com\/ca\/saavedra-escola\/319-jaqueta-saavedra.html?search_query=saavedra&amp;results=8\" target=\"_blank\" rel=\"noopener\">Dessuadora del xandall<\/a> (sense pantalons)<\/li>\n<li><a href=\"https:\/\/www.cavalleshop.com\/ca\/saavedra-escola\/320-pantalon-xandall-saavedra.html?search_query=saavedra&amp;results=8\" target=\"_blank\" rel=\"noopener\">Pantalons del xandall<\/a> (sense dessuadora)<\/li>\n<li><a href=\"https:\/\/www.cavalleshop.com\/ca\/saavedra-escola\/317-malla-llarga-saavedra.html?search_query=saavedra&amp;results=8\" target=\"_blank\" rel=\"noopener\">Malles llargues<\/a><\/li>\n<li><a href=\"https:\/\/www.cavalleshop.com\/ca\/saavedra-escola\/318-malla-curta-saavedra.html?search_query=saavedra&amp;results=8\" target=\"_blank\" rel=\"noopener\">Malles curtes<\/a><\/li>\n<\/ul>\n<\/li>\n<\/ul>\n<\/li>\n<\/ul>\n<p>El tallatge va des de Talla 4 fins a Talla 16 en el cas del xandall i des de Talla 4 fins a Talla XL per a les samarretes. Per a tallatges diferents cal posar-se en contacte amb l&#8217;empresa.<\/p>\n<h4>Adquisici\u00f3 de la roba corporativa<\/h4>\n<p><span style=\"font-weight: 400;\">La via d\u2019adquisici\u00f3 d\u2019aquesta roba ser\u00e0 directament el prove\u00efdor, al<\/span><a href=\"https:\/\/www.cavalleshop.com\/es\/search?controller=search&amp;orderby=position&amp;orderway=desc&amp;search_query=saavedra&amp;submit_search=\"> <span style=\"font-weight: 400;\">seg\u00fcent enlla\u00e7<\/span><\/a>.<\/p>\n<p><span style=\"font-weight: 400;\">Totes aquelles comandes que es formalitzin durant els mesos de setembre, octubre i novembre, arribaran a l\u2019escola conjuntament un cop per setmana sense cost addicional de transport. La resta de l\u2019any natural la freq\u00fc\u00e8ncia ser\u00e0 d\u2019un cop al mes.<\/span><\/p>\n<p><span style=\"font-weight: 400;\">En cas que la fam\u00edlia vulgui rebre la comanda fora d\u2019aquests lliuraments ordinaris, l\u2019empresa prove\u00efdora carregar\u00e0 un import addicional en concepte de transport.<\/span><\/p>\n<p>Un cop es fa la comanda es pot escollir el m\u00e8tode de lliurament<\/p>\n<ol>\n<li><strong>PUNT DE RECOLLIDA<\/strong> <span style=\"color: #ff0000;\">no \u00e9s una opci\u00f3 v\u00e0lida<\/span>.<\/li>\n<li><strong>CAVALL\u00c9 T\u00c8XTIL S.L.\u00a0<\/strong> vol dir anar-la a buscar personalment a la f\u00e0brica ubicada a La Selva del Camp<\/li>\n<li><strong>LLIURAMENT A L&#8217;ESCOLA,<\/strong> segons el calendari establert (un cop per setmana els mesos de <span style=\"font-weight: 400;\">setembre, octubre i novembre i un cop al mes la resta de l&#8217;any<\/span>.<\/li>\n<li><strong>NACEX<\/strong>, vol dir que una empresa de missatgeria us far\u00e0 el lliurament al vostre domicili en un termini de 24\/48h a partir de la data de pagament de la comanda, per un cost de 8&#8217;50\u20ac sobre el tota de productes adquirits.<\/li>\n<\/ol>\n<p><img loading=\"lazy\" decoding=\"async\" class=\"wp-image-31945 aligncenter\" src=\"https:\/\/agora.xtec.cat\/escolasaavedra\/wp-content\/uploads\/usu587\/2025\/01\/comanda-de-roba-1024x619.png\" alt=\"\" width=\"726\" height=\"439\" srcset=\"https:\/\/agora.xtec.cat\/escolasaavedra\/wp-content\/uploads\/usu587\/2025\/01\/comanda-de-roba-1024x619.png 1024w, https:\/\/agora.xtec.cat\/escolasaavedra\/wp-content\/uploads\/usu587\/2025\/01\/comanda-de-roba-300x181.png 300w, https:\/\/agora.xtec.cat\/escolasaavedra\/wp-content\/uploads\/usu587\/2025\/01\/comanda-de-roba-768x464.png 768w, https:\/\/agora.xtec.cat\/escolasaavedra\/wp-content\/uploads\/usu587\/2025\/01\/comanda-de-roba.png 1187w\" sizes=\"auto, (max-width: 726px) 100vw, 726px\" \/><\/p>\n","protected":false},"excerpt":{"rendered":"<p>Descripci\u00f3 L&#8217;equipament essencial es compon de xandall corporatiu i samarreta (m\u00e0niga curta o m\u00e0niga llarga), per\u00f2 tamb\u00e9 hi haur\u00e0 disponible: Xandall corporatiu (pantalons i dessuadora) Samarreta de m\u00e0niga curta Pantalons bermudes curts\u00a0 Samarreta de m\u00e0niga llarga Dessuadora del xandall (sense pantalons) Pantalons del xandall (sense dessuadora) Malles llargues Malles curtes El tallatge va des de [&hellip;]<\/p>\n","protected":false},"author":3,"featured_media":0,"parent":31931,"menu_order":20,"comment_status":"closed","ping_status":"closed","template":"","meta":{"_bbp_topic_count":0,"_bbp_reply_count":0,"_bbp_total_topic_count":0,"_bbp_total_reply_count":0,"_bbp_voice_count":0,"_bbp_anonymous_reply_count":0,"_bbp_topic_count_hidden":0,"_bbp_reply_count_hidden":0,"_bbp_forum_subforum_count":0,"site-sidebar-layout":"default","site-content-layout":"","ast-site-content-layout":"","site-content-style":"default","site-sidebar-style":"default","ast-global-header-display":"","ast-banner-title-visibility":"","ast-main-header-display":"","ast-hfb-above-header-display":"","ast-hfb-below-header-display":"","ast-hfb-mobile-header-display":"","site-post-title":"","ast-breadcrumbs-content":"","ast-featured-img":"","footer-sml-layout":"","theme-transparent-header-meta":"","adv-header-id-meta":"","stick-header-meta":"","header-above-stick-meta":"","header-main-stick-meta":"","header-below-stick-meta":"","astra-migrate-meta-layouts":"default","ast-page-background-enabled":"default","ast-page-background-meta":{"desktop":{"background-color":"var(--ast-global-color-4)","background-image":"","background-repeat":"repeat","background-position":"center center","background-size":"auto","background-attachment":"scroll","background-type":"","background-media":"","overlay-type":"","overlay-color":"","overlay-opacity":"","overlay-gradient":""},"tablet":{"background-color":"","background-image":"","background-repeat":"repeat","background-position":"center center","background-size":"auto","background-attachment":"scroll","background-type":"","background-media":"","overlay-type":"","overlay-color":"","overlay-opacity":"","overlay-gradient":""},"mobile":{"background-color":"","background-image":"","background-repeat":"repeat","background-position":"center center","background-size":"auto","background-attachment":"scroll","background-type":"","background-media":"","overlay-type":"","overlay-color":"","overlay-opacity":"","overlay-gradient":""}},"ast-content-background-meta":{"desktop":{"background-color":"var(--ast-global-color-5)","background-image":"","background-repeat":"repeat","background-position":"center center","background-size":"auto","background-attachment":"scroll","background-type":"","background-media":"","overlay-type":"","overlay-color":"","overlay-opacity":"","overlay-gradient":""},"tablet":{"background-color":"var(--ast-global-color-5)","background-image":"","background-repeat":"repeat","background-position":"center center","background-size":"auto","background-attachment":"scroll","background-type":"","background-media":"","overlay-type":"","overlay-color":"","overlay-opacity":"","overlay-gradient":""},"mobile":{"background-color":"var(--ast-global-color-5)","background-image":"","background-repeat":"repeat","background-position":"center center","background-size":"auto","background-attachment":"scroll","background-type":"","background-media":"","overlay-type":"","overlay-color":"","overlay-opacity":"","overlay-gradient":""}},"footnotes":""},"class_list":["post-31944","page","type-page","status-publish","hentry"],"post_mailing_queue_ids":[],"_links":{"self":[{"href":"https:\/\/agora.xtec.cat\/escolasaavedra\/wp-json\/wp\/v2\/pages\/31944","targetHints":{"allow":["GET"]}}],"collection":[{"href":"https:\/\/agora.xtec.cat\/escolasaavedra\/wp-json\/wp\/v2\/pages"}],"about":[{"href":"https:\/\/agora.xtec.cat\/escolasaavedra\/wp-json\/wp\/v2\/types\/page"}],"author":[{"embeddable":true,"href":"https:\/\/agora.xtec.cat\/escolasaavedra\/wp-json\/wp\/v2\/users\/3"}],"replies":[{"embeddable":true,"href":"https:\/\/agora.xtec.cat\/escolasaavedra\/wp-json\/wp\/v2\/comments?post=31944"}],"version-history":[{"count":3,"href":"https:\/\/agora.xtec.cat\/escolasaavedra\/wp-json\/wp\/v2\/pages\/31944\/revisions"}],"predecessor-version":[{"id":32765,"href":"https:\/\/agora.xtec.cat\/escolasaavedra\/wp-json\/wp\/v2\/pages\/31944\/revisions\/32765"}],"up":[{"embeddable":true,"href":"https:\/\/agora.xtec.cat\/escolasaavedra\/wp-json\/wp\/v2\/pages\/31931"}],"wp:attachment":[{"href":"https:\/\/agora.xtec.cat\/escolasaavedra\/wp-json\/wp\/v2\/media?parent=31944"}],"curies":[{"name":"wp","href":"https:\/\/api.w.org\/{rel}","templated":true}]}}