{"id":31931,"date":"2025-01-27T09:29:53","date_gmt":"2025-01-27T08:29:53","guid":{"rendered":"https:\/\/agora.xtec.cat\/escolasaavedra\/?page_id=31931"},"modified":"2026-03-20T11:14:19","modified_gmt":"2026-03-20T10:14:19","slug":"afa","status":"publish","type":"page","link":"https:\/\/agora.xtec.cat\/escolasaavedra\/afa\/","title":{"rendered":"AFA (Associaci\u00f3 de fam\u00edlies de l\u2019escola)"},"content":{"rendered":"<p style=\"text-align: justify;\">L&#8217;AFA \u00e9s una entitat sense afany de lucre que agrupa les fam\u00edlies dels alumnes de l&#8217;escola.<\/p>\n<p style=\"text-align: justify;\">Est\u00e0 reconeguda legalment en el Registre d&#8217;Associacions i les seves funcions estan regulades per un Decret de la Generalitat de Catalunya.<\/p>\n<p style=\"text-align: left;\"><a href=\"http:\/\/agora.xtec.cat\/escolasaavedra\/wp-content\/uploads\/usu587\/2015\/05\/Dibujo-AMPA.jpg\"><img loading=\"lazy\" decoding=\"async\" class=\"alignright size-medium wp-image-1262\" src=\"http:\/\/agora.xtec.cat\/escolasaavedra\/wp-content\/uploads\/usu587\/2015\/05\/Dibujo-AMPA-300x252.jpg\" alt=\"Dibujo AMPA\" width=\"300\" height=\"252\" \/><\/a>L&#8217;objectiu fonamental de l&#8217;AFA \u00e9s contribuir a la millora de la qualitat de l&#8217;ensenyament que reben els nostres fills i filles. El seu funcionament es basa en el di\u00e0leg i en la\u00a0 col\u00b7laboraci\u00f3 entre fam\u00edlies, direcci\u00f3 de l&#8217;escola i equip docent.<\/p>\n<p style=\"text-align: left;\">La Junta Directiva \u00e9s qui regeix, administra i representa l&#8217;associaci\u00f3, i est\u00e0 composada pel president\/a, el\/la vicepresident\/a, el\/la secretari\/a, el\/la tresorer\/a i vocals que han estat votats per les fam\u00edlies de l&#8217;escola. Aquests c\u00e0rrecs han de ser exercits per persones diferents.<\/p>\n<p style=\"text-align: left;\">Actualment la JUNTA est\u00e0 formada per:<\/p>\n<p>&nbsp;<\/p>\n<table style=\"height: 100px;\" width=\"650\" align=\"center\">\n<tbody>\n<tr>\n<td style=\"height: 50%; text-align: center;\" width=\"50%\">\n<h4><strong>Membre de la Junta<\/strong><\/h4>\n<\/td>\n<td style=\"height: 50%; text-align: center;\" width=\"50%\">\n<h4><strong>C\u00e0rrec<\/strong><\/h4>\n<\/td>\n<\/tr>\n<tr>\n<td style=\"height: 50%; text-align: center;\" width=\"50%\"><strong>Emilio Altuna<\/strong><\/td>\n<td style=\"height: 50%; text-align: center;\" width=\"50%\"><strong>President<\/strong><\/td>\n<\/tr>\n<tr>\n<td style=\"height: 50%; text-align: center;\" width=\"50%\"><strong>N\u00faria Gonz\u00e1lez<\/strong><\/td>\n<td style=\"height: 50%; text-align: center;\" width=\"50%\"><strong>Vice-presidenta<\/strong><\/td>\n<\/tr>\n<tr>\n<td style=\"height: 50%; text-align: center;\" width=\"50%\"><strong>David Parra<\/strong><\/td>\n<td style=\"height: 50%; text-align: center;\" width=\"50%\"><strong>Tresorer<\/strong><\/td>\n<\/tr>\n<tr>\n<td style=\"text-align: center;\"><strong>H\u00e8ctor de la Salud<\/strong><\/td>\n<td style=\"text-align: center;\"><strong>Secretari\u00a0<\/strong><\/td>\n<\/tr>\n<tr>\n<td style=\"text-align: center;\"><strong>Yolanda Cabr\u00e9<\/strong><\/td>\n<td style=\"text-align: center;\"><strong>Vocal<\/strong><\/td>\n<\/tr>\n<tr>\n<td style=\"text-align: center;\"><strong>D\u00eddac Ciurana<\/strong><\/td>\n<td style=\"text-align: center;\"><strong>Vocal<\/strong><\/td>\n<\/tr>\n<tr>\n<td style=\"text-align: center;\"><strong>Marta Must\u00e9<\/strong><\/td>\n<td style=\"text-align: center;\"><strong>Vocal<\/strong><\/td>\n<\/tr>\n<tr>\n<td style=\"text-align: center;\"><strong>Vero S\u00e1nchez<\/strong><\/td>\n<td style=\"text-align: center;\"><strong>Vocal<\/strong><\/td>\n<\/tr>\n<\/tbody>\n<\/table>\n<p>&nbsp;<\/p>\n<p style=\"text-align: justify;\">Per ser membre de l&#8217;AFA les fam\u00edlies col.laboren a trav\u00e9s d&#8217;una quota anual que suposa l&#8217;import de 25\u20ac\/fam\u00edlia. Aquesta quota permet\u00a0 col\u00b7laborar amb l&#8217;escola en les festes i celebracions. L\u2019AFA tamb\u00e9 possibilita que els associats obtinguin a m\u00e9s un bon preu la bata i la samarreta de l\u2019escola.<\/p>\n<p style=\"text-align: justify;\"><strong>Per a qu\u00e8 serveix l&#8217;AFA?<\/strong><\/p>\n<p style=\"text-align: justify;\">\u2022 \u00c9s el principal interlocutor que tenen l&#8217;equip docent i l&#8217;equip directiu per tractar els temes que afecten a tot el col\u00b7lectiu de fam\u00edlies.<br \/>\n\u2022 Permet a les fam\u00edlies reflexionar i opinar sobre el funcionament quotidi\u00e0 de l&#8217;escola i sobre temes educatius d&#8217;abast m\u00e9s general.<br \/>\n\u2022 Administra i gestiona els recursos que aporten els associats.<br \/>\n\u2022 Participa al Consell Escolar del centre.<\/p>\n<p>&nbsp;<\/p>\n<p>&nbsp;<\/p>\n","protected":false},"excerpt":{"rendered":"<p>L&#8217;AFA \u00e9s una entitat sense afany de lucre que agrupa les fam\u00edlies dels alumnes de l&#8217;escola. Est\u00e0 reconeguda legalment en el Registre d&#8217;Associacions i les seves funcions estan regulades per un Decret de la Generalitat de Catalunya. L&#8217;objectiu fonamental de l&#8217;AFA \u00e9s contribuir a la millora de la qualitat de l&#8217;ensenyament que reben els nostres [&hellip;]<\/p>\n","protected":false},"author":3,"featured_media":0,"parent":0,"menu_order":0,"comment_status":"closed","ping_status":"closed","template":"","meta":{"_bbp_topic_count":0,"_bbp_reply_count":0,"_bbp_total_topic_count":0,"_bbp_total_reply_count":0,"_bbp_voice_count":0,"_bbp_anonymous_reply_count":0,"_bbp_topic_count_hidden":0,"_bbp_reply_count_hidden":0,"_bbp_forum_subforum_count":0,"site-sidebar-layout":"default","site-content-layout":"","ast-site-content-layout":"default","site-content-style":"default","site-sidebar-style":"default","ast-global-header-display":"","ast-banner-title-visibility":"","ast-main-header-display":"","ast-hfb-above-header-display":"","ast-hfb-below-header-display":"","ast-hfb-mobile-header-display":"","site-post-title":"","ast-breadcrumbs-content":"","ast-featured-img":"","footer-sml-layout":"","theme-transparent-header-meta":"default","adv-header-id-meta":"","stick-header-meta":"","header-above-stick-meta":"","header-main-stick-meta":"","header-below-stick-meta":"","astra-migrate-meta-layouts":"set","ast-page-background-enabled":"default","ast-page-background-meta":{"desktop":{"background-color":"var(--ast-global-color-4)","background-image":"","background-repeat":"repeat","background-position":"center center","background-size":"auto","background-attachment":"scroll","background-type":"","background-media":"","overlay-type":"","overlay-color":"","overlay-opacity":"","overlay-gradient":""},"tablet":{"background-color":"","background-image":"","background-repeat":"repeat","background-position":"center center","background-size":"auto","background-attachment":"scroll","background-type":"","background-media":"","overlay-type":"","overlay-color":"","overlay-opacity":"","overlay-gradient":""},"mobile":{"background-color":"","background-image":"","background-repeat":"repeat","background-position":"center center","background-size":"auto","background-attachment":"scroll","background-type":"","background-media":"","overlay-type":"","overlay-color":"","overlay-opacity":"","overlay-gradient":""}},"ast-content-background-meta":{"desktop":{"background-color":"var(--ast-global-color-5)","background-image":"","background-repeat":"repeat","background-position":"center center","background-size":"auto","background-attachment":"scroll","background-type":"","background-media":"","overlay-type":"","overlay-color":"","overlay-opacity":"","overlay-gradient":""},"tablet":{"background-color":"var(--ast-global-color-5)","background-image":"","background-repeat":"repeat","background-position":"center center","background-size":"auto","background-attachment":"scroll","background-type":"","background-media":"","overlay-type":"","overlay-color":"","overlay-opacity":"","overlay-gradient":""},"mobile":{"background-color":"var(--ast-global-color-5)","background-image":"","background-repeat":"repeat","background-position":"center center","background-size":"auto","background-attachment":"scroll","background-type":"","background-media":"","overlay-type":"","overlay-color":"","overlay-opacity":"","overlay-gradient":""}},"footnotes":""},"class_list":["post-31931","page","type-page","status-publish","hentry"],"post_mailing_queue_ids":[],"_links":{"self":[{"href":"https:\/\/agora.xtec.cat\/escolasaavedra\/wp-json\/wp\/v2\/pages\/31931","targetHints":{"allow":["GET"]}}],"collection":[{"href":"https:\/\/agora.xtec.cat\/escolasaavedra\/wp-json\/wp\/v2\/pages"}],"about":[{"href":"https:\/\/agora.xtec.cat\/escolasaavedra\/wp-json\/wp\/v2\/types\/page"}],"author":[{"embeddable":true,"href":"https:\/\/agora.xtec.cat\/escolasaavedra\/wp-json\/wp\/v2\/users\/3"}],"replies":[{"embeddable":true,"href":"https:\/\/agora.xtec.cat\/escolasaavedra\/wp-json\/wp\/v2\/comments?post=31931"}],"version-history":[{"count":6,"href":"https:\/\/agora.xtec.cat\/escolasaavedra\/wp-json\/wp\/v2\/pages\/31931\/revisions"}],"predecessor-version":[{"id":33724,"href":"https:\/\/agora.xtec.cat\/escolasaavedra\/wp-json\/wp\/v2\/pages\/31931\/revisions\/33724"}],"wp:attachment":[{"href":"https:\/\/agora.xtec.cat\/escolasaavedra\/wp-json\/wp\/v2\/media?parent=31931"}],"curies":[{"name":"wp","href":"https:\/\/api.w.org\/{rel}","templated":true}]}}