{"id":31312,"date":"2024-10-16T11:51:30","date_gmt":"2024-10-16T09:51:30","guid":{"rendered":"https:\/\/agora.xtec.cat\/escolasaavedra\/?page_id=31312"},"modified":"2025-09-09T10:07:22","modified_gmt":"2025-09-09T08:07:22","slug":"documents-per-a-les-families","status":"publish","type":"page","link":"https:\/\/agora.xtec.cat\/escolasaavedra\/projecte-educatiu\/documents-per-a-les-families\/","title":{"rendered":"Documents per a les fam\u00edlies"},"content":{"rendered":"<p><strong>Documents universals per a tot l&#8217;alumnat<\/strong><\/p>\n<ol>\n<li style=\"list-style-type: none;\">\n<ol>\n<li style=\"list-style-type: none;\">\n<ol>\n<li><a href=\"https:\/\/docs.google.com\/forms\/d\/e\/1FAIpQLScq08K18CKYTPvQcgnP7nTdMeUeHcafjSz8E17MVr3t9INdIA\/viewform?usp=header\" target=\"_blank\" rel=\"noopener\">Dades personals de nova matr\u00edcula<\/a><\/li>\n<li><a href=\"https:\/\/docs.google.com\/forms\/d\/e\/1FAIpQLSdMyoLVFMjgscnFg_iwCPCwkfzO580xzdz8PmBqnLBp7cIYMw\/viewform?usp=header\" target=\"_blank\" rel=\"noopener\">Autoritzaci\u00f3 de sortides a la ciutat<\/a><\/li>\n<li><a href=\"https:\/\/docs.google.com\/forms\/d\/e\/1FAIpQLSfjFOhXQerZZwsYnlmmx9u-8FqXzKUYYyHARylQJuInh_1Ppg\/viewform?usp=header\" target=\"_blank\" rel=\"noopener\">Autoritzaci\u00f3 per sortir del centre un cop acabada l&#8217;activitat amb els mestres<\/a><\/li>\n<li><a href=\"https:\/\/docs.google.com\/forms\/d\/e\/1FAIpQLSdMwFDTdOLJwFJf_K7lgCyZEV1yXyvuf20Se40JaGcIu5TNsA\/viewform?usp=header\" target=\"_blank\" rel=\"noopener\">Carta de comprom\u00eds educatiu<\/a><\/li>\n<li><a href=\"https:\/\/docs.google.com\/forms\/d\/1F2DLrjaxt3ODXBtNRSs7f-nuaEp4e7hDgNJ5ae7QWdU\/viewform?edit_requested=true&amp;fbzx=-562586061051201293\" target=\"_blank\" rel=\"noopener\">Cessi\u00f3 de drets d&#8217;imatge<\/a><\/li>\n<li><a style=\"font-family: inherit; font-size: 1em;\" href=\"https:\/\/docs.google.com\/forms\/d\/e\/1FAIpQLSfsh4tTOFK2yNwLtktRnY_9FL3SMt_BhyaSFPx0nbKFU-55WA\/viewform?usp=header\" target=\"_blank\" rel=\"noopener\">Autoritzaci\u00f3 d&#8217;administraci\u00f3 de medicaments<\/a><\/li>\n<\/ol>\n<\/li>\n<\/ol>\n<\/li>\n<\/ol>\n<p><strong>Documents per a alumnes de prim\u00e0ria<\/strong><\/p>\n<p style=\"padding-left: 80px;\"><a href=\"https:\/\/docs.google.com\/forms\/d\/e\/1FAIpQLSdZo60AcF3SdDJBTAY422th4mM-ORa4sxWQG5qleicALgbRqQ\/viewform?usp=header\" target=\"_blank\" rel=\"noopener\">Religi\u00f3 o alternativa<\/a><\/p>\n<p><strong>Documents per a alumnes de Cicle Mitj\u00e0 i Cicle Superior<\/strong><\/p>\n<p style=\"padding-left: 80px;\"><a href=\"https:\/\/drive.google.com\/file\/d\/1Igh5M1-l-xg_xp8ARju9-yO8PWqkuPek\/view?usp=drive_link\" target=\"_blank\" rel=\"noopener\">Autoritzaci\u00f3 d&#8217;\u00fas de serveis i recursos digitals a Internet per treballar a l\u2019aula<\/a><\/p>\n<p>&nbsp;<\/p>\n<p>Quadre resum de la documentaci\u00f3 a aportar cada inici de curs<\/p>\n<table style=\"border-collapse: collapse; width: 100%;\">\n<tbody>\n<tr>\n<td style=\"width: 22%;\"><\/td>\n<td style=\"width: 15%; text-align: center;\"><strong>Nova matr\u00edcula<\/strong><\/td>\n<td style=\"width: 7%; text-align: center;\"><strong>INF 3<\/strong><\/td>\n<td style=\"width: 7%; text-align: center;\"><strong>INF 4<\/strong><\/td>\n<td style=\"width: 7%; text-align: center;\"><strong>INF 5<\/strong><\/td>\n<td style=\"width: 7%; text-align: center;\"><strong>PRI 1<\/strong><\/td>\n<td style=\"width: 7%; text-align: center;\"><strong>PRI 2<\/strong><\/td>\n<td style=\"width: 7%; text-align: center;\"><strong>PRI 3<\/strong><\/td>\n<td style=\"width: 7%; text-align: center;\"><strong>PRI 4<\/strong><\/td>\n<td style=\"width: 7%; text-align: center;\"><strong>PRI 5<\/strong><\/td>\n<td style=\"width: 7%; text-align: center;\"><strong>PRI 6<\/strong><\/td>\n<\/tr>\n<tr>\n<td style=\"width: 22%;\"><a href=\"https:\/\/docs.google.com\/forms\/d\/e\/1FAIpQLScq08K18CKYTPvQcgnP7nTdMeUeHcafjSz8E17MVr3t9INdIA\/viewform?usp=header\" target=\"_blank\" rel=\"noopener\">Dades personals de nova matr\u00edcula<\/a><\/td>\n<td style=\"width: 15%; text-align: center;\"><a href=\"https:\/\/agora.xtec.cat\/escolasaavedra\/wp-content\/uploads\/usu587\/2025\/09\/Symbol_OK.svg\"><img loading=\"lazy\" decoding=\"async\" class=\"alignnone wp-image-32808\" src=\"https:\/\/agora.xtec.cat\/escolasaavedra\/wp-content\/uploads\/usu587\/2025\/09\/Symbol_OK.svg\" alt=\"\" width=\"31\" height=\"31\" \/><\/a><\/td>\n<td style=\"width: 7%; text-align: center;\"><\/td>\n<td style=\"width: 7%; text-align: center;\"><\/td>\n<td style=\"width: 7%; text-align: center;\"><\/td>\n<td style=\"width: 7%; text-align: center;\"><\/td>\n<td style=\"width: 7%; text-align: center;\"><\/td>\n<td style=\"width: 7%; text-align: center;\"><\/td>\n<td style=\"width: 7%; text-align: center;\"><\/td>\n<td style=\"width: 7%; text-align: center;\"><\/td>\n<td style=\"width: 7%; text-align: center;\"><\/td>\n<\/tr>\n<tr>\n<td style=\"width: 22%;\"><a href=\"https:\/\/docs.google.com\/forms\/d\/e\/1FAIpQLSdMyoLVFMjgscnFg_iwCPCwkfzO580xzdz8PmBqnLBp7cIYMw\/viewform?usp=header\" target=\"_blank\" rel=\"noopener\">Autoritzaci\u00f3 de sortides a la ciutat<\/a><\/td>\n<td style=\"width: 15%; text-align: center;\"><\/td>\n<td style=\"width: 7%; text-align: center;\"><a href=\"https:\/\/agora.xtec.cat\/escolasaavedra\/wp-content\/uploads\/usu587\/2025\/09\/Symbol_OK.svg\"><img loading=\"lazy\" decoding=\"async\" class=\"alignnone wp-image-32808\" src=\"https:\/\/agora.xtec.cat\/escolasaavedra\/wp-content\/uploads\/usu587\/2025\/09\/Symbol_OK.svg\" alt=\"\" width=\"31\" height=\"31\" \/><\/a><\/td>\n<td style=\"width: 7%; text-align: center;\"><a href=\"https:\/\/agora.xtec.cat\/escolasaavedra\/wp-content\/uploads\/usu587\/2025\/09\/Symbol_OK.svg\"><img loading=\"lazy\" decoding=\"async\" class=\"alignnone wp-image-32808\" src=\"https:\/\/agora.xtec.cat\/escolasaavedra\/wp-content\/uploads\/usu587\/2025\/09\/Symbol_OK.svg\" alt=\"\" width=\"31\" height=\"31\" \/><\/a><\/td>\n<td style=\"width: 7%; text-align: center;\"><a href=\"https:\/\/agora.xtec.cat\/escolasaavedra\/wp-content\/uploads\/usu587\/2025\/09\/Symbol_OK.svg\"><img loading=\"lazy\" decoding=\"async\" class=\"alignnone wp-image-32808\" src=\"https:\/\/agora.xtec.cat\/escolasaavedra\/wp-content\/uploads\/usu587\/2025\/09\/Symbol_OK.svg\" alt=\"\" width=\"31\" height=\"31\" \/><\/a><\/td>\n<td style=\"width: 7%; text-align: center;\"><a href=\"https:\/\/agora.xtec.cat\/escolasaavedra\/wp-content\/uploads\/usu587\/2025\/09\/Symbol_OK.svg\"><img loading=\"lazy\" decoding=\"async\" class=\"alignnone wp-image-32808\" src=\"https:\/\/agora.xtec.cat\/escolasaavedra\/wp-content\/uploads\/usu587\/2025\/09\/Symbol_OK.svg\" alt=\"\" width=\"31\" height=\"31\" \/><\/a><\/td>\n<td style=\"width: 7%; text-align: center;\"><a href=\"https:\/\/agora.xtec.cat\/escolasaavedra\/wp-content\/uploads\/usu587\/2025\/09\/Symbol_OK.svg\"><img loading=\"lazy\" decoding=\"async\" class=\"alignnone wp-image-32808\" src=\"https:\/\/agora.xtec.cat\/escolasaavedra\/wp-content\/uploads\/usu587\/2025\/09\/Symbol_OK.svg\" alt=\"\" width=\"31\" height=\"31\" \/><\/a><\/td>\n<td style=\"width: 7%; text-align: center;\"><a href=\"https:\/\/agora.xtec.cat\/escolasaavedra\/wp-content\/uploads\/usu587\/2025\/09\/Symbol_OK.svg\"><img loading=\"lazy\" decoding=\"async\" class=\"alignnone wp-image-32808\" src=\"https:\/\/agora.xtec.cat\/escolasaavedra\/wp-content\/uploads\/usu587\/2025\/09\/Symbol_OK.svg\" alt=\"\" width=\"31\" height=\"31\" \/><\/a><\/td>\n<td style=\"width: 7%; text-align: center;\"><a href=\"https:\/\/agora.xtec.cat\/escolasaavedra\/wp-content\/uploads\/usu587\/2025\/09\/Symbol_OK.svg\"><img loading=\"lazy\" decoding=\"async\" class=\"alignnone wp-image-32808\" src=\"https:\/\/agora.xtec.cat\/escolasaavedra\/wp-content\/uploads\/usu587\/2025\/09\/Symbol_OK.svg\" alt=\"\" width=\"31\" height=\"31\" \/><\/a><\/td>\n<td style=\"width: 7%; text-align: center;\"><a href=\"https:\/\/agora.xtec.cat\/escolasaavedra\/wp-content\/uploads\/usu587\/2025\/09\/Symbol_OK.svg\"><img loading=\"lazy\" decoding=\"async\" class=\"alignnone wp-image-32808\" src=\"https:\/\/agora.xtec.cat\/escolasaavedra\/wp-content\/uploads\/usu587\/2025\/09\/Symbol_OK.svg\" alt=\"\" width=\"31\" height=\"31\" \/><\/a><\/td>\n<td style=\"width: 7%; text-align: center;\"><a href=\"https:\/\/agora.xtec.cat\/escolasaavedra\/wp-content\/uploads\/usu587\/2025\/09\/Symbol_OK.svg\"><img loading=\"lazy\" decoding=\"async\" class=\"alignnone wp-image-32808\" src=\"https:\/\/agora.xtec.cat\/escolasaavedra\/wp-content\/uploads\/usu587\/2025\/09\/Symbol_OK.svg\" alt=\"\" width=\"31\" height=\"31\" \/><\/a><\/td>\n<\/tr>\n<tr>\n<td style=\"width: 22%;\"><a href=\"https:\/\/docs.google.com\/forms\/d\/e\/1FAIpQLSfjFOhXQerZZwsYnlmmx9u-8FqXzKUYYyHARylQJuInh_1Ppg\/viewform?usp=header\" target=\"_blank\" rel=\"noopener\">Autoritzaci\u00f3 per sortir del centre un cop acabada l&#8217;activitat amb els mestres<\/a><\/td>\n<td style=\"width: 15%; text-align: center;\"><\/td>\n<td style=\"width: 7%; text-align: center;\"><a href=\"https:\/\/agora.xtec.cat\/escolasaavedra\/wp-content\/uploads\/usu587\/2025\/09\/Symbol_OK.svg\"><img loading=\"lazy\" decoding=\"async\" class=\"alignnone wp-image-32808\" src=\"https:\/\/agora.xtec.cat\/escolasaavedra\/wp-content\/uploads\/usu587\/2025\/09\/Symbol_OK.svg\" alt=\"\" width=\"31\" height=\"31\" \/><\/a><\/td>\n<td style=\"width: 7%; text-align: center;\"><a href=\"https:\/\/agora.xtec.cat\/escolasaavedra\/wp-content\/uploads\/usu587\/2025\/09\/Symbol_OK.svg\"><img loading=\"lazy\" decoding=\"async\" class=\"alignnone wp-image-32808\" src=\"https:\/\/agora.xtec.cat\/escolasaavedra\/wp-content\/uploads\/usu587\/2025\/09\/Symbol_OK.svg\" alt=\"\" width=\"31\" height=\"31\" \/><\/a><\/td>\n<td style=\"width: 7%; text-align: center;\"><a href=\"https:\/\/agora.xtec.cat\/escolasaavedra\/wp-content\/uploads\/usu587\/2025\/09\/Symbol_OK.svg\"><img loading=\"lazy\" decoding=\"async\" class=\"alignnone wp-image-32808\" src=\"https:\/\/agora.xtec.cat\/escolasaavedra\/wp-content\/uploads\/usu587\/2025\/09\/Symbol_OK.svg\" alt=\"\" width=\"31\" height=\"31\" \/><\/a><\/td>\n<td style=\"width: 7%; text-align: center;\"><a href=\"https:\/\/agora.xtec.cat\/escolasaavedra\/wp-content\/uploads\/usu587\/2025\/09\/Symbol_OK.svg\"><img loading=\"lazy\" decoding=\"async\" class=\"alignnone wp-image-32808\" src=\"https:\/\/agora.xtec.cat\/escolasaavedra\/wp-content\/uploads\/usu587\/2025\/09\/Symbol_OK.svg\" alt=\"\" width=\"31\" height=\"31\" \/><\/a><\/td>\n<td style=\"width: 7%; text-align: center;\"><a href=\"https:\/\/agora.xtec.cat\/escolasaavedra\/wp-content\/uploads\/usu587\/2025\/09\/Symbol_OK.svg\"><img loading=\"lazy\" decoding=\"async\" class=\"alignnone wp-image-32808\" src=\"https:\/\/agora.xtec.cat\/escolasaavedra\/wp-content\/uploads\/usu587\/2025\/09\/Symbol_OK.svg\" alt=\"\" width=\"31\" height=\"31\" \/><\/a><\/td>\n<td style=\"width: 7%; text-align: center;\"><a href=\"https:\/\/agora.xtec.cat\/escolasaavedra\/wp-content\/uploads\/usu587\/2025\/09\/Symbol_OK.svg\"><img loading=\"lazy\" decoding=\"async\" class=\"alignnone wp-image-32808\" src=\"https:\/\/agora.xtec.cat\/escolasaavedra\/wp-content\/uploads\/usu587\/2025\/09\/Symbol_OK.svg\" alt=\"\" width=\"31\" height=\"31\" \/><\/a><\/td>\n<td style=\"width: 7%; text-align: center;\"><a href=\"https:\/\/agora.xtec.cat\/escolasaavedra\/wp-content\/uploads\/usu587\/2025\/09\/Symbol_OK.svg\"><img loading=\"lazy\" decoding=\"async\" class=\"alignnone wp-image-32808\" src=\"https:\/\/agora.xtec.cat\/escolasaavedra\/wp-content\/uploads\/usu587\/2025\/09\/Symbol_OK.svg\" alt=\"\" width=\"31\" height=\"31\" \/><\/a><\/td>\n<td style=\"width: 7%; text-align: center;\"><a href=\"https:\/\/agora.xtec.cat\/escolasaavedra\/wp-content\/uploads\/usu587\/2025\/09\/Symbol_OK.svg\"><img loading=\"lazy\" decoding=\"async\" class=\"alignnone wp-image-32808\" src=\"https:\/\/agora.xtec.cat\/escolasaavedra\/wp-content\/uploads\/usu587\/2025\/09\/Symbol_OK.svg\" alt=\"\" width=\"31\" height=\"31\" \/><\/a><\/td>\n<td style=\"width: 7%; text-align: center;\"><a href=\"https:\/\/agora.xtec.cat\/escolasaavedra\/wp-content\/uploads\/usu587\/2025\/09\/Symbol_OK.svg\"><img loading=\"lazy\" decoding=\"async\" class=\"alignnone wp-image-32808\" src=\"https:\/\/agora.xtec.cat\/escolasaavedra\/wp-content\/uploads\/usu587\/2025\/09\/Symbol_OK.svg\" alt=\"\" width=\"31\" height=\"31\" \/><\/a><\/td>\n<\/tr>\n<tr>\n<td style=\"width: 22%;\"><a href=\"https:\/\/docs.google.com\/forms\/d\/e\/1FAIpQLSdMwFDTdOLJwFJf_K7lgCyZEV1yXyvuf20Se40JaGcIu5TNsA\/viewform?usp=header\" target=\"_blank\" rel=\"noopener\">Carta de comprom\u00eds educatiu<\/a><\/td>\n<td style=\"width: 15%; text-align: center;\"><a href=\"https:\/\/agora.xtec.cat\/escolasaavedra\/wp-content\/uploads\/usu587\/2025\/09\/Symbol_OK.svg\"><img loading=\"lazy\" decoding=\"async\" class=\"alignnone wp-image-32808\" src=\"https:\/\/agora.xtec.cat\/escolasaavedra\/wp-content\/uploads\/usu587\/2025\/09\/Symbol_OK.svg\" alt=\"\" width=\"31\" height=\"31\" \/><\/a><\/td>\n<td style=\"width: 7%; text-align: center;\"><\/td>\n<td style=\"width: 7%; text-align: center;\"><\/td>\n<td style=\"width: 7%; text-align: center;\"><\/td>\n<td style=\"width: 7%; text-align: center;\"><\/td>\n<td style=\"width: 7%; text-align: center;\"><\/td>\n<td style=\"width: 7%; text-align: center;\"><\/td>\n<td style=\"width: 7%; text-align: center;\"><\/td>\n<td style=\"width: 7%; text-align: center;\"><\/td>\n<td style=\"width: 7%; text-align: center;\"><\/td>\n<\/tr>\n<tr>\n<td style=\"width: 22%;\"><a href=\"https:\/\/docs.google.com\/forms\/d\/1F2DLrjaxt3ODXBtNRSs7f-nuaEp4e7hDgNJ5ae7QWdU\/viewform?edit_requested=true&amp;fbzx=-562586061051201293\" target=\"_blank\" rel=\"noopener\">Cessi\u00f3 de drets d&#8217;imatge<\/a><\/td>\n<td style=\"width: 15%; text-align: center;\"><\/td>\n<td style=\"width: 7%; text-align: center;\"><a href=\"https:\/\/agora.xtec.cat\/escolasaavedra\/wp-content\/uploads\/usu587\/2025\/09\/Symbol_OK.svg\"><img loading=\"lazy\" decoding=\"async\" class=\"alignnone wp-image-32808\" src=\"https:\/\/agora.xtec.cat\/escolasaavedra\/wp-content\/uploads\/usu587\/2025\/09\/Symbol_OK.svg\" alt=\"\" width=\"31\" height=\"31\" \/><\/a><\/td>\n<td style=\"width: 7%; text-align: center;\"><a href=\"https:\/\/agora.xtec.cat\/escolasaavedra\/wp-content\/uploads\/usu587\/2025\/09\/Symbol_OK.svg\"><img loading=\"lazy\" decoding=\"async\" class=\"alignnone wp-image-32808\" src=\"https:\/\/agora.xtec.cat\/escolasaavedra\/wp-content\/uploads\/usu587\/2025\/09\/Symbol_OK.svg\" alt=\"\" width=\"31\" height=\"31\" \/><\/a><\/td>\n<td style=\"width: 7%; text-align: center;\"><a href=\"https:\/\/agora.xtec.cat\/escolasaavedra\/wp-content\/uploads\/usu587\/2025\/09\/Symbol_OK.svg\"><img loading=\"lazy\" decoding=\"async\" class=\"alignnone wp-image-32808\" src=\"https:\/\/agora.xtec.cat\/escolasaavedra\/wp-content\/uploads\/usu587\/2025\/09\/Symbol_OK.svg\" alt=\"\" width=\"31\" height=\"31\" \/><\/a><\/td>\n<td style=\"width: 7%; text-align: center;\"><a href=\"https:\/\/agora.xtec.cat\/escolasaavedra\/wp-content\/uploads\/usu587\/2025\/09\/Symbol_OK.svg\"><img loading=\"lazy\" decoding=\"async\" class=\"alignnone wp-image-32808\" src=\"https:\/\/agora.xtec.cat\/escolasaavedra\/wp-content\/uploads\/usu587\/2025\/09\/Symbol_OK.svg\" alt=\"\" width=\"31\" height=\"31\" \/><\/a><\/td>\n<td style=\"width: 7%; text-align: center;\"><a href=\"https:\/\/agora.xtec.cat\/escolasaavedra\/wp-content\/uploads\/usu587\/2025\/09\/Symbol_OK.svg\"><img loading=\"lazy\" decoding=\"async\" class=\"alignnone wp-image-32808\" src=\"https:\/\/agora.xtec.cat\/escolasaavedra\/wp-content\/uploads\/usu587\/2025\/09\/Symbol_OK.svg\" alt=\"\" width=\"31\" height=\"31\" \/><\/a><\/td>\n<td style=\"width: 7%; text-align: center;\"><a href=\"https:\/\/agora.xtec.cat\/escolasaavedra\/wp-content\/uploads\/usu587\/2025\/09\/Symbol_OK.svg\"><img loading=\"lazy\" decoding=\"async\" class=\"alignnone wp-image-32808\" src=\"https:\/\/agora.xtec.cat\/escolasaavedra\/wp-content\/uploads\/usu587\/2025\/09\/Symbol_OK.svg\" alt=\"\" width=\"31\" height=\"31\" \/><\/a><\/td>\n<td style=\"width: 7%; text-align: center;\"><a href=\"https:\/\/agora.xtec.cat\/escolasaavedra\/wp-content\/uploads\/usu587\/2025\/09\/Symbol_OK.svg\"><img loading=\"lazy\" decoding=\"async\" class=\"alignnone wp-image-32808\" src=\"https:\/\/agora.xtec.cat\/escolasaavedra\/wp-content\/uploads\/usu587\/2025\/09\/Symbol_OK.svg\" alt=\"\" width=\"31\" height=\"31\" \/><\/a><\/td>\n<td style=\"width: 7%; text-align: center;\"><a href=\"https:\/\/agora.xtec.cat\/escolasaavedra\/wp-content\/uploads\/usu587\/2025\/09\/Symbol_OK.svg\"><img loading=\"lazy\" decoding=\"async\" class=\"alignnone wp-image-32808\" src=\"https:\/\/agora.xtec.cat\/escolasaavedra\/wp-content\/uploads\/usu587\/2025\/09\/Symbol_OK.svg\" alt=\"\" width=\"31\" height=\"31\" \/><\/a><\/td>\n<td style=\"width: 7%; text-align: center;\"><a href=\"https:\/\/agora.xtec.cat\/escolasaavedra\/wp-content\/uploads\/usu587\/2025\/09\/Symbol_OK.svg\"><img loading=\"lazy\" decoding=\"async\" class=\"alignnone wp-image-32808\" src=\"https:\/\/agora.xtec.cat\/escolasaavedra\/wp-content\/uploads\/usu587\/2025\/09\/Symbol_OK.svg\" alt=\"\" width=\"31\" height=\"31\" \/><\/a><\/td>\n<\/tr>\n<tr>\n<td style=\"width: 22%;\"><a style=\"font-family: inherit; font-size: 1em;\" href=\"https:\/\/docs.google.com\/forms\/d\/e\/1FAIpQLSfsh4tTOFK2yNwLtktRnY_9FL3SMt_BhyaSFPx0nbKFU-55WA\/viewform?usp=header\" target=\"_blank\" rel=\"noopener\">Autoritzaci\u00f3 d&#8217;administraci\u00f3 de medicaments<\/a><\/td>\n<td style=\"width: 15%; text-align: center;\"><\/td>\n<td style=\"width: 7%; text-align: center;\"><\/td>\n<td style=\"width: 7%; text-align: center;\"><\/td>\n<td style=\"width: 7%; text-align: center;\"><\/td>\n<td style=\"width: 7%; text-align: center;\"><\/td>\n<td style=\"width: 7%; text-align: center;\"><\/td>\n<td style=\"width: 7%; text-align: center;\"><\/td>\n<td style=\"width: 7%; text-align: center;\"><\/td>\n<td style=\"width: 7%; text-align: center;\"><\/td>\n<td style=\"width: 7%; text-align: center;\"><\/td>\n<\/tr>\n<tr>\n<td style=\"width: 22%;\"><a href=\"https:\/\/docs.google.com\/forms\/d\/e\/1FAIpQLSdZo60AcF3SdDJBTAY422th4mM-ORa4sxWQG5qleicALgbRqQ\/viewform?usp=header\" target=\"_blank\" rel=\"noopener\">Religi\u00f3 o alternativa<\/a><\/td>\n<td style=\"width: 15%; text-align: center;\"><a href=\"https:\/\/agora.xtec.cat\/escolasaavedra\/wp-content\/uploads\/usu587\/2025\/09\/Symbol_OK.svg\"><img loading=\"lazy\" decoding=\"async\" class=\"alignnone wp-image-32808\" src=\"https:\/\/agora.xtec.cat\/escolasaavedra\/wp-content\/uploads\/usu587\/2025\/09\/Symbol_OK.svg\" alt=\"\" width=\"31\" height=\"31\" \/><\/a><\/p>\n<p><sub>(nom\u00e9s prim\u00e0ria)<\/sub><\/td>\n<td style=\"width: 7%; text-align: center;\"><\/td>\n<td style=\"width: 7%; text-align: center;\"><\/td>\n<td style=\"width: 7%; text-align: center;\"><\/td>\n<td style=\"width: 7%; text-align: center;\"><a href=\"https:\/\/agora.xtec.cat\/escolasaavedra\/wp-content\/uploads\/usu587\/2025\/09\/Symbol_OK.svg\"><img loading=\"lazy\" decoding=\"async\" class=\"alignnone wp-image-32808\" src=\"https:\/\/agora.xtec.cat\/escolasaavedra\/wp-content\/uploads\/usu587\/2025\/09\/Symbol_OK.svg\" alt=\"\" width=\"31\" height=\"31\" \/><\/a><\/td>\n<td style=\"width: 7%; text-align: center;\"><\/td>\n<td style=\"width: 7%; text-align: center;\"><\/td>\n<td style=\"width: 7%; text-align: center;\"><\/td>\n<td style=\"width: 7%; text-align: center;\"><\/td>\n<td style=\"width: 7%; text-align: center;\"><\/td>\n<\/tr>\n<tr>\n<td style=\"width: 22%;\"><a href=\"https:\/\/drive.google.com\/file\/d\/1Igh5M1-l-xg_xp8ARju9-yO8PWqkuPek\/view?usp=drive_link\" target=\"_blank\" rel=\"noopener\">Autoritzaci\u00f3 d&#8217;\u00fas de serveis i recursos digitals a Internet per treballar a l\u2019aula<\/a><\/td>\n<td style=\"width: 15%; text-align: center;\"><\/td>\n<td style=\"width: 7%; text-align: center;\"><\/td>\n<td style=\"width: 7%; text-align: center;\"><\/td>\n<td style=\"width: 7%; text-align: center;\"><\/td>\n<td style=\"width: 7%; text-align: center;\"><\/td>\n<td style=\"width: 7%; text-align: center;\"><\/td>\n<td style=\"width: 7%; text-align: center;\"><a href=\"https:\/\/agora.xtec.cat\/escolasaavedra\/wp-content\/uploads\/usu587\/2025\/09\/Symbol_OK.svg\"><img loading=\"lazy\" decoding=\"async\" class=\"alignnone wp-image-32808\" src=\"https:\/\/agora.xtec.cat\/escolasaavedra\/wp-content\/uploads\/usu587\/2025\/09\/Symbol_OK.svg\" alt=\"\" width=\"31\" height=\"31\" \/><\/a><\/td>\n<td style=\"width: 7%; text-align: center;\"><a href=\"https:\/\/agora.xtec.cat\/escolasaavedra\/wp-content\/uploads\/usu587\/2025\/09\/Symbol_OK.svg\"><img loading=\"lazy\" decoding=\"async\" class=\"alignnone wp-image-32808\" src=\"https:\/\/agora.xtec.cat\/escolasaavedra\/wp-content\/uploads\/usu587\/2025\/09\/Symbol_OK.svg\" alt=\"\" width=\"31\" height=\"31\" \/><\/a><\/td>\n<td style=\"width: 7%; text-align: center;\"><a href=\"https:\/\/agora.xtec.cat\/escolasaavedra\/wp-content\/uploads\/usu587\/2025\/09\/Symbol_OK.svg\"><img loading=\"lazy\" decoding=\"async\" class=\"alignnone wp-image-32808\" src=\"https:\/\/agora.xtec.cat\/escolasaavedra\/wp-content\/uploads\/usu587\/2025\/09\/Symbol_OK.svg\" alt=\"\" width=\"31\" height=\"31\" \/><\/a><\/td>\n<td style=\"width: 7%; text-align: center;\"><a href=\"https:\/\/agora.xtec.cat\/escolasaavedra\/wp-content\/uploads\/usu587\/2025\/09\/Symbol_OK.svg\"><img loading=\"lazy\" decoding=\"async\" class=\"alignnone wp-image-32808\" src=\"https:\/\/agora.xtec.cat\/escolasaavedra\/wp-content\/uploads\/usu587\/2025\/09\/Symbol_OK.svg\" alt=\"\" width=\"31\" height=\"31\" \/><\/a><\/td>\n<\/tr>\n<\/tbody>\n<\/table>\n","protected":false},"excerpt":{"rendered":"<p>Documents universals per a tot l&#8217;alumnat Dades personals de nova matr\u00edcula Autoritzaci\u00f3 de sortides a la ciutat Autoritzaci\u00f3 per sortir del centre un cop acabada l&#8217;activitat amb els mestres Carta de comprom\u00eds educatiu Cessi\u00f3 de drets d&#8217;imatge Autoritzaci\u00f3 d&#8217;administraci\u00f3 de medicaments Documents per a alumnes de prim\u00e0ria Religi\u00f3 o alternativa Documents per a alumnes de [&hellip;]<\/p>\n","protected":false},"author":3,"featured_media":0,"parent":64,"menu_order":11,"comment_status":"closed","ping_status":"closed","template":"","meta":{"_bbp_topic_count":0,"_bbp_reply_count":0,"_bbp_total_topic_count":0,"_bbp_total_reply_count":0,"_bbp_voice_count":0,"_bbp_anonymous_reply_count":0,"_bbp_topic_count_hidden":0,"_bbp_reply_count_hidden":0,"_bbp_forum_subforum_count":0,"site-sidebar-layout":"default","site-content-layout":"","ast-site-content-layout":"default","site-content-style":"default","site-sidebar-style":"default","ast-global-header-display":"","ast-banner-title-visibility":"","ast-main-header-display":"","ast-hfb-above-header-display":"","ast-hfb-below-header-display":"","ast-hfb-mobile-header-display":"","site-post-title":"","ast-breadcrumbs-content":"","ast-featured-img":"","footer-sml-layout":"","theme-transparent-header-meta":"default","adv-header-id-meta":"","stick-header-meta":"","header-above-stick-meta":"","header-main-stick-meta":"","header-below-stick-meta":"","astra-migrate-meta-layouts":"set","ast-page-background-enabled":"default","ast-page-background-meta":{"desktop":{"background-color":"var(--ast-global-color-4)","background-image":"","background-repeat":"repeat","background-position":"center center","background-size":"auto","background-attachment":"scroll","background-type":"","background-media":"","overlay-type":"","overlay-color":"","overlay-opacity":"","overlay-gradient":""},"tablet":{"background-color":"","background-image":"","background-repeat":"repeat","background-position":"center center","background-size":"auto","background-attachment":"scroll","background-type":"","background-media":"","overlay-type":"","overlay-color":"","overlay-opacity":"","overlay-gradient":""},"mobile":{"background-color":"","background-image":"","background-repeat":"repeat","background-position":"center center","background-size":"auto","background-attachment":"scroll","background-type":"","background-media":"","overlay-type":"","overlay-color":"","overlay-opacity":"","overlay-gradient":""}},"ast-content-background-meta":{"desktop":{"background-color":"var(--ast-global-color-5)","background-image":"","background-repeat":"repeat","background-position":"center center","background-size":"auto","background-attachment":"scroll","background-type":"","background-media":"","overlay-type":"","overlay-color":"","overlay-opacity":"","overlay-gradient":""},"tablet":{"background-color":"var(--ast-global-color-5)","background-image":"","background-repeat":"repeat","background-position":"center center","background-size":"auto","background-attachment":"scroll","background-type":"","background-media":"","overlay-type":"","overlay-color":"","overlay-opacity":"","overlay-gradient":""},"mobile":{"background-color":"var(--ast-global-color-5)","background-image":"","background-repeat":"repeat","background-position":"center center","background-size":"auto","background-attachment":"scroll","background-type":"","background-media":"","overlay-type":"","overlay-color":"","overlay-opacity":"","overlay-gradient":""}},"footnotes":""},"class_list":["post-31312","page","type-page","status-publish","hentry"],"post_mailing_queue_ids":[],"_links":{"self":[{"href":"https:\/\/agora.xtec.cat\/escolasaavedra\/wp-json\/wp\/v2\/pages\/31312","targetHints":{"allow":["GET"]}}],"collection":[{"href":"https:\/\/agora.xtec.cat\/escolasaavedra\/wp-json\/wp\/v2\/pages"}],"about":[{"href":"https:\/\/agora.xtec.cat\/escolasaavedra\/wp-json\/wp\/v2\/types\/page"}],"author":[{"embeddable":true,"href":"https:\/\/agora.xtec.cat\/escolasaavedra\/wp-json\/wp\/v2\/users\/3"}],"replies":[{"embeddable":true,"href":"https:\/\/agora.xtec.cat\/escolasaavedra\/wp-json\/wp\/v2\/comments?post=31312"}],"version-history":[{"count":6,"href":"https:\/\/agora.xtec.cat\/escolasaavedra\/wp-json\/wp\/v2\/pages\/31312\/revisions"}],"predecessor-version":[{"id":32811,"href":"https:\/\/agora.xtec.cat\/escolasaavedra\/wp-json\/wp\/v2\/pages\/31312\/revisions\/32811"}],"up":[{"embeddable":true,"href":"https:\/\/agora.xtec.cat\/escolasaavedra\/wp-json\/wp\/v2\/pages\/64"}],"wp:attachment":[{"href":"https:\/\/agora.xtec.cat\/escolasaavedra\/wp-json\/wp\/v2\/media?parent=31312"}],"curies":[{"name":"wp","href":"https:\/\/api.w.org\/{rel}","templated":true}]}}