{"id":26,"date":"2014-09-18T12:24:32","date_gmt":"2014-09-18T12:24:32","guid":{"rendered":"http:\/\/agora.xtec.cat\/escolasaavedra\/?page_id=26"},"modified":"2016-03-17T19:25:10","modified_gmt":"2016-03-17T18:25:10","slug":"historia","status":"publish","type":"page","link":"https:\/\/agora.xtec.cat\/escolasaavedra\/lescola\/historia\/","title":{"rendered":"Hist\u00f2ria"},"content":{"rendered":"<p><strong>Petita hist\u00f2ria de l&#8217;Escola Saavedra<\/strong><\/p>\n<p style=\"text-align: justify;\">L&#8217;Escola Saavedra, un dels principals centres educatius de la ciutat, t\u00e9 una llarga hist\u00f2ria que la converteix en la primera escola constru\u00efda especialment com a centre de titularitat p\u00fablica. Aix\u00ed, fou el 8 de maig de 1911 el dia en que es va procedir a l&#8217;acte protocol\u00b7lari de col\u00b7locaci\u00f3 de la primera pedra. L&#8217;antiga escola es va inaugurar l&#8217;any 1913.<\/p>\n<p style=\"text-align: justify;\">L&#8217;escola al llarg de la seva hist\u00f2ria experimenta diverses aturades i trasllats, la Guerra del 36, la construcci\u00f3 de l&#8217;aparcament,&#8230; fins l&#8217;any 1994 en que es trasllada per enderrocar l&#8217;antic edifici i construir-ne un de nou.<\/p>\n<p style=\"text-align: justify;\">Coincidint amb el nou curs escolar 2001-02, l&#8217;escola recupera la seva ubicaci\u00f3 original, despr\u00e9s d&#8217;una llarga abs\u00e8ncia, tot al bell mig del centre urb\u00e0 de Tarragona i al costat de les muralles. Aix\u00f2 ha fet que des de sempre l&#8217;escola ha tingut com un dels seus plantejaments educatius el que l&#8217;alumnat pugui con\u00e8ixer i fruir de les immenses possibilitats que l&#8217;entorn cultural i hist\u00f2ric ens permet.<\/p>\n","protected":false},"excerpt":{"rendered":"<p>Petita hist\u00f2ria de l&#8217;Escola Saavedra L&#8217;Escola Saavedra, un dels principals centres educatius de la ciutat, t\u00e9 una llarga hist\u00f2ria que la converteix en la primera escola constru\u00efda especialment com a centre de titularitat p\u00fablica. Aix\u00ed, fou el 8 de maig de 1911 el dia en que es va procedir a l&#8217;acte protocol\u00b7lari de col\u00b7locaci\u00f3 de [&hellip;]<\/p>\n","protected":false},"author":2,"featured_media":0,"parent":22,"menu_order":20,"comment_status":"closed","ping_status":"closed","template":"page-templates\/side-menu.php","meta":{"_bbp_topic_count":0,"_bbp_reply_count":0,"_bbp_total_topic_count":0,"_bbp_total_reply_count":0,"_bbp_voice_count":0,"_bbp_anonymous_reply_count":0,"_bbp_topic_count_hidden":0,"_bbp_reply_count_hidden":0,"_bbp_forum_subforum_count":0,"site-sidebar-layout":"default","site-content-layout":"","ast-site-content-layout":"","site-content-style":"default","site-sidebar-style":"default","ast-global-header-display":"","ast-banner-title-visibility":"","ast-main-header-display":"","ast-hfb-above-header-display":"","ast-hfb-below-header-display":"","ast-hfb-mobile-header-display":"","site-post-title":"","ast-breadcrumbs-content":"","ast-featured-img":"","footer-sml-layout":"","theme-transparent-header-meta":"","adv-header-id-meta":"","stick-header-meta":"","header-above-stick-meta":"","header-main-stick-meta":"","header-below-stick-meta":"","astra-migrate-meta-layouts":"default","ast-page-background-enabled":"default","ast-page-background-meta":{"desktop":{"background-color":"var(--ast-global-color-4)","background-image":"","background-repeat":"repeat","background-position":"center center","background-size":"auto","background-attachment":"scroll","background-type":"","background-media":"","overlay-type":"","overlay-color":"","overlay-opacity":"","overlay-gradient":""},"tablet":{"background-color":"","background-image":"","background-repeat":"repeat","background-position":"center center","background-size":"auto","background-attachment":"scroll","background-type":"","background-media":"","overlay-type":"","overlay-color":"","overlay-opacity":"","overlay-gradient":""},"mobile":{"background-color":"","background-image":"","background-repeat":"repeat","background-position":"center center","background-size":"auto","background-attachment":"scroll","background-type":"","background-media":"","overlay-type":"","overlay-color":"","overlay-opacity":"","overlay-gradient":""}},"ast-content-background-meta":{"desktop":{"background-color":"var(--ast-global-color-5)","background-image":"","background-repeat":"repeat","background-position":"center center","background-size":"auto","background-attachment":"scroll","background-type":"","background-media":"","overlay-type":"","overlay-color":"","overlay-opacity":"","overlay-gradient":""},"tablet":{"background-color":"var(--ast-global-color-5)","background-image":"","background-repeat":"repeat","background-position":"center center","background-size":"auto","background-attachment":"scroll","background-type":"","background-media":"","overlay-type":"","overlay-color":"","overlay-opacity":"","overlay-gradient":""},"mobile":{"background-color":"var(--ast-global-color-5)","background-image":"","background-repeat":"repeat","background-position":"center center","background-size":"auto","background-attachment":"scroll","background-type":"","background-media":"","overlay-type":"","overlay-color":"","overlay-opacity":"","overlay-gradient":""}},"footnotes":""},"class_list":["post-26","page","type-page","status-publish","hentry"],"post_mailing_queue_ids":[],"_links":{"self":[{"href":"https:\/\/agora.xtec.cat\/escolasaavedra\/wp-json\/wp\/v2\/pages\/26","targetHints":{"allow":["GET"]}}],"collection":[{"href":"https:\/\/agora.xtec.cat\/escolasaavedra\/wp-json\/wp\/v2\/pages"}],"about":[{"href":"https:\/\/agora.xtec.cat\/escolasaavedra\/wp-json\/wp\/v2\/types\/page"}],"author":[{"embeddable":true,"href":"https:\/\/agora.xtec.cat\/escolasaavedra\/wp-json\/wp\/v2\/users\/2"}],"replies":[{"embeddable":true,"href":"https:\/\/agora.xtec.cat\/escolasaavedra\/wp-json\/wp\/v2\/comments?post=26"}],"version-history":[{"count":2,"href":"https:\/\/agora.xtec.cat\/escolasaavedra\/wp-json\/wp\/v2\/pages\/26\/revisions"}],"predecessor-version":[{"id":1555,"href":"https:\/\/agora.xtec.cat\/escolasaavedra\/wp-json\/wp\/v2\/pages\/26\/revisions\/1555"}],"up":[{"embeddable":true,"href":"https:\/\/agora.xtec.cat\/escolasaavedra\/wp-json\/wp\/v2\/pages\/22"}],"wp:attachment":[{"href":"https:\/\/agora.xtec.cat\/escolasaavedra\/wp-json\/wp\/v2\/media?parent=26"}],"curies":[{"name":"wp","href":"https:\/\/api.w.org\/{rel}","templated":true}]}}