{"id":25965,"date":"2022-03-23T14:20:55","date_gmt":"2022-03-23T13:20:55","guid":{"rendered":"https:\/\/agora.xtec.cat\/escolasaavedra\/?page_id=25965"},"modified":"2022-03-29T21:36:25","modified_gmt":"2022-03-29T19:36:25","slug":"competencia-digital-docent","status":"publish","type":"page","link":"https:\/\/agora.xtec.cat\/escolasaavedra\/pdc\/cultura-digital-de-centre\/competencia-digital-docent\/","title":{"rendered":"Compet\u00e8ncia digital docent"},"content":{"rendered":"<table style=\"background: transparent; border: hidden; width: 99%; height: 240px;\">\n<tbody>\n<tr style=\"background: transparent;\">\n<td style=\"border: hidden; width: 33%; height: 219px;\"><img loading=\"lazy\" decoding=\"async\" class=\"size-full wp-image-23295 aligncenter\" src=\"https:\/\/agora.xtec.cat\/escolasaavedra\/wp-content\/uploads\/usu587\/2021\/02\/informacio.png\" alt=\"\" width=\"200\" height=\"449\" \/><\/td>\n<td style=\"border: hidden; width: 33%; height: 219px;\"><img loading=\"lazy\" decoding=\"async\" class=\"size-full wp-image-23295 aligncenter\" src=\"https:\/\/agora.xtec.cat\/escolasaavedra\/wp-content\/uploads\/usu587\/2021\/02\/informacio.png\" alt=\"\" width=\"200\" height=\"449\" \/><\/td>\n<td style=\"border: hidden; width: 33%; height: 219px;\"><img loading=\"lazy\" decoding=\"async\" class=\"size-full wp-image-23295 aligncenter\" src=\"https:\/\/agora.xtec.cat\/escolasaavedra\/wp-content\/uploads\/usu587\/2021\/02\/informacio.png\" alt=\"\" width=\"200\" height=\"449\" \/><\/td>\n<\/tr>\n<tr style=\"background: transparent;\">\n<td style=\"border: hidden; width: 33%; text-align: center; height: 21px;\"><a href=\"https:\/\/agora.xtec.cat\/escolasaavedra\/pdc\/cultura-digital-de-centre\/competencia-digital-docent\/millora-de-la-cdd\/\"><strong>Millora de la Compet\u00e8ncia Digital Docent<\/strong><\/a><\/td>\n<td style=\"border: hidden; width: 33%; text-align: center; height: 21px;\"><strong>S\u00f3c un alumne<\/strong><\/td>\n<td style=\"border: hidden; width: 33%; text-align: center; height: 21px;\"><b>S\u00f3c un mestre<\/b><\/td>\n<\/tr>\n<\/tbody>\n<\/table>\n","protected":false},"excerpt":{"rendered":"<p>Millora de la Compet\u00e8ncia Digital Docent S\u00f3c un alumne S\u00f3c un mestre<\/p>\n","protected":false},"author":3,"featured_media":0,"parent":25922,"menu_order":90,"comment_status":"closed","ping_status":"closed","template":"","meta":{"_bbp_topic_count":0,"_bbp_reply_count":0,"_bbp_total_topic_count":0,"_bbp_total_reply_count":0,"_bbp_voice_count":0,"_bbp_anonymous_reply_count":0,"_bbp_topic_count_hidden":0,"_bbp_reply_count_hidden":0,"_bbp_forum_subforum_count":0,"site-sidebar-layout":"default","site-content-layout":"","ast-site-content-layout":"","site-content-style":"default","site-sidebar-style":"default","ast-global-header-display":"","ast-banner-title-visibility":"","ast-main-header-display":"","ast-hfb-above-header-display":"","ast-hfb-below-header-display":"","ast-hfb-mobile-header-display":"","site-post-title":"","ast-breadcrumbs-content":"","ast-featured-img":"","footer-sml-layout":"","theme-transparent-header-meta":"","adv-header-id-meta":"","stick-header-meta":"","header-above-stick-meta":"","header-main-stick-meta":"","header-below-stick-meta":"","astra-migrate-meta-layouts":"default","ast-page-background-enabled":"default","ast-page-background-meta":{"desktop":{"background-color":"var(--ast-global-color-4)","background-image":"","background-repeat":"repeat","background-position":"center center","background-size":"auto","background-attachment":"scroll","background-type":"","background-media":"","overlay-type":"","overlay-color":"","overlay-opacity":"","overlay-gradient":""},"tablet":{"background-color":"","background-image":"","background-repeat":"repeat","background-position":"center center","background-size":"auto","background-attachment":"scroll","background-type":"","background-media":"","overlay-type":"","overlay-color":"","overlay-opacity":"","overlay-gradient":""},"mobile":{"background-color":"","background-image":"","background-repeat":"repeat","background-position":"center center","background-size":"auto","background-attachment":"scroll","background-type":"","background-media":"","overlay-type":"","overlay-color":"","overlay-opacity":"","overlay-gradient":""}},"ast-content-background-meta":{"desktop":{"background-color":"var(--ast-global-color-5)","background-image":"","background-repeat":"repeat","background-position":"center center","background-size":"auto","background-attachment":"scroll","background-type":"","background-media":"","overlay-type":"","overlay-color":"","overlay-opacity":"","overlay-gradient":""},"tablet":{"background-color":"var(--ast-global-color-5)","background-image":"","background-repeat":"repeat","background-position":"center center","background-size":"auto","background-attachment":"scroll","background-type":"","background-media":"","overlay-type":"","overlay-color":"","overlay-opacity":"","overlay-gradient":""},"mobile":{"background-color":"var(--ast-global-color-5)","background-image":"","background-repeat":"repeat","background-position":"center center","background-size":"auto","background-attachment":"scroll","background-type":"","background-media":"","overlay-type":"","overlay-color":"","overlay-opacity":"","overlay-gradient":""}},"footnotes":""},"class_list":["post-25965","page","type-page","status-publish","hentry"],"post_mailing_queue_ids":[],"_links":{"self":[{"href":"https:\/\/agora.xtec.cat\/escolasaavedra\/wp-json\/wp\/v2\/pages\/25965","targetHints":{"allow":["GET"]}}],"collection":[{"href":"https:\/\/agora.xtec.cat\/escolasaavedra\/wp-json\/wp\/v2\/pages"}],"about":[{"href":"https:\/\/agora.xtec.cat\/escolasaavedra\/wp-json\/wp\/v2\/types\/page"}],"author":[{"embeddable":true,"href":"https:\/\/agora.xtec.cat\/escolasaavedra\/wp-json\/wp\/v2\/users\/3"}],"replies":[{"embeddable":true,"href":"https:\/\/agora.xtec.cat\/escolasaavedra\/wp-json\/wp\/v2\/comments?post=25965"}],"version-history":[{"count":2,"href":"https:\/\/agora.xtec.cat\/escolasaavedra\/wp-json\/wp\/v2\/pages\/25965\/revisions"}],"predecessor-version":[{"id":25980,"href":"https:\/\/agora.xtec.cat\/escolasaavedra\/wp-json\/wp\/v2\/pages\/25965\/revisions\/25980"}],"up":[{"embeddable":true,"href":"https:\/\/agora.xtec.cat\/escolasaavedra\/wp-json\/wp\/v2\/pages\/25922"}],"wp:attachment":[{"href":"https:\/\/agora.xtec.cat\/escolasaavedra\/wp-json\/wp\/v2\/media?parent=25965"}],"curies":[{"name":"wp","href":"https:\/\/api.w.org\/{rel}","templated":true}]}}