{"id":25947,"date":"2022-03-23T14:16:50","date_gmt":"2022-03-23T13:16:50","guid":{"rendered":"https:\/\/agora.xtec.cat\/escolasaavedra\/?page_id=25947"},"modified":"2022-06-17T11:38:55","modified_gmt":"2022-06-17T09:38:55","slug":"metodologia-i-apps","status":"publish","type":"page","link":"https:\/\/agora.xtec.cat\/escolasaavedra\/pdc\/cultura-digital-de-centre\/metodologia-i-apps\/","title":{"rendered":"Metodologia i Apps"},"content":{"rendered":"<blockquote>\n<p style=\"text-align: center;\"><strong>Les noves tecnologies s\u00f3n l&#8217;eix central del nostre dia a dia. Constru\u00efm el futur des d&#8217;un emocionant present.<\/strong><\/p>\n<\/blockquote>\n<p>Les apps que utilitzem a <strong>educaci\u00f3 infantil<\/strong> les hem agrupat en aquest symbaloo<\/p>\n<p><iframe loading=\"lazy\" src=\"https:\/\/www.symbaloo.com\/embed\/saavedra-infantil-2mmt\" width=\"930px\" height=\"620px\" frameborder=\"0\"><\/iframe><\/p>\n<p>Les apps que utilitzem a <strong>cicle inicial<\/strong> les hem agrupat en aquest symbaloo<\/p>\n<p><iframe loading=\"lazy\" src=\"https:\/\/www.symbaloo.com\/embed\/saavedra-inicial\" width=\"930px\" height=\"620px\" frameborder=\"0\"><\/iframe><\/p>\n<p>Les apps que utilitzem a <strong>cicle mitj\u00e0<\/strong> les hem agrupat en aquest symbaloo<\/p>\n<p><iframe loading=\"lazy\" src=\"https:\/\/www.symbaloo.com\/embed\/saavedra-mitja\" width=\"930px\" height=\"620px\" frameborder=\"0\"><\/iframe><\/p>\n<p>Les apps que utilitzem a <strong>cicle superior<\/strong> les hem agrupat en aquest symbaloo<\/p>\n<p><iframe loading=\"lazy\" src=\"https:\/\/www.symbaloo.com\/embed\/saavedra-mitja\" width=\"930px\" height=\"620px\" frameborder=\"0\"><\/iframe><\/p>\n","protected":false},"excerpt":{"rendered":"<p>Les noves tecnologies s\u00f3n l&#8217;eix central del nostre dia a dia. Constru\u00efm el futur des d&#8217;un emocionant present. Les apps que utilitzem a educaci\u00f3 infantil les hem agrupat en aquest symbaloo Les apps que utilitzem a cicle inicial les hem agrupat en aquest symbaloo Les apps que utilitzem a cicle mitj\u00e0 les hem agrupat en [&hellip;]<\/p>\n","protected":false},"author":3,"featured_media":0,"parent":25922,"menu_order":10,"comment_status":"closed","ping_status":"closed","template":"","meta":{"_bbp_topic_count":0,"_bbp_reply_count":0,"_bbp_total_topic_count":0,"_bbp_total_reply_count":0,"_bbp_voice_count":0,"_bbp_anonymous_reply_count":0,"_bbp_topic_count_hidden":0,"_bbp_reply_count_hidden":0,"_bbp_forum_subforum_count":0,"site-sidebar-layout":"default","site-content-layout":"","ast-site-content-layout":"","site-content-style":"default","site-sidebar-style":"default","ast-global-header-display":"","ast-banner-title-visibility":"","ast-main-header-display":"","ast-hfb-above-header-display":"","ast-hfb-below-header-display":"","ast-hfb-mobile-header-display":"","site-post-title":"","ast-breadcrumbs-content":"","ast-featured-img":"","footer-sml-layout":"","theme-transparent-header-meta":"","adv-header-id-meta":"","stick-header-meta":"","header-above-stick-meta":"","header-main-stick-meta":"","header-below-stick-meta":"","astra-migrate-meta-layouts":"default","ast-page-background-enabled":"default","ast-page-background-meta":{"desktop":{"background-color":"var(--ast-global-color-4)","background-image":"","background-repeat":"repeat","background-position":"center center","background-size":"auto","background-attachment":"scroll","background-type":"","background-media":"","overlay-type":"","overlay-color":"","overlay-opacity":"","overlay-gradient":""},"tablet":{"background-color":"","background-image":"","background-repeat":"repeat","background-position":"center center","background-size":"auto","background-attachment":"scroll","background-type":"","background-media":"","overlay-type":"","overlay-color":"","overlay-opacity":"","overlay-gradient":""},"mobile":{"background-color":"","background-image":"","background-repeat":"repeat","background-position":"center center","background-size":"auto","background-attachment":"scroll","background-type":"","background-media":"","overlay-type":"","overlay-color":"","overlay-opacity":"","overlay-gradient":""}},"ast-content-background-meta":{"desktop":{"background-color":"var(--ast-global-color-5)","background-image":"","background-repeat":"repeat","background-position":"center center","background-size":"auto","background-attachment":"scroll","background-type":"","background-media":"","overlay-type":"","overlay-color":"","overlay-opacity":"","overlay-gradient":""},"tablet":{"background-color":"var(--ast-global-color-5)","background-image":"","background-repeat":"repeat","background-position":"center center","background-size":"auto","background-attachment":"scroll","background-type":"","background-media":"","overlay-type":"","overlay-color":"","overlay-opacity":"","overlay-gradient":""},"mobile":{"background-color":"var(--ast-global-color-5)","background-image":"","background-repeat":"repeat","background-position":"center center","background-size":"auto","background-attachment":"scroll","background-type":"","background-media":"","overlay-type":"","overlay-color":"","overlay-opacity":"","overlay-gradient":""}},"footnotes":""},"class_list":["post-25947","page","type-page","status-publish","hentry"],"post_mailing_queue_ids":[],"_links":{"self":[{"href":"https:\/\/agora.xtec.cat\/escolasaavedra\/wp-json\/wp\/v2\/pages\/25947","targetHints":{"allow":["GET"]}}],"collection":[{"href":"https:\/\/agora.xtec.cat\/escolasaavedra\/wp-json\/wp\/v2\/pages"}],"about":[{"href":"https:\/\/agora.xtec.cat\/escolasaavedra\/wp-json\/wp\/v2\/types\/page"}],"author":[{"embeddable":true,"href":"https:\/\/agora.xtec.cat\/escolasaavedra\/wp-json\/wp\/v2\/users\/3"}],"replies":[{"embeddable":true,"href":"https:\/\/agora.xtec.cat\/escolasaavedra\/wp-json\/wp\/v2\/comments?post=25947"}],"version-history":[{"count":3,"href":"https:\/\/agora.xtec.cat\/escolasaavedra\/wp-json\/wp\/v2\/pages\/25947\/revisions"}],"predecessor-version":[{"id":26594,"href":"https:\/\/agora.xtec.cat\/escolasaavedra\/wp-json\/wp\/v2\/pages\/25947\/revisions\/26594"}],"up":[{"embeddable":true,"href":"https:\/\/agora.xtec.cat\/escolasaavedra\/wp-json\/wp\/v2\/pages\/25922"}],"wp:attachment":[{"href":"https:\/\/agora.xtec.cat\/escolasaavedra\/wp-json\/wp\/v2\/media?parent=25947"}],"curies":[{"name":"wp","href":"https:\/\/api.w.org\/{rel}","templated":true}]}}