{"id":25943,"date":"2022-03-23T14:15:41","date_gmt":"2022-03-23T13:15:41","guid":{"rendered":"https:\/\/agora.xtec.cat\/escolasaavedra\/?page_id=25943"},"modified":"2023-05-24T09:58:28","modified_gmt":"2023-05-24T07:58:28","slug":"planificacio-i-seguiment","status":"publish","type":"page","link":"https:\/\/agora.xtec.cat\/escolasaavedra\/pdc\/estrategia-digital\/planificacio-i-seguiment\/","title":{"rendered":"Planificaci\u00f3, avaluaci\u00f3 i seguiment"},"content":{"rendered":"<p style=\"text-align: justify;\">Durant aquesta fase, la comissi\u00f3 d\u2019estrat\u00e8gia digital, dissenyar\u00e0, organitzar\u00e0 i far\u00e0 el seguiment d\u2019aquelles activitats destinades a assolir els objectius de centre.<\/p>\n<p style=\"text-align: justify;\">Per fer-ho concretarem els recursos necessaris, les persones responsables, la temporitzaci\u00f3 i els indicadors que ens ajudaran a valorar el grau d\u2019assoliment de l\u2019objectiu treballat.<\/p>\n<p><iframe loading=\"lazy\" style=\"border: none;\" src=\"https:\/\/docs.google.com\/spreadsheets\/d\/e\/2PACX-1vRQmOSJkjcDtwFGxFCSgutgA8yPclQPnPNzU_e3ORNAxF1msfYiRyZJfQDWlTcgYB6ZgslhV-ItCz58\/pub?gid=2090070672&amp;single=true\" width=\"100%\" height=\"1280\"><\/iframe><\/p>\n<p><a href=\"https:\/\/docs.google.com\/spreadsheets\/u\/2\/d\/e\/2PACX-1vRQmOSJkjcDtwFGxFCSgutgA8yPclQPnPNzU_e3ORNAxF1msfYiRyZJfQDWlTcgYB6ZgslhV-ItCz58\/pub?gid=2090070672&amp;single=true\" target=\"_blank\" rel=\"noopener\">Visualitza el document sencer<\/a><\/p>\n","protected":false},"excerpt":{"rendered":"<p>Durant aquesta fase, la comissi\u00f3 d\u2019estrat\u00e8gia digital, dissenyar\u00e0, organitzar\u00e0 i far\u00e0 el seguiment d\u2019aquelles activitats destinades a assolir els objectius de centre. Per fer-ho concretarem els recursos necessaris, les persones responsables, la temporitzaci\u00f3 i els indicadors que ens ajudaran a valorar el grau d\u2019assoliment de l\u2019objectiu treballat. Visualitza el document sencer<\/p>\n","protected":false},"author":3,"featured_media":0,"parent":25920,"menu_order":30,"comment_status":"closed","ping_status":"closed","template":"","meta":{"_bbp_topic_count":0,"_bbp_reply_count":0,"_bbp_total_topic_count":0,"_bbp_total_reply_count":0,"_bbp_voice_count":0,"_bbp_anonymous_reply_count":0,"_bbp_topic_count_hidden":0,"_bbp_reply_count_hidden":0,"_bbp_forum_subforum_count":0,"site-sidebar-layout":"default","site-content-layout":"","ast-site-content-layout":"","site-content-style":"default","site-sidebar-style":"default","ast-global-header-display":"","ast-banner-title-visibility":"","ast-main-header-display":"","ast-hfb-above-header-display":"","ast-hfb-below-header-display":"","ast-hfb-mobile-header-display":"","site-post-title":"","ast-breadcrumbs-content":"","ast-featured-img":"","footer-sml-layout":"","theme-transparent-header-meta":"","adv-header-id-meta":"","stick-header-meta":"","header-above-stick-meta":"","header-main-stick-meta":"","header-below-stick-meta":"","astra-migrate-meta-layouts":"default","ast-page-background-enabled":"default","ast-page-background-meta":{"desktop":{"background-color":"var(--ast-global-color-4)","background-image":"","background-repeat":"repeat","background-position":"center center","background-size":"auto","background-attachment":"scroll","background-type":"","background-media":"","overlay-type":"","overlay-color":"","overlay-opacity":"","overlay-gradient":""},"tablet":{"background-color":"","background-image":"","background-repeat":"repeat","background-position":"center center","background-size":"auto","background-attachment":"scroll","background-type":"","background-media":"","overlay-type":"","overlay-color":"","overlay-opacity":"","overlay-gradient":""},"mobile":{"background-color":"","background-image":"","background-repeat":"repeat","background-position":"center center","background-size":"auto","background-attachment":"scroll","background-type":"","background-media":"","overlay-type":"","overlay-color":"","overlay-opacity":"","overlay-gradient":""}},"ast-content-background-meta":{"desktop":{"background-color":"var(--ast-global-color-5)","background-image":"","background-repeat":"repeat","background-position":"center center","background-size":"auto","background-attachment":"scroll","background-type":"","background-media":"","overlay-type":"","overlay-color":"","overlay-opacity":"","overlay-gradient":""},"tablet":{"background-color":"var(--ast-global-color-5)","background-image":"","background-repeat":"repeat","background-position":"center center","background-size":"auto","background-attachment":"scroll","background-type":"","background-media":"","overlay-type":"","overlay-color":"","overlay-opacity":"","overlay-gradient":""},"mobile":{"background-color":"var(--ast-global-color-5)","background-image":"","background-repeat":"repeat","background-position":"center center","background-size":"auto","background-attachment":"scroll","background-type":"","background-media":"","overlay-type":"","overlay-color":"","overlay-opacity":"","overlay-gradient":""}},"footnotes":""},"class_list":["post-25943","page","type-page","status-publish","hentry"],"post_mailing_queue_ids":[],"_links":{"self":[{"href":"https:\/\/agora.xtec.cat\/escolasaavedra\/wp-json\/wp\/v2\/pages\/25943","targetHints":{"allow":["GET"]}}],"collection":[{"href":"https:\/\/agora.xtec.cat\/escolasaavedra\/wp-json\/wp\/v2\/pages"}],"about":[{"href":"https:\/\/agora.xtec.cat\/escolasaavedra\/wp-json\/wp\/v2\/types\/page"}],"author":[{"embeddable":true,"href":"https:\/\/agora.xtec.cat\/escolasaavedra\/wp-json\/wp\/v2\/users\/3"}],"replies":[{"embeddable":true,"href":"https:\/\/agora.xtec.cat\/escolasaavedra\/wp-json\/wp\/v2\/comments?post=25943"}],"version-history":[{"count":4,"href":"https:\/\/agora.xtec.cat\/escolasaavedra\/wp-json\/wp\/v2\/pages\/25943\/revisions"}],"predecessor-version":[{"id":28881,"href":"https:\/\/agora.xtec.cat\/escolasaavedra\/wp-json\/wp\/v2\/pages\/25943\/revisions\/28881"}],"up":[{"embeddable":true,"href":"https:\/\/agora.xtec.cat\/escolasaavedra\/wp-json\/wp\/v2\/pages\/25920"}],"wp:attachment":[{"href":"https:\/\/agora.xtec.cat\/escolasaavedra\/wp-json\/wp\/v2\/media?parent=25943"}],"curies":[{"name":"wp","href":"https:\/\/api.w.org\/{rel}","templated":true}]}}