{"id":25918,"date":"2022-03-23T12:42:09","date_gmt":"2022-03-23T11:42:09","guid":{"rendered":"https:\/\/agora.xtec.cat\/escolasaavedra\/?page_id=25918"},"modified":"2022-06-12T22:51:47","modified_gmt":"2022-06-12T20:51:47","slug":"pdc","status":"publish","type":"page","link":"https:\/\/agora.xtec.cat\/escolasaavedra\/pdc\/","title":{"rendered":"Pla Digital de Centre (EDC)"},"content":{"rendered":"<div style=\"width: 100%;\">\n<div style=\"text-align: justify;\">\n<p>El Pla d&#8217;educaci\u00f3 digital de Catalunya 2020-2023, presentat pel Departament d&#8217;Educaci\u00f3 en el marc de la XII legislatura, t\u00e9 com a objectiu contribuir al desenvolupament de les compet\u00e8ncies digitals que els ciutadans i les ciutadanes necessiten per viure i treballar en una societat caracteritzada per les transformacions i els canvis accelerats derivats de les mateixes tecnologies. Amb aquest Pla es vol situar Catalunya com un pa\u00eds capdavanter en l&#8217;\u00fas educatiu de la tecnologia per a l&#8217;\u00e8xit educatiu i social, al mateix temps que es pret\u00e9n millorar la compet\u00e8ncia digital de l&#8217;alumnat, el professorat i els centres educatius en el marc de la transformaci\u00f3 educativa.<\/p>\n<\/div>\n<div style=\"position: relative; padding-bottom: 56.25%; padding-top: 0; height: 0;\"><iframe loading=\"lazy\" style=\"position: absolute; top: 0; left: 0; width: 100%; height: 100%;\" src=\"https:\/\/view.genial.ly\/62a3068546bd34001296af22\" width=\"1280\" height=\"720\" frameborder=\"0\" scrolling=\"yes\" allowfullscreen=\"allowfullscreen\"><\/iframe><\/div>\n<\/div>\n<p><!--\n\n<table style=\"background: transparent; border: hidden; width: 99%; height: 240px;\">\n\n\n<tbody>\n\n\n<tr style=\"background: transparent;\">\n\n\n<td style=\"border: hidden; width: 33%; height: 219px;\"><img loading=\"lazy\" decoding=\"async\" class=\"size-full wp-image-23295 aligncenter\" src=\"https:\/\/agora.xtec.cat\/escolasaavedra\/wp-content\/uploads\/usu587\/2021\/02\/informacio.png\" alt=\"\" width=\"200\" height=\"449\" \/><\/td>\n\n\n\n\n<td style=\"border: hidden; width: 33%; height: 219px;\"><img loading=\"lazy\" decoding=\"async\" class=\"size-full wp-image-23295 aligncenter\" src=\"https:\/\/agora.xtec.cat\/escolasaavedra\/wp-content\/uploads\/usu587\/2021\/02\/informacio.png\" alt=\"\" width=\"200\" height=\"449\" \/><\/td>\n\n\n\n\n<td style=\"border: hidden; width: 33%; height: 219px;\"><img loading=\"lazy\" decoding=\"async\" class=\"size-full wp-image-23295 aligncenter\" src=\"https:\/\/agora.xtec.cat\/escolasaavedra\/wp-content\/uploads\/usu587\/2021\/02\/informacio.png\" alt=\"\" width=\"200\" height=\"449\" \/><\/td>\n\n\n<\/tr>\n\n\n\n\n<tr style=\"background: transparent;\">\n\n\n<td style=\"border: hidden; width: 33%; text-align: center; height: 21px;\"><strong>S\u00f3c una fam\u00edlia<\/strong><\/td>\n\n\n\n\n<td style=\"border: hidden; width: 33%; text-align: center; height: 21px;\"><strong>S\u00f3c un alumne<\/strong><\/td>\n\n\n\n\n<td style=\"border: hidden; width: 33%; text-align: center; height: 21px;\"><b>S\u00f3c un mestre<\/b><\/td>\n\n\n<\/tr>\n\n\n<\/tbody>\n\n\n<\/table>\n\n--><\/p>\n","protected":false},"excerpt":{"rendered":"<p>El Pla d&#8217;educaci\u00f3 digital de Catalunya 2020-2023, presentat pel Departament d&#8217;Educaci\u00f3 en el marc de la XII legislatura, t\u00e9 com a objectiu contribuir al desenvolupament de les compet\u00e8ncies digitals que els ciutadans i les ciutadanes necessiten per viure i treballar en una societat caracteritzada per les transformacions i els canvis accelerats derivats de les mateixes [&hellip;]<\/p>\n","protected":false},"author":3,"featured_media":0,"parent":0,"menu_order":0,"comment_status":"closed","ping_status":"closed","template":"","meta":{"_bbp_topic_count":0,"_bbp_reply_count":0,"_bbp_total_topic_count":0,"_bbp_total_reply_count":0,"_bbp_voice_count":0,"_bbp_anonymous_reply_count":0,"_bbp_topic_count_hidden":0,"_bbp_reply_count_hidden":0,"_bbp_forum_subforum_count":0,"site-sidebar-layout":"default","site-content-layout":"","ast-site-content-layout":"","site-content-style":"default","site-sidebar-style":"default","ast-global-header-display":"","ast-banner-title-visibility":"","ast-main-header-display":"","ast-hfb-above-header-display":"","ast-hfb-below-header-display":"","ast-hfb-mobile-header-display":"","site-post-title":"","ast-breadcrumbs-content":"","ast-featured-img":"","footer-sml-layout":"","theme-transparent-header-meta":"","adv-header-id-meta":"","stick-header-meta":"","header-above-stick-meta":"","header-main-stick-meta":"","header-below-stick-meta":"","astra-migrate-meta-layouts":"default","ast-page-background-enabled":"default","ast-page-background-meta":{"desktop":{"background-color":"var(--ast-global-color-4)","background-image":"","background-repeat":"repeat","background-position":"center center","background-size":"auto","background-attachment":"scroll","background-type":"","background-media":"","overlay-type":"","overlay-color":"","overlay-opacity":"","overlay-gradient":""},"tablet":{"background-color":"","background-image":"","background-repeat":"repeat","background-position":"center center","background-size":"auto","background-attachment":"scroll","background-type":"","background-media":"","overlay-type":"","overlay-color":"","overlay-opacity":"","overlay-gradient":""},"mobile":{"background-color":"","background-image":"","background-repeat":"repeat","background-position":"center center","background-size":"auto","background-attachment":"scroll","background-type":"","background-media":"","overlay-type":"","overlay-color":"","overlay-opacity":"","overlay-gradient":""}},"ast-content-background-meta":{"desktop":{"background-color":"var(--ast-global-color-5)","background-image":"","background-repeat":"repeat","background-position":"center center","background-size":"auto","background-attachment":"scroll","background-type":"","background-media":"","overlay-type":"","overlay-color":"","overlay-opacity":"","overlay-gradient":""},"tablet":{"background-color":"var(--ast-global-color-5)","background-image":"","background-repeat":"repeat","background-position":"center center","background-size":"auto","background-attachment":"scroll","background-type":"","background-media":"","overlay-type":"","overlay-color":"","overlay-opacity":"","overlay-gradient":""},"mobile":{"background-color":"var(--ast-global-color-5)","background-image":"","background-repeat":"repeat","background-position":"center center","background-size":"auto","background-attachment":"scroll","background-type":"","background-media":"","overlay-type":"","overlay-color":"","overlay-opacity":"","overlay-gradient":""}},"footnotes":""},"class_list":["post-25918","page","type-page","status-publish","hentry"],"post_mailing_queue_ids":[],"_links":{"self":[{"href":"https:\/\/agora.xtec.cat\/escolasaavedra\/wp-json\/wp\/v2\/pages\/25918","targetHints":{"allow":["GET"]}}],"collection":[{"href":"https:\/\/agora.xtec.cat\/escolasaavedra\/wp-json\/wp\/v2\/pages"}],"about":[{"href":"https:\/\/agora.xtec.cat\/escolasaavedra\/wp-json\/wp\/v2\/types\/page"}],"author":[{"embeddable":true,"href":"https:\/\/agora.xtec.cat\/escolasaavedra\/wp-json\/wp\/v2\/users\/3"}],"replies":[{"embeddable":true,"href":"https:\/\/agora.xtec.cat\/escolasaavedra\/wp-json\/wp\/v2\/comments?post=25918"}],"version-history":[{"count":3,"href":"https:\/\/agora.xtec.cat\/escolasaavedra\/wp-json\/wp\/v2\/pages\/25918\/revisions"}],"predecessor-version":[{"id":26451,"href":"https:\/\/agora.xtec.cat\/escolasaavedra\/wp-json\/wp\/v2\/pages\/25918\/revisions\/26451"}],"wp:attachment":[{"href":"https:\/\/agora.xtec.cat\/escolasaavedra\/wp-json\/wp\/v2\/media?parent=25918"}],"curies":[{"name":"wp","href":"https:\/\/api.w.org\/{rel}","templated":true}]}}