{"id":25387,"date":"2021-11-23T09:44:22","date_gmt":"2021-11-23T08:44:22","guid":{"rendered":"https:\/\/agora.xtec.cat\/escolasaavedra\/?page_id=25387"},"modified":"2023-02-23T11:35:33","modified_gmt":"2023-02-23T10:35:33","slug":"maduixes","status":"publish","type":"page","link":"https:\/\/agora.xtec.cat\/escolasaavedra\/les-plantes-de-lhort\/maduixes\/","title":{"rendered":"Maduixes"},"content":{"rendered":"<table style=\"border-collapse: collapse; width: 100%; height: 640px;\">\n<tbody>\n<tr style=\"height: 32px;\">\n<td style=\"width: 50%; background-color: #ebe309; text-align: center; height: 32px;\"><strong>MADUIXES<\/strong><\/td>\n<td style=\"width: 50%; background-color: #11a106; text-align: center; height: 32px;\"><strong>PLANTACI\u00d3<\/strong><\/td>\n<\/tr>\n<tr style=\"height: 32px;\">\n<td style=\"width: 50%; height: 224px; text-align: center;\" rowspan=\"7\"><a href=\"https:\/\/agora.xtec.cat\/escolasaavedra\/wp-content\/uploads\/usu587\/2023\/02\/fresas.jpg\"><img loading=\"lazy\" decoding=\"async\" class=\"alignnone wp-image-27690\" src=\"https:\/\/agora.xtec.cat\/escolasaavedra\/wp-content\/uploads\/usu587\/2023\/02\/fresas.jpg\" alt=\"\" width=\"333\" height=\"221\" srcset=\"https:\/\/agora.xtec.cat\/escolasaavedra\/wp-content\/uploads\/usu587\/2023\/02\/fresas.jpg 805w, https:\/\/agora.xtec.cat\/escolasaavedra\/wp-content\/uploads\/usu587\/2023\/02\/fresas-300x199.jpg 300w, https:\/\/agora.xtec.cat\/escolasaavedra\/wp-content\/uploads\/usu587\/2023\/02\/fresas-768x510.jpg 768w\" sizes=\"auto, (max-width: 333px) 100vw, 333px\" \/><\/a><\/td>\n<td style=\"width: 50%; height: 32px;\">El temps m\u00e9s adequat de sembra \u00e9s entre l\u2019hivern i la primavera, depenent del clima. Es poden sembrar en pla o en fileres.<\/td>\n<\/tr>\n<tr style=\"height: 32px;\">\n<td style=\"width: 50%; height: 32px; background-color: #11a106; text-align: center;\"><strong>RECOL\u00b7LECC\u00d3<\/strong><\/td>\n<\/tr>\n<tr style=\"height: 32px;\">\n<td style=\"width: 50%; height: 32px;\">Les maduixes s\u00f3n una fruita de primavera. \u00c9s durant aquesta \u00e8poca quan estaran en el punt m\u00e9s \u00f2ptim de maduraci\u00f3 i, per tant, tamb\u00e9 organol\u00e8ptica i nutricionalment.<\/td>\n<\/tr>\n<tr style=\"height: 32px;\">\n<td style=\"width: 50%; height: 32px; background-color: #11a106; text-align: center;\"><strong>MARC DE PLANTACI\u00d3<\/strong><\/td>\n<\/tr>\n<tr style=\"height: 32px;\">\n<td style=\"width: 50%; height: 32px;\">A l&#8217;hora d&#8217;escollir la terra, l&#8217;ideal per cultivar maduixes \u00e9s un s\u00f2l argil\u00f3s barrejat amb terra, ja que ret\u00e9 millor l&#8217;aigua. La dist\u00e0ncia entre fileres ha de ser d&#8217;uns 40-50 cm. I entre les plantes d&#8217;uns 30-40 cm.<\/td>\n<\/tr>\n<tr style=\"height: 32px;\">\n<td style=\"width: 50%; height: 32px; background-color: #11a106; text-align: center;\"><strong>EXPOSICI\u00d3<\/strong><\/td>\n<\/tr>\n<tr style=\"height: 32px;\">\n<td style=\"width: 50%; height: 32px;\">Idealment, s&#8217;ha de selecionar una zona plana i aasolellada,que estigui protegida dels corrents d&#8217;aire.<\/td>\n<\/tr>\n<tr style=\"height: 32px;\">\n<td style=\"width: 50%; height: 32px; background-color: #292ff0; text-align: center;\"><span style=\"color: #ffffff;\"><strong>NOM CIENT\u00cdFIC<\/strong><\/span><\/td>\n<td style=\"width: 50%; height: 32px; background-color: #cf0606; text-align: center;\"><span style=\"color: #ffffff;\"><strong>PLAGUES I MALALTIES<\/strong><\/span><\/td>\n<\/tr>\n<tr style=\"height: 32px;\">\n<td style=\"width: 50%; height: 32px; text-align: center;\">Fragaria vesca<\/td>\n<td style=\"width: 50%; height: 160px; text-align: left;\" rowspan=\"5\">Pel que fa a plagues, algunes aus, llimacs, escarabats, formigues, pugons i \u00e0cars s\u00f3n les principals.<br \/>\nPel que fa a malalties, algunes taques (blanques i marrons), l&#8217;o\u00efdi, la podridura grisa, el tiz\u00f3 tard\u00e0 i el marciment vertical s\u00f3n les principals.<\/td>\n<\/tr>\n<tr style=\"height: 32px;\">\n<td style=\"width: 50%; height: 32px; background-color: #292ff0; text-align: center;\"><strong><span style=\"color: #ffffff;\">NOM (castell\u00e0)<\/span><\/strong><\/td>\n<\/tr>\n<tr style=\"height: 32px;\">\n<td style=\"width: 50%; height: 32px; text-align: center;\">Fresa<\/td>\n<\/tr>\n<tr style=\"height: 32px;\">\n<td style=\"width: 50%; height: 32px; background-color: #292ff0; text-align: center;\"><span style=\"color: #ffffff;\"><strong>NOM (angl\u00e8s)<\/strong><\/span><\/td>\n<\/tr>\n<tr style=\"height: 32px;\">\n<td style=\"width: 50%; height: 32px; text-align: center;\">Strawberries<\/td>\n<\/tr>\n<tr style=\"height: 32px;\">\n<td style=\"width: 50%; height: 32px; background-color: #292ff0; text-align: center;\"><span style=\"color: #ffffff;\"><strong>FAM\u00cdLIA<\/strong><\/span><\/td>\n<td style=\"width: 50%; height: 32px; background-color: #cf0606; text-align: center;\"><span style=\"color: #ffffff;\"><strong>PROPIETATS NUTRITIVES<\/strong><\/span><\/td>\n<\/tr>\n<tr style=\"height: 32px;\">\n<td style=\"width: 50%; height: 32px; text-align: center;\">Ros\u00e0cies<\/td>\n<td style=\"width: 50%; height: 96px;\" rowspan=\"3\">Les maduixes destaquen per la seva\u00a0<strong>acci\u00f3 antioxidant<\/strong>, ja que contenen\u00a0vitamina C, carotenoides i\u00a0antocians, espec\u00edfics de les fruites vermelles i\u00a0amb un poder antioxidant molt elevat que supera cinquanta vegades la\u00a0vitamina E i unes vint vegades la vitamina C.<\/td>\n<\/tr>\n<tr style=\"height: 32px;\">\n<td style=\"width: 50%; height: 32px; background-color: #292ff0; text-align: center;\"><strong><span style=\"color: #ffffff;\">ORIGEN<\/span><\/strong><\/td>\n<\/tr>\n<tr style=\"height: 32px;\">\n<td style=\"width: 50%; height: 32px; text-align: left;\">La maduixa cultivada prov\u00e9 d&#8217;America.\u00a0 La maduixa silvestre procedeix dels Alps i \u00e9s coneguda des <em>de<\/em> temps prehist\u00f2rics.<\/td>\n<\/tr>\n<tr style=\"height: 32px;\">\n<td style=\"width: 50%; height: 32px; background-color: #000000; text-align: center;\" colspan=\"2\"><span style=\"color: #ffffff;\"><strong>CURIOSITATS<\/strong><\/span><\/td>\n<\/tr>\n<tr style=\"height: 32px;\">\n<td style=\"width: 50%; height: 32px;\" colspan=\"2\">Tamb\u00e9 es pot dir Fraulera o fraguera.<br \/>\nLa maduixa \u00e9s un s\u00edmbol per a Venus, la deessa de l&#8217;amor, a causa de les seves formes de COR i color vermell.<br \/>\nDiuen que si parteixes una maduixa per la meitat i comparteixes una meitat amb una persona, neix l&#8217;amor entre tots dos.<\/td>\n<\/tr>\n<\/tbody>\n<\/table>\n<p style=\"text-align: right;\">Editat per Tecla R.<\/p>\n","protected":false},"excerpt":{"rendered":"<p>MADUIXES PLANTACI\u00d3 El temps m\u00e9s adequat de sembra \u00e9s entre l\u2019hivern i la primavera, depenent del clima. Es poden sembrar en pla o en fileres. RECOL\u00b7LECC\u00d3 Les maduixes s\u00f3n una fruita de primavera. \u00c9s durant aquesta \u00e8poca quan estaran en el punt m\u00e9s \u00f2ptim de maduraci\u00f3 i, per tant, tamb\u00e9 organol\u00e8ptica i nutricionalment. MARC DE [&hellip;]<\/p>\n","protected":false},"author":3,"featured_media":0,"parent":25342,"menu_order":0,"comment_status":"closed","ping_status":"closed","template":"page-templates\/side-menu.php","meta":{"_bbp_topic_count":0,"_bbp_reply_count":0,"_bbp_total_topic_count":0,"_bbp_total_reply_count":0,"_bbp_voice_count":0,"_bbp_anonymous_reply_count":0,"_bbp_topic_count_hidden":0,"_bbp_reply_count_hidden":0,"_bbp_forum_subforum_count":0,"site-sidebar-layout":"default","site-content-layout":"","ast-site-content-layout":"","site-content-style":"default","site-sidebar-style":"default","ast-global-header-display":"","ast-banner-title-visibility":"","ast-main-header-display":"","ast-hfb-above-header-display":"","ast-hfb-below-header-display":"","ast-hfb-mobile-header-display":"","site-post-title":"","ast-breadcrumbs-content":"","ast-featured-img":"","footer-sml-layout":"","theme-transparent-header-meta":"","adv-header-id-meta":"","stick-header-meta":"","header-above-stick-meta":"","header-main-stick-meta":"","header-below-stick-meta":"","astra-migrate-meta-layouts":"default","ast-page-background-enabled":"default","ast-page-background-meta":{"desktop":{"background-color":"var(--ast-global-color-4)","background-image":"","background-repeat":"repeat","background-position":"center center","background-size":"auto","background-attachment":"scroll","background-type":"","background-media":"","overlay-type":"","overlay-color":"","overlay-opacity":"","overlay-gradient":""},"tablet":{"background-color":"","background-image":"","background-repeat":"repeat","background-position":"center center","background-size":"auto","background-attachment":"scroll","background-type":"","background-media":"","overlay-type":"","overlay-color":"","overlay-opacity":"","overlay-gradient":""},"mobile":{"background-color":"","background-image":"","background-repeat":"repeat","background-position":"center center","background-size":"auto","background-attachment":"scroll","background-type":"","background-media":"","overlay-type":"","overlay-color":"","overlay-opacity":"","overlay-gradient":""}},"ast-content-background-meta":{"desktop":{"background-color":"var(--ast-global-color-5)","background-image":"","background-repeat":"repeat","background-position":"center center","background-size":"auto","background-attachment":"scroll","background-type":"","background-media":"","overlay-type":"","overlay-color":"","overlay-opacity":"","overlay-gradient":""},"tablet":{"background-color":"var(--ast-global-color-5)","background-image":"","background-repeat":"repeat","background-position":"center center","background-size":"auto","background-attachment":"scroll","background-type":"","background-media":"","overlay-type":"","overlay-color":"","overlay-opacity":"","overlay-gradient":""},"mobile":{"background-color":"var(--ast-global-color-5)","background-image":"","background-repeat":"repeat","background-position":"center center","background-size":"auto","background-attachment":"scroll","background-type":"","background-media":"","overlay-type":"","overlay-color":"","overlay-opacity":"","overlay-gradient":""}},"footnotes":""},"class_list":["post-25387","page","type-page","status-publish","hentry"],"post_mailing_queue_ids":[],"_links":{"self":[{"href":"https:\/\/agora.xtec.cat\/escolasaavedra\/wp-json\/wp\/v2\/pages\/25387","targetHints":{"allow":["GET"]}}],"collection":[{"href":"https:\/\/agora.xtec.cat\/escolasaavedra\/wp-json\/wp\/v2\/pages"}],"about":[{"href":"https:\/\/agora.xtec.cat\/escolasaavedra\/wp-json\/wp\/v2\/types\/page"}],"author":[{"embeddable":true,"href":"https:\/\/agora.xtec.cat\/escolasaavedra\/wp-json\/wp\/v2\/users\/3"}],"replies":[{"embeddable":true,"href":"https:\/\/agora.xtec.cat\/escolasaavedra\/wp-json\/wp\/v2\/comments?post=25387"}],"version-history":[{"count":5,"href":"https:\/\/agora.xtec.cat\/escolasaavedra\/wp-json\/wp\/v2\/pages\/25387\/revisions"}],"predecessor-version":[{"id":27910,"href":"https:\/\/agora.xtec.cat\/escolasaavedra\/wp-json\/wp\/v2\/pages\/25387\/revisions\/27910"}],"up":[{"embeddable":true,"href":"https:\/\/agora.xtec.cat\/escolasaavedra\/wp-json\/wp\/v2\/pages\/25342"}],"wp:attachment":[{"href":"https:\/\/agora.xtec.cat\/escolasaavedra\/wp-json\/wp\/v2\/media?parent=25387"}],"curies":[{"name":"wp","href":"https:\/\/api.w.org\/{rel}","templated":true}]}}