{"id":25378,"date":"2021-11-23T09:42:03","date_gmt":"2021-11-23T08:42:03","guid":{"rendered":"https:\/\/agora.xtec.cat\/escolasaavedra\/?page_id=25378"},"modified":"2023-02-23T11:37:54","modified_gmt":"2023-02-23T10:37:54","slug":"broquils","status":"publish","type":"page","link":"https:\/\/agora.xtec.cat\/escolasaavedra\/les-plantes-de-lhort\/broquils\/","title":{"rendered":"Br\u00f2quils"},"content":{"rendered":"<table style=\"border-collapse: collapse; width: 100%; height: 618px;\">\n<tbody>\n<tr style=\"height: 32px;\">\n<td style=\"width: 50%; background-color: #ebe309; text-align: center; height: 32px;\"><strong>BR\u00d2QUILS<\/strong><\/td>\n<td style=\"width: 50%; background-color: #11a106; text-align: center; height: 32px;\"><strong>PLANTACI\u00d3<\/strong><\/td>\n<\/tr>\n<tr style=\"height: 32px;\">\n<td style=\"width: 50%; height: 224px; text-align: center;\" rowspan=\"7\"><a href=\"https:\/\/agora.xtec.cat\/escolasaavedra\/wp-content\/uploads\/usu587\/2023\/02\/iStock-932358348.jpg\"><img loading=\"lazy\" decoding=\"async\" class=\"alignnone size-full wp-image-27711\" src=\"https:\/\/agora.xtec.cat\/escolasaavedra\/wp-content\/uploads\/usu587\/2023\/02\/iStock-932358348.jpg\" alt=\"\" width=\"500\" height=\"295\" srcset=\"https:\/\/agora.xtec.cat\/escolasaavedra\/wp-content\/uploads\/usu587\/2023\/02\/iStock-932358348.jpg 500w, https:\/\/agora.xtec.cat\/escolasaavedra\/wp-content\/uploads\/usu587\/2023\/02\/iStock-932358348-300x177.jpg 300w\" sizes=\"auto, (max-width: 500px) 100vw, 500px\" \/><\/a><\/td>\n<td style=\"width: 50%; height: 32px;\">\n<pre id=\"tw-target-text\" dir=\"ltr\" data-placeholder=\"Traducci\u00f3\"><span lang=\"ca\">El br\u00f2quil se sembra a uns 2 cm de profunditat en planter \r\na l'aire lliure d'abril a juny i d'agost a setembre. \r\nQuan les plantes arriben a entre 10 i 15 cm es trasplanten \r\na l'aire lliure en un marc de plantaci\u00f3 en fileres, separats \r\na uns 50-60 cm, a causa del seu gran port.<\/span><\/pre>\n<\/td>\n<\/tr>\n<tr style=\"height: 32px;\">\n<td style=\"width: 50%; height: 32px; background-color: #11a106; text-align: center;\"><strong>RECOL\u00b7LECCI\u00d3<\/strong><\/td>\n<\/tr>\n<tr style=\"height: 32px;\">\n<td style=\"width: 50%; height: 32px;\">El temps de maduraci\u00f3 del br\u00f2quil dep\u00e8n de la seva varietat&#8230;. Normalment passen 75-110 dies des de la sembra fins a la collita.<\/td>\n<\/tr>\n<tr style=\"height: 32px;\">\n<td style=\"width: 50%; height: 32px; background-color: #11a106; text-align: center;\"><strong>MARC DE PLANTACI\u00d3<\/strong><\/td>\n<\/tr>\n<tr style=\"height: 32px;\">\n<td style=\"width: 50%; height: 32px;\"><span lang=\"ca\">Quan les plantes arriben a entre 10 i 15 cm es trasplanten a l&#8217;aire lliure en un marc <\/span><span lang=\"ca\">de plantaci\u00f3 en fileres, separats a uns 50-60 cm, a causa del seu gran port.<\/span><\/td>\n<\/tr>\n<tr style=\"height: 32px;\">\n<td style=\"width: 50%; height: 32px; background-color: #11a106; text-align: center;\"><strong>EXPOSICI\u00d3<\/strong><\/td>\n<\/tr>\n<tr style=\"height: 32px;\">\n<td style=\"width: 50%; height: 32px;\">Cal tenir en compte que s\u00f3n plantes que creixen en \u00e8poques fredes. Aix\u00f2 fa que puguin suportar temperatures al voltant de -5 graus. Cal evitar que l&#8217;\u00e8poca de formaci\u00f3 de les infloresc\u00e8ncies no coincideixi amb els mesos molt calorosos ni amb grans gelades.<\/td>\n<\/tr>\n<tr style=\"height: 32px;\">\n<td style=\"width: 50%; height: 32px; background-color: #292ff0; text-align: center;\"><span style=\"color: #ffffff;\"><strong>NOM CIENT\u00cdFIC<\/strong><\/span><\/td>\n<td style=\"width: 50%; height: 32px; background-color: #cf0606; text-align: center;\"><span style=\"color: #ffffff;\"><strong>PLAGUES I MALALTIES<\/strong><\/span><\/td>\n<\/tr>\n<tr style=\"height: 32px;\">\n<td style=\"width: 50%; height: 32px; text-align: center;\">Brassica oleracea var.botrytis<\/td>\n<td style=\"width: 50%; height: 160px;\" rowspan=\"5\"><strong>H\u00e8rnia de la col:<\/strong>\u00a0\u00e9s un tipus de malaltia que \u00e9s provocada per un fong.<\/p>\n<p><strong>Papallona de la col:<\/strong>\u00a0\u00e9s una papallona com a punts negres i de color blanca que posa els seus ous de color groc en el rev\u00e9s de les fulles.<\/p>\n<p><strong>Mosca de la col:<\/strong>\u00a0\u00e9s molt semblant a la mosca comuna. Ataca les plantes joves i es marceix i mor.<\/td>\n<\/tr>\n<tr style=\"height: 32px;\">\n<td style=\"width: 50%; height: 32px; background-color: #292ff0; text-align: center;\"><strong><span style=\"color: #ffffff;\">NOM (castell\u00e0)<\/span><\/strong><\/td>\n<\/tr>\n<tr style=\"height: 32px;\">\n<td style=\"width: 50%; height: 32px; text-align: center;\">Br\u00f3coli<\/td>\n<\/tr>\n<tr style=\"height: 32px;\">\n<td style=\"width: 50%; height: 32px; background-color: #292ff0; text-align: center;\"><span style=\"color: #ffffff;\"><strong>NOM (angl\u00e8s)<\/strong><\/span><\/td>\n<\/tr>\n<tr style=\"height: 32px;\">\n<td style=\"width: 50%; height: 32px; text-align: center;\">Broccoli<\/td>\n<\/tr>\n<tr style=\"height: 32px;\">\n<td style=\"width: 50%; height: 32px; background-color: #292ff0; text-align: center;\"><span style=\"color: #ffffff;\"><strong>FAM\u00cdLIA<\/strong><\/span><\/td>\n<td style=\"width: 50%; height: 32px; background-color: #cf0606; text-align: center;\"><span style=\"color: #ffffff;\"><strong>PROPIETATS NUTRITIVES<\/strong><\/span><\/td>\n<\/tr>\n<tr style=\"height: 32px;\">\n<td style=\"width: 50%; height: 32px; text-align: center;\">Brassicaceae<\/td>\n<td style=\"width: 50%; height: 74px;\" rowspan=\"3\">\u00c9s ric en minerals i vitamines, gr\u00e0cies a aix\u00f2 \u00e9s una de les verdures m\u00e9s nutritives.<br \/>\n\u00c9s baix en calories, per\u00f2 ric en calci, potassi, f\u00f2sfor, ferro, i vitamines B1, B2 i B6. A m\u00e9s, t\u00e9 iode, zinc, coure i magnesi. El que ens ajuda a combatre l\u2019an\u00e8mia ferrop\u00e8nica i prev\u00e9 el c\u00e0ncer.<br \/>\nUna altra de les propietats del br\u00f2quil \u00e9s que ajuda a eliminar les toxines del nostre organisme i redueix el colesterol dolent.<\/td>\n<\/tr>\n<tr style=\"height: 32px;\">\n<td style=\"width: 50%; height: 10px; background-color: #292ff0; text-align: center;\"><strong><span style=\"color: #ffffff;\">ORIGEN<\/span><\/strong><\/td>\n<\/tr>\n<tr style=\"height: 32px;\">\n<td style=\"width: 50%; height: 32px; text-align: left;\">Costes de la Mediterr\u00e0nia Oriental i Orient Pr\u00f2xim, on actualment es troben Gr\u00e8cia, Turquia o S\u00edria.<\/td>\n<\/tr>\n<tr style=\"height: 32px;\">\n<td style=\"width: 100%; height: 32px; background-color: #000000; text-align: center;\" colspan=\"2\"><span style=\"color: #ffffff;\"><strong>CURIOSITATS<\/strong><\/span><\/td>\n<\/tr>\n<tr style=\"height: 32px;\">\n<td style=\"width: 100%; height: 32px;\" colspan=\"2\">El consum de br\u00f2quil pot arribar a incrementar fins a un 30% la densitat del pigment ocular de l&#8217;ull. Aix\u00f2 permet reduir l&#8217;efecte degeneratiu de les radiacions solars. Ho va demostrar un estudi cient\u00edfic de l&#8217;hospital p\u00fablic valenci\u00e0 Doctor Peset. Br\u00f2quil \u00e9s sin\u00f2nim de salut, per\u00f2 tamb\u00e9 de bellesa.<\/td>\n<\/tr>\n<\/tbody>\n<\/table>\n<p style=\"text-align: right;\">Editat per Noem\u00ed C.<\/p>\n","protected":false},"excerpt":{"rendered":"<p>BR\u00d2QUILS PLANTACI\u00d3 El br\u00f2quil se sembra a uns 2 cm de profunditat en planter a l&#8217;aire lliure d&#8217;abril a juny i d&#8217;agost a setembre. Quan les plantes arriben a entre 10 i 15 cm es trasplanten a l&#8217;aire lliure en un marc de plantaci\u00f3 en fileres, separats a uns 50-60 cm, a causa del seu [&hellip;]<\/p>\n","protected":false},"author":3,"featured_media":0,"parent":25342,"menu_order":0,"comment_status":"closed","ping_status":"closed","template":"page-templates\/side-menu.php","meta":{"_bbp_topic_count":0,"_bbp_reply_count":0,"_bbp_total_topic_count":0,"_bbp_total_reply_count":0,"_bbp_voice_count":0,"_bbp_anonymous_reply_count":0,"_bbp_topic_count_hidden":0,"_bbp_reply_count_hidden":0,"_bbp_forum_subforum_count":0,"site-sidebar-layout":"default","site-content-layout":"","ast-site-content-layout":"","site-content-style":"default","site-sidebar-style":"default","ast-global-header-display":"","ast-banner-title-visibility":"","ast-main-header-display":"","ast-hfb-above-header-display":"","ast-hfb-below-header-display":"","ast-hfb-mobile-header-display":"","site-post-title":"","ast-breadcrumbs-content":"","ast-featured-img":"","footer-sml-layout":"","theme-transparent-header-meta":"","adv-header-id-meta":"","stick-header-meta":"","header-above-stick-meta":"","header-main-stick-meta":"","header-below-stick-meta":"","astra-migrate-meta-layouts":"default","ast-page-background-enabled":"default","ast-page-background-meta":{"desktop":{"background-color":"var(--ast-global-color-4)","background-image":"","background-repeat":"repeat","background-position":"center center","background-size":"auto","background-attachment":"scroll","background-type":"","background-media":"","overlay-type":"","overlay-color":"","overlay-opacity":"","overlay-gradient":""},"tablet":{"background-color":"","background-image":"","background-repeat":"repeat","background-position":"center center","background-size":"auto","background-attachment":"scroll","background-type":"","background-media":"","overlay-type":"","overlay-color":"","overlay-opacity":"","overlay-gradient":""},"mobile":{"background-color":"","background-image":"","background-repeat":"repeat","background-position":"center center","background-size":"auto","background-attachment":"scroll","background-type":"","background-media":"","overlay-type":"","overlay-color":"","overlay-opacity":"","overlay-gradient":""}},"ast-content-background-meta":{"desktop":{"background-color":"var(--ast-global-color-5)","background-image":"","background-repeat":"repeat","background-position":"center center","background-size":"auto","background-attachment":"scroll","background-type":"","background-media":"","overlay-type":"","overlay-color":"","overlay-opacity":"","overlay-gradient":""},"tablet":{"background-color":"var(--ast-global-color-5)","background-image":"","background-repeat":"repeat","background-position":"center center","background-size":"auto","background-attachment":"scroll","background-type":"","background-media":"","overlay-type":"","overlay-color":"","overlay-opacity":"","overlay-gradient":""},"mobile":{"background-color":"var(--ast-global-color-5)","background-image":"","background-repeat":"repeat","background-position":"center center","background-size":"auto","background-attachment":"scroll","background-type":"","background-media":"","overlay-type":"","overlay-color":"","overlay-opacity":"","overlay-gradient":""}},"footnotes":""},"class_list":["post-25378","page","type-page","status-publish","hentry"],"post_mailing_queue_ids":[],"_links":{"self":[{"href":"https:\/\/agora.xtec.cat\/escolasaavedra\/wp-json\/wp\/v2\/pages\/25378","targetHints":{"allow":["GET"]}}],"collection":[{"href":"https:\/\/agora.xtec.cat\/escolasaavedra\/wp-json\/wp\/v2\/pages"}],"about":[{"href":"https:\/\/agora.xtec.cat\/escolasaavedra\/wp-json\/wp\/v2\/types\/page"}],"author":[{"embeddable":true,"href":"https:\/\/agora.xtec.cat\/escolasaavedra\/wp-json\/wp\/v2\/users\/3"}],"replies":[{"embeddable":true,"href":"https:\/\/agora.xtec.cat\/escolasaavedra\/wp-json\/wp\/v2\/comments?post=25378"}],"version-history":[{"count":4,"href":"https:\/\/agora.xtec.cat\/escolasaavedra\/wp-json\/wp\/v2\/pages\/25378\/revisions"}],"predecessor-version":[{"id":27906,"href":"https:\/\/agora.xtec.cat\/escolasaavedra\/wp-json\/wp\/v2\/pages\/25378\/revisions\/27906"}],"up":[{"embeddable":true,"href":"https:\/\/agora.xtec.cat\/escolasaavedra\/wp-json\/wp\/v2\/pages\/25342"}],"wp:attachment":[{"href":"https:\/\/agora.xtec.cat\/escolasaavedra\/wp-json\/wp\/v2\/media?parent=25378"}],"curies":[{"name":"wp","href":"https:\/\/api.w.org\/{rel}","templated":true}]}}