{"id":25376,"date":"2021-11-23T09:41:20","date_gmt":"2021-11-23T08:41:20","guid":{"rendered":"https:\/\/agora.xtec.cat\/escolasaavedra\/?page_id=25376"},"modified":"2023-02-23T11:03:40","modified_gmt":"2023-02-23T10:03:40","slug":"raves","status":"publish","type":"page","link":"https:\/\/agora.xtec.cat\/escolasaavedra\/les-plantes-de-lhort\/raves\/","title":{"rendered":"Raves"},"content":{"rendered":"<table style=\"border-collapse: collapse; width: 100%; height: 790px;\">\n<tbody>\n<tr style=\"height: 32px;\">\n<td style=\"width: 50%; background-color: #ebe309; text-align: center; height: 32px;\"><strong>RAVES<\/strong><\/td>\n<td style=\"width: 50%; background-color: #11a106; text-align: center; height: 32px;\"><strong>PLANTACI\u00d3<\/strong><\/td>\n<\/tr>\n<tr style=\"height: 32px;\">\n<td style=\"width: 50%; height: 366px; text-align: center;\" rowspan=\"7\"><a href=\"https:\/\/agora.xtec.cat\/escolasaavedra\/wp-content\/uploads\/usu587\/2023\/02\/rave.jpg\"><img loading=\"lazy\" decoding=\"async\" class=\"alignnone wp-image-27707\" src=\"https:\/\/agora.xtec.cat\/escolasaavedra\/wp-content\/uploads\/usu587\/2023\/02\/rave.jpg\" alt=\"\" width=\"330\" height=\"220\" srcset=\"https:\/\/agora.xtec.cat\/escolasaavedra\/wp-content\/uploads\/usu587\/2023\/02\/rave.jpg 728w, https:\/\/agora.xtec.cat\/escolasaavedra\/wp-content\/uploads\/usu587\/2023\/02\/rave-300x200.jpg 300w\" sizes=\"auto, (max-width: 330px) 100vw, 330px\" \/><\/a><\/td>\n<td style=\"width: 50%; height: 32px;\">El cultiu \u00e9s for\u00e7a r\u00e0pid i es pot fer quasi tot l&#8217;any sempre que no hi hagi perill de gla\u00e7ades molt fortes. A l&#8217;hivern la durada del cultiu ser\u00e0 m\u00e9s llarga que a l&#8217;estiu i a la primavera. La calor intensa de l&#8217;estiu far\u00e0 que el rave agafi un gust m\u00e9s picant.<\/td>\n<\/tr>\n<tr style=\"height: 32px;\">\n<td style=\"width: 50%; height: 32px; background-color: #11a106; text-align: center;\"><strong>RECOL\u00b7LECCI\u00d3<\/strong><\/td>\n<\/tr>\n<tr style=\"height: 32px;\">\n<td style=\"width: 50%; height: 32px;\">Es poden <em>collir<\/em>\u00a0quatre setmanes despr\u00e9s de la sembra.<\/td>\n<\/tr>\n<tr style=\"height: 32px;\">\n<td style=\"width: 50%; height: 32px; background-color: #11a106; text-align: center;\"><strong>MARC DE PLANTACI\u00d3<\/strong><\/td>\n<\/tr>\n<tr style=\"height: 174px;\">\n<td style=\"height: 174px;\">Cal fer la sembra directament de llavor, escampant-la o en fileres. Despr\u00e9s de la germinaci\u00f3 cal eliminar les petites pl\u00e0ntules que sobrin de manera que quedin uns 5 cm entre plantes. En el cas de les varietats de cicle llarg cal augmentar la dist\u00e0ncia entre plantes fins a 10-20 cm Si la densitat de plantes \u00e9s massa elevada, els tubercles no creixeran i seran molt petits.<br \/>\n\u00c9s una bona idea sembrar una filera cada dos setmanes per obtenir una collita cont\u00ednua durant tota la primavera i estiu.<\/td>\n<\/tr>\n<tr style=\"height: 32px;\">\n<td style=\"width: 50%; height: 32px; background-color: #11a106; text-align: center;\"><strong>EXPOSICI\u00d3<\/strong><\/td>\n<\/tr>\n<tr style=\"height: 32px;\">\n<td style=\"width: 50%; height: 32px;\">Es poden plantar diverses varietats en climes freds i climes c\u00e0lids.<\/td>\n<\/tr>\n<tr style=\"height: 32px;\">\n<td style=\"width: 50%; height: 32px; background-color: #292ff0; text-align: center;\"><span style=\"color: #ffffff;\"><strong>NOM CIENT\u00cdFIC<\/strong><\/span><\/td>\n<td style=\"width: 50%; height: 32px; background-color: #cf0606; text-align: center;\"><span style=\"color: #ffffff;\"><strong>PLAGUES I MALALTIES<\/strong><\/span><\/td>\n<\/tr>\n<tr style=\"height: 32px;\">\n<td style=\"width: 50%; height: 32px; text-align: center;\">Raphanus sacivus<\/td>\n<td style=\"width: 50%; height: 168px;\" rowspan=\"5\">Entre les plagues destaquen pugons, cargols, formigues i ocells.<br \/>\nEntre les malalties m\u00e9s comunes es troben la cendrosa i la Roya.<\/td>\n<\/tr>\n<tr style=\"height: 32px;\">\n<td style=\"width: 50%; height: 32px; background-color: #292ff0; text-align: center;\"><strong><span style=\"color: #ffffff;\">NOM (castell\u00e0)<\/span><\/strong><\/td>\n<\/tr>\n<tr style=\"height: 32px;\">\n<td style=\"width: 50%; height: 40px; text-align: center;\">R\u00e1bano<\/td>\n<\/tr>\n<tr style=\"height: 32px;\">\n<td style=\"width: 50%; height: 32px; background-color: #292ff0; text-align: center;\"><span style=\"color: #ffffff;\"><strong>NOM (angl\u00e8s)<\/strong><\/span><\/td>\n<\/tr>\n<tr style=\"height: 32px;\">\n<td style=\"width: 50%; height: 32px; text-align: center;\">Radish<\/td>\n<\/tr>\n<tr style=\"height: 32px;\">\n<td style=\"width: 50%; height: 32px; background-color: #292ff0; text-align: center;\"><span style=\"color: #ffffff;\"><strong>FAM\u00cdLIA<\/strong><\/span><\/td>\n<td style=\"width: 50%; height: 32px; background-color: #cf0606; text-align: center;\"><span style=\"color: #ffffff;\"><strong>PROPIETATS NUTRITIVES<\/strong><\/span><\/td>\n<\/tr>\n<tr style=\"height: 32px;\">\n<td style=\"width: 50%; height: 32px; text-align: left;\">Brassscaceae. Forma part de la fam\u00edlia de les cruc\u00edferes, igual que les cols i els naps.<\/td>\n<td style=\"width: 50%; height: 96px;\" rowspan=\"3\">Se li atribueixen propietats di\u00fcr\u00e8tiques i antiescorb\u00fatiques. Hom diu que ajuda a esvair la indigesti\u00f3 i les flatul\u00e8ncies i que es pot consumir com a expectorant.<br \/>\nT\u00e9 un contingut baix en calories, nivells moderats de vitamina C i petites quantitats de vitamines del complex B, ferro i f\u00f2sfor.<br \/>\nEl tubercle del rave t\u00e9 un sabor picant caracter\u00edstic degut a la pres\u00e8ncia d&#8217;oli mostassa en la seva composici\u00f3.<\/td>\n<\/tr>\n<tr style=\"height: 32px;\">\n<td style=\"width: 50%; height: 32px; background-color: #292ff0; text-align: center;\"><strong><span style=\"color: #ffffff;\">ORIGEN<\/span><\/strong><\/td>\n<\/tr>\n<tr style=\"height: 32px;\">\n<td style=\"width: 50%; height: 32px; text-align: left;\">El\u00a0<em>rave<\/em>\u00a0procedeix\u00a0<em>dels<\/em>\u00a0pa\u00efsos de Pr\u00f2xim Orient, des d&#8217;on r\u00e0pidament es va estendre per la Conca Mediterr\u00e0nia, conreant-se avui dia per gaireb\u00e9 tota Europa.<\/td>\n<\/tr>\n<tr style=\"height: 32px;\">\n<td style=\"width: 50%; height: 32px; background-color: #000000; text-align: center;\" colspan=\"2\"><span style=\"color: #ffffff;\"><strong>CURIOSITATS<\/strong><\/span><\/td>\n<\/tr>\n<tr style=\"height: 32px;\">\n<td style=\"width: 50%; height: 32px;\" colspan=\"2\">El rave es troba representat a les pintures de la pir\u00e0mide de Keops. \u00c9s, per tant, una verdura coneguda des d&#8217;antic per les civilitzacions mediterr\u00e0nies. Tamb\u00e9 se sap que el cultiu d&#8217;aquesta hortalissa era conegut des d&#8217;antic a la Xina.<\/td>\n<\/tr>\n<\/tbody>\n<\/table>\n<p style=\"text-align: right;\">Editat per Surkhabdeep S.<\/p>\n","protected":false},"excerpt":{"rendered":"<p>RAVES PLANTACI\u00d3 El cultiu \u00e9s for\u00e7a r\u00e0pid i es pot fer quasi tot l&#8217;any sempre que no hi hagi perill de gla\u00e7ades molt fortes. A l&#8217;hivern la durada del cultiu ser\u00e0 m\u00e9s llarga que a l&#8217;estiu i a la primavera. La calor intensa de l&#8217;estiu far\u00e0 que el rave agafi un gust m\u00e9s picant. RECOL\u00b7LECCI\u00d3 [&hellip;]<\/p>\n","protected":false},"author":3,"featured_media":0,"parent":25342,"menu_order":0,"comment_status":"closed","ping_status":"closed","template":"page-templates\/side-menu.php","meta":{"_bbp_topic_count":0,"_bbp_reply_count":0,"_bbp_total_topic_count":0,"_bbp_total_reply_count":0,"_bbp_voice_count":0,"_bbp_anonymous_reply_count":0,"_bbp_topic_count_hidden":0,"_bbp_reply_count_hidden":0,"_bbp_forum_subforum_count":0,"site-sidebar-layout":"default","site-content-layout":"","ast-site-content-layout":"","site-content-style":"default","site-sidebar-style":"default","ast-global-header-display":"","ast-banner-title-visibility":"","ast-main-header-display":"","ast-hfb-above-header-display":"","ast-hfb-below-header-display":"","ast-hfb-mobile-header-display":"","site-post-title":"","ast-breadcrumbs-content":"","ast-featured-img":"","footer-sml-layout":"","theme-transparent-header-meta":"","adv-header-id-meta":"","stick-header-meta":"","header-above-stick-meta":"","header-main-stick-meta":"","header-below-stick-meta":"","astra-migrate-meta-layouts":"default","ast-page-background-enabled":"default","ast-page-background-meta":{"desktop":{"background-color":"var(--ast-global-color-4)","background-image":"","background-repeat":"repeat","background-position":"center center","background-size":"auto","background-attachment":"scroll","background-type":"","background-media":"","overlay-type":"","overlay-color":"","overlay-opacity":"","overlay-gradient":""},"tablet":{"background-color":"","background-image":"","background-repeat":"repeat","background-position":"center center","background-size":"auto","background-attachment":"scroll","background-type":"","background-media":"","overlay-type":"","overlay-color":"","overlay-opacity":"","overlay-gradient":""},"mobile":{"background-color":"","background-image":"","background-repeat":"repeat","background-position":"center center","background-size":"auto","background-attachment":"scroll","background-type":"","background-media":"","overlay-type":"","overlay-color":"","overlay-opacity":"","overlay-gradient":""}},"ast-content-background-meta":{"desktop":{"background-color":"var(--ast-global-color-5)","background-image":"","background-repeat":"repeat","background-position":"center center","background-size":"auto","background-attachment":"scroll","background-type":"","background-media":"","overlay-type":"","overlay-color":"","overlay-opacity":"","overlay-gradient":""},"tablet":{"background-color":"var(--ast-global-color-5)","background-image":"","background-repeat":"repeat","background-position":"center center","background-size":"auto","background-attachment":"scroll","background-type":"","background-media":"","overlay-type":"","overlay-color":"","overlay-opacity":"","overlay-gradient":""},"mobile":{"background-color":"var(--ast-global-color-5)","background-image":"","background-repeat":"repeat","background-position":"center center","background-size":"auto","background-attachment":"scroll","background-type":"","background-media":"","overlay-type":"","overlay-color":"","overlay-opacity":"","overlay-gradient":""}},"footnotes":""},"class_list":["post-25376","page","type-page","status-publish","hentry"],"post_mailing_queue_ids":[],"_links":{"self":[{"href":"https:\/\/agora.xtec.cat\/escolasaavedra\/wp-json\/wp\/v2\/pages\/25376","targetHints":{"allow":["GET"]}}],"collection":[{"href":"https:\/\/agora.xtec.cat\/escolasaavedra\/wp-json\/wp\/v2\/pages"}],"about":[{"href":"https:\/\/agora.xtec.cat\/escolasaavedra\/wp-json\/wp\/v2\/types\/page"}],"author":[{"embeddable":true,"href":"https:\/\/agora.xtec.cat\/escolasaavedra\/wp-json\/wp\/v2\/users\/3"}],"replies":[{"embeddable":true,"href":"https:\/\/agora.xtec.cat\/escolasaavedra\/wp-json\/wp\/v2\/comments?post=25376"}],"version-history":[{"count":5,"href":"https:\/\/agora.xtec.cat\/escolasaavedra\/wp-json\/wp\/v2\/pages\/25376\/revisions"}],"predecessor-version":[{"id":27905,"href":"https:\/\/agora.xtec.cat\/escolasaavedra\/wp-json\/wp\/v2\/pages\/25376\/revisions\/27905"}],"up":[{"embeddable":true,"href":"https:\/\/agora.xtec.cat\/escolasaavedra\/wp-json\/wp\/v2\/pages\/25342"}],"wp:attachment":[{"href":"https:\/\/agora.xtec.cat\/escolasaavedra\/wp-json\/wp\/v2\/media?parent=25376"}],"curies":[{"name":"wp","href":"https:\/\/api.w.org\/{rel}","templated":true}]}}