{"id":25368,"date":"2021-11-23T09:39:47","date_gmt":"2021-11-23T08:39:47","guid":{"rendered":"https:\/\/agora.xtec.cat\/escolasaavedra\/?page_id=25368"},"modified":"2023-02-23T11:41:03","modified_gmt":"2023-02-23T10:41:03","slug":"porros","status":"publish","type":"page","link":"https:\/\/agora.xtec.cat\/escolasaavedra\/les-plantes-de-lhort\/porros\/","title":{"rendered":"Porros"},"content":{"rendered":"<table style=\"border-collapse: collapse; width: 100%; height: 640px;\">\n<tbody>\n<tr style=\"height: 32px;\">\n<td style=\"width: 50%; background-color: #ebe309; text-align: center; height: 32px;\"><strong>PORROS<\/strong><\/td>\n<td style=\"width: 50%; background-color: #11a106; text-align: center; height: 32px;\"><strong>PLANTACI\u00d3<\/strong><\/td>\n<\/tr>\n<tr style=\"height: 32px;\">\n<td style=\"width: 50%; height: 224px; text-align: center;\" rowspan=\"7\"><a href=\"https:\/\/agora.xtec.cat\/escolasaavedra\/wp-content\/uploads\/usu587\/2023\/02\/porro-1.jpeg\"><img loading=\"lazy\" decoding=\"async\" class=\"alignnone wp-image-27693\" src=\"https:\/\/agora.xtec.cat\/escolasaavedra\/wp-content\/uploads\/usu587\/2023\/02\/porro-1-1024x683.jpeg\" alt=\"\" width=\"330\" height=\"220\" srcset=\"https:\/\/agora.xtec.cat\/escolasaavedra\/wp-content\/uploads\/usu587\/2023\/02\/porro-1-1024x683.jpeg 1024w, https:\/\/agora.xtec.cat\/escolasaavedra\/wp-content\/uploads\/usu587\/2023\/02\/porro-1-300x200.jpeg 300w, https:\/\/agora.xtec.cat\/escolasaavedra\/wp-content\/uploads\/usu587\/2023\/02\/porro-1-768x512.jpeg 768w, https:\/\/agora.xtec.cat\/escolasaavedra\/wp-content\/uploads\/usu587\/2023\/02\/porro-1-1536x1024.jpeg 1536w, https:\/\/agora.xtec.cat\/escolasaavedra\/wp-content\/uploads\/usu587\/2023\/02\/porro-1.jpeg 1600w\" sizes=\"auto, (max-width: 330px) 100vw, 330px\" \/><\/a><\/td>\n<td style=\"width: 50%; height: 32px;\">Els porros s\u00f3n plantes hort\u00edcoles que\u00a0<strong>es planten a principis de primavera<\/strong> normalment, per\u00f2 poden plantar-se a finals d&#8217;hivern (i fins i tot a mitjans d&#8217;aquesta estaci\u00f3) si el clima \u00e9s suau o les gelades que es produeixen s\u00f3n molt febles<\/td>\n<\/tr>\n<tr style=\"height: 32px;\">\n<td style=\"width: 50%; height: 32px; background-color: #11a106; text-align: center;\"><strong>RECOL\u00b7LECCI\u00d3<\/strong><\/td>\n<\/tr>\n<tr style=\"height: 32px;\">\n<td style=\"width: 50%; height: 32px;\">Un porro madur (per recol\u00b7lectar) es pot identificar amb signes externs: ploma seca estirada a terra; coll sec que no allibera humitat en pr\u00e9mer; bombeta densa i d\u2019escala seca.<\/td>\n<\/tr>\n<tr style=\"height: 32px;\">\n<td style=\"width: 50%; height: 32px; background-color: #11a106; text-align: center;\"><strong>MARC DE PLANTACI\u00d3<\/strong><\/td>\n<\/tr>\n<tr style=\"height: 32px;\">\n<td style=\"width: 50%; height: 32px;\"><strong>Es poden plantar a terra o en test<\/strong>. Si optem pel primer lloc, \u00e9s important primer treure les herbes i abonar amb adobs org\u00e0nics, per exemple amb guano, per fertilitzar; per contra, si optem per plantar-en test, haurem d&#8217;escollir una que tingui un di\u00e0metre m\u00ednim de 30 cm.<\/td>\n<\/tr>\n<tr style=\"height: 32px;\">\n<td style=\"width: 50%; height: 32px; background-color: #11a106; text-align: center;\"><strong>EXPOSICI\u00d3<\/strong><\/td>\n<\/tr>\n<tr style=\"height: 32px;\">\n<td style=\"width: 50%; height: 32px;\">Necessiten humitat.<\/td>\n<\/tr>\n<tr style=\"height: 32px;\">\n<td style=\"width: 50%; height: 32px; background-color: #292ff0; text-align: center;\"><span style=\"color: #ffffff;\"><strong>NOM CIENT\u00cdFIC<\/strong><\/span><\/td>\n<td style=\"width: 50%; height: 32px; background-color: #cf0606; text-align: center;\"><span style=\"color: #ffffff;\"><strong>PLAGUES I MALALTIES<\/strong><\/span><\/td>\n<\/tr>\n<tr style=\"height: 32px;\">\n<td style=\"width: 50%; height: 32px; text-align: center;\">Allium ampeloprasum<\/td>\n<td style=\"width: 50%; height: 160px;\" rowspan=\"5\">&nbsp;<\/p>\n<p>Pel que fa a plagues les m\u00e9s comunes s\u00f3n la Mosca de la ceba, el\u00a0Thrips, la\u00a0Polilla de la ceba i el\u00a0Nematodos.<br \/>\nPel que fa a malalties la m\u00e9s comuna \u00e9s la podridura de les fulles.<\/td>\n<\/tr>\n<tr style=\"height: 32px;\">\n<td style=\"width: 50%; height: 32px; background-color: #292ff0; text-align: center;\"><strong><span style=\"color: #ffffff;\">NOM (castell\u00e0)<\/span><\/strong><\/td>\n<\/tr>\n<tr style=\"height: 32px;\">\n<td style=\"width: 50%; height: 32px; text-align: center;\">Puerro<\/td>\n<\/tr>\n<tr style=\"height: 32px;\">\n<td style=\"width: 50%; height: 32px; background-color: #292ff0; text-align: center;\"><span style=\"color: #ffffff;\"><strong>NOM (angl\u00e8s)<\/strong><\/span><\/td>\n<\/tr>\n<tr style=\"height: 32px;\">\n<td style=\"width: 50%; height: 32px; text-align: center;\">Leek<\/td>\n<\/tr>\n<tr style=\"height: 32px;\">\n<td style=\"width: 50%; height: 32px; background-color: #292ff0; text-align: center;\"><span style=\"color: #ffffff;\"><strong>FAM\u00cdLIA<\/strong><\/span><\/td>\n<td style=\"width: 50%; height: 32px; background-color: #cf0606; text-align: center;\"><span style=\"color: #ffffff;\"><strong>PROPIETATS NUTRITIVES<\/strong><\/span><\/td>\n<\/tr>\n<tr style=\"height: 32px;\">\n<td style=\"width: 50%; height: 32px; text-align: center;\">Allium<\/td>\n<td style=\"width: 50%; height: 96px;\" rowspan=\"3\">El porro \u00e9s moderat en hidrats de carboni (7,5 g\/100 g), baix en prote\u00efnes (2 g) i ric en fibra (3 g). Entre els minerals destaca el potassi (260 mg), el calci (60 mg), el f\u00f2sfor (50 mg) i el magnesi (18 mg).<\/td>\n<\/tr>\n<tr style=\"height: 32px;\">\n<td style=\"width: 50%; height: 32px; background-color: #292ff0; text-align: center;\"><strong><span style=\"color: #ffffff;\">ORIGEN<\/span><\/strong><\/td>\n<\/tr>\n<tr style=\"height: 32px;\">\n<td style=\"width: 50%; height: 32px; text-align: left;\">Hi ha indicis que podria ser origin\u00e0ria de Mesopot\u00e0mia, Turquia o Egipte, on es consumia feia el 3000 o 4000 aC, per\u00f2 sembla que van ser els romans els que van estendre el consum per la Pen\u00ednsula.<\/td>\n<\/tr>\n<tr style=\"height: 32px;\">\n<td style=\"width: 100%; height: 32px; background-color: #000000; text-align: center;\" colspan=\"2\"><span style=\"color: #ffffff;\"><strong>CURIOSITATS<\/strong><\/span><\/td>\n<\/tr>\n<tr style=\"height: 32px;\">\n<td style=\"width: 100%; height: 32px; text-align: center;\" colspan=\"2\">\n<p style=\"text-align: left;\">Hi ha jerogl\u00edfics a les pir\u00e0mides eg\u00edpcies en qu\u00e8 apareixen els esclaus tan resistents que s\u2019encarregaven de construir-les alimentant-se de porros de manera habitual. Ner\u00f3 era un apassionat d\u2019aquesta hortalissa fins al punt que en consumia en cada \u00e0pat; principalment ho feia en forma de sopes.<\/p>\n<\/td>\n<\/tr>\n<\/tbody>\n<\/table>\n<p style=\"text-align: right;\">Editat per Yahya O.<\/p>\n","protected":false},"excerpt":{"rendered":"<p>PORROS PLANTACI\u00d3 Els porros s\u00f3n plantes hort\u00edcoles que\u00a0es planten a principis de primavera normalment, per\u00f2 poden plantar-se a finals d&#8217;hivern (i fins i tot a mitjans d&#8217;aquesta estaci\u00f3) si el clima \u00e9s suau o les gelades que es produeixen s\u00f3n molt febles RECOL\u00b7LECCI\u00d3 Un porro madur (per recol\u00b7lectar) es pot identificar amb signes externs: ploma [&hellip;]<\/p>\n","protected":false},"author":3,"featured_media":0,"parent":25342,"menu_order":0,"comment_status":"closed","ping_status":"closed","template":"page-templates\/side-menu.php","meta":{"_bbp_topic_count":0,"_bbp_reply_count":0,"_bbp_total_topic_count":0,"_bbp_total_reply_count":0,"_bbp_voice_count":0,"_bbp_anonymous_reply_count":0,"_bbp_topic_count_hidden":0,"_bbp_reply_count_hidden":0,"_bbp_forum_subforum_count":0,"site-sidebar-layout":"default","site-content-layout":"","ast-site-content-layout":"","site-content-style":"default","site-sidebar-style":"default","ast-global-header-display":"","ast-banner-title-visibility":"","ast-main-header-display":"","ast-hfb-above-header-display":"","ast-hfb-below-header-display":"","ast-hfb-mobile-header-display":"","site-post-title":"","ast-breadcrumbs-content":"","ast-featured-img":"","footer-sml-layout":"","theme-transparent-header-meta":"","adv-header-id-meta":"","stick-header-meta":"","header-above-stick-meta":"","header-main-stick-meta":"","header-below-stick-meta":"","astra-migrate-meta-layouts":"default","ast-page-background-enabled":"default","ast-page-background-meta":{"desktop":{"background-color":"var(--ast-global-color-4)","background-image":"","background-repeat":"repeat","background-position":"center center","background-size":"auto","background-attachment":"scroll","background-type":"","background-media":"","overlay-type":"","overlay-color":"","overlay-opacity":"","overlay-gradient":""},"tablet":{"background-color":"","background-image":"","background-repeat":"repeat","background-position":"center center","background-size":"auto","background-attachment":"scroll","background-type":"","background-media":"","overlay-type":"","overlay-color":"","overlay-opacity":"","overlay-gradient":""},"mobile":{"background-color":"","background-image":"","background-repeat":"repeat","background-position":"center center","background-size":"auto","background-attachment":"scroll","background-type":"","background-media":"","overlay-type":"","overlay-color":"","overlay-opacity":"","overlay-gradient":""}},"ast-content-background-meta":{"desktop":{"background-color":"var(--ast-global-color-5)","background-image":"","background-repeat":"repeat","background-position":"center center","background-size":"auto","background-attachment":"scroll","background-type":"","background-media":"","overlay-type":"","overlay-color":"","overlay-opacity":"","overlay-gradient":""},"tablet":{"background-color":"var(--ast-global-color-5)","background-image":"","background-repeat":"repeat","background-position":"center center","background-size":"auto","background-attachment":"scroll","background-type":"","background-media":"","overlay-type":"","overlay-color":"","overlay-opacity":"","overlay-gradient":""},"mobile":{"background-color":"var(--ast-global-color-5)","background-image":"","background-repeat":"repeat","background-position":"center center","background-size":"auto","background-attachment":"scroll","background-type":"","background-media":"","overlay-type":"","overlay-color":"","overlay-opacity":"","overlay-gradient":""}},"footnotes":""},"class_list":["post-25368","page","type-page","status-publish","hentry"],"post_mailing_queue_ids":[],"_links":{"self":[{"href":"https:\/\/agora.xtec.cat\/escolasaavedra\/wp-json\/wp\/v2\/pages\/25368","targetHints":{"allow":["GET"]}}],"collection":[{"href":"https:\/\/agora.xtec.cat\/escolasaavedra\/wp-json\/wp\/v2\/pages"}],"about":[{"href":"https:\/\/agora.xtec.cat\/escolasaavedra\/wp-json\/wp\/v2\/types\/page"}],"author":[{"embeddable":true,"href":"https:\/\/agora.xtec.cat\/escolasaavedra\/wp-json\/wp\/v2\/users\/3"}],"replies":[{"embeddable":true,"href":"https:\/\/agora.xtec.cat\/escolasaavedra\/wp-json\/wp\/v2\/comments?post=25368"}],"version-history":[{"count":5,"href":"https:\/\/agora.xtec.cat\/escolasaavedra\/wp-json\/wp\/v2\/pages\/25368\/revisions"}],"predecessor-version":[{"id":27912,"href":"https:\/\/agora.xtec.cat\/escolasaavedra\/wp-json\/wp\/v2\/pages\/25368\/revisions\/27912"}],"up":[{"embeddable":true,"href":"https:\/\/agora.xtec.cat\/escolasaavedra\/wp-json\/wp\/v2\/pages\/25342"}],"wp:attachment":[{"href":"https:\/\/agora.xtec.cat\/escolasaavedra\/wp-json\/wp\/v2\/media?parent=25368"}],"curies":[{"name":"wp","href":"https:\/\/api.w.org\/{rel}","templated":true}]}}