{"id":25360,"date":"2021-11-23T09:38:26","date_gmt":"2021-11-23T08:38:26","guid":{"rendered":"https:\/\/agora.xtec.cat\/escolasaavedra\/?page_id=25360"},"modified":"2023-02-23T11:47:55","modified_gmt":"2023-02-23T10:47:55","slug":"romani","status":"publish","type":"page","link":"https:\/\/agora.xtec.cat\/escolasaavedra\/les-plantes-de-lhort\/romani\/","title":{"rendered":"Roman\u00ed"},"content":{"rendered":"<table style=\"border-collapse: collapse; width: 100%; height: 654px;\">\n<tbody>\n<tr style=\"height: 32px;\">\n<td style=\"width: 50%; background-color: #ebe309; text-align: center; height: 32px;\"><strong>ROMAN\u00cd<\/strong><\/td>\n<td style=\"width: 50%; background-color: #11a106; text-align: center; height: 32px;\"><strong>PLANTACI\u00d3<\/strong><\/td>\n<\/tr>\n<tr style=\"height: 32px;\">\n<td style=\"width: 50%; height: 258px; text-align: center;\" rowspan=\"7\"><a href=\"https:\/\/agora.xtec.cat\/escolasaavedra\/wp-content\/uploads\/usu587\/2023\/02\/Rosemary_bush.jpg\"><img loading=\"lazy\" decoding=\"async\" class=\"alignnone wp-image-27695\" src=\"https:\/\/agora.xtec.cat\/escolasaavedra\/wp-content\/uploads\/usu587\/2023\/02\/Rosemary_bush.jpg\" alt=\"\" width=\"331\" height=\"220\" \/><\/a><\/td>\n<td style=\"width: 50%; height: 38px;\">\n<div class=\"Z26q7c UK95Uc\" data-content-feature=\"1\" data-sokoban-feature=\"nke7rc\">\n<div class=\"VwiC3b yXK7lf MUxGbd yDYNvb lyLwlc lEBKkf\">La forma m\u00e9s senzilla \u00e9s sembrar llavors al mar\u00e7 per a les pl\u00e0ntules, plantant arbustos amb l&#8217;arribada de calor a un llit lleuger.<\/div>\n<\/div>\n<div class=\"Z26q7c UK95Uc\" data-sokoban-feature=\"bvRFlf\">\n<div id=\"eob_4\" data-ved=\"2ahUKEwisw4r55Kj9AhUnsaQKHaeEA3AQ2Z0BegQIKxAA\">\n<div class=\"AUiS2\" data-ved=\"2ahUKEwisw4r55Kj9AhUnsaQKHaeEA3AQx40DegQIXBAA\">\n<div>\n<div class=\"d8lLoc\"><\/div>\n<\/div>\n<\/div>\n<\/div>\n<\/div>\n<\/td>\n<\/tr>\n<tr style=\"height: 32px;\">\n<td style=\"width: 50%; height: 32px; background-color: #11a106; text-align: center;\"><strong>RECOL\u00b7LECCI\u00d3<\/strong><\/td>\n<\/tr>\n<tr style=\"height: 32px;\">\n<td style=\"width: 50%; height: 60px;\">\n<div class=\"wWOJcd\" tabindex=\"0\" role=\"button\" aria-controls=\"exacc_at31Y53_A-jp7_UP6e2HwAc_8\" aria-expanded=\"true\" aria-labelledby=\"exacc_at31Y53_A-jp7_UP6e2HwAc_7\">\n<div class=\"r21Kzd\" data-hveid=\"CBwQAQ\" data-ved=\"2ahUKEwid3I7O5aj9AhXo9LsIHen2AXgQuk56BAgcEAE\"><\/div>\n<\/div>\n<div id=\"exacc_at31Y53_A-jp7_UP6e2HwAc_8\" class=\"MBtdbb\" data-ved=\"2ahUKEwid3I7O5aj9AhXo9LsIHen2AXgQ7NUEegQIHBAD\">\n<div class=\"ymu2Hb\">\n<div id=\"_at31Y53_A-jp7_UP6e2HwAc_40\" class=\"t0bRye r2fjmd\" data-hveid=\"CBwQBA\" data-ved=\"2ahUKEwid3I7O5aj9AhXo9LsIHen2AXgQu04oAHoECBwQBA\">\n<div id=\"at31Y53_A-jp7_UP6e2HwAc__15\">\n<div class=\"wDYxhc\" data-md=\"61\">\n<div class=\"LGOjhe\" role=\"heading\" data-attrid=\"wa:\/description\" aria-level=\"3\" data-hveid=\"CBsQAA\">La majoria dels pagesos no cullen el roman\u00ed durant els primers 15 a 21 mesos despr\u00e9s de la sembra o establiment de les plantes. Des del segon any, cullen una o dues vegades l&#8217;any.<\/div>\n<\/div>\n<\/div>\n<div id=\"at31Y53_A-jp7_UP6e2HwAc__16\">\n<div class=\"g\">\n<div lang=\"es\" data-hveid=\"CBEQAA\" data-ved=\"2ahUKEwid3I7O5aj9AhXo9LsIHen2AXgQFSgAegQIERAA\">\n<div class=\"tF2Cxc\"><\/div>\n<\/div>\n<\/div>\n<\/div>\n<\/div>\n<\/div>\n<\/div>\n<\/td>\n<\/tr>\n<tr style=\"height: 32px;\">\n<td style=\"width: 50%; height: 32px; background-color: #11a106; text-align: center;\"><strong>MARC DE PLANTACI\u00d3<\/strong><\/td>\n<\/tr>\n<tr style=\"height: 32px;\">\n<td style=\"width: 50%; height: 32px;\">El roman\u00ed donat la seva grand\u00e0ria i el seu creixement arbustiu es plantegen dist\u00e0ncies entre fileres de 70 cm a 1,60 mi 50 cm entre plantes oscil\u00b7lant la densitat entre 15000 i 20000 plantes\/hect\u00e0rea. Un cop finalitzada la plantaci\u00f3 es realitza el primer reg.<\/td>\n<\/tr>\n<tr style=\"height: 32px;\">\n<td style=\"width: 50%; height: 32px; background-color: #11a106; text-align: center;\"><strong>EXPOSICI\u00d3<\/strong><\/td>\n<\/tr>\n<tr style=\"height: 32px;\">\n<td style=\"width: 50%; height: 32px;\">El\u00a0<a href=\"https:\/\/www.jardineriaon.com\/ca\/roman%C3%AD.html\">roman\u00ed<\/a>\u00a0\u00e9s molt demandant de llum solar, no en va en els seus llocs d&#8217;origen creix exposat a el sol de manera directa. Des que \u00e9s \u00fanicament una pl\u00e0ntula ha d&#8217;evitar l&#8217;ombra si vol tenir un desenvolupament normal, \u00e9s a dir, en vertical.\u00a0<strong>Si ho posem en ombra o en semiombra veurem que les seves fulles perden color i s&#8217;assequen.<\/strong><\/td>\n<\/tr>\n<tr style=\"height: 32px;\">\n<td style=\"width: 50%; height: 32px; background-color: #292ff0; text-align: center;\"><span style=\"color: #ffffff;\"><strong>NOM CIENT\u00cdFIC<\/strong><\/span><\/td>\n<td style=\"width: 50%; height: 32px; background-color: #cf0606; text-align: center;\"><span style=\"color: #ffffff;\"><strong>PLAGUES I MALALTIES<\/strong><\/span><\/td>\n<\/tr>\n<tr style=\"height: 32px;\">\n<td style=\"width: 50%; height: 34px; text-align: center;\">Salvia rosmarinus<\/td>\n<td style=\"width: 50%; height: 140px;\" rowspan=\"5\">Pel que fa a malalties destaquen l&#8217;O\u00efdi i i la Fong altern\u00e0ria.<\/p>\n<p>Pel que fa a plagues destaca el pug\u00f3.<\/td>\n<\/tr>\n<tr style=\"height: 32px;\">\n<td style=\"width: 50%; height: 32px; background-color: #292ff0; text-align: center;\"><strong><span style=\"color: #ffffff;\">NOM (castell\u00e0)<\/span><\/strong><\/td>\n<\/tr>\n<tr style=\"height: 32px;\">\n<td style=\"width: 50%; height: 32px; text-align: center;\">Romero<\/td>\n<\/tr>\n<tr style=\"height: 32px;\">\n<td style=\"width: 50%; height: 10px; background-color: #292ff0; text-align: center;\"><span style=\"color: #ffffff;\"><strong>NOM (angl\u00e8s)<\/strong><\/span><\/td>\n<\/tr>\n<tr style=\"height: 32px;\">\n<td style=\"width: 50%; height: 32px; text-align: center;\">Rosemary<\/td>\n<\/tr>\n<tr style=\"height: 32px;\">\n<td style=\"width: 50%; height: 32px; background-color: #292ff0; text-align: center;\"><span style=\"color: #ffffff;\"><strong>FAM\u00cdLIA<\/strong><\/span><\/td>\n<td style=\"width: 50%; height: 32px; background-color: #cf0606; text-align: center;\"><span style=\"color: #ffffff;\"><strong>PROPIETATS NUTRITIVES<\/strong><\/span><\/td>\n<\/tr>\n<tr style=\"height: 32px;\">\n<td style=\"width: 50%; height: 32px; text-align: center;\">Lamiacea<\/td>\n<td style=\"width: 50%; height: 96px;\" rowspan=\"3\">\n<div class=\"wDYxhc\" lang=\"ca-ES\" data-md=\"61\"><\/div>\n<div class=\"g\">\n<div lang=\"es\" data-hveid=\"CBIQAA\" data-ved=\"2ahUKEwi0sOD556j9AhUGVqQEHYDJDHYQFSgAegQIEhAA\">\n<div class=\"tF2Cxc\">\n<div class=\"yuRUbf\">\n<p class=\"LC20lb MBeuO DKV0Md\">El roman\u00ed \u00e9s\u00a0carminatiu, digestiu i antiespasm\u00f2dic, i t\u00e9 propietats coler\u00e8tiques, colagogues i hepatoprotectores. L&#8217;efecte favorable que exerceix en la digesti\u00f3 es produeix en actuar sobre diversos nivells. En primer lloc, estimula la producci\u00f3 dels sucs gastrointestinals.<\/p>\n<div class=\"TbwUpd NJjxre iUh30 ojE3Fb\">\n<div class=\"eqA2re NjwKYd Vwoesf LCUpfd\" aria-hidden=\"true\"><\/div>\n<div><\/div>\n<\/div>\n<\/div>\n<\/div>\n<\/div>\n<\/div>\n<\/td>\n<\/tr>\n<tr style=\"height: 32px;\">\n<td style=\"width: 50%; height: 32px; background-color: #292ff0; text-align: center;\"><strong><span style=\"color: #ffffff;\">ORIGEN<\/span><\/strong><\/td>\n<\/tr>\n<tr style=\"height: 32px;\">\n<td style=\"width: 50%; height: 32px; text-align: center;\">Originari de la conca del Mediterrani<\/td>\n<\/tr>\n<tr style=\"height: 32px;\">\n<td style=\"width: 50%; height: 32px; background-color: #000000; text-align: center;\" colspan=\"2\"><span style=\"color: #ffffff;\"><strong>CURIOSITATS<\/strong><\/span><\/td>\n<\/tr>\n<tr style=\"height: 32px;\">\n<td style=\"width: 50%; height: 32px;\" colspan=\"2\">Es creu que el metge medieval Arnau de Vilanova va ser el primer en obtenir l\u2019ess\u00e8ncia de roman\u00ed en dissoluci\u00f3 alcoh\u00f2lica cap a l\u2019any 1300.<br \/>\nDe les seves virtuts en diu que \u201c<em>una gota en valdr\u00e0 per cent, que el roman\u00ed i la seva fulla \u00e9s molt virtu\u00f3s\u201d<\/em><\/td>\n<\/tr>\n<\/tbody>\n<\/table>\n<p style=\"text-align: right;\">Editat per Arlet L.<\/p>\n","protected":false},"excerpt":{"rendered":"<p>ROMAN\u00cd PLANTACI\u00d3 La forma m\u00e9s senzilla \u00e9s sembrar llavors al mar\u00e7 per a les pl\u00e0ntules, plantant arbustos amb l&#8217;arribada de calor a un llit lleuger. RECOL\u00b7LECCI\u00d3 La majoria dels pagesos no cullen el roman\u00ed durant els primers 15 a 21 mesos despr\u00e9s de la sembra o establiment de les plantes. Des del segon any, cullen [&hellip;]<\/p>\n","protected":false},"author":3,"featured_media":0,"parent":25342,"menu_order":0,"comment_status":"closed","ping_status":"closed","template":"page-templates\/side-menu.php","meta":{"_bbp_topic_count":0,"_bbp_reply_count":0,"_bbp_total_topic_count":0,"_bbp_total_reply_count":0,"_bbp_voice_count":0,"_bbp_anonymous_reply_count":0,"_bbp_topic_count_hidden":0,"_bbp_reply_count_hidden":0,"_bbp_forum_subforum_count":0,"site-sidebar-layout":"default","site-content-layout":"","ast-site-content-layout":"","site-content-style":"default","site-sidebar-style":"default","ast-global-header-display":"","ast-banner-title-visibility":"","ast-main-header-display":"","ast-hfb-above-header-display":"","ast-hfb-below-header-display":"","ast-hfb-mobile-header-display":"","site-post-title":"","ast-breadcrumbs-content":"","ast-featured-img":"","footer-sml-layout":"","theme-transparent-header-meta":"","adv-header-id-meta":"","stick-header-meta":"","header-above-stick-meta":"","header-main-stick-meta":"","header-below-stick-meta":"","astra-migrate-meta-layouts":"default","ast-page-background-enabled":"default","ast-page-background-meta":{"desktop":{"background-color":"var(--ast-global-color-4)","background-image":"","background-repeat":"repeat","background-position":"center center","background-size":"auto","background-attachment":"scroll","background-type":"","background-media":"","overlay-type":"","overlay-color":"","overlay-opacity":"","overlay-gradient":""},"tablet":{"background-color":"","background-image":"","background-repeat":"repeat","background-position":"center center","background-size":"auto","background-attachment":"scroll","background-type":"","background-media":"","overlay-type":"","overlay-color":"","overlay-opacity":"","overlay-gradient":""},"mobile":{"background-color":"","background-image":"","background-repeat":"repeat","background-position":"center center","background-size":"auto","background-attachment":"scroll","background-type":"","background-media":"","overlay-type":"","overlay-color":"","overlay-opacity":"","overlay-gradient":""}},"ast-content-background-meta":{"desktop":{"background-color":"var(--ast-global-color-5)","background-image":"","background-repeat":"repeat","background-position":"center center","background-size":"auto","background-attachment":"scroll","background-type":"","background-media":"","overlay-type":"","overlay-color":"","overlay-opacity":"","overlay-gradient":""},"tablet":{"background-color":"var(--ast-global-color-5)","background-image":"","background-repeat":"repeat","background-position":"center center","background-size":"auto","background-attachment":"scroll","background-type":"","background-media":"","overlay-type":"","overlay-color":"","overlay-opacity":"","overlay-gradient":""},"mobile":{"background-color":"var(--ast-global-color-5)","background-image":"","background-repeat":"repeat","background-position":"center center","background-size":"auto","background-attachment":"scroll","background-type":"","background-media":"","overlay-type":"","overlay-color":"","overlay-opacity":"","overlay-gradient":""}},"footnotes":""},"class_list":["post-25360","page","type-page","status-publish","hentry"],"post_mailing_queue_ids":[],"_links":{"self":[{"href":"https:\/\/agora.xtec.cat\/escolasaavedra\/wp-json\/wp\/v2\/pages\/25360","targetHints":{"allow":["GET"]}}],"collection":[{"href":"https:\/\/agora.xtec.cat\/escolasaavedra\/wp-json\/wp\/v2\/pages"}],"about":[{"href":"https:\/\/agora.xtec.cat\/escolasaavedra\/wp-json\/wp\/v2\/types\/page"}],"author":[{"embeddable":true,"href":"https:\/\/agora.xtec.cat\/escolasaavedra\/wp-json\/wp\/v2\/users\/3"}],"replies":[{"embeddable":true,"href":"https:\/\/agora.xtec.cat\/escolasaavedra\/wp-json\/wp\/v2\/comments?post=25360"}],"version-history":[{"count":4,"href":"https:\/\/agora.xtec.cat\/escolasaavedra\/wp-json\/wp\/v2\/pages\/25360\/revisions"}],"predecessor-version":[{"id":27914,"href":"https:\/\/agora.xtec.cat\/escolasaavedra\/wp-json\/wp\/v2\/pages\/25360\/revisions\/27914"}],"up":[{"embeddable":true,"href":"https:\/\/agora.xtec.cat\/escolasaavedra\/wp-json\/wp\/v2\/pages\/25342"}],"wp:attachment":[{"href":"https:\/\/agora.xtec.cat\/escolasaavedra\/wp-json\/wp\/v2\/media?parent=25360"}],"curies":[{"name":"wp","href":"https:\/\/api.w.org\/{rel}","templated":true}]}}