{"id":25356,"date":"2021-11-23T09:37:13","date_gmt":"2021-11-23T08:37:13","guid":{"rendered":"https:\/\/agora.xtec.cat\/escolasaavedra\/?page_id=25356"},"modified":"2023-02-23T11:49:46","modified_gmt":"2023-02-23T10:49:46","slug":"tomaquets","status":"publish","type":"page","link":"https:\/\/agora.xtec.cat\/escolasaavedra\/les-plantes-de-lhort\/tomaquets\/","title":{"rendered":"Tom\u00e0quets"},"content":{"rendered":"<table style=\"border-collapse: collapse; width: 100%; height: 583px;\">\n<tbody>\n<tr style=\"height: 32px;\">\n<td style=\"width: 50%; background-color: #ebe309; text-align: center; height: 32px;\"><strong>TOM\u00c0QUETS<\/strong><\/td>\n<td style=\"width: 50%; background-color: #11a106; text-align: center; height: 32px;\"><strong>PLANTACI\u00d3<\/strong><\/td>\n<\/tr>\n<tr style=\"height: 32px;\">\n<td style=\"width: 50%; height: 205px; text-align: center;\" rowspan=\"7\"><a href=\"https:\/\/agora.xtec.cat\/escolasaavedra\/wp-content\/uploads\/usu587\/2023\/02\/Tomato_on_its_stem-1.jpg\"><img loading=\"lazy\" decoding=\"async\" class=\"alignnone wp-image-27704\" src=\"https:\/\/agora.xtec.cat\/escolasaavedra\/wp-content\/uploads\/usu587\/2023\/02\/Tomato_on_its_stem-1.jpg\" alt=\"\" width=\"351\" height=\"327\" srcset=\"https:\/\/agora.xtec.cat\/escolasaavedra\/wp-content\/uploads\/usu587\/2023\/02\/Tomato_on_its_stem-1.jpg 489w, https:\/\/agora.xtec.cat\/escolasaavedra\/wp-content\/uploads\/usu587\/2023\/02\/Tomato_on_its_stem-1-300x279.jpg 300w\" sizes=\"auto, (max-width: 351px) 100vw, 351px\" \/><\/a><\/td>\n<td style=\"width: 50%; height: 32px;\">Sembra abril i maig.<\/td>\n<\/tr>\n<tr style=\"height: 32px;\">\n<td style=\"width: 50%; height: 32px; background-color: #11a106; text-align: center;\"><strong>RECOL\u00b7LECCI\u00d3<\/strong><\/td>\n<\/tr>\n<tr style=\"height: 32px;\">\n<td style=\"width: 50%; height: 32px;\">Quan sembrem <strong>hortalisses en el nostre propi hort o hivernacle<\/strong> \u00e9s important que coneguem exactament el moment de la collita per assegurar-nos que el fruit o el full es troba totalment desenvolupat i llest per a la ingesta de la fam\u00edlia. Cicle de vida del cultiu: 140-200 dies.La collita sol ser a l&#8217;agost, al setembre i a l&#8217;octubre.<\/td>\n<\/tr>\n<tr style=\"height: 32px;\">\n<td style=\"width: 50%; height: 32px; background-color: #11a106; text-align: center;\"><strong>MARC DE PLANTACI\u00d3<\/strong><\/td>\n<\/tr>\n<tr style=\"height: 32px;\">\n<td style=\"width: 50%; height: 32px;\">\n<div id=\"informacio_noticia_completa_noticia_resum\">\n<p class=\"informacio_noticia_completa_noticia_texte_resum\">En els darrers 15 anys el creixement del mercat del tom\u00e0quet de Penjar ha despertat l\u2019inter\u00e8s d\u2019agricultors de zones on tradicionalment no cultivaven aquest tipus de producte, com al sud de la Pen\u00ednsula o a les Illes Can\u00e0ries, on ja fa uns anys que el nombre d\u2019hect\u00e0rees cultivades va creixent. L\u2019\u00fas de varietats modernes i tot el conjunt de noves eines de cultiu permeten assolir millors rendiments.<\/p>\n<\/div>\n<div id=\"informacio_noticia_copleta_noticia_detall\"><\/div>\n<\/td>\n<\/tr>\n<tr style=\"height: 32px;\">\n<td style=\"width: 50%; height: 13px; background-color: #11a106; text-align: center;\"><strong>EXPOSICI\u00d3<\/strong><\/td>\n<\/tr>\n<tr style=\"height: 32px;\">\n<td style=\"width: 50%; height: 32px;\">La majoria d\u2019hortalisses s\u00f3n de sol i no s\u2019adapten b\u00e9 a l\u2019ombra. El tom\u00e0quet, si creix amb ombra, far\u00e0 fulles molt amples i verdes per\u00f2 poc fruit.<\/td>\n<\/tr>\n<tr style=\"height: 32px;\">\n<td style=\"width: 50%; height: 32px; background-color: #292ff0; text-align: center;\"><span style=\"color: #ffffff;\"><strong>NOM CIENT\u00cdFIC<\/strong><\/span><\/td>\n<td style=\"width: 50%; height: 32px; background-color: #cf0606; text-align: center;\"><span style=\"color: #ffffff;\"><strong>PLAGUES I MALALTIES<\/strong><\/span><\/td>\n<\/tr>\n<tr style=\"height: 32px;\">\n<td style=\"width: 50%; height: 32px; text-align: center;\">Solanum lycopersicum<\/td>\n<td style=\"width: 50%; height: 144px;\" rowspan=\"5\">Pel que fa a plagues destaquen: la de la mosca blanca, els pugons, l&#8217;aranya roja, etc.<\/p>\n<p>Pel que fa a malalties destaquen l&#8217;esquerdat del fruit, la podridura externa, la maduraci\u00f3 irregular, la taca daurada, el Mildiu, l&#8217;O\u00efdi i la Negrilla.<\/td>\n<\/tr>\n<tr style=\"height: 32px;\">\n<td style=\"width: 50%; height: 32px; background-color: #292ff0; text-align: center;\"><strong><span style=\"color: #ffffff;\">NOM (castell\u00e0)<\/span><\/strong><\/td>\n<\/tr>\n<tr style=\"height: 32px;\">\n<td style=\"width: 50%; height: 16px; text-align: center;\">Tomate<\/td>\n<\/tr>\n<tr style=\"height: 32px;\">\n<td style=\"width: 50%; height: 32px; background-color: #292ff0; text-align: center;\"><span style=\"color: #ffffff;\"><strong>NOM (angl\u00e8s)<\/strong><\/span><\/td>\n<\/tr>\n<tr style=\"height: 32px;\">\n<td style=\"width: 50%; height: 32px; text-align: center;\">Tomato<\/td>\n<\/tr>\n<tr style=\"height: 32px;\">\n<td style=\"width: 50%; height: 32px; background-color: #292ff0; text-align: center;\"><span style=\"color: #ffffff;\"><strong>FAM\u00cdLIA<\/strong><\/span><\/td>\n<td style=\"width: 50%; height: 32px; background-color: #cf0606; text-align: center;\"><span style=\"color: #ffffff;\"><strong>PROPIETATS NUTRITIVES<\/strong><\/span><\/td>\n<\/tr>\n<tr style=\"height: 32px;\">\n<td style=\"width: 50%; height: 32px; text-align: center;\">Solan\u00e0cies<\/td>\n<td style=\"width: 50%; height: 96px;\" rowspan=\"3\">Emprat des d\u2019un principi per menjar cru o donar sabor a infinitat de receptes, destaca com una excel\u00b7lent font de <strong>vitamina C<\/strong>\u00a0i de\u00a0<strong>provitamina A<\/strong>\u00a0(betacarotens). De fet, 100 gr de tom\u00e0quet cobreixen la meitat de les necessitats di\u00e0ries de vitamina C. Aix\u00ed, obtenim un element essencial per prevenir l\u2019envelliment prematur, les malalties cardiovasculars i degeneratives, el c\u00e0ncer, l\u2019arteriosclerosi i l\u2019Alzheimer, entre altres patologies.<\/td>\n<\/tr>\n<tr style=\"height: 32px;\">\n<td style=\"width: 50%; height: 32px; background-color: #292ff0; text-align: center;\"><strong><span style=\"color: #ffffff;\">ORIGEN<\/span><\/strong><\/td>\n<\/tr>\n<tr style=\"height: 32px;\">\n<td style=\"width: 50%; height: 32px; text-align: center;\">De Xile,Per\u00fa,Ecuador i Mexic<\/td>\n<\/tr>\n<tr style=\"height: 32px;\">\n<td style=\"width: 50%; height: 32px; background-color: #000000; text-align: center;\" colspan=\"2\"><span style=\"color: #ffffff;\"><strong>CURIOSITATS<\/strong><\/span><\/td>\n<\/tr>\n<tr style=\"height: 32px;\">\n<td style=\"width: 50%; height: 10px;\" colspan=\"2\">\n<p class=\"article-text\" style=\"text-align: left;\">No va arribar a Europa fins al segle XVI de la m\u00e0 d&#8217;Hern\u00e1n Cort\u00e9s.<\/p>\n<p class=\"article-text\" style=\"text-align: right;\">\u00a0 \u00a0 \u00a0 \u00a0 \u00a0 \u00a0 \u00a0 Editat per Scarlett V.<\/p>\n<\/td>\n<\/tr>\n<\/tbody>\n<\/table>\n<p style=\"text-align: right;\">\n","protected":false},"excerpt":{"rendered":"<p>TOM\u00c0QUETS PLANTACI\u00d3 Sembra abril i maig. RECOL\u00b7LECCI\u00d3 Quan sembrem hortalisses en el nostre propi hort o hivernacle \u00e9s important que coneguem exactament el moment de la collita per assegurar-nos que el fruit o el full es troba totalment desenvolupat i llest per a la ingesta de la fam\u00edlia. Cicle de vida del cultiu: 140-200 dies.La [&hellip;]<\/p>\n","protected":false},"author":3,"featured_media":0,"parent":25342,"menu_order":0,"comment_status":"closed","ping_status":"closed","template":"page-templates\/side-menu.php","meta":{"_bbp_topic_count":0,"_bbp_reply_count":0,"_bbp_total_topic_count":0,"_bbp_total_reply_count":0,"_bbp_voice_count":0,"_bbp_anonymous_reply_count":0,"_bbp_topic_count_hidden":0,"_bbp_reply_count_hidden":0,"_bbp_forum_subforum_count":0,"site-sidebar-layout":"default","site-content-layout":"","ast-site-content-layout":"","site-content-style":"default","site-sidebar-style":"default","ast-global-header-display":"","ast-banner-title-visibility":"","ast-main-header-display":"","ast-hfb-above-header-display":"","ast-hfb-below-header-display":"","ast-hfb-mobile-header-display":"","site-post-title":"","ast-breadcrumbs-content":"","ast-featured-img":"","footer-sml-layout":"","theme-transparent-header-meta":"","adv-header-id-meta":"","stick-header-meta":"","header-above-stick-meta":"","header-main-stick-meta":"","header-below-stick-meta":"","astra-migrate-meta-layouts":"default","ast-page-background-enabled":"default","ast-page-background-meta":{"desktop":{"background-color":"var(--ast-global-color-4)","background-image":"","background-repeat":"repeat","background-position":"center center","background-size":"auto","background-attachment":"scroll","background-type":"","background-media":"","overlay-type":"","overlay-color":"","overlay-opacity":"","overlay-gradient":""},"tablet":{"background-color":"","background-image":"","background-repeat":"repeat","background-position":"center center","background-size":"auto","background-attachment":"scroll","background-type":"","background-media":"","overlay-type":"","overlay-color":"","overlay-opacity":"","overlay-gradient":""},"mobile":{"background-color":"","background-image":"","background-repeat":"repeat","background-position":"center center","background-size":"auto","background-attachment":"scroll","background-type":"","background-media":"","overlay-type":"","overlay-color":"","overlay-opacity":"","overlay-gradient":""}},"ast-content-background-meta":{"desktop":{"background-color":"var(--ast-global-color-5)","background-image":"","background-repeat":"repeat","background-position":"center center","background-size":"auto","background-attachment":"scroll","background-type":"","background-media":"","overlay-type":"","overlay-color":"","overlay-opacity":"","overlay-gradient":""},"tablet":{"background-color":"var(--ast-global-color-5)","background-image":"","background-repeat":"repeat","background-position":"center center","background-size":"auto","background-attachment":"scroll","background-type":"","background-media":"","overlay-type":"","overlay-color":"","overlay-opacity":"","overlay-gradient":""},"mobile":{"background-color":"var(--ast-global-color-5)","background-image":"","background-repeat":"repeat","background-position":"center center","background-size":"auto","background-attachment":"scroll","background-type":"","background-media":"","overlay-type":"","overlay-color":"","overlay-opacity":"","overlay-gradient":""}},"footnotes":""},"class_list":["post-25356","page","type-page","status-publish","hentry"],"post_mailing_queue_ids":[],"_links":{"self":[{"href":"https:\/\/agora.xtec.cat\/escolasaavedra\/wp-json\/wp\/v2\/pages\/25356","targetHints":{"allow":["GET"]}}],"collection":[{"href":"https:\/\/agora.xtec.cat\/escolasaavedra\/wp-json\/wp\/v2\/pages"}],"about":[{"href":"https:\/\/agora.xtec.cat\/escolasaavedra\/wp-json\/wp\/v2\/types\/page"}],"author":[{"embeddable":true,"href":"https:\/\/agora.xtec.cat\/escolasaavedra\/wp-json\/wp\/v2\/users\/3"}],"replies":[{"embeddable":true,"href":"https:\/\/agora.xtec.cat\/escolasaavedra\/wp-json\/wp\/v2\/comments?post=25356"}],"version-history":[{"count":4,"href":"https:\/\/agora.xtec.cat\/escolasaavedra\/wp-json\/wp\/v2\/pages\/25356\/revisions"}],"predecessor-version":[{"id":27915,"href":"https:\/\/agora.xtec.cat\/escolasaavedra\/wp-json\/wp\/v2\/pages\/25356\/revisions\/27915"}],"up":[{"embeddable":true,"href":"https:\/\/agora.xtec.cat\/escolasaavedra\/wp-json\/wp\/v2\/pages\/25342"}],"wp:attachment":[{"href":"https:\/\/agora.xtec.cat\/escolasaavedra\/wp-json\/wp\/v2\/media?parent=25356"}],"curies":[{"name":"wp","href":"https:\/\/api.w.org\/{rel}","templated":true}]}}