{"id":25354,"date":"2021-11-23T09:36:55","date_gmt":"2021-11-23T08:36:55","guid":{"rendered":"https:\/\/agora.xtec.cat\/escolasaavedra\/?page_id=25354"},"modified":"2023-02-23T11:56:21","modified_gmt":"2023-02-23T10:56:21","slug":"alfabregues","status":"publish","type":"page","link":"https:\/\/agora.xtec.cat\/escolasaavedra\/les-plantes-de-lhort\/alfabregues\/","title":{"rendered":"Alf\u00e0bregues"},"content":{"rendered":"<table style=\"border-collapse: collapse; width: 100%; height: 656px;\">\n<tbody>\n<tr style=\"height: 32px;\">\n<td style=\"width: 50%; background-color: #ebe309; text-align: center; height: 32px;\"><strong>ALF\u00c0BREGUES<\/strong><\/td>\n<td style=\"width: 50%; background-color: #11a106; text-align: center; height: 32px;\"><strong>PLANTACI\u00d3<\/strong><\/td>\n<\/tr>\n<tr style=\"height: 32px;\">\n<td style=\"width: 50%; height: 224px; text-align: center;\" rowspan=\"7\"><a href=\"https:\/\/agora.xtec.cat\/escolasaavedra\/wp-content\/uploads\/usu587\/2023\/02\/450_1000.jpg\"><img loading=\"lazy\" decoding=\"async\" class=\"alignnone wp-image-27691\" src=\"https:\/\/agora.xtec.cat\/escolasaavedra\/wp-content\/uploads\/usu587\/2023\/02\/450_1000.jpg\" alt=\"\" width=\"329\" height=\"262\" srcset=\"https:\/\/agora.xtec.cat\/escolasaavedra\/wp-content\/uploads\/usu587\/2023\/02\/450_1000.jpg 405w, https:\/\/agora.xtec.cat\/escolasaavedra\/wp-content\/uploads\/usu587\/2023\/02\/450_1000-300x239.jpg 300w\" sizes=\"auto, (max-width: 329px) 100vw, 329px\" \/><\/a><\/td>\n<td style=\"width: 50%; height: 32px;\">Es sembren a la primavera, quan el risc de gelades hagi passat.<\/td>\n<\/tr>\n<tr style=\"height: 32px;\">\n<td style=\"width: 50%; height: 32px; background-color: #11a106; text-align: center;\"><strong>RECOL\u00b7LECCI\u00d3<\/strong><\/td>\n<\/tr>\n<tr style=\"height: 32px;\">\n<td style=\"width: 50%; height: 32px;\">Si tot va b\u00e9, les primeres\u00a0<strong>germinaran a el cap de 7-14 dies<\/strong> com a m\u00e0xim si estan a l&#8217;exterior ia ple sol.Si no tarda una mica m\u00e9s.<\/td>\n<\/tr>\n<tr style=\"height: 32px;\">\n<td style=\"width: 50%; height: 32px; background-color: #11a106; text-align: center;\"><strong>MARC DE PLANTACI\u00d3<\/strong><\/td>\n<\/tr>\n<tr style=\"height: 32px;\">\n<td style=\"width: 50%; height: 32px;\">Temperatura estable. Pot oscil\u00b7lar entre + 23 &#8230; + 28 \u00b0 \u0421, per\u00f2 les gotes no han de ser agudes. El reg es realitza un cop a la setmana.<\/td>\n<\/tr>\n<tr style=\"height: 32px;\">\n<td style=\"width: 50%; height: 32px; background-color: #11a106; text-align: center;\"><strong>EXPOSICI\u00d3<\/strong><\/td>\n<\/tr>\n<tr style=\"height: 32px;\">\n<td style=\"width: 50%; height: 32px;\">No resisteix les gelades i necessita molt de sol.<\/td>\n<\/tr>\n<tr style=\"height: 32px;\">\n<td style=\"width: 50%; height: 32px; background-color: #292ff0; text-align: center;\"><span style=\"color: #ffffff;\"><strong>NOM CIENT\u00cdFIC<\/strong><\/span><\/td>\n<td style=\"width: 50%; height: 32px; background-color: #cf0606; text-align: center;\"><span style=\"color: #ffffff;\"><strong>PLAGUES I MALALTIES<\/strong><\/span><\/td>\n<\/tr>\n<tr style=\"height: 32px;\">\n<td style=\"width: 50%; height: 32px; text-align: center;\">Ocimum basilicum<\/td>\n<td style=\"width: 50%; height: 176px;\" rowspan=\"5\">Pel que fa a plagues destaquen, a les de casa, la mosca blanca. Tamb\u00e9<\/p>\n<p>Pel que fa a malalties destaquen la de Fusarium Wilt, la Taca de la fulla bacteriana, i la del Mildiu Downy.<\/td>\n<\/tr>\n<tr style=\"height: 32px;\">\n<td style=\"width: 50%; height: 48px; background-color: #292ff0; text-align: center;\"><strong><span style=\"color: #ffffff;\">NOM (castell\u00e0)<\/span><\/strong><\/td>\n<\/tr>\n<tr style=\"height: 32px;\">\n<td style=\"width: 50%; height: 32px; text-align: center;\">Albahacas<\/td>\n<\/tr>\n<tr style=\"height: 32px;\">\n<td style=\"width: 50%; height: 32px; background-color: #292ff0; text-align: center;\"><span style=\"color: #ffffff;\"><strong>NOM (angl\u00e8s)<\/strong><\/span><\/td>\n<\/tr>\n<tr style=\"height: 32px;\">\n<td style=\"width: 50%; height: 32px; text-align: center;\">Basil<\/td>\n<\/tr>\n<tr style=\"height: 32px;\">\n<td style=\"width: 50%; height: 32px; background-color: #292ff0; text-align: center;\"><span style=\"color: #ffffff;\"><strong>FAM\u00cdLIA<\/strong><\/span><\/td>\n<td style=\"width: 50%; height: 32px; background-color: #cf0606; text-align: center;\"><span style=\"color: #ffffff;\"><strong>PROPIETATS NUTRITIVES<\/strong><\/span><\/td>\n<\/tr>\n<tr style=\"height: 32px;\">\n<td style=\"width: 50%; height: 32px; text-align: center;\">Lamieceae<\/td>\n<td style=\"width: 50%; height: 96px;\" rowspan=\"3\">T\u00e9 propietats digestives que\u00a0<strong>ajuden a afavorir la digesti\u00f3, disminuir gasos i la pesadesa abdominal.<\/strong><br \/>\nAjuda a alleujar les n\u00e0usees i el mal sabor de boca.<br \/>\nLes seves propietats di\u00fcr\u00e8tiques\u00a0<strong>contribueixen a evitar la retenci\u00f3 de l\u00edquids.<\/strong><br \/>\nTamb\u00e9 t\u00e9 propietats lleugerament sedants que ajuden a calmar els nervis.<\/td>\n<\/tr>\n<tr style=\"height: 32px;\">\n<td style=\"width: 50%; height: 32px; background-color: #292ff0; text-align: center;\"><strong><span style=\"color: #ffffff;\">ORIGEN<\/span><\/strong><\/td>\n<\/tr>\n<tr style=\"height: 32px;\">\n<td style=\"width: 50%; height: 32px;\">Prov\u00e9 de l&#8217;India<\/td>\n<\/tr>\n<tr style=\"height: 32px;\">\n<td style=\"width: 50%; height: 32px; background-color: #000000; text-align: center;\" colspan=\"2\"><span style=\"color: #ffffff;\"><strong>CURIOSITATS<\/strong><\/span><\/td>\n<\/tr>\n<tr style=\"height: 32px;\">\n<td style=\"width: 50%; height: 32px;\" colspan=\"2\">Es diu que es recomana per al mal de coll, combat l&#8217;estr\u00e8s o \u00e9s bo per mantenir allunyats els virus. <strong>L&#8217;alf\u00e0brega pot servir-nos per evitar malalties card\u00edaques<\/strong>,<\/td>\n<\/tr>\n<\/tbody>\n<\/table>\n<p style=\"text-align: right;\">Editat per Lucas P.<\/p>\n","protected":false},"excerpt":{"rendered":"<p>ALF\u00c0BREGUES PLANTACI\u00d3 Es sembren a la primavera, quan el risc de gelades hagi passat. RECOL\u00b7LECCI\u00d3 Si tot va b\u00e9, les primeres\u00a0germinaran a el cap de 7-14 dies com a m\u00e0xim si estan a l&#8217;exterior ia ple sol.Si no tarda una mica m\u00e9s. MARC DE PLANTACI\u00d3 Temperatura estable. Pot oscil\u00b7lar entre + 23 &#8230; + 28 [&hellip;]<\/p>\n","protected":false},"author":3,"featured_media":0,"parent":25342,"menu_order":0,"comment_status":"closed","ping_status":"closed","template":"page-templates\/side-menu.php","meta":{"_bbp_topic_count":0,"_bbp_reply_count":0,"_bbp_total_topic_count":0,"_bbp_total_reply_count":0,"_bbp_voice_count":0,"_bbp_anonymous_reply_count":0,"_bbp_topic_count_hidden":0,"_bbp_reply_count_hidden":0,"_bbp_forum_subforum_count":0,"site-sidebar-layout":"default","site-content-layout":"","ast-site-content-layout":"","site-content-style":"default","site-sidebar-style":"default","ast-global-header-display":"","ast-banner-title-visibility":"","ast-main-header-display":"","ast-hfb-above-header-display":"","ast-hfb-below-header-display":"","ast-hfb-mobile-header-display":"","site-post-title":"","ast-breadcrumbs-content":"","ast-featured-img":"","footer-sml-layout":"","theme-transparent-header-meta":"","adv-header-id-meta":"","stick-header-meta":"","header-above-stick-meta":"","header-main-stick-meta":"","header-below-stick-meta":"","astra-migrate-meta-layouts":"default","ast-page-background-enabled":"default","ast-page-background-meta":{"desktop":{"background-color":"var(--ast-global-color-4)","background-image":"","background-repeat":"repeat","background-position":"center center","background-size":"auto","background-attachment":"scroll","background-type":"","background-media":"","overlay-type":"","overlay-color":"","overlay-opacity":"","overlay-gradient":""},"tablet":{"background-color":"","background-image":"","background-repeat":"repeat","background-position":"center center","background-size":"auto","background-attachment":"scroll","background-type":"","background-media":"","overlay-type":"","overlay-color":"","overlay-opacity":"","overlay-gradient":""},"mobile":{"background-color":"","background-image":"","background-repeat":"repeat","background-position":"center center","background-size":"auto","background-attachment":"scroll","background-type":"","background-media":"","overlay-type":"","overlay-color":"","overlay-opacity":"","overlay-gradient":""}},"ast-content-background-meta":{"desktop":{"background-color":"var(--ast-global-color-5)","background-image":"","background-repeat":"repeat","background-position":"center center","background-size":"auto","background-attachment":"scroll","background-type":"","background-media":"","overlay-type":"","overlay-color":"","overlay-opacity":"","overlay-gradient":""},"tablet":{"background-color":"var(--ast-global-color-5)","background-image":"","background-repeat":"repeat","background-position":"center center","background-size":"auto","background-attachment":"scroll","background-type":"","background-media":"","overlay-type":"","overlay-color":"","overlay-opacity":"","overlay-gradient":""},"mobile":{"background-color":"var(--ast-global-color-5)","background-image":"","background-repeat":"repeat","background-position":"center center","background-size":"auto","background-attachment":"scroll","background-type":"","background-media":"","overlay-type":"","overlay-color":"","overlay-opacity":"","overlay-gradient":""}},"footnotes":""},"class_list":["post-25354","page","type-page","status-publish","hentry"],"post_mailing_queue_ids":[],"_links":{"self":[{"href":"https:\/\/agora.xtec.cat\/escolasaavedra\/wp-json\/wp\/v2\/pages\/25354","targetHints":{"allow":["GET"]}}],"collection":[{"href":"https:\/\/agora.xtec.cat\/escolasaavedra\/wp-json\/wp\/v2\/pages"}],"about":[{"href":"https:\/\/agora.xtec.cat\/escolasaavedra\/wp-json\/wp\/v2\/types\/page"}],"author":[{"embeddable":true,"href":"https:\/\/agora.xtec.cat\/escolasaavedra\/wp-json\/wp\/v2\/users\/3"}],"replies":[{"embeddable":true,"href":"https:\/\/agora.xtec.cat\/escolasaavedra\/wp-json\/wp\/v2\/comments?post=25354"}],"version-history":[{"count":4,"href":"https:\/\/agora.xtec.cat\/escolasaavedra\/wp-json\/wp\/v2\/pages\/25354\/revisions"}],"predecessor-version":[{"id":27917,"href":"https:\/\/agora.xtec.cat\/escolasaavedra\/wp-json\/wp\/v2\/pages\/25354\/revisions\/27917"}],"up":[{"embeddable":true,"href":"https:\/\/agora.xtec.cat\/escolasaavedra\/wp-json\/wp\/v2\/pages\/25342"}],"wp:attachment":[{"href":"https:\/\/agora.xtec.cat\/escolasaavedra\/wp-json\/wp\/v2\/media?parent=25354"}],"curies":[{"name":"wp","href":"https:\/\/api.w.org\/{rel}","templated":true}]}}