{"id":25352,"date":"2021-11-23T09:36:32","date_gmt":"2021-11-23T08:36:32","guid":{"rendered":"https:\/\/agora.xtec.cat\/escolasaavedra\/?page_id=25352"},"modified":"2023-02-23T12:00:10","modified_gmt":"2023-02-23T11:00:10","slug":"cols","status":"publish","type":"page","link":"https:\/\/agora.xtec.cat\/escolasaavedra\/les-plantes-de-lhort\/cols\/","title":{"rendered":"Cols"},"content":{"rendered":"<table style=\"border-collapse: collapse; width: 100%; height: 632px;\">\n<tbody>\n<tr style=\"height: 32px;\">\n<td style=\"width: 50%; background-color: #ebe309; text-align: center; height: 32px;\"><strong>COLS<\/strong><\/td>\n<td style=\"width: 50%; background-color: #11a106; text-align: center; height: 32px;\"><strong>PLANTACI\u00d3<\/strong><\/td>\n<\/tr>\n<tr style=\"height: 32px;\">\n<td style=\"width: 50%; height: 216px; text-align: center;\" rowspan=\"7\"><a href=\"https:\/\/agora.xtec.cat\/escolasaavedra\/wp-content\/uploads\/usu587\/2023\/02\/Brassica_oleracea_var_acephala.jpg\"><img loading=\"lazy\" decoding=\"async\" class=\"wp-image-27686 aligncenter\" src=\"https:\/\/agora.xtec.cat\/escolasaavedra\/wp-content\/uploads\/usu587\/2023\/02\/Brassica_oleracea_var_acephala.jpg\" alt=\"\" width=\"341\" height=\"256\" srcset=\"https:\/\/agora.xtec.cat\/escolasaavedra\/wp-content\/uploads\/usu587\/2023\/02\/Brassica_oleracea_var_acephala.jpg 220w, https:\/\/agora.xtec.cat\/escolasaavedra\/wp-content\/uploads\/usu587\/2023\/02\/Brassica_oleracea_var_acephala-200x150.jpg 200w\" sizes=\"auto, (max-width: 341px) 100vw, 341px\" \/><\/a><\/td>\n<td style=\"width: 50%; height: 24px;\">Prefereixen els sols ligeraments \u00e0cids pero es desenvolupen b\u00e9 en sols b\u00e0sics o alcalins y els sols calcaris els hi dona molt be.<\/td>\n<\/tr>\n<tr style=\"height: 32px;\">\n<td style=\"width: 50%; height: 32px; background-color: #11a106; text-align: center;\"><strong>RECOL\u00b7LECCI\u00d3<\/strong><\/td>\n<\/tr>\n<tr style=\"height: 32px;\">\n<td style=\"width: 50%; height: 32px;\">La col es planta al setembre, es conrea d&#8217;octubre a desembre i es recol\u00b7lecta a partir de gener.<\/td>\n<\/tr>\n<tr style=\"height: 32px;\">\n<td style=\"width: 50%; height: 32px; background-color: #11a106; text-align: center;\"><strong>MARC DE PLANTACI\u00d3<\/strong><\/td>\n<\/tr>\n<tr style=\"height: 32px;\">\n<td style=\"width: 50%; height: 32px;\">El marc de plantaci\u00f3 de la col es a 66 a 100cm<\/td>\n<\/tr>\n<tr style=\"height: 32px;\">\n<td style=\"width: 50%; height: 32px; background-color: #11a106; text-align: center;\"><strong>EXPOSICI\u00d3<\/strong><\/td>\n<\/tr>\n<tr style=\"height: 32px;\">\n<td style=\"width: 50%; height: 32px;\">S&#8217; adapten a les condicions d&#8217;ombra, pero prefereixen llum directa.<\/td>\n<\/tr>\n<tr style=\"height: 32px;\">\n<td style=\"width: 50%; height: 32px; background-color: #292ff0; text-align: center;\"><span style=\"color: #ffffff;\"><strong>NOM CIENT\u00cdFIC<\/strong><\/span><\/td>\n<td style=\"width: 50%; height: 32px; background-color: #cf0606; text-align: center;\"><span style=\"color: #ffffff;\"><strong>PLAGUES I MALALTIES<\/strong><\/span><\/td>\n<\/tr>\n<tr style=\"height: 32px;\">\n<td style=\"width: 50%; height: 32px; text-align: center;\">Brassica oleracea var:capitata<\/td>\n<td style=\"width: 50%; height: 160px;\" rowspan=\"5\">Les cols s&#8217;infecten moltes vegades per fongs (Keela, Peronosporosi&#8230;), d&#8217;altres per virus (Mosaic, Taca d&#8217;anell negre&#8230;).<\/p>\n<p>Pel que fa a plagues destaquen l&#8217;\u00c0fid, la Mosca de la col i les puces.<\/td>\n<\/tr>\n<tr style=\"height: 32px;\">\n<td style=\"width: 50%; height: 32px; background-color: #292ff0; text-align: center;\"><strong><span style=\"color: #ffffff;\">NOM (castell\u00e0)<\/span><\/strong><\/td>\n<\/tr>\n<tr style=\"height: 32px;\">\n<td style=\"width: 50%; height: 32px; text-align: center;\">Col<\/td>\n<\/tr>\n<tr style=\"height: 32px;\">\n<td style=\"width: 50%; height: 32px; background-color: #292ff0; text-align: center;\"><span style=\"color: #ffffff;\"><strong>NOM (angl\u00e8s)<\/strong><\/span><\/td>\n<\/tr>\n<tr style=\"height: 32px;\">\n<td style=\"width: 50%; height: 32px; text-align: center;\">Cabbage<\/td>\n<\/tr>\n<tr style=\"height: 32px;\">\n<td style=\"width: 50%; height: 32px; background-color: #292ff0; text-align: center;\"><span style=\"color: #ffffff;\"><strong>FAM\u00cdLIA<\/strong><\/span><\/td>\n<td style=\"width: 50%; height: 32px; background-color: #cf0606; text-align: center;\"><span style=\"color: #ffffff;\"><strong>PROPIETATS NUTRITIVES<\/strong><\/span><\/td>\n<\/tr>\n<tr style=\"height: 32px;\">\n<td style=\"width: 50%; height: 32px; text-align: center;\">Brassicaceae<\/td>\n<td style=\"width: 50%; height: 96px;\" rowspan=\"3\">Cont\u00e9 un 92% d&#8217;aigua, per la qual cosa ens ajudar\u00e0 a complir el nostre objectiu d\u2019hidratar-nos.Cont\u00e9 \u00e0cid f\u00f2lic i arginina, la qual ens ajuda a combatre els refredats.\u00e9s bona per cremar greixos, ja que cont\u00e9 poques calories.<\/td>\n<\/tr>\n<tr style=\"height: 32px;\">\n<td style=\"width: 50%; height: 32px; background-color: #292ff0; text-align: center;\"><strong><span style=\"color: #ffffff;\">ORIGEN<\/span><\/strong><\/td>\n<\/tr>\n<tr style=\"height: 32px;\">\n<td style=\"width: 50%; height: 32px; text-align: center;\">Es troba a les costes i als penyasegats d&#8217;una part de l&#8217;Europa occidental<\/td>\n<\/tr>\n<tr style=\"height: 32px;\">\n<td style=\"width: 50%; height: 32px; background-color: #000000; text-align: center;\" colspan=\"2\"><span style=\"color: #ffffff;\"><strong>CURIOSITATS<\/strong><\/span><\/td>\n<\/tr>\n<tr style=\"height: 32px;\">\n<td style=\"width: 50%; height: 32px;\" colspan=\"2\">El plat mes gran de la col va ser realitzat el 19 de desembre de 2008 en la ciutat Macedonia de Prilep, i va a arribar a pesar 544 kg<\/td>\n<\/tr>\n<\/tbody>\n<\/table>\n<p style=\"text-align: right;\">Editat per Ziad Q.<\/p>\n","protected":false},"excerpt":{"rendered":"<p>COLS PLANTACI\u00d3 Prefereixen els sols ligeraments \u00e0cids pero es desenvolupen b\u00e9 en sols b\u00e0sics o alcalins y els sols calcaris els hi dona molt be. RECOL\u00b7LECCI\u00d3 La col es planta al setembre, es conrea d&#8217;octubre a desembre i es recol\u00b7lecta a partir de gener. MARC DE PLANTACI\u00d3 El marc de plantaci\u00f3 de la col es [&hellip;]<\/p>\n","protected":false},"author":3,"featured_media":0,"parent":25342,"menu_order":0,"comment_status":"closed","ping_status":"closed","template":"page-templates\/side-menu.php","meta":{"_bbp_topic_count":0,"_bbp_reply_count":0,"_bbp_total_topic_count":0,"_bbp_total_reply_count":0,"_bbp_voice_count":0,"_bbp_anonymous_reply_count":0,"_bbp_topic_count_hidden":0,"_bbp_reply_count_hidden":0,"_bbp_forum_subforum_count":0,"site-sidebar-layout":"default","site-content-layout":"","ast-site-content-layout":"","site-content-style":"default","site-sidebar-style":"default","ast-global-header-display":"","ast-banner-title-visibility":"","ast-main-header-display":"","ast-hfb-above-header-display":"","ast-hfb-below-header-display":"","ast-hfb-mobile-header-display":"","site-post-title":"","ast-breadcrumbs-content":"","ast-featured-img":"","footer-sml-layout":"","theme-transparent-header-meta":"","adv-header-id-meta":"","stick-header-meta":"","header-above-stick-meta":"","header-main-stick-meta":"","header-below-stick-meta":"","astra-migrate-meta-layouts":"default","ast-page-background-enabled":"default","ast-page-background-meta":{"desktop":{"background-color":"var(--ast-global-color-4)","background-image":"","background-repeat":"repeat","background-position":"center center","background-size":"auto","background-attachment":"scroll","background-type":"","background-media":"","overlay-type":"","overlay-color":"","overlay-opacity":"","overlay-gradient":""},"tablet":{"background-color":"","background-image":"","background-repeat":"repeat","background-position":"center center","background-size":"auto","background-attachment":"scroll","background-type":"","background-media":"","overlay-type":"","overlay-color":"","overlay-opacity":"","overlay-gradient":""},"mobile":{"background-color":"","background-image":"","background-repeat":"repeat","background-position":"center center","background-size":"auto","background-attachment":"scroll","background-type":"","background-media":"","overlay-type":"","overlay-color":"","overlay-opacity":"","overlay-gradient":""}},"ast-content-background-meta":{"desktop":{"background-color":"var(--ast-global-color-5)","background-image":"","background-repeat":"repeat","background-position":"center center","background-size":"auto","background-attachment":"scroll","background-type":"","background-media":"","overlay-type":"","overlay-color":"","overlay-opacity":"","overlay-gradient":""},"tablet":{"background-color":"var(--ast-global-color-5)","background-image":"","background-repeat":"repeat","background-position":"center center","background-size":"auto","background-attachment":"scroll","background-type":"","background-media":"","overlay-type":"","overlay-color":"","overlay-opacity":"","overlay-gradient":""},"mobile":{"background-color":"var(--ast-global-color-5)","background-image":"","background-repeat":"repeat","background-position":"center center","background-size":"auto","background-attachment":"scroll","background-type":"","background-media":"","overlay-type":"","overlay-color":"","overlay-opacity":"","overlay-gradient":""}},"footnotes":""},"class_list":["post-25352","page","type-page","status-publish","hentry"],"post_mailing_queue_ids":[],"_links":{"self":[{"href":"https:\/\/agora.xtec.cat\/escolasaavedra\/wp-json\/wp\/v2\/pages\/25352","targetHints":{"allow":["GET"]}}],"collection":[{"href":"https:\/\/agora.xtec.cat\/escolasaavedra\/wp-json\/wp\/v2\/pages"}],"about":[{"href":"https:\/\/agora.xtec.cat\/escolasaavedra\/wp-json\/wp\/v2\/types\/page"}],"author":[{"embeddable":true,"href":"https:\/\/agora.xtec.cat\/escolasaavedra\/wp-json\/wp\/v2\/users\/3"}],"replies":[{"embeddable":true,"href":"https:\/\/agora.xtec.cat\/escolasaavedra\/wp-json\/wp\/v2\/comments?post=25352"}],"version-history":[{"count":4,"href":"https:\/\/agora.xtec.cat\/escolasaavedra\/wp-json\/wp\/v2\/pages\/25352\/revisions"}],"predecessor-version":[{"id":27918,"href":"https:\/\/agora.xtec.cat\/escolasaavedra\/wp-json\/wp\/v2\/pages\/25352\/revisions\/27918"}],"up":[{"embeddable":true,"href":"https:\/\/agora.xtec.cat\/escolasaavedra\/wp-json\/wp\/v2\/pages\/25342"}],"wp:attachment":[{"href":"https:\/\/agora.xtec.cat\/escolasaavedra\/wp-json\/wp\/v2\/media?parent=25352"}],"curies":[{"name":"wp","href":"https:\/\/api.w.org\/{rel}","templated":true}]}}