{"id":25350,"date":"2021-11-23T09:35:58","date_gmt":"2021-11-23T08:35:58","guid":{"rendered":"https:\/\/agora.xtec.cat\/escolasaavedra\/?page_id=25350"},"modified":"2023-02-23T10:24:07","modified_gmt":"2023-02-23T09:24:07","slug":"faves","status":"publish","type":"page","link":"https:\/\/agora.xtec.cat\/escolasaavedra\/les-plantes-de-lhort\/faves\/","title":{"rendered":"Faves"},"content":{"rendered":"<table style=\"border-collapse: collapse; width: 100%; height: 640px;\">\n<tbody>\n<tr style=\"height: 32px;\">\n<td style=\"width: 42.9115%; background-color: #ebe309; text-align: center; height: 32px;\"><strong>FAVES<\/strong><\/td>\n<td style=\"width: 57.0884%; background-color: #11a106; text-align: center; height: 32px;\"><strong>PLANTACI\u00d3<\/strong><\/td>\n<\/tr>\n<tr style=\"height: 32px;\">\n<td style=\"width: 42.9115%; height: 224px; text-align: center;\" rowspan=\"7\">\n<p><figure id=\"attachment_27703\" aria-describedby=\"caption-attachment-27703\" style=\"width: 330px\" class=\"wp-caption alignnone\"><a href=\"https:\/\/agora.xtec.cat\/escolasaavedra\/wp-content\/uploads\/usu587\/2023\/02\/istockphoto-526713346-612x612-1.jpg\"><img loading=\"lazy\" decoding=\"async\" class=\" wp-image-27703\" src=\"https:\/\/agora.xtec.cat\/escolasaavedra\/wp-content\/uploads\/usu587\/2023\/02\/istockphoto-526713346-612x612-1.jpg\" alt=\"\" width=\"330\" height=\"220\" srcset=\"https:\/\/agora.xtec.cat\/escolasaavedra\/wp-content\/uploads\/usu587\/2023\/02\/istockphoto-526713346-612x612-1.jpg 612w, https:\/\/agora.xtec.cat\/escolasaavedra\/wp-content\/uploads\/usu587\/2023\/02\/istockphoto-526713346-612x612-1-300x200.jpg 300w\" sizes=\"auto, (max-width: 330px) 100vw, 330px\" \/><\/a><figcaption id=\"caption-attachment-27703\" class=\"wp-caption-text\">raw broad beans isolated on white<\/figcaption><\/figure><\/td>\n<td style=\"width: 57.0884%; height: 32px;\">La sembra es far\u00e0 de\u00a0setembre a desembre<strong>. <\/strong>A la favera no li agrada la calor i<br \/>\nresisteix b\u00e9 les baixes temperatures. \u00c9s per aix\u00f2 que es cultiva t\u00edpicament a la<br \/>\ntardor i l&#8217;hivern tot i que tamb\u00e9 es poden fer sembres primaverals.<\/td>\n<\/tr>\n<tr style=\"height: 32px;\">\n<td style=\"width: 57.0884%; height: 32px; background-color: #11a106; text-align: center;\"><strong>RECOL\u00b7LECCI\u00d3<\/strong><\/td>\n<\/tr>\n<tr style=\"height: 32px;\">\n<td style=\"width: 57.0884%; height: 32px;\">A partir de febrer.<\/td>\n<\/tr>\n<tr style=\"height: 32px;\">\n<td style=\"width: 57.0884%; height: 32px; background-color: #11a106; text-align: center;\"><strong>MARC DE PLANTACI\u00d3<\/strong><\/td>\n<\/tr>\n<tr style=\"height: 32px;\">\n<td style=\"width: 57.0884%; height: 32px;\">A la favera no li agrada la calor i resisteix b\u00e9 les baixes temperatures.<br \/>\n\u00c9s per aix\u00f2 que es cultiva t\u00edpicament a la tardor i l&#8217;hivern tot i que<br \/>\ntamb\u00e9 es poden fer sembres primaverals.<\/td>\n<\/tr>\n<tr style=\"height: 32px;\">\n<td style=\"width: 57.0884%; height: 32px; background-color: #11a106; text-align: center;\"><strong>EXPOSICI\u00d3<\/strong><\/td>\n<\/tr>\n<tr style=\"height: 32px;\">\n<td style=\"width: 57.0884%; height: 32px;\">A mida que s&#8217;acosta la tardor comen\u00e7a l&#8217;\u00e8poca de sembrar faves i p\u00e8sols.<br \/>\nS\u00f3n dos cultius que necessiten una exposici\u00f3 directa al sol, tot i que tamb\u00e9<br \/>\ntoleren b\u00e9 sol i ombra.<\/td>\n<\/tr>\n<tr style=\"height: 32px;\">\n<td style=\"width: 42.9115%; height: 32px; background-color: #292ff0; text-align: center;\"><span style=\"color: #ffffff;\"><strong>NOM CIENT\u00cdFIC<\/strong><\/span><\/td>\n<td style=\"width: 57.0884%; height: 32px; background-color: #cf0606; text-align: center;\"><span style=\"color: #ffffff;\"><strong>PLAGUES I MALALTIES<\/strong><\/span><\/td>\n<\/tr>\n<tr style=\"height: 32px;\">\n<td style=\"width: 42.9115%; height: 32px; text-align: center;\">Vicia fava<\/td>\n<td style=\"width: 57.0884%; height: 160px;\" rowspan=\"5\">Plagues: cargols, baboses i pug\u00f3.<\/p>\n<p>Malalties: taques foliars.<\/td>\n<\/tr>\n<tr style=\"height: 32px;\">\n<td style=\"width: 42.9115%; height: 32px; background-color: #292ff0; text-align: center;\"><strong><span style=\"color: #ffffff;\">NOM (castell\u00e0)<\/span><\/strong><\/td>\n<\/tr>\n<tr style=\"height: 32px;\">\n<td style=\"width: 42.9115%; height: 32px; text-align: center;\">Aba<\/td>\n<\/tr>\n<tr style=\"height: 32px;\">\n<td style=\"width: 42.9115%; height: 32px; background-color: #292ff0; text-align: center;\"><span style=\"color: #ffffff;\"><strong>NOM (angl\u00e8s)<\/strong><\/span><\/td>\n<\/tr>\n<tr style=\"height: 32px;\">\n<td style=\"width: 42.9115%; height: 32px; text-align: center;\">Broad bean, bean<\/td>\n<\/tr>\n<tr style=\"height: 32px;\">\n<td style=\"width: 42.9115%; height: 32px; background-color: #292ff0; text-align: center;\"><span style=\"color: #ffffff;\"><strong>FAM\u00cdLIA<\/strong><\/span><\/td>\n<td style=\"width: 57.0884%; height: 32px; background-color: #cf0606; text-align: center;\"><span style=\"color: #ffffff;\"><strong>PROPIETATS NUTRITIVES<\/strong><\/span><\/td>\n<\/tr>\n<tr style=\"height: 32px;\">\n<td style=\"width: 42.9115%; height: 32px; text-align: center;\">Faboceae<\/td>\n<td style=\"width: 57.0884%; height: 96px;\" rowspan=\"3\">Com en totes les lleguminoses, les faves tenen un contingut en prote\u00efnes elevat<br \/>\ncomparat amb altres hortalisses. Tamb\u00e9 \u00e9s destacable el contingut en calci, fibra<br \/>\ni vitamines B1 i B2.<\/td>\n<\/tr>\n<tr style=\"height: 32px;\">\n<td style=\"width: 42.9115%; height: 32px; background-color: #292ff0; text-align: center;\"><strong><span style=\"color: #ffffff;\">ORIGEN<\/span><\/strong><\/td>\n<\/tr>\n<tr style=\"height: 32px;\">\n<td style=\"width: 42.9115%; height: 32px; text-align: center;\">Fabales<\/td>\n<\/tr>\n<tr style=\"height: 32px;\">\n<td style=\"width: 99.9999%; height: 32px; background-color: #000000; text-align: center;\" colspan=\"2\"><span style=\"color: #ffffff;\"><strong>CURIOSITATS<\/strong><\/span><\/td>\n<\/tr>\n<tr style=\"height: 32px;\">\n<td style=\"width: 99.9999%; height: 32px;\" colspan=\"2\">L\u2019origen d\u2019amagar una fava en el torell de Reis com a auguri de fortuna pel qui la trobi, ve de l\u2019\u00e8poca de les festes romanes on se li lliurava una fava al \u201cRei de la Festa\u201d. Actualment a It\u00e0lia, es consumeixen dol\u00e7os en forma de fava en el dia dels difunts.<\/td>\n<\/tr>\n<\/tbody>\n<\/table>\n<p style=\"text-align: right;\">Edidad per Abdullah M.<\/p>\n","protected":false},"excerpt":{"rendered":"<p>FAVES PLANTACI\u00d3 La sembra es far\u00e0 de\u00a0setembre a desembre. A la favera no li agrada la calor i resisteix b\u00e9 les baixes temperatures. \u00c9s per aix\u00f2 que es cultiva t\u00edpicament a la tardor i l&#8217;hivern tot i que tamb\u00e9 es poden fer sembres primaverals. RECOL\u00b7LECCI\u00d3 A partir de febrer. MARC DE PLANTACI\u00d3 A la favera [&hellip;]<\/p>\n","protected":false},"author":3,"featured_media":0,"parent":25342,"menu_order":0,"comment_status":"closed","ping_status":"closed","template":"page-templates\/side-menu.php","meta":{"_bbp_topic_count":0,"_bbp_reply_count":0,"_bbp_total_topic_count":0,"_bbp_total_reply_count":0,"_bbp_voice_count":0,"_bbp_anonymous_reply_count":0,"_bbp_topic_count_hidden":0,"_bbp_reply_count_hidden":0,"_bbp_forum_subforum_count":0,"site-sidebar-layout":"default","site-content-layout":"","ast-site-content-layout":"","site-content-style":"default","site-sidebar-style":"default","ast-global-header-display":"","ast-banner-title-visibility":"","ast-main-header-display":"","ast-hfb-above-header-display":"","ast-hfb-below-header-display":"","ast-hfb-mobile-header-display":"","site-post-title":"","ast-breadcrumbs-content":"","ast-featured-img":"","footer-sml-layout":"","theme-transparent-header-meta":"","adv-header-id-meta":"","stick-header-meta":"","header-above-stick-meta":"","header-main-stick-meta":"","header-below-stick-meta":"","astra-migrate-meta-layouts":"default","ast-page-background-enabled":"default","ast-page-background-meta":{"desktop":{"background-color":"var(--ast-global-color-4)","background-image":"","background-repeat":"repeat","background-position":"center center","background-size":"auto","background-attachment":"scroll","background-type":"","background-media":"","overlay-type":"","overlay-color":"","overlay-opacity":"","overlay-gradient":""},"tablet":{"background-color":"","background-image":"","background-repeat":"repeat","background-position":"center center","background-size":"auto","background-attachment":"scroll","background-type":"","background-media":"","overlay-type":"","overlay-color":"","overlay-opacity":"","overlay-gradient":""},"mobile":{"background-color":"","background-image":"","background-repeat":"repeat","background-position":"center center","background-size":"auto","background-attachment":"scroll","background-type":"","background-media":"","overlay-type":"","overlay-color":"","overlay-opacity":"","overlay-gradient":""}},"ast-content-background-meta":{"desktop":{"background-color":"var(--ast-global-color-5)","background-image":"","background-repeat":"repeat","background-position":"center center","background-size":"auto","background-attachment":"scroll","background-type":"","background-media":"","overlay-type":"","overlay-color":"","overlay-opacity":"","overlay-gradient":""},"tablet":{"background-color":"var(--ast-global-color-5)","background-image":"","background-repeat":"repeat","background-position":"center center","background-size":"auto","background-attachment":"scroll","background-type":"","background-media":"","overlay-type":"","overlay-color":"","overlay-opacity":"","overlay-gradient":""},"mobile":{"background-color":"var(--ast-global-color-5)","background-image":"","background-repeat":"repeat","background-position":"center center","background-size":"auto","background-attachment":"scroll","background-type":"","background-media":"","overlay-type":"","overlay-color":"","overlay-opacity":"","overlay-gradient":""}},"footnotes":""},"class_list":["post-25350","page","type-page","status-publish","hentry"],"post_mailing_queue_ids":[],"_links":{"self":[{"href":"https:\/\/agora.xtec.cat\/escolasaavedra\/wp-json\/wp\/v2\/pages\/25350","targetHints":{"allow":["GET"]}}],"collection":[{"href":"https:\/\/agora.xtec.cat\/escolasaavedra\/wp-json\/wp\/v2\/pages"}],"about":[{"href":"https:\/\/agora.xtec.cat\/escolasaavedra\/wp-json\/wp\/v2\/types\/page"}],"author":[{"embeddable":true,"href":"https:\/\/agora.xtec.cat\/escolasaavedra\/wp-json\/wp\/v2\/users\/3"}],"replies":[{"embeddable":true,"href":"https:\/\/agora.xtec.cat\/escolasaavedra\/wp-json\/wp\/v2\/comments?post=25350"}],"version-history":[{"count":4,"href":"https:\/\/agora.xtec.cat\/escolasaavedra\/wp-json\/wp\/v2\/pages\/25350\/revisions"}],"predecessor-version":[{"id":27889,"href":"https:\/\/agora.xtec.cat\/escolasaavedra\/wp-json\/wp\/v2\/pages\/25350\/revisions\/27889"}],"up":[{"embeddable":true,"href":"https:\/\/agora.xtec.cat\/escolasaavedra\/wp-json\/wp\/v2\/pages\/25342"}],"wp:attachment":[{"href":"https:\/\/agora.xtec.cat\/escolasaavedra\/wp-json\/wp\/v2\/media?parent=25350"}],"curies":[{"name":"wp","href":"https:\/\/api.w.org\/{rel}","templated":true}]}}