{"id":25346,"date":"2021-11-23T09:35:33","date_gmt":"2021-11-23T08:35:33","guid":{"rendered":"https:\/\/agora.xtec.cat\/escolasaavedra\/?page_id=25346"},"modified":"2023-02-23T10:17:46","modified_gmt":"2023-02-23T09:17:46","slug":"enciams","status":"publish","type":"page","link":"https:\/\/agora.xtec.cat\/escolasaavedra\/les-plantes-de-lhort\/enciams\/","title":{"rendered":"Enciams"},"content":{"rendered":"<p>&nbsp;<\/p>\n<table style=\"border-collapse: collapse; width: 100%; height: 640px;\">\n<tbody>\n<tr style=\"height: 32px;\">\n<td style=\"width: 50%; background-color: #ebe309; text-align: center; height: 32px;\"><strong>ENCIAMS<\/strong><\/td>\n<td style=\"width: 50%; background-color: #11a106; text-align: center; height: 32px;\"><strong>PLANTACI\u00d3<\/strong><\/td>\n<\/tr>\n<tr style=\"height: 32px;\">\n<td style=\"width: 50%; height: 224px; text-align: center;\" rowspan=\"7\"><a href=\"https:\/\/agora.xtec.cat\/escolasaavedra\/wp-content\/uploads\/usu587\/2023\/02\/enciam-2.jpg\"><img loading=\"lazy\" decoding=\"async\" class=\"alignnone wp-image-27722\" src=\"https:\/\/agora.xtec.cat\/escolasaavedra\/wp-content\/uploads\/usu587\/2023\/02\/enciam-2.jpg\" alt=\"\" width=\"330\" height=\"220\" srcset=\"https:\/\/agora.xtec.cat\/escolasaavedra\/wp-content\/uploads\/usu587\/2023\/02\/enciam-2.jpg 730w, https:\/\/agora.xtec.cat\/escolasaavedra\/wp-content\/uploads\/usu587\/2023\/02\/enciam-2-300x200.jpg 300w\" sizes=\"auto, (max-width: 330px) 100vw, 330px\" \/><\/a><\/td>\n<td style=\"width: 50%; height: 32px;\">Es poden plantar pr\u00e0cticament en qualsevol \u00e8poca de l&#8217;any.<\/td>\n<\/tr>\n<tr style=\"height: 32px;\">\n<td style=\"width: 50%; height: 32px; background-color: #11a106; text-align: center;\"><strong>RECOL\u00b7LECCI\u00d3<\/strong><\/td>\n<\/tr>\n<tr style=\"height: 32px;\">\n<td style=\"width: 50%; height: 32px;\">Depenent de l&#8217;\u00e8poca de l&#8217;any, l&#8217;enciam pot collir-se amb m\u00e9s o menys rapidesa, des de 3 a 4 setmanes en ple estiu fins als gaireb\u00e9 dos mesos a l&#8217;hivern.<\/td>\n<\/tr>\n<tr style=\"height: 32px;\">\n<td style=\"width: 50%; height: 32px; background-color: #11a106; text-align: center;\"><strong>MARC DE PLANTACI\u00d3<\/strong><\/td>\n<\/tr>\n<tr style=\"height: 32px;\">\n<td style=\"width: 50%; height: 32px;\">Es planta a una dist\u00e0ncia de 30-50 cm entre l\u00ednies, i de 25-30 entre plantes.<br \/>\nSi volem plantar a l&#8217;hort\u00a0<strong>podem fer-ho de dues maneres diferents<\/strong>:<\/p>\n<ul>\n<li>Una \u00e9s aplanant el s\u00f2l i plantar els exemplars en\u00a0<a href=\"https:\/\/www.jardineriaon.com\/ca\/marc-de-plantaci%C3%B3.html\">portell<\/a>, Deixant una dist\u00e0ncia entre ells d&#8217;uns 20-30 cent\u00edmetres.<\/li>\n<li>I una altra \u00e9s primer cavant algunes rases, i despr\u00e9s plant\u00e1ndolas al costat d&#8217;elles, tal com es veu en la imatge superior.<\/li>\n<\/ul>\n<\/td>\n<\/tr>\n<tr style=\"height: 32px;\">\n<td style=\"width: 50%; height: 32px; background-color: #11a106; text-align: center;\"><strong>EXPOSICI\u00d3<\/strong><\/td>\n<\/tr>\n<tr style=\"height: 32px;\">\n<td style=\"width: 50%; height: 32px;\">\n<p class=\"gt-block\">S&#8217;ha d&#8217;exposar a el sol de manera directa. I \u00e9s que si es pos\u00e9s en ombra, les fulles creixerien sense for\u00e7a, i el cabdell no tindria un bon desenvolupament. Per tant, acabaries tenint un enciam feble.<\/p>\n<aside id=\"abn_singlestealer\" class=\"publi more-inside-content    \"><ins class=\"adsbygoogle\" data-ad-client=\"ca-pub-2740134681475878\" data-ad-slot=\"2546487386\" data-ad-format=\"auto\" data-full-width-responsive=\"true\"><\/ins><\/aside>\n<\/td>\n<\/tr>\n<tr style=\"height: 32px;\">\n<td style=\"width: 50%; height: 32px; background-color: #292ff0; text-align: center;\"><span style=\"color: #ffffff;\"><strong>NOM CIENT\u00cdFIC<\/strong><\/span><\/td>\n<td style=\"width: 50%; height: 32px; background-color: #cf0606; text-align: center;\"><span style=\"color: #ffffff;\"><strong>PLAGUES I MALALTIES<\/strong><\/span><\/td>\n<\/tr>\n<tr style=\"height: 32px;\">\n<td style=\"width: 50%; height: 32px; text-align: center;\">Lactuca saliva.<\/td>\n<td style=\"width: 50%; height: 160px;\" rowspan=\"5\">Segons la varietat, l&#8217;enciam \u00e9s una bona font de\u00a0vitamina A,\u00a0vitamina K\u00a0i\u00a0potassi, amb altes concentracions de vitamina A als enciams d&#8217;un color verd m\u00e9s fosc. Tamb\u00e9 proporciona una mica de fibra diet\u00e8tica (concentrada a la tija i a les ramificacions),\u00a0hidrats de carboni,\u00a0prote\u00efnes\u00a0i una petita quantitat de greix. Amb l&#8217;excepci\u00f3 del tipus iceberg, l&#8217;enciam tamb\u00e9 proporciona\u00a0vitamina C, calci,\u00a0ferro\u00a0i\u00a0coure, amb vitamines i minerals que es troben a la fulla. D&#8217;altra banda, de manera natural, l&#8217;enciam absorbeix i concentra\u00a0liti.<\/td>\n<\/tr>\n<tr style=\"height: 32px;\">\n<td style=\"width: 50%; height: 32px; background-color: #292ff0; text-align: center;\"><strong><span style=\"color: #ffffff;\">NOM (castell\u00e0)<\/span><\/strong><\/td>\n<\/tr>\n<tr style=\"height: 32px;\">\n<td style=\"width: 50%; height: 32px; text-align: center;\">Lechuga.<\/td>\n<\/tr>\n<tr style=\"height: 32px;\">\n<td style=\"width: 50%; height: 32px; background-color: #292ff0; text-align: center;\"><span style=\"color: #ffffff;\"><strong>NOM (angl\u00e8s)<\/strong><\/span><\/td>\n<\/tr>\n<tr style=\"height: 32px;\">\n<td style=\"width: 50%; height: 32px; text-align: center;\">Lettuce<\/td>\n<\/tr>\n<tr style=\"height: 32px;\">\n<td style=\"width: 50%; height: 32px; background-color: #292ff0; text-align: center;\"><span style=\"color: #ffffff;\"><strong>FAM\u00cdLIA<\/strong><\/span><\/td>\n<td style=\"width: 50%; height: 32px; background-color: #cf0606; text-align: center;\"><span style=\"color: #ffffff;\"><strong>PROPIETATS NUTRITIVES<\/strong><\/span><\/td>\n<\/tr>\n<tr style=\"height: 32px;\">\n<td style=\"width: 50%; height: 32px; text-align: center;\">Asteraceae.<\/td>\n<td style=\"width: 50%; height: 96px;\" rowspan=\"3\">L\u2019enciam \u00e9s principalment aigua (95%),\u00a0i per aix\u00f2 aporta molt poques calories, hidrats de carboni i greixos. T\u00e9 una quantitat important de\u00a0fibra.<\/p>\n<h3>L&#8217;enciam i les seves vitamines<\/h3>\n<p>Les quantitats de vitamines de l&#8217;enciam\u00a0depenen de la varietat\u00a0aix\u00ed que.<\/p>\n<ul>\n<li>La\u00a0varietat romana\u00a0cultivat a l\u2019aire lliure \u00e9s\u00a0la m\u00e9s rica en vitamines.<\/li>\n<li>Mentre que la\u00a0varietat iceberg t\u00e9 menys quantitat de vitamina C.<\/li>\n<\/ul>\n<\/td>\n<\/tr>\n<tr style=\"height: 32px;\">\n<td style=\"width: 50%; height: 32px; background-color: #292ff0; text-align: center;\"><span style=\"background-color: #ffffff;\">ORIGEN<\/span><\/td>\n<\/tr>\n<tr style=\"height: 32px;\">\n<td style=\"width: 50%; height: 32px; text-align: center;\">L&#8217;<em>enciam<\/em>\u00a0va ser conreat per primera vegada pels antics egipcis<\/td>\n<\/tr>\n<tr style=\"height: 32px;\">\n<td style=\"width: 100%; height: 32px; background-color: #000000; text-align: center;\" colspan=\"2\"><span style=\"background-color: #ffffff;\">CURIOSITATS<\/span><\/td>\n<\/tr>\n<tr style=\"height: 32px;\">\n<td style=\"width: 100%; height: 32px;\" colspan=\"2\">Enciam meravella: Els reis perses ja consumien enciam uns 300 anys abans de Crist perqu\u00e8 combina b\u00e9 amb gaireb\u00e9 tota classe d\u2019aliments, excepte amb les subst\u00e0ncies dolces.<\/td>\n<\/tr>\n<\/tbody>\n<\/table>\n<p style=\"text-align: right;\">Editat per Megan Z.<\/p>\n","protected":false},"excerpt":{"rendered":"<p>&nbsp; ENCIAMS PLANTACI\u00d3 Es poden plantar pr\u00e0cticament en qualsevol \u00e8poca de l&#8217;any. RECOL\u00b7LECCI\u00d3 Depenent de l&#8217;\u00e8poca de l&#8217;any, l&#8217;enciam pot collir-se amb m\u00e9s o menys rapidesa, des de 3 a 4 setmanes en ple estiu fins als gaireb\u00e9 dos mesos a l&#8217;hivern. MARC DE PLANTACI\u00d3 Es planta a una dist\u00e0ncia de 30-50 cm entre l\u00ednies, [&hellip;]<\/p>\n","protected":false},"author":3,"featured_media":0,"parent":25342,"menu_order":0,"comment_status":"closed","ping_status":"closed","template":"page-templates\/side-menu.php","meta":{"_bbp_topic_count":0,"_bbp_reply_count":0,"_bbp_total_topic_count":0,"_bbp_total_reply_count":0,"_bbp_voice_count":0,"_bbp_anonymous_reply_count":0,"_bbp_topic_count_hidden":0,"_bbp_reply_count_hidden":0,"_bbp_forum_subforum_count":0,"site-sidebar-layout":"default","site-content-layout":"","ast-site-content-layout":"","site-content-style":"default","site-sidebar-style":"default","ast-global-header-display":"","ast-banner-title-visibility":"","ast-main-header-display":"","ast-hfb-above-header-display":"","ast-hfb-below-header-display":"","ast-hfb-mobile-header-display":"","site-post-title":"","ast-breadcrumbs-content":"","ast-featured-img":"","footer-sml-layout":"","theme-transparent-header-meta":"","adv-header-id-meta":"","stick-header-meta":"","header-above-stick-meta":"","header-main-stick-meta":"","header-below-stick-meta":"","astra-migrate-meta-layouts":"default","ast-page-background-enabled":"default","ast-page-background-meta":{"desktop":{"background-color":"var(--ast-global-color-4)","background-image":"","background-repeat":"repeat","background-position":"center center","background-size":"auto","background-attachment":"scroll","background-type":"","background-media":"","overlay-type":"","overlay-color":"","overlay-opacity":"","overlay-gradient":""},"tablet":{"background-color":"","background-image":"","background-repeat":"repeat","background-position":"center center","background-size":"auto","background-attachment":"scroll","background-type":"","background-media":"","overlay-type":"","overlay-color":"","overlay-opacity":"","overlay-gradient":""},"mobile":{"background-color":"","background-image":"","background-repeat":"repeat","background-position":"center center","background-size":"auto","background-attachment":"scroll","background-type":"","background-media":"","overlay-type":"","overlay-color":"","overlay-opacity":"","overlay-gradient":""}},"ast-content-background-meta":{"desktop":{"background-color":"var(--ast-global-color-5)","background-image":"","background-repeat":"repeat","background-position":"center center","background-size":"auto","background-attachment":"scroll","background-type":"","background-media":"","overlay-type":"","overlay-color":"","overlay-opacity":"","overlay-gradient":""},"tablet":{"background-color":"var(--ast-global-color-5)","background-image":"","background-repeat":"repeat","background-position":"center center","background-size":"auto","background-attachment":"scroll","background-type":"","background-media":"","overlay-type":"","overlay-color":"","overlay-opacity":"","overlay-gradient":""},"mobile":{"background-color":"var(--ast-global-color-5)","background-image":"","background-repeat":"repeat","background-position":"center center","background-size":"auto","background-attachment":"scroll","background-type":"","background-media":"","overlay-type":"","overlay-color":"","overlay-opacity":"","overlay-gradient":""}},"footnotes":""},"class_list":["post-25346","page","type-page","status-publish","hentry"],"post_mailing_queue_ids":[],"_links":{"self":[{"href":"https:\/\/agora.xtec.cat\/escolasaavedra\/wp-json\/wp\/v2\/pages\/25346","targetHints":{"allow":["GET"]}}],"collection":[{"href":"https:\/\/agora.xtec.cat\/escolasaavedra\/wp-json\/wp\/v2\/pages"}],"about":[{"href":"https:\/\/agora.xtec.cat\/escolasaavedra\/wp-json\/wp\/v2\/types\/page"}],"author":[{"embeddable":true,"href":"https:\/\/agora.xtec.cat\/escolasaavedra\/wp-json\/wp\/v2\/users\/3"}],"replies":[{"embeddable":true,"href":"https:\/\/agora.xtec.cat\/escolasaavedra\/wp-json\/wp\/v2\/comments?post=25346"}],"version-history":[{"count":5,"href":"https:\/\/agora.xtec.cat\/escolasaavedra\/wp-json\/wp\/v2\/pages\/25346\/revisions"}],"predecessor-version":[{"id":27886,"href":"https:\/\/agora.xtec.cat\/escolasaavedra\/wp-json\/wp\/v2\/pages\/25346\/revisions\/27886"}],"up":[{"embeddable":true,"href":"https:\/\/agora.xtec.cat\/escolasaavedra\/wp-json\/wp\/v2\/pages\/25342"}],"wp:attachment":[{"href":"https:\/\/agora.xtec.cat\/escolasaavedra\/wp-json\/wp\/v2\/media?parent=25346"}],"curies":[{"name":"wp","href":"https:\/\/api.w.org\/{rel}","templated":true}]}}