{"id":25344,"date":"2021-11-23T09:35:22","date_gmt":"2021-11-23T08:35:22","guid":{"rendered":"https:\/\/agora.xtec.cat\/escolasaavedra\/?page_id=25344"},"modified":"2023-02-23T12:17:07","modified_gmt":"2023-02-23T11:17:07","slug":"bledes","status":"publish","type":"page","link":"https:\/\/agora.xtec.cat\/escolasaavedra\/les-plantes-de-lhort\/bledes\/","title":{"rendered":"Bledes"},"content":{"rendered":"<p>&nbsp;<\/p>\n<table style=\"border-collapse: collapse; width: 100%; height: 720px;\">\n<tbody>\n<tr style=\"height: 32px;\">\n<td style=\"width: 34.804%; background-color: #ebe309; text-align: center; height: 32px;\"><strong>BLEDA<\/strong><\/td>\n<td style=\"width: 65.196%; background-color: #11a106; text-align: center; height: 32px;\"><strong>PLANTACI\u00d3<\/strong><\/td>\n<\/tr>\n<tr style=\"height: 32px;\">\n<td style=\"width: 34.804%; height: 313px; text-align: center;\" rowspan=\"7\"><img loading=\"lazy\" decoding=\"async\" class=\"aligncenter\" src=\"https:\/\/upload.wikimedia.org\/wikipedia\/commons\/b\/be\/Swiss_Chard.jpg\" alt=\"Swiss Chard.jpg\" width=\"189\" height=\"204\" \/><\/td>\n<td style=\"width: 65.196%; height: 32px;\"><span lang=\"ca\">Podem plantar directament els glumeruls o fer un planter de bledes.<\/span><\/td>\n<\/tr>\n<tr style=\"height: 32px;\">\n<td style=\"width: 65.196%; height: 32px; background-color: #11a106; text-align: center;\"><strong>RECOL\u00b7LECCI\u00d3<\/strong><\/td>\n<\/tr>\n<tr style=\"height: 32px;\">\n<td style=\"width: 65.196%; height: 32px;\">\n<div id=\"tw-target-text-container\" tabindex=\"0\">\n<pre id=\"tw-target-text\" dir=\"ltr\" data-placeholder=\"Traducci\u00f3\"><span lang=\"ca\">Agafar les fulles m\u00e9s externes tallant-les amb un \r\nganivet o amb la m\u00e0<\/span><\/pre>\n<\/div>\n<\/td>\n<\/tr>\n<tr style=\"height: 32px;\">\n<td style=\"width: 65.196%; height: 32px; background-color: #11a106; text-align: center;\"><strong>MARC DE PLANTACI\u00d3<\/strong><\/td>\n<\/tr>\n<tr style=\"height: 32px;\">\n<td style=\"width: 65.196%; height: 32px;\">Es planten en l\u00ecnies separades entre 20 i 40 cm, i a 15 cm entre plantes.<\/td>\n<\/tr>\n<tr style=\"height: 32px;\">\n<td style=\"width: 65.196%; height: 74px; background-color: #11a106; text-align: center;\"><strong>EXPOSICI\u00d3<\/strong><\/td>\n<\/tr>\n<tr style=\"height: 79px;\">\n<td style=\"height: 79px; width: 65.196%;\">\n<div id=\"tw-target-text-container\" tabindex=\"0\">\n<pre id=\"tw-target-text\" dir=\"ltr\" data-placeholder=\"Traducci\u00f3\">Per cultivar les bledes a l'horta les plantarem a \r\nuns vuit cent\u00edmetres de separaci\u00f3 les unes de les altres<\/pre>\n<\/div>\n<div>\n<div id=\"tw-tmenu\">\n<div>\n<div id=\"tw-tmenu\">\n<div id=\"tw-target-text-container\" tabindex=\"0\">\n<pre id=\"tw-target-text\" dir=\"ltr\" data-placeholder=\"Traducci\u00f3\"><span lang=\"ca\">i una dist\u00e0ncia entre l\u00ednies de plantaci\u00f3 de 45 cent\u00edmetres. \r\nLes col\u00b7locarem en una zona  assolellada o semiombra i \r\nles regarem dues o tres vegades a la setmana, \r\ndepenent del clima.<\/span><\/pre>\n<\/div>\n<\/div>\n<\/div>\n<\/div>\n<\/div>\n<\/td>\n<\/tr>\n<tr style=\"height: 32px;\">\n<td style=\"width: 34.804%; height: 32px; background-color: #292ff0; text-align: center;\"><span style=\"color: #ffffff;\"><strong>NOM CIENT\u00cdFIC<\/strong><\/span><\/td>\n<td style=\"width: 65.196%; height: 32px; background-color: #cf0606; text-align: center;\"><span style=\"color: #ffffff;\"><strong>PLAGUES I MALALTIES<\/strong><\/span><\/td>\n<\/tr>\n<tr style=\"height: 32px;\">\n<td style=\"width: 34.804%; height: 32px; text-align: center;\">Lactuca saliva.<\/td>\n<td style=\"width: 65.196%; height: 172px;\" rowspan=\"5\">\n<ul class=\"i8Z77e\">\n<li class=\"TrT0Xe\">\n<pre id=\"tw-target-text\" class=\"tw-data-text tw-text-large tw-ta\" dir=\"ltr\" data-placeholder=\"Traducci\u00f3\"><span class=\"Y2IQFc\" lang=\"ca\">\u2022<\/span><span lang=\"ca\">Cuc blanc (Melolontha melolontha)\r\n\u2022Cuc de filferro (Agriotes lineatum)\r\n\u2022Cuc Gris (Agrotis segetum)\r\n\u2022Polzeta (Chaetocnema tibialis). ...\r\n\u2022Pug\u00f3 (Aphis fabae)<\/span><\/pre>\n<\/li>\n<\/ul>\n<\/td>\n<\/tr>\n<tr style=\"height: 32px;\">\n<td style=\"width: 34.804%; height: 32px; background-color: #292ff0; text-align: center;\"><span style=\"background-color: #ffffff;\">NOM CASTELL\u00c0<\/span><\/td>\n<\/tr>\n<tr style=\"height: 32px;\">\n<td style=\"width: 34.804%; height: 32px; text-align: center;\">Acelga<\/td>\n<\/tr>\n<tr style=\"height: 32px;\">\n<td style=\"width: 34.804%; height: 44px; background-color: #292ff0; text-align: center;\"><span style=\"background-color: #ffffff;\">NOM ANGL\u00c8S<\/span><\/td>\n<\/tr>\n<tr style=\"height: 32px;\">\n<td style=\"width: 34.804%; height: 32px; text-align: center;\">Swiss Chard<\/td>\n<\/tr>\n<tr style=\"height: 32px;\">\n<td style=\"width: 34.804%; height: 32px; background-color: #292ff0; text-align: center;\"><span style=\"color: #ffffff;\"><strong>FAM\u00cdLIA<\/strong><\/span><\/td>\n<td style=\"width: 65.196%; height: 32px; background-color: #cf0606; text-align: center;\"><span style=\"color: #ffffff;\"><strong>PROPIETATS NUTRITIVES<\/strong><\/span><\/td>\n<\/tr>\n<tr style=\"height: 32px;\">\n<td style=\"width: 34.804%; height: 11px; text-align: center;\">Amaranthaceae<\/td>\n<td style=\"width: 65.196%; height: 75px;\" rowspan=\"3\"><span class=\"Y2IQFc\" lang=\"ca\">\u2022Cont\u00e9 vitamina C i vitamina K. <\/span><span class=\"Y2IQFc\" lang=\"ca\">\u00c9s una font rica de fibra soluble. \u00c9s un important antioxidant. T\u00e9 m\u00e9s ferro fins i tot que l&#8217;espinac. T\u00e9 alts nivells de potassi. Enforteix el sistema immunol\u00f2gic i ajuda a controlar el colesterol.<\/span><\/td>\n<\/tr>\n<tr style=\"height: 32px;\">\n<td style=\"width: 34.804%; height: 32px; background-color: #292ff0; text-align: center;\"><span style=\"background-color: #ffffff;\">ORIGEN<\/span><\/td>\n<\/tr>\n<tr style=\"height: 32px;\">\n<td style=\"width: 34.804%; height: 32px; text-align: center;\">Origin\u00e0ria de les costes europees i aut\u00f2ctona tamb\u00e9 a l&#8217;interior de la Pen\u00ednsula Ib\u00e8rica.<\/td>\n<\/tr>\n<tr style=\"height: 32px;\">\n<td style=\"width: 100%; height: 32px; background-color: #000000; text-align: center;\" colspan=\"2\"><span style=\"color: #ffffff;\"><strong>CURIOSITATS<\/strong><\/span><\/td>\n<\/tr>\n<tr style=\"height: 32px;\">\n<td style=\"height: 32px; width: 100%;\" colspan=\"2\">\n<pre id=\"tw-target-text\" dir=\"ltr\" data-placeholder=\"Traducci\u00f3\"><span lang=\"ca\">Les bledes de penca vermelles i grogues s'utilitzen en parcs com a plantes hornamentades perqu\u00e8 donen color a l'ambient.<\/span><\/pre>\n<\/td>\n<\/tr>\n<\/tbody>\n<\/table>\n<p style=\"text-align: right;\">Editat per Hugh S.<\/p>\n","protected":false},"excerpt":{"rendered":"<p>&nbsp; BLEDA PLANTACI\u00d3 Podem plantar directament els glumeruls o fer un planter de bledes. RECOL\u00b7LECCI\u00d3 Agafar les fulles m\u00e9s externes tallant-les amb un ganivet o amb la m\u00e0 MARC DE PLANTACI\u00d3 Es planten en l\u00ecnies separades entre 20 i 40 cm, i a 15 cm entre plantes. EXPOSICI\u00d3 Per cultivar les bledes a l&#8217;horta les [&hellip;]<\/p>\n","protected":false},"author":3,"featured_media":0,"parent":25342,"menu_order":0,"comment_status":"closed","ping_status":"closed","template":"page-templates\/side-menu.php","meta":{"_bbp_topic_count":0,"_bbp_reply_count":0,"_bbp_total_topic_count":0,"_bbp_total_reply_count":0,"_bbp_voice_count":0,"_bbp_anonymous_reply_count":0,"_bbp_topic_count_hidden":0,"_bbp_reply_count_hidden":0,"_bbp_forum_subforum_count":0,"site-sidebar-layout":"default","site-content-layout":"","ast-site-content-layout":"","site-content-style":"default","site-sidebar-style":"default","ast-global-header-display":"","ast-banner-title-visibility":"","ast-main-header-display":"","ast-hfb-above-header-display":"","ast-hfb-below-header-display":"","ast-hfb-mobile-header-display":"","site-post-title":"","ast-breadcrumbs-content":"","ast-featured-img":"","footer-sml-layout":"","theme-transparent-header-meta":"","adv-header-id-meta":"","stick-header-meta":"","header-above-stick-meta":"","header-main-stick-meta":"","header-below-stick-meta":"","astra-migrate-meta-layouts":"default","ast-page-background-enabled":"default","ast-page-background-meta":{"desktop":{"background-color":"var(--ast-global-color-4)","background-image":"","background-repeat":"repeat","background-position":"center center","background-size":"auto","background-attachment":"scroll","background-type":"","background-media":"","overlay-type":"","overlay-color":"","overlay-opacity":"","overlay-gradient":""},"tablet":{"background-color":"","background-image":"","background-repeat":"repeat","background-position":"center center","background-size":"auto","background-attachment":"scroll","background-type":"","background-media":"","overlay-type":"","overlay-color":"","overlay-opacity":"","overlay-gradient":""},"mobile":{"background-color":"","background-image":"","background-repeat":"repeat","background-position":"center center","background-size":"auto","background-attachment":"scroll","background-type":"","background-media":"","overlay-type":"","overlay-color":"","overlay-opacity":"","overlay-gradient":""}},"ast-content-background-meta":{"desktop":{"background-color":"var(--ast-global-color-5)","background-image":"","background-repeat":"repeat","background-position":"center center","background-size":"auto","background-attachment":"scroll","background-type":"","background-media":"","overlay-type":"","overlay-color":"","overlay-opacity":"","overlay-gradient":""},"tablet":{"background-color":"var(--ast-global-color-5)","background-image":"","background-repeat":"repeat","background-position":"center center","background-size":"auto","background-attachment":"scroll","background-type":"","background-media":"","overlay-type":"","overlay-color":"","overlay-opacity":"","overlay-gradient":""},"mobile":{"background-color":"var(--ast-global-color-5)","background-image":"","background-repeat":"repeat","background-position":"center center","background-size":"auto","background-attachment":"scroll","background-type":"","background-media":"","overlay-type":"","overlay-color":"","overlay-opacity":"","overlay-gradient":""}},"footnotes":""},"class_list":["post-25344","page","type-page","status-publish","hentry"],"post_mailing_queue_ids":[],"_links":{"self":[{"href":"https:\/\/agora.xtec.cat\/escolasaavedra\/wp-json\/wp\/v2\/pages\/25344","targetHints":{"allow":["GET"]}}],"collection":[{"href":"https:\/\/agora.xtec.cat\/escolasaavedra\/wp-json\/wp\/v2\/pages"}],"about":[{"href":"https:\/\/agora.xtec.cat\/escolasaavedra\/wp-json\/wp\/v2\/types\/page"}],"author":[{"embeddable":true,"href":"https:\/\/agora.xtec.cat\/escolasaavedra\/wp-json\/wp\/v2\/users\/3"}],"replies":[{"embeddable":true,"href":"https:\/\/agora.xtec.cat\/escolasaavedra\/wp-json\/wp\/v2\/comments?post=25344"}],"version-history":[{"count":6,"href":"https:\/\/agora.xtec.cat\/escolasaavedra\/wp-json\/wp\/v2\/pages\/25344\/revisions"}],"predecessor-version":[{"id":27923,"href":"https:\/\/agora.xtec.cat\/escolasaavedra\/wp-json\/wp\/v2\/pages\/25344\/revisions\/27923"}],"up":[{"embeddable":true,"href":"https:\/\/agora.xtec.cat\/escolasaavedra\/wp-json\/wp\/v2\/pages\/25342"}],"wp:attachment":[{"href":"https:\/\/agora.xtec.cat\/escolasaavedra\/wp-json\/wp\/v2\/media?parent=25344"}],"curies":[{"name":"wp","href":"https:\/\/api.w.org\/{rel}","templated":true}]}}