{"id":23738,"date":"2021-03-15T13:44:35","date_gmt":"2021-03-15T12:44:35","guid":{"rendered":"https:\/\/agora.xtec.cat\/escolasaavedra\/?page_id=23738"},"modified":"2026-03-02T08:56:43","modified_gmt":"2026-03-02T07:56:43","slug":"serveis-curs_menjador-acollida","status":"publish","type":"page","link":"https:\/\/agora.xtec.cat\/escolasaavedra\/serveis\/serveis-curs_menjador-acollida\/","title":{"rendered":"Serveis curs 2025\/26"},"content":{"rendered":"<p style=\"text-align: center;\"><b>RESUM DE SERVEIS GESTIONATS PER L\u2019AFA<\/b><\/p>\n<p><span style=\"font-weight: 400;\">La gesti\u00f3 dels serveis ofertats aquest curs es fa a trav\u00e9s de l\u2019empresa \u00c0gora, que t\u00e9 un contracte amb l\u2019AFA. Qualsevol incid\u00e8ncia o comentari al respecte s\u2019ha de contactar amb la <strong>Yolanda<\/strong> al tel\u00e8fon <strong>670475113<\/strong>, l<\/span><span style=\"font-weight: 400;\">a coordinadora del servei a l\u2019escola<\/span><\/p>\n<p style=\"text-align: center;\"><a href=\"https:\/\/agora.xtec.cat\/escolasaavedra\/serveis\/menjador-escolar\/inscripcio-al-menjador\/\"><b>MENJADOR\u00a0<\/b><\/a><\/p>\n<p><span style=\"font-weight: 400;\">La gesti\u00f3 del menjador es fa per part de l\u2019empresa \u00c0gora. la fam\u00edlia que vulgui fer \u00fas del servei ha de registrar-se a l&#8217;app \u00c0gora (<a href=\"https:\/\/play.google.com\/store\/apps\/details?id=com.recrea.iaraagora\" target=\"_blank\" rel=\"noopener\">Android<\/a> \/ <a href=\"https:\/\/apps.apple.com\/es\/app\/agora-col-lectivitats\/id6450038526\" target=\"_blank\" rel=\"noopener\">IOS<\/a>), ja sigui una inscripci\u00f3 fixa o espor\u00e0dic.<\/span><\/p>\n<table style=\"border-collapse: collapse; width: 100%;\">\n<tbody>\n<tr>\n<td style=\"width: 50%; text-align: center;\"><img loading=\"lazy\" decoding=\"async\" class=\"alignnone size-full wp-image-31301\" src=\"https:\/\/agora.xtec.cat\/escolasaavedra\/wp-content\/uploads\/usu587\/2024\/10\/QR-AGORA-Android.png\" alt=\"\" width=\"270\" height=\"270\" srcset=\"https:\/\/agora.xtec.cat\/escolasaavedra\/wp-content\/uploads\/usu587\/2024\/10\/QR-AGORA-Android.png 270w, https:\/\/agora.xtec.cat\/escolasaavedra\/wp-content\/uploads\/usu587\/2024\/10\/QR-AGORA-Android-150x150.png 150w\" sizes=\"auto, (max-width: 270px) 100vw, 270px\" \/><\/td>\n<td style=\"width: 50%; text-align: center;\"><img loading=\"lazy\" decoding=\"async\" class=\"alignnone size-full wp-image-31300\" src=\"https:\/\/agora.xtec.cat\/escolasaavedra\/wp-content\/uploads\/usu587\/2024\/10\/QR-AGORA-IOS.png\" alt=\"\" width=\"270\" height=\"270\" srcset=\"https:\/\/agora.xtec.cat\/escolasaavedra\/wp-content\/uploads\/usu587\/2024\/10\/QR-AGORA-IOS.png 270w, https:\/\/agora.xtec.cat\/escolasaavedra\/wp-content\/uploads\/usu587\/2024\/10\/QR-AGORA-IOS-150x150.png 150w\" sizes=\"auto, (max-width: 270px) 100vw, 270px\" \/><\/td>\n<\/tr>\n<tr>\n<td style=\"width: 50%; text-align: center;\"><a href=\"https:\/\/play.google.com\/store\/apps\/details?id=com.recrea.iaraagora\" target=\"_blank\" rel=\"noopener\">https:\/\/play.google.com\/store\/apps\/details?id=com.recrea.iaraagora<\/a><\/td>\n<td style=\"width: 50%; text-align: center;\"><a href=\"https:\/\/apps.apple.com\/es\/app\/agora-col-lectivitats\/id6450038526\" target=\"_blank\" rel=\"noopener\">https:\/\/apps.apple.com\/es\/app\/agora-col-lectivitats\/id6450038526<\/a><\/td>\n<\/tr>\n<\/tbody>\n<\/table>\n<p style=\"text-align: center;\"><a href=\"https:\/\/agora.xtec.cat\/escolasaavedra\/serveis\/acollida\/\"><b>ACOLLIDA MATINAL<\/b><\/a><\/p>\n<p><span style=\"font-weight: 400;\">L&#8217;acollida matinal es fa per part de l\u2019empresa \u00c0gora. la fam\u00edlia que vulgui fer \u00fas del servei ha de registrar-se a l&#8217;app \u00c0gora (<a href=\"https:\/\/play.google.com\/store\/apps\/details?id=com.recrea.iaraagora\" target=\"_blank\" rel=\"noopener\">Android<\/a> \/ <a href=\"https:\/\/apps.apple.com\/es\/app\/agora-col-lectivitats\/id6450038526\" target=\"_blank\" rel=\"noopener\">IOS<\/a>), ja sigui una inscripci\u00f3 fixa o espor\u00e0dic.<\/span><\/p>\n<table style=\"border-collapse: collapse; width: 100%;\">\n<tbody>\n<tr>\n<td style=\"width: 50%; text-align: center;\"><img loading=\"lazy\" decoding=\"async\" class=\"alignnone size-full wp-image-31301\" src=\"https:\/\/agora.xtec.cat\/escolasaavedra\/wp-content\/uploads\/usu587\/2024\/10\/QR-AGORA-Android.png\" alt=\"\" width=\"270\" height=\"270\" srcset=\"https:\/\/agora.xtec.cat\/escolasaavedra\/wp-content\/uploads\/usu587\/2024\/10\/QR-AGORA-Android.png 270w, https:\/\/agora.xtec.cat\/escolasaavedra\/wp-content\/uploads\/usu587\/2024\/10\/QR-AGORA-Android-150x150.png 150w\" sizes=\"auto, (max-width: 270px) 100vw, 270px\" \/><\/td>\n<td style=\"width: 50%; text-align: center;\"><img loading=\"lazy\" decoding=\"async\" class=\"alignnone size-full wp-image-31300\" src=\"https:\/\/agora.xtec.cat\/escolasaavedra\/wp-content\/uploads\/usu587\/2024\/10\/QR-AGORA-IOS.png\" alt=\"\" width=\"270\" height=\"270\" srcset=\"https:\/\/agora.xtec.cat\/escolasaavedra\/wp-content\/uploads\/usu587\/2024\/10\/QR-AGORA-IOS.png 270w, https:\/\/agora.xtec.cat\/escolasaavedra\/wp-content\/uploads\/usu587\/2024\/10\/QR-AGORA-IOS-150x150.png 150w\" sizes=\"auto, (max-width: 270px) 100vw, 270px\" \/><\/td>\n<\/tr>\n<tr>\n<td style=\"width: 50%; text-align: center;\"><a href=\"https:\/\/play.google.com\/store\/apps\/details?id=com.recrea.iaraagora\" target=\"_blank\" rel=\"noopener\">https:\/\/play.google.com\/store\/apps\/details?id=com.recrea.iaraagora<\/a><\/td>\n<td style=\"width: 50%; text-align: center;\"><a href=\"https:\/\/apps.apple.com\/es\/app\/agora-col-lectivitats\/id6450038526\" target=\"_blank\" rel=\"noopener\">https:\/\/apps.apple.com\/es\/app\/agora-col-lectivitats\/id6450038526<\/a><\/td>\n<\/tr>\n<\/tbody>\n<\/table>\n","protected":false},"excerpt":{"rendered":"<p>RESUM DE SERVEIS GESTIONATS PER L\u2019AFA La gesti\u00f3 dels serveis ofertats aquest curs es fa a trav\u00e9s de l\u2019empresa \u00c0gora, que t\u00e9 un contracte amb l\u2019AFA. Qualsevol incid\u00e8ncia o comentari al respecte s\u2019ha de contactar amb la Yolanda al tel\u00e8fon 670475113, la coordinadora del servei a l\u2019escola MENJADOR\u00a0 La gesti\u00f3 del menjador es fa per [&hellip;]<\/p>\n","protected":false},"author":108,"featured_media":0,"parent":66,"menu_order":0,"comment_status":"closed","ping_status":"closed","template":"","meta":{"_bbp_topic_count":0,"_bbp_reply_count":0,"_bbp_total_topic_count":0,"_bbp_total_reply_count":0,"_bbp_voice_count":0,"_bbp_anonymous_reply_count":0,"_bbp_topic_count_hidden":0,"_bbp_reply_count_hidden":0,"_bbp_forum_subforum_count":0,"site-sidebar-layout":"default","site-content-layout":"","ast-site-content-layout":"default","site-content-style":"default","site-sidebar-style":"default","ast-global-header-display":"","ast-banner-title-visibility":"","ast-main-header-display":"","ast-hfb-above-header-display":"","ast-hfb-below-header-display":"","ast-hfb-mobile-header-display":"","site-post-title":"","ast-breadcrumbs-content":"","ast-featured-img":"","footer-sml-layout":"","theme-transparent-header-meta":"default","adv-header-id-meta":"","stick-header-meta":"","header-above-stick-meta":"","header-main-stick-meta":"","header-below-stick-meta":"","astra-migrate-meta-layouts":"set","ast-page-background-enabled":"default","ast-page-background-meta":{"desktop":{"background-color":"var(--ast-global-color-4)","background-image":"","background-repeat":"repeat","background-position":"center center","background-size":"auto","background-attachment":"scroll","background-type":"","background-media":"","overlay-type":"","overlay-color":"","overlay-opacity":"","overlay-gradient":""},"tablet":{"background-color":"","background-image":"","background-repeat":"repeat","background-position":"center center","background-size":"auto","background-attachment":"scroll","background-type":"","background-media":"","overlay-type":"","overlay-color":"","overlay-opacity":"","overlay-gradient":""},"mobile":{"background-color":"","background-image":"","background-repeat":"repeat","background-position":"center center","background-size":"auto","background-attachment":"scroll","background-type":"","background-media":"","overlay-type":"","overlay-color":"","overlay-opacity":"","overlay-gradient":""}},"ast-content-background-meta":{"desktop":{"background-color":"var(--ast-global-color-5)","background-image":"","background-repeat":"repeat","background-position":"center center","background-size":"auto","background-attachment":"scroll","background-type":"","background-media":"","overlay-type":"","overlay-color":"","overlay-opacity":"","overlay-gradient":""},"tablet":{"background-color":"var(--ast-global-color-5)","background-image":"","background-repeat":"repeat","background-position":"center center","background-size":"auto","background-attachment":"scroll","background-type":"","background-media":"","overlay-type":"","overlay-color":"","overlay-opacity":"","overlay-gradient":""},"mobile":{"background-color":"var(--ast-global-color-5)","background-image":"","background-repeat":"repeat","background-position":"center center","background-size":"auto","background-attachment":"scroll","background-type":"","background-media":"","overlay-type":"","overlay-color":"","overlay-opacity":"","overlay-gradient":""}},"footnotes":""},"class_list":["post-23738","page","type-page","status-publish","hentry"],"post_mailing_queue_ids":[],"_links":{"self":[{"href":"https:\/\/agora.xtec.cat\/escolasaavedra\/wp-json\/wp\/v2\/pages\/23738","targetHints":{"allow":["GET"]}}],"collection":[{"href":"https:\/\/agora.xtec.cat\/escolasaavedra\/wp-json\/wp\/v2\/pages"}],"about":[{"href":"https:\/\/agora.xtec.cat\/escolasaavedra\/wp-json\/wp\/v2\/types\/page"}],"author":[{"embeddable":true,"href":"https:\/\/agora.xtec.cat\/escolasaavedra\/wp-json\/wp\/v2\/users\/108"}],"replies":[{"embeddable":true,"href":"https:\/\/agora.xtec.cat\/escolasaavedra\/wp-json\/wp\/v2\/comments?post=23738"}],"version-history":[{"count":8,"href":"https:\/\/agora.xtec.cat\/escolasaavedra\/wp-json\/wp\/v2\/pages\/23738\/revisions"}],"predecessor-version":[{"id":33568,"href":"https:\/\/agora.xtec.cat\/escolasaavedra\/wp-json\/wp\/v2\/pages\/23738\/revisions\/33568"}],"up":[{"embeddable":true,"href":"https:\/\/agora.xtec.cat\/escolasaavedra\/wp-json\/wp\/v2\/pages\/66"}],"wp:attachment":[{"href":"https:\/\/agora.xtec.cat\/escolasaavedra\/wp-json\/wp\/v2\/media?parent=23738"}],"curies":[{"name":"wp","href":"https:\/\/api.w.org\/{rel}","templated":true}]}}