{"id":23114,"date":"2021-02-06T09:49:38","date_gmt":"2021-02-06T08:49:38","guid":{"rendered":"https:\/\/agora.xtec.cat\/escolasaavedra\/?page_id=23114"},"modified":"2021-02-08T11:50:43","modified_gmt":"2021-02-08T10:50:43","slug":"laminacio-de-la-peca-amb-prusaslicer","status":"publish","type":"page","link":"https:\/\/agora.xtec.cat\/escolasaavedra\/llum\/impressio-3d\/laminacio-de-la-peca-amb-prusaslicer\/","title":{"rendered":"Laminaci\u00f3 de la pe\u00e7a amb PrusaSlicer"},"content":{"rendered":"<p>Un cop descarregat <a href=\"https:\/\/www.prusa3d.es\/prusaslicer\/\" target=\"_blank\" rel=\"noopener noreferrer\">PrusaSlicer del seu web oficial<\/a>, haurem de configurar-hi la nostra impressora 3D. Aquesta configuraci\u00f3 nom\u00e9s cal fer-la un cop, i cada model d&#8217;impressora t\u00e9 la seva pr\u00f2pia configuraci\u00f3, fet pel qual no ens extendrem en aquest aspecte a passem directament a laminar la pe\u00e7a descarregada de <a href=\"http:\/\/www.tinkercad.com\" target=\"_blank\" rel=\"noopener noreferrer\">Tinkercad<\/a>.<\/p>\n<p>Hi ha altres programes, tamb\u00e9 gratu\u00efts per fer la mateixa feina. En cas que sigueu usuaris d&#8217;un altre programari el podeu utilitzar igualment. A l&#8217;escola Saavedra ens decantem per PrusaSlicer perqu\u00e8 \u00e9s vers\u00e0til, gratu\u00eft, ofereix moltes possibilitats i crea patrons d&#8217;impressi\u00f3 molt interessants i r\u00e0pids.<\/p>\n<p>Obrirem el programa i ens assegurarem que a l&#8217;esquerra hi tenim la configuraci\u00f3 adient per a la impressora que volem utilitzar.<\/p>\n<p><img loading=\"lazy\" decoding=\"async\" class=\"size-large wp-image-23180 aligncenter\" src=\"https:\/\/agora.xtec.cat\/escolasaavedra\/wp-content\/uploads\/usu587\/2021\/02\/PrusaSlicer-Configuraci\u00f3-1024x526.png\" alt=\"\" width=\"500\" height=\"197\" \/><\/p>\n<p>Accedirem al men\u00fa FITXER &#8211;IMPORTAR &#8212; IMPORTAR STL\/OBJ\/AMF\/3MF i buscarem al nostre ordinador el fitxer descarregat des de Tinkercad. Quan el tinguem seleccionat, clicarem a OBRE<\/p>\n<p><img loading=\"lazy\" decoding=\"async\" class=\"alignnone size-large wp-image-23179 aligncenter\" src=\"https:\/\/agora.xtec.cat\/escolasaavedra\/wp-content\/uploads\/usu587\/2021\/02\/PrusaSlicer-Importar-1024x530.png\" alt=\"\" width=\"500\" height=\"197\" \/><\/p>\n<p>R\u00e0pidament ens apareixer\u00e0 la nostra pe\u00e7a sobre la base<\/p>\n<p><img loading=\"lazy\" decoding=\"async\" class=\"alignnone size-large wp-image-23181 aligncenter\" src=\"https:\/\/agora.xtec.cat\/escolasaavedra\/wp-content\/uploads\/usu587\/2021\/02\/PrusaSlicer-Pe\u00e7a-a-la-base-1024x526.png\" alt=\"\" width=\"500\" height=\"197\" \/><\/p>\n<p>Si volem imprimir de cop m\u00e9s d&#8217;una pe\u00e7a podem repetir la importaci\u00f3 de tants fitxers com ens calgui, sempre que hi hagi espai per a tots a la base.<\/p>\n<p>Per poder imprimir-los tots de la mateixa mida, editarem les dimensions de la pe\u00e7a. En el nostre cas hem triat 80mm x 25mm x 13mm. Anirem a les opcions de la dreta i buscarem MANIPULACI\u00d3 D&#8217;OBJECTES, obrirem el candau fent-hi clic a sobre per evitar que en canviar una de les mesures es canvi\u00efn la resta per mantenir les proporcions, i uscriurem manualment les noves mesures de la pe\u00e7a, com ja hem dit 80mm x 25mm x 13mm.<\/p>\n<p><img loading=\"lazy\" decoding=\"async\" class=\"alignnone size-large wp-image-23182 aligncenter\" src=\"https:\/\/agora.xtec.cat\/escolasaavedra\/wp-content\/uploads\/usu587\/2021\/02\/PrusaSlicer-canvi-de-mides-1024x528.png\" alt=\"\" width=\"500\" height=\"197\" \/><\/p>\n<p>Ja ho tenim tot a punt, nom\u00e9s ens queda laminar, fent clic al bot\u00f3 LAMINAR ARA que trobem a la part inferior dreta per a que el programa faci la transformaci\u00f3 del fitxer STL que hem descarregat de Tinkercad a un fitxer GCODE que la impressora \u00e9s capa\u00e7 de llegir i interpretar. Aquest fitxer GCODE, de moment, encara \u00e9s provisional.<\/p>\n<p><img loading=\"lazy\" decoding=\"async\" class=\"alignnone size-large wp-image-23183 aligncenter\" src=\"https:\/\/agora.xtec.cat\/escolasaavedra\/wp-content\/uploads\/usu587\/2021\/02\/PrusaSlicer-Laminar-1024x528.png\" alt=\"\" width=\"500\" height=\"197\" \/><\/p>\n<p>Un cop s&#8217;ha acabat el proc\u00e9s de laminaci\u00f3, el mateix bot\u00f3 que hem clicat ha canviat, i ara hi posa EXPORTAR CODI G. Tambe ens apareix informaci\u00f3 nova a la pantalla, com els temps d&#8217;impressi\u00f3 de cada part de la nostra pe\u00e7a, i el temps total que trigar\u00e0 la impressora en finalitzar la feina amb les ordres que li hem donat. Per poder desar el fitxer GCODE haurem de clicar al bot\u00f3 EXPORTAR CODI G.<\/p>\n<p><img loading=\"lazy\" decoding=\"async\" class=\"alignnone size-large wp-image-23184 aligncenter\" src=\"https:\/\/agora.xtec.cat\/escolasaavedra\/wp-content\/uploads\/usu587\/2021\/02\/PrusaSlicer-Exportar-GCODE-1024x528.png\" alt=\"\" width=\"500\" height=\"197\" \/><\/p>\n<p>Aquest fitxer GCODE generat i desat al nostre ordinador, l&#8217;haurem de copiar a la targeta de mem\u00f2ria extra\u00efble\u00a0 de la nostra impressora i ja ho tenim tot llest per imprimir.<\/p>\n<p>Haurem d&#8217;imprimir tres pinces amb el nom (una vermella, una verda i una blava) i quatre pinces direccionals de color negre per a cada alumne.<\/p>\n<p><a href=\"https:\/\/agora.xtec.cat\/escolasaavedra\/llum\/makey-makey\/\">El seg\u00fcent pas ser\u00e0 crear la plantilla i electrificar-la per a poder-hi connectar el Makey-Makey<\/a><\/p>\n","protected":false},"excerpt":{"rendered":"<p>Un cop descarregat PrusaSlicer del seu web oficial, haurem de configurar-hi la nostra impressora 3D. Aquesta configuraci\u00f3 nom\u00e9s cal fer-la un cop, i cada model d&#8217;impressora t\u00e9 la seva pr\u00f2pia configuraci\u00f3, fet pel qual no ens extendrem en aquest aspecte a passem directament a laminar la pe\u00e7a descarregada de Tinkercad. Hi ha altres programes, tamb\u00e9 [&hellip;]<\/p>\n","protected":false},"author":3,"featured_media":0,"parent":23083,"menu_order":20,"comment_status":"closed","ping_status":"closed","template":"page-templates\/side-menu.php","meta":{"_bbp_topic_count":0,"_bbp_reply_count":0,"_bbp_total_topic_count":0,"_bbp_total_reply_count":0,"_bbp_voice_count":0,"_bbp_anonymous_reply_count":0,"_bbp_topic_count_hidden":0,"_bbp_reply_count_hidden":0,"_bbp_forum_subforum_count":0,"site-sidebar-layout":"default","site-content-layout":"","ast-site-content-layout":"","site-content-style":"default","site-sidebar-style":"default","ast-global-header-display":"","ast-banner-title-visibility":"","ast-main-header-display":"","ast-hfb-above-header-display":"","ast-hfb-below-header-display":"","ast-hfb-mobile-header-display":"","site-post-title":"","ast-breadcrumbs-content":"","ast-featured-img":"","footer-sml-layout":"","theme-transparent-header-meta":"","adv-header-id-meta":"","stick-header-meta":"","header-above-stick-meta":"","header-main-stick-meta":"","header-below-stick-meta":"","astra-migrate-meta-layouts":"default","ast-page-background-enabled":"default","ast-page-background-meta":{"desktop":{"background-color":"var(--ast-global-color-4)","background-image":"","background-repeat":"repeat","background-position":"center center","background-size":"auto","background-attachment":"scroll","background-type":"","background-media":"","overlay-type":"","overlay-color":"","overlay-opacity":"","overlay-gradient":""},"tablet":{"background-color":"","background-image":"","background-repeat":"repeat","background-position":"center center","background-size":"auto","background-attachment":"scroll","background-type":"","background-media":"","overlay-type":"","overlay-color":"","overlay-opacity":"","overlay-gradient":""},"mobile":{"background-color":"","background-image":"","background-repeat":"repeat","background-position":"center center","background-size":"auto","background-attachment":"scroll","background-type":"","background-media":"","overlay-type":"","overlay-color":"","overlay-opacity":"","overlay-gradient":""}},"ast-content-background-meta":{"desktop":{"background-color":"var(--ast-global-color-5)","background-image":"","background-repeat":"repeat","background-position":"center center","background-size":"auto","background-attachment":"scroll","background-type":"","background-media":"","overlay-type":"","overlay-color":"","overlay-opacity":"","overlay-gradient":""},"tablet":{"background-color":"var(--ast-global-color-5)","background-image":"","background-repeat":"repeat","background-position":"center center","background-size":"auto","background-attachment":"scroll","background-type":"","background-media":"","overlay-type":"","overlay-color":"","overlay-opacity":"","overlay-gradient":""},"mobile":{"background-color":"var(--ast-global-color-5)","background-image":"","background-repeat":"repeat","background-position":"center center","background-size":"auto","background-attachment":"scroll","background-type":"","background-media":"","overlay-type":"","overlay-color":"","overlay-opacity":"","overlay-gradient":""}},"footnotes":""},"class_list":["post-23114","page","type-page","status-publish","hentry"],"post_mailing_queue_ids":[],"_links":{"self":[{"href":"https:\/\/agora.xtec.cat\/escolasaavedra\/wp-json\/wp\/v2\/pages\/23114","targetHints":{"allow":["GET"]}}],"collection":[{"href":"https:\/\/agora.xtec.cat\/escolasaavedra\/wp-json\/wp\/v2\/pages"}],"about":[{"href":"https:\/\/agora.xtec.cat\/escolasaavedra\/wp-json\/wp\/v2\/types\/page"}],"author":[{"embeddable":true,"href":"https:\/\/agora.xtec.cat\/escolasaavedra\/wp-json\/wp\/v2\/users\/3"}],"replies":[{"embeddable":true,"href":"https:\/\/agora.xtec.cat\/escolasaavedra\/wp-json\/wp\/v2\/comments?post=23114"}],"version-history":[{"count":4,"href":"https:\/\/agora.xtec.cat\/escolasaavedra\/wp-json\/wp\/v2\/pages\/23114\/revisions"}],"predecessor-version":[{"id":23193,"href":"https:\/\/agora.xtec.cat\/escolasaavedra\/wp-json\/wp\/v2\/pages\/23114\/revisions\/23193"}],"up":[{"embeddable":true,"href":"https:\/\/agora.xtec.cat\/escolasaavedra\/wp-json\/wp\/v2\/pages\/23083"}],"wp:attachment":[{"href":"https:\/\/agora.xtec.cat\/escolasaavedra\/wp-json\/wp\/v2\/media?parent=23114"}],"curies":[{"name":"wp","href":"https:\/\/api.w.org\/{rel}","templated":true}]}}