{"id":23112,"date":"2021-02-06T09:47:17","date_gmt":"2021-02-06T08:47:17","guid":{"rendered":"https:\/\/agora.xtec.cat\/escolasaavedra\/?page_id=23112"},"modified":"2021-02-07T23:01:46","modified_gmt":"2021-02-07T22:01:46","slug":"disseny-3d-amb-tinkercad","status":"publish","type":"page","link":"https:\/\/agora.xtec.cat\/escolasaavedra\/llum\/impressio-3d\/disseny-3d-amb-tinkercad\/","title":{"rendered":"Disseny 3D amb Tinkercad"},"content":{"rendered":"<p><a href=\"http:\/\/www.tinkercad.com\" target=\"_blank\" rel=\"noopener noreferrer\">Tinkercad<\/a> \u00e9s un programari online i gratu\u00eft que, entre altres funcions, permet el disseny d&#8217;elements 3D a partir de formes geom\u00e8triques b\u00e0siques.<\/p>\n<p>Un cop validats amb el nostre usuari i contrasenya, accedirem a l&#8217;escriptori de Tinkercad on hi trobarem aquestes opcions. Hem de seleccionar 3D DESIGNS i seguidament fer clic a CREATE NEW DESIGN<\/p>\n<p style=\"text-align: center;\">.<img loading=\"lazy\" decoding=\"async\" class=\"alignnone wp-image-23123\" src=\"https:\/\/agora.xtec.cat\/escolasaavedra\/wp-content\/uploads\/usu587\/2021\/02\/Tinkercad-1024x404.png\" alt=\"\" width=\"500\" height=\"197\" srcset=\"https:\/\/agora.xtec.cat\/escolasaavedra\/wp-content\/uploads\/usu587\/2021\/02\/Tinkercad-1024x404.png 1024w, https:\/\/agora.xtec.cat\/escolasaavedra\/wp-content\/uploads\/usu587\/2021\/02\/Tinkercad-300x118.png 300w, https:\/\/agora.xtec.cat\/escolasaavedra\/wp-content\/uploads\/usu587\/2021\/02\/Tinkercad-768x303.png 768w, https:\/\/agora.xtec.cat\/escolasaavedra\/wp-content\/uploads\/usu587\/2021\/02\/Tinkercad.png 1421w\" sizes=\"auto, (max-width: 500px) 100vw, 500px\" \/><\/p>\n<p>Aleshores ja estarem a la pantalla correcta per a poder comen\u00e7ar el disseny de la pin\u00e7a<\/p>\n<p><img loading=\"lazy\" decoding=\"async\" class=\"size-large wp-image-23125 aligncenter\" src=\"https:\/\/agora.xtec.cat\/escolasaavedra\/wp-content\/uploads\/usu587\/2021\/02\/WorkPlane-Tinklercad-1024x523.png\" alt=\"\" width=\"500\" height=\"197\" \/><\/p>\n<p>Comen\u00e7arem canviant el nom a l&#8217;element que volem dissenyar, nosaltres li hem posat PIN\u00c7A a la part superior esquerra.<\/p>\n<p>Sota del nom hi tenim les eines de copiar, enganxar i duplicar, i m\u00e9s avall el dau del punt de vista amb el qual podem canviar el lloc des d&#8217;on mirem la pe\u00e7a dissenyada.<\/p>\n<p>A la dreta hi trobarem les figures geom\u00e8triques que utilitzarem per anar creant la nostra pe\u00e7a. Tamb\u00e9 hi ha altres icones, per\u00f2 les anirem descobrint m\u00e9s endavant.<\/p>\n<p><img loading=\"lazy\" decoding=\"async\" class=\"size-large wp-image-23126 aligncenter\" src=\"https:\/\/agora.xtec.cat\/escolasaavedra\/wp-content\/uploads\/usu587\/2021\/02\/WorkPlane-Tinklercad-NOMS-1024x523.png\" alt=\"\" width=\"500\" height=\"197\" \/><\/p>\n<p>Buscarem un elements geom\u00e8tric amb forma de SOSTRE (ROOF) i l&#8217;arrastrarem al centre de l&#8217;\u00c0REA DE TREBALL (WORKPLANE).<\/p>\n<p>Li canviarem les mides a 50mm x 50mm x 200mm<\/p>\n<p><img loading=\"lazy\" decoding=\"async\" class=\"size-full wp-image-23128 aligncenter\" src=\"https:\/\/agora.xtec.cat\/escolasaavedra\/wp-content\/uploads\/usu587\/2021\/02\/Sostre.png\" alt=\"\" width=\"500\" height=\"197\" \/><\/p>\n<p style=\"text-align: left;\"><img loading=\"lazy\" decoding=\"async\" class=\"wp-image-23129 aligncenter\" src=\"https:\/\/agora.xtec.cat\/escolasaavedra\/wp-content\/uploads\/usu587\/2021\/02\/Al\u00e7ada-de-sostre.png\" alt=\"\" width=\"282\" height=\"308\" srcset=\"https:\/\/agora.xtec.cat\/escolasaavedra\/wp-content\/uploads\/usu587\/2021\/02\/Al\u00e7ada-de-sostre.png 758w, https:\/\/agora.xtec.cat\/escolasaavedra\/wp-content\/uploads\/usu587\/2021\/02\/Al\u00e7ada-de-sostre-275x300.png 275w\" sizes=\"auto, (max-width: 282px) 100vw, 282px\" \/><\/p>\n<p>Afegirem a l&#8217;\u00e0rea de treball un DAU (BOX) de color transparent. Li canviarem les mides a qualsevol de mida grossa i l&#8217;elevarem respecte de la base a 150mm d&#8217;al\u00e7ada utilitzant el triangle de color negre que hi ha a la part superior de la pe\u00e7a.<\/p>\n<p>Hem de tenir en compte que tota la part del sostre que estigui per sobre de la cota 150mm estigui dins del dau transparent que hem creat.<\/p>\n<p><img loading=\"lazy\" decoding=\"async\" class=\"size-full wp-image-23131 aligncenter\" src=\"https:\/\/agora.xtec.cat\/escolasaavedra\/wp-content\/uploads\/usu587\/2021\/02\/Elevar-pe\u00e7a.png\" alt=\"\" width=\"500\" height=\"197\" \/><\/p>\n<p>Haurem de combinar les dues peces, de manera que tota la part de la pe\u00e7a SOSTRE que estigui dins la pe\u00e7a DAU transparent ser\u00e0 eliminada. Ho farem seleccionant les dues peces alhora i utilitzant la icona AGRUPA de la part superior dreta.<\/p>\n<p><img loading=\"lazy\" decoding=\"async\" class=\"size-full wp-image-23133 aligncenter\" src=\"https:\/\/agora.xtec.cat\/escolasaavedra\/wp-content\/uploads\/usu587\/2021\/02\/Agrupar.png\" alt=\"\" width=\"500\" height=\"197\" \/><\/p>\n<p>El resultat, despr\u00e9s d&#8217;agrupar les dues peces ser\u00e0 un SOSTRE escap\u00e7at.<\/p>\n<p><img loading=\"lazy\" decoding=\"async\" class=\" wp-image-23134 aligncenter\" src=\"https:\/\/agora.xtec.cat\/escolasaavedra\/wp-content\/uploads\/usu587\/2021\/02\/Sostre-escap\u00e7at.png\" alt=\"\" width=\"206\" height=\"191\" srcset=\"https:\/\/agora.xtec.cat\/escolasaavedra\/wp-content\/uploads\/usu587\/2021\/02\/Sostre-escap\u00e7at.png 508w, https:\/\/agora.xtec.cat\/escolasaavedra\/wp-content\/uploads\/usu587\/2021\/02\/Sostre-escap\u00e7at-300x278.png 300w\" sizes=\"auto, (max-width: 206px) 100vw, 206px\" \/><\/p>\n<p>Ja tenim l&#8217;estructura b\u00e0sica de la nostra futura pin\u00e7a, i per facilitar-nos continuar amb el disseny, el millor \u00e9s tombar-la sobre l&#8217;\u00e0rea de treball utilitzant com a base la cara amb forma de trapezi is\u00f2sceles. Utilitzarem les fletxes amb doble punta que apareixen quan fem clic sobre la nostra figura.<\/p>\n<p>Hi ha tres fletxes de doble punta, cadascuna fa girar la pe\u00e7a en un dels eixos X, Y o Z<\/p>\n<p><img loading=\"lazy\" decoding=\"async\" class=\" wp-image-23135 aligncenter\" src=\"https:\/\/agora.xtec.cat\/escolasaavedra\/wp-content\/uploads\/usu587\/2021\/02\/Rotar.png\" alt=\"\" width=\"500\" height=\"197\" \/><\/p>\n<p>Hi posarem el nom a la part rectangular, a la part on posteriorment hi haur\u00e0 el v\u00e8rtex de la pin\u00e7a. Per fer aix\u00f2 utilitzarem la forma TEXT.<\/p>\n<p><img loading=\"lazy\" decoding=\"async\" class=\"size-large wp-image-23137 aligncenter\" src=\"https:\/\/agora.xtec.cat\/escolasaavedra\/wp-content\/uploads\/usu587\/2021\/02\/Text-1024x495.png\" alt=\"\" width=\"500\" height=\"197\" \/><\/p>\n<p>El text ens quedar\u00e0 sobre la base de l&#8217;\u00c0rea de Treball<\/p>\n<p><img loading=\"lazy\" decoding=\"async\" class=\"size-full wp-image-23138 aligncenter\" src=\"https:\/\/agora.xtec.cat\/escolasaavedra\/wp-content\/uploads\/usu587\/2021\/02\/Text2.png\" alt=\"\" width=\"500\" height=\"197\" \/><\/p>\n<p>Al men\u00fa que ens apareix hi podrem canviar les lletres al text, com tamb\u00e9 la font i els altres par\u00e0metres.<\/p>\n<p>Com que ja hem apr\u00e8s a canviar l&#8217;amplada, la llargada i l&#8217;al\u00e7ada d&#8217;una forma, ho aplicarem tamb\u00e9 aqu\u00ed. Tamb\u00e9 hem apr\u00e8s a rotar-la en els tres eixos (X, Y i Z) i tamb\u00e9 ho haurem d&#8217;aplicar per a que el text no ens quedi ajagut a l&#8217;\u00c0rea de Treball sin\u00f3 que ens hi quedi dret. Un cop canviats els tamanys i aplicada la rotaci\u00f3, ens haur\u00e0 de quedar un text aix\u00ed. Cadasc\u00fa hi pot posar el seu nom.<\/p>\n<p><img loading=\"lazy\" decoding=\"async\" class=\"size-full wp-image-23140 aligncenter\" src=\"https:\/\/agora.xtec.cat\/escolasaavedra\/wp-content\/uploads\/usu587\/2021\/02\/Text-a-la-pe\u00e7a.png\" alt=\"\" width=\"500\" height=\"197\" \/><\/p>\n<p>Els dos elements del disseny estan a cota zero en relaci\u00f3 a l&#8217;\u00c0rea de Treball. La pe\u00e7a final quedar\u00e0 molt millor si elevem el text i l&#8217;ubiquem al centre del que ser\u00e0 la pin\u00e7a. Aquest pas el podem fer a ull, o podem utilitzar l&#8217;eina ALINIAR (ALIGN) que hi ha al men\u00fa superior dret de la pantalla.<\/p>\n<p><img loading=\"lazy\" decoding=\"async\" class=\"size-full wp-image-23141 aligncenter\" src=\"https:\/\/agora.xtec.cat\/escolasaavedra\/wp-content\/uploads\/usu587\/2021\/02\/Eines.png\" alt=\"\" width=\"702\" height=\"102\" srcset=\"https:\/\/agora.xtec.cat\/escolasaavedra\/wp-content\/uploads\/usu587\/2021\/02\/Eines.png 702w, https:\/\/agora.xtec.cat\/escolasaavedra\/wp-content\/uploads\/usu587\/2021\/02\/Eines-300x44.png 300w\" sizes=\"auto, (max-width: 702px) 100vw, 702px\" \/><\/p>\n<p>Per a que l&#8217;opci\u00f3 ALINIAR (ALIGN) s&#8217;activi, hem de tenir, com a m\u00ednim, dos elements de l&#8217;\u00c0rea de Treball seleccionades simult\u00e0niament.<\/p>\n<p><img loading=\"lazy\" decoding=\"async\" class=\"size-full wp-image-23143 aligncenter\" src=\"https:\/\/agora.xtec.cat\/escolasaavedra\/wp-content\/uploads\/usu587\/2021\/02\/Aliniar.png\" alt=\"\" width=\"500\" height=\"379\" \/><\/p>\n<p>Un cop haurem clicar a l&#8217;icona ALINIAR ens apareixeran aquest tres punts a cadascun desl tres eixos (X, Y i Z) per aliniar els dos elements entre si.<\/p>\n<p>Ja tenim el nom a punt, aliniat al centre en la vertical i a punt per seguir endavant.<\/p>\n<p><img loading=\"lazy\" decoding=\"async\" class=\"size-full wp-image-23144 aligncenter\" src=\"https:\/\/agora.xtec.cat\/escolasaavedra\/wp-content\/uploads\/usu587\/2021\/02\/Nom-Aliniat.png\" alt=\"\" width=\"500\" height=\"377\" \/><\/p>\n<p>Duplicarem la pe\u00e7a de la pin\u00e7a (la de color verd) amb les icones del men\u00fa superior esquerre i la retirarem una mica endarrere per a poder-hi treballar sense que ens molesti la resta d&#8217;elements.<\/p>\n<p><img loading=\"lazy\" decoding=\"async\" class=\"alignnone size-full wp-image-23145 aligncenter\" src=\"https:\/\/agora.xtec.cat\/escolasaavedra\/wp-content\/uploads\/usu587\/2021\/02\/Duplicar.png\" alt=\"\" width=\"500\" height=\"460\" \/><\/p>\n<p>Aquesta pe\u00e7a duplicada la farem un 20% m\u00e9s estreta (40mm) i un 20% m\u00e9s alta (60mm). Li canviarem el color a TRANSPARENT i la ubicarem a -5mm de l&#8217;\u00c0rea de Treball. Tot aix\u00f2 ja ho sabem fer perqu\u00e8 ho hem practicat amb anterioritat.<\/p>\n<p><img loading=\"lazy\" decoding=\"async\" class=\"alignnone size-full wp-image-23148 aligncenter\" src=\"https:\/\/agora.xtec.cat\/escolasaavedra\/wp-content\/uploads\/usu587\/2021\/02\/Duplicat-transparent.png\" alt=\"\" width=\"500\" height=\"431\" \/><\/p>\n<p>Ubiquem la pe\u00e7a transparent centrada amb la futura pin\u00e7a. Ho podem fer, com hem apr\u00e8s anteriorment, amb la icona ALINIAR, o ho podem fer manualment. Cal ser conscient que la pe\u00e7a transparent ha de superar per dalt i per baix a la pin\u00e7a verda, aix\u00ed quen ho agrupem despr\u00e9s no quedaran residus indesitjats<\/p>\n<p><img loading=\"lazy\" decoding=\"async\" class=\"size-large wp-image-23151 aligncenter\" src=\"https:\/\/agora.xtec.cat\/escolasaavedra\/wp-content\/uploads\/usu587\/2021\/02\/Ajustar.png\" alt=\"\" width=\"500\" height=\"253\" \/><\/p>\n<p>Ara ja ho podem agrupar tot plegat, com ja hem apr\u00e8s i ens quedar\u00e0 la pin\u00e7a llesta.<\/p>\n<p><img loading=\"lazy\" decoding=\"async\" class=\"size-full wp-image-23150 aligncenter\" src=\"https:\/\/agora.xtec.cat\/escolasaavedra\/wp-content\/uploads\/usu587\/2021\/02\/Agrupar-1.png\" alt=\"\" width=\"500\" height=\"286\" \/><\/p>\n<p>Addicionalment hi podem afegir dos forats a la part de la pin\u00e7a que no t\u00e9 el nom que ens ajudaran a poder-ho enganxar amb pega a una base. Ho farem amb un cilindre, que haurem de moure&#8217;l, elevar-lo i centrar-lo all\u00e0 on ens convingui.<\/p>\n<p><img loading=\"lazy\" decoding=\"async\" class=\"alignnone size-large wp-image-23153 aligncenter\" src=\"https:\/\/agora.xtec.cat\/escolasaavedra\/wp-content\/uploads\/usu587\/2021\/02\/Forats.png\" alt=\"\" width=\"500\" height=\"212\" \/><\/p>\n<p>Addicionalment tamb\u00e9 hi podem afegir un forat al v\u00e9rtex, que ens ajudar\u00e0 a passar el cablejat, un cop tinguem totes les peces impreses.<br \/>\n<img loading=\"lazy\" decoding=\"async\" class=\"size-full wp-image-23152 aligncenter\" src=\"https:\/\/agora.xtec.cat\/escolasaavedra\/wp-content\/uploads\/usu587\/2021\/02\/Forat.png\" alt=\"\" width=\"500\" height=\"403\" \/><\/p>\n<p>Ja ho tenim tot a punt per exportar el disseny i desar-lo al nostre ordinador, en format STL.<\/p>\n<p>Anirem a EXPORTAR al men\u00fa superior dret i escollirem STL a la finestra emergent. <a href=\"https:\/\/agora.xtec.cat\/escolasaavedra\/llum\/impressio-3d\/laminacio-de-la-peca-amb-prusaslicer\/\">Aix\u00f2 ens descarregar\u00e0 un fitxer al nostre ordinador que posteriorment haurem de laminar amb PrusaSlicer<\/a><\/p>\n<p><img loading=\"lazy\" decoding=\"async\" class=\"wp-image-23155 aligncenter\" src=\"https:\/\/agora.xtec.cat\/escolasaavedra\/wp-content\/uploads\/usu587\/2021\/02\/STL.png\" alt=\"\" width=\"301\" height=\"316\" srcset=\"https:\/\/agora.xtec.cat\/escolasaavedra\/wp-content\/uploads\/usu587\/2021\/02\/STL.png 496w, https:\/\/agora.xtec.cat\/escolasaavedra\/wp-content\/uploads\/usu587\/2021\/02\/STL-286x300.png 286w\" sizes=\"auto, (max-width: 301px) 100vw, 301px\" \/><\/p>\n<p>&nbsp;<\/p>\n","protected":false},"excerpt":{"rendered":"<p>Tinkercad \u00e9s un programari online i gratu\u00eft que, entre altres funcions, permet el disseny d&#8217;elements 3D a partir de formes geom\u00e8triques b\u00e0siques. Un cop validats amb el nostre usuari i contrasenya, accedirem a l&#8217;escriptori de Tinkercad on hi trobarem aquestes opcions. Hem de seleccionar 3D DESIGNS i seguidament fer clic a CREATE NEW DESIGN . [&hellip;]<\/p>\n","protected":false},"author":3,"featured_media":0,"parent":23083,"menu_order":10,"comment_status":"closed","ping_status":"closed","template":"page-templates\/side-menu.php","meta":{"_bbp_topic_count":0,"_bbp_reply_count":0,"_bbp_total_topic_count":0,"_bbp_total_reply_count":0,"_bbp_voice_count":0,"_bbp_anonymous_reply_count":0,"_bbp_topic_count_hidden":0,"_bbp_reply_count_hidden":0,"_bbp_forum_subforum_count":0,"site-sidebar-layout":"default","site-content-layout":"","ast-site-content-layout":"","site-content-style":"default","site-sidebar-style":"default","ast-global-header-display":"","ast-banner-title-visibility":"","ast-main-header-display":"","ast-hfb-above-header-display":"","ast-hfb-below-header-display":"","ast-hfb-mobile-header-display":"","site-post-title":"","ast-breadcrumbs-content":"","ast-featured-img":"","footer-sml-layout":"","theme-transparent-header-meta":"","adv-header-id-meta":"","stick-header-meta":"","header-above-stick-meta":"","header-main-stick-meta":"","header-below-stick-meta":"","astra-migrate-meta-layouts":"default","ast-page-background-enabled":"default","ast-page-background-meta":{"desktop":{"background-color":"var(--ast-global-color-4)","background-image":"","background-repeat":"repeat","background-position":"center center","background-size":"auto","background-attachment":"scroll","background-type":"","background-media":"","overlay-type":"","overlay-color":"","overlay-opacity":"","overlay-gradient":""},"tablet":{"background-color":"","background-image":"","background-repeat":"repeat","background-position":"center center","background-size":"auto","background-attachment":"scroll","background-type":"","background-media":"","overlay-type":"","overlay-color":"","overlay-opacity":"","overlay-gradient":""},"mobile":{"background-color":"","background-image":"","background-repeat":"repeat","background-position":"center center","background-size":"auto","background-attachment":"scroll","background-type":"","background-media":"","overlay-type":"","overlay-color":"","overlay-opacity":"","overlay-gradient":""}},"ast-content-background-meta":{"desktop":{"background-color":"var(--ast-global-color-5)","background-image":"","background-repeat":"repeat","background-position":"center center","background-size":"auto","background-attachment":"scroll","background-type":"","background-media":"","overlay-type":"","overlay-color":"","overlay-opacity":"","overlay-gradient":""},"tablet":{"background-color":"var(--ast-global-color-5)","background-image":"","background-repeat":"repeat","background-position":"center center","background-size":"auto","background-attachment":"scroll","background-type":"","background-media":"","overlay-type":"","overlay-color":"","overlay-opacity":"","overlay-gradient":""},"mobile":{"background-color":"var(--ast-global-color-5)","background-image":"","background-repeat":"repeat","background-position":"center center","background-size":"auto","background-attachment":"scroll","background-type":"","background-media":"","overlay-type":"","overlay-color":"","overlay-opacity":"","overlay-gradient":""}},"footnotes":""},"class_list":["post-23112","page","type-page","status-publish","hentry"],"post_mailing_queue_ids":[],"_links":{"self":[{"href":"https:\/\/agora.xtec.cat\/escolasaavedra\/wp-json\/wp\/v2\/pages\/23112","targetHints":{"allow":["GET"]}}],"collection":[{"href":"https:\/\/agora.xtec.cat\/escolasaavedra\/wp-json\/wp\/v2\/pages"}],"about":[{"href":"https:\/\/agora.xtec.cat\/escolasaavedra\/wp-json\/wp\/v2\/types\/page"}],"author":[{"embeddable":true,"href":"https:\/\/agora.xtec.cat\/escolasaavedra\/wp-json\/wp\/v2\/users\/3"}],"replies":[{"embeddable":true,"href":"https:\/\/agora.xtec.cat\/escolasaavedra\/wp-json\/wp\/v2\/comments?post=23112"}],"version-history":[{"count":4,"href":"https:\/\/agora.xtec.cat\/escolasaavedra\/wp-json\/wp\/v2\/pages\/23112\/revisions"}],"predecessor-version":[{"id":23158,"href":"https:\/\/agora.xtec.cat\/escolasaavedra\/wp-json\/wp\/v2\/pages\/23112\/revisions\/23158"}],"up":[{"embeddable":true,"href":"https:\/\/agora.xtec.cat\/escolasaavedra\/wp-json\/wp\/v2\/pages\/23083"}],"wp:attachment":[{"href":"https:\/\/agora.xtec.cat\/escolasaavedra\/wp-json\/wp\/v2\/media?parent=23112"}],"curies":[{"name":"wp","href":"https:\/\/api.w.org\/{rel}","templated":true}]}}