{"id":23087,"date":"2021-02-05T17:41:40","date_gmt":"2021-02-05T16:41:40","guid":{"rendered":"https:\/\/agora.xtec.cat\/escolasaavedra\/?page_id=23087"},"modified":"2021-02-08T12:38:51","modified_gmt":"2021-02-08T11:38:51","slug":"muntatge-suport","status":"publish","type":"page","link":"https:\/\/agora.xtec.cat\/escolasaavedra\/llum\/muntatge-suport\/","title":{"rendered":"Muntatge del suport de paper"},"content":{"rendered":"<p>Abans de comen\u00e7ar amb la tasca del Makey-Makey haurem d&#8217;elaborar una plantilla com aquesta de la imatge (<a href=\"https:\/\/agora.xtec.cat\/escolasaavedra\/wp-content\/uploads\/usu587\/2021\/02\/Plantilla-Projecte-ScratchMakey3D.pdf\" target=\"_blank\" rel=\"noopener noreferrer\">Descarrega el pdf<\/a>).<\/p>\n<p>Als rectangles de colors hi aniran les pinces del color corresponent<\/p>\n<p>Als rectangles negres discontinus hi aniran les pinces direccionals de color negre que haurem impr\u00e8s.<\/p>\n<p>A les l\u00ednies cont\u00ednues negres hi haurem de sobreposar cinta de coure per a poder crear el circuit el\u00e8ctric<\/p>\n<p><img loading=\"lazy\" decoding=\"async\" class=\"size-large wp-image-23203 aligncenter\" src=\"https:\/\/agora.xtec.cat\/escolasaavedra\/wp-content\/uploads\/usu587\/2021\/02\/Plantilla-Projecte-ScratchMakey3D-1024x724.jpg\" alt=\"\" width=\"500\" height=\"724\" \/><br \/>\nUn cop posada la cinta de coure, el resultat de la plantilla ha de ser aquest.<\/p>\n<p><img loading=\"lazy\" decoding=\"async\" class=\"alignnone size-large wp-image-23197 aligncenter\" src=\"https:\/\/agora.xtec.cat\/escolasaavedra\/wp-content\/uploads\/usu587\/2021\/02\/Plantilla-Projecte-ScratchMakey3D-amb-coure-1-1024x741.jpeg\" alt=\"\" width=\"500\" height=\"741\" \/><\/p>\n<p>Ara ens cal electrificar totes les pinces amb una mica m\u00e9s de cinta de coure.<\/p>\n<p>A la base li hem de posar una mica de cinta a la punta, de manera que cubreixi una mica l&#8217;extrem inferior i l&#8217;extrem superior de la base.<\/p>\n<p>A la part de la pin\u00e7a on hi ha el nom, tamb\u00e9 comen\u00e7arem per la part superior, donarem el tomb per sota i farem sortir el coure pel forat del v\u00e8rtex.<\/p>\n<p>El resultat \u00f2ptim ha de ser aquest:<\/p>\n<p><img loading=\"lazy\" decoding=\"async\" class=\"alignnone size-full wp-image-23199 aligncenter\" src=\"https:\/\/agora.xtec.cat\/escolasaavedra\/wp-content\/uploads\/usu587\/2021\/02\/Model-de-pin\u00e7a.png\" alt=\"\" width=\"500\" height=\"553\" \/><\/p>\n<p>Un cop posada la cinta de coure a totes les pinces cal enganxar-les sobre la plantilla de paper que hem fet anteriorment.<\/p>\n<p><img loading=\"lazy\" decoding=\"async\" class=\"alignnone size-large wp-image-23207 aligncenter\" src=\"https:\/\/agora.xtec.cat\/escolasaavedra\/wp-content\/uploads\/usu587\/2021\/02\/Pinces-sobre-el-paper-1024x720.jpeg\" alt=\"\" width=\"500\" height=\"720\" \/><\/p>\n<p><a href=\"https:\/\/agora.xtec.cat\/escolasaavedra\/llum\/makey-makey\/\">Ara caldr\u00e0 connectar el nostre dispositiu de paper i pinces 3D a una placa Makey-Makey<\/a><\/p>\n","protected":false},"excerpt":{"rendered":"<p>Abans de comen\u00e7ar amb la tasca del Makey-Makey haurem d&#8217;elaborar una plantilla com aquesta de la imatge (Descarrega el pdf). Als rectangles de colors hi aniran les pinces del color corresponent Als rectangles negres discontinus hi aniran les pinces direccionals de color negre que haurem impr\u00e8s. A les l\u00ednies cont\u00ednues negres hi haurem de sobreposar [&hellip;]<\/p>\n","protected":false},"author":3,"featured_media":0,"parent":23073,"menu_order":40,"comment_status":"closed","ping_status":"closed","template":"page-templates\/side-menu.php","meta":{"_bbp_topic_count":0,"_bbp_reply_count":0,"_bbp_total_topic_count":0,"_bbp_total_reply_count":0,"_bbp_voice_count":0,"_bbp_anonymous_reply_count":0,"_bbp_topic_count_hidden":0,"_bbp_reply_count_hidden":0,"_bbp_forum_subforum_count":0,"site-sidebar-layout":"default","site-content-layout":"","ast-site-content-layout":"","site-content-style":"default","site-sidebar-style":"default","ast-global-header-display":"","ast-banner-title-visibility":"","ast-main-header-display":"","ast-hfb-above-header-display":"","ast-hfb-below-header-display":"","ast-hfb-mobile-header-display":"","site-post-title":"","ast-breadcrumbs-content":"","ast-featured-img":"","footer-sml-layout":"","theme-transparent-header-meta":"","adv-header-id-meta":"","stick-header-meta":"","header-above-stick-meta":"","header-main-stick-meta":"","header-below-stick-meta":"","astra-migrate-meta-layouts":"default","ast-page-background-enabled":"default","ast-page-background-meta":{"desktop":{"background-color":"var(--ast-global-color-4)","background-image":"","background-repeat":"repeat","background-position":"center center","background-size":"auto","background-attachment":"scroll","background-type":"","background-media":"","overlay-type":"","overlay-color":"","overlay-opacity":"","overlay-gradient":""},"tablet":{"background-color":"","background-image":"","background-repeat":"repeat","background-position":"center center","background-size":"auto","background-attachment":"scroll","background-type":"","background-media":"","overlay-type":"","overlay-color":"","overlay-opacity":"","overlay-gradient":""},"mobile":{"background-color":"","background-image":"","background-repeat":"repeat","background-position":"center center","background-size":"auto","background-attachment":"scroll","background-type":"","background-media":"","overlay-type":"","overlay-color":"","overlay-opacity":"","overlay-gradient":""}},"ast-content-background-meta":{"desktop":{"background-color":"var(--ast-global-color-5)","background-image":"","background-repeat":"repeat","background-position":"center center","background-size":"auto","background-attachment":"scroll","background-type":"","background-media":"","overlay-type":"","overlay-color":"","overlay-opacity":"","overlay-gradient":""},"tablet":{"background-color":"var(--ast-global-color-5)","background-image":"","background-repeat":"repeat","background-position":"center center","background-size":"auto","background-attachment":"scroll","background-type":"","background-media":"","overlay-type":"","overlay-color":"","overlay-opacity":"","overlay-gradient":""},"mobile":{"background-color":"var(--ast-global-color-5)","background-image":"","background-repeat":"repeat","background-position":"center center","background-size":"auto","background-attachment":"scroll","background-type":"","background-media":"","overlay-type":"","overlay-color":"","overlay-opacity":"","overlay-gradient":""}},"footnotes":""},"class_list":["post-23087","page","type-page","status-publish","hentry"],"post_mailing_queue_ids":[],"_links":{"self":[{"href":"https:\/\/agora.xtec.cat\/escolasaavedra\/wp-json\/wp\/v2\/pages\/23087","targetHints":{"allow":["GET"]}}],"collection":[{"href":"https:\/\/agora.xtec.cat\/escolasaavedra\/wp-json\/wp\/v2\/pages"}],"about":[{"href":"https:\/\/agora.xtec.cat\/escolasaavedra\/wp-json\/wp\/v2\/types\/page"}],"author":[{"embeddable":true,"href":"https:\/\/agora.xtec.cat\/escolasaavedra\/wp-json\/wp\/v2\/users\/3"}],"replies":[{"embeddable":true,"href":"https:\/\/agora.xtec.cat\/escolasaavedra\/wp-json\/wp\/v2\/comments?post=23087"}],"version-history":[{"count":4,"href":"https:\/\/agora.xtec.cat\/escolasaavedra\/wp-json\/wp\/v2\/pages\/23087\/revisions"}],"predecessor-version":[{"id":23214,"href":"https:\/\/agora.xtec.cat\/escolasaavedra\/wp-json\/wp\/v2\/pages\/23087\/revisions\/23214"}],"up":[{"embeddable":true,"href":"https:\/\/agora.xtec.cat\/escolasaavedra\/wp-json\/wp\/v2\/pages\/23073"}],"wp:attachment":[{"href":"https:\/\/agora.xtec.cat\/escolasaavedra\/wp-json\/wp\/v2\/media?parent=23087"}],"curies":[{"name":"wp","href":"https:\/\/api.w.org\/{rel}","templated":true}]}}