{"id":23083,"date":"2021-02-05T17:40:26","date_gmt":"2021-02-05T16:40:26","guid":{"rendered":"https:\/\/agora.xtec.cat\/escolasaavedra\/?page_id=23083"},"modified":"2021-02-06T10:14:21","modified_gmt":"2021-02-06T09:14:21","slug":"impressio-3d","status":"publish","type":"page","link":"https:\/\/agora.xtec.cat\/escolasaavedra\/llum\/impressio-3d\/","title":{"rendered":"Impressi\u00f3 3D"},"content":{"rendered":"<p>El segon pas d&#8217;aquest proc\u00e9s de creaci\u00f3 ha estat dissenyar i imprimir una pin\u00e7a en 3D que despr\u00e9s imprimirem amb les impressores de l&#8217;escola.<\/p>\n<p>Certament diem que \u00e9s una pe\u00e7a, per\u00f2 en farem dues variants, una amb el nom de l&#8217;alumne a la part superior i l&#8217;altra amb una fletxa indicadora de direcci\u00f3.<\/p>\n<p><img loading=\"lazy\" decoding=\"async\" class=\"alignnone wp-image-23120\" src=\"https:\/\/agora.xtec.cat\/escolasaavedra\/wp-content\/uploads\/usu587\/2021\/02\/Pin\u00e7a-NOM-1024x539.png\" alt=\"\" width=\"399\" height=\"210\" srcset=\"https:\/\/agora.xtec.cat\/escolasaavedra\/wp-content\/uploads\/usu587\/2021\/02\/Pin\u00e7a-NOM-1024x539.png 1024w, https:\/\/agora.xtec.cat\/escolasaavedra\/wp-content\/uploads\/usu587\/2021\/02\/Pin\u00e7a-NOM-300x158.png 300w, https:\/\/agora.xtec.cat\/escolasaavedra\/wp-content\/uploads\/usu587\/2021\/02\/Pin\u00e7a-NOM-768x404.png 768w, https:\/\/agora.xtec.cat\/escolasaavedra\/wp-content\/uploads\/usu587\/2021\/02\/Pin\u00e7a-NOM.png 1164w\" sizes=\"auto, (max-width: 399px) 100vw, 399px\" \/><img loading=\"lazy\" decoding=\"async\" class=\"alignnone wp-image-23119\" src=\"https:\/\/agora.xtec.cat\/escolasaavedra\/wp-content\/uploads\/usu587\/2021\/02\/Pin\u00e7a-FLETXA-1024x539.png\" alt=\"\" width=\"399\" height=\"210\" srcset=\"https:\/\/agora.xtec.cat\/escolasaavedra\/wp-content\/uploads\/usu587\/2021\/02\/Pin\u00e7a-FLETXA-1024x539.png 1024w, https:\/\/agora.xtec.cat\/escolasaavedra\/wp-content\/uploads\/usu587\/2021\/02\/Pin\u00e7a-FLETXA-300x158.png 300w, https:\/\/agora.xtec.cat\/escolasaavedra\/wp-content\/uploads\/usu587\/2021\/02\/Pin\u00e7a-FLETXA-768x404.png 768w, https:\/\/agora.xtec.cat\/escolasaavedra\/wp-content\/uploads\/usu587\/2021\/02\/Pin\u00e7a-FLETXA.png 1164w\" sizes=\"auto, (max-width: 399px) 100vw, 399px\" \/><\/p>\n<p>La pin\u00e7a amb el nom la imprimirem tres cops, una de color vermell, una de color verd i una de color blau.<\/p>\n<p>La pin\u00e7a direccional n&#8217;imprimirem quatre unitats de color negre.<\/p>\n<p><a href=\"https:\/\/agora.xtec.cat\/escolasaavedra\/llum\/impressio-3d\/disseny-3d-amb-tinkercad\/\">Disseny 3D amb Tinkercad<\/a><\/p>\n<p>En aquest apartat us explicarem com dissenyar i exportar el model de pin\u00e7a, creat nom\u00e9s a partir de formes germ\u00e8triques b\u00e0siques.<\/p>\n<p><a href=\"https:\/\/agora.xtec.cat\/escolasaavedra\/llum\/impressio-3d\/laminacio-de-la-peca-amb-prusaslicer\/\">Laminaci\u00f3 de la pe\u00e7a amb PrusaSlicer<\/a><\/p>\n<p>Un cop exportat el model de pin\u00e7a en format STL, l&#8217;hem de &#8220;transformar&#8221; a un format GCODE apte per a que la impressora s\u00e0piga que ha de fer per imprimir-lo. Ho farem amb PrusaSlicer, un programari gratu\u00eft i a l&#8217;abast de tothom.<\/p>\n<p>Enlla\u00e7 de desc\u00e0rrega de <a href=\"https:\/\/www.prusa3d.es\/prusaslicer\/\" target=\"_blank\" rel=\"noopener noreferrer\">PrusaSlicer versi\u00f3 2.3<\/a><\/p>\n","protected":false},"excerpt":{"rendered":"<p>El segon pas d&#8217;aquest proc\u00e9s de creaci\u00f3 ha estat dissenyar i imprimir una pin\u00e7a en 3D que despr\u00e9s imprimirem amb les impressores de l&#8217;escola. Certament diem que \u00e9s una pe\u00e7a, per\u00f2 en farem dues variants, una amb el nom de l&#8217;alumne a la part superior i l&#8217;altra amb una fletxa indicadora de direcci\u00f3. La pin\u00e7a [&hellip;]<\/p>\n","protected":false},"author":3,"featured_media":0,"parent":23073,"menu_order":30,"comment_status":"closed","ping_status":"closed","template":"page-templates\/side-menu.php","meta":{"_bbp_topic_count":0,"_bbp_reply_count":0,"_bbp_total_topic_count":0,"_bbp_total_reply_count":0,"_bbp_voice_count":0,"_bbp_anonymous_reply_count":0,"_bbp_topic_count_hidden":0,"_bbp_reply_count_hidden":0,"_bbp_forum_subforum_count":0,"site-sidebar-layout":"default","site-content-layout":"","ast-site-content-layout":"","site-content-style":"default","site-sidebar-style":"default","ast-global-header-display":"","ast-banner-title-visibility":"","ast-main-header-display":"","ast-hfb-above-header-display":"","ast-hfb-below-header-display":"","ast-hfb-mobile-header-display":"","site-post-title":"","ast-breadcrumbs-content":"","ast-featured-img":"","footer-sml-layout":"","theme-transparent-header-meta":"","adv-header-id-meta":"","stick-header-meta":"","header-above-stick-meta":"","header-main-stick-meta":"","header-below-stick-meta":"","astra-migrate-meta-layouts":"default","ast-page-background-enabled":"default","ast-page-background-meta":{"desktop":{"background-color":"var(--ast-global-color-4)","background-image":"","background-repeat":"repeat","background-position":"center center","background-size":"auto","background-attachment":"scroll","background-type":"","background-media":"","overlay-type":"","overlay-color":"","overlay-opacity":"","overlay-gradient":""},"tablet":{"background-color":"","background-image":"","background-repeat":"repeat","background-position":"center center","background-size":"auto","background-attachment":"scroll","background-type":"","background-media":"","overlay-type":"","overlay-color":"","overlay-opacity":"","overlay-gradient":""},"mobile":{"background-color":"","background-image":"","background-repeat":"repeat","background-position":"center center","background-size":"auto","background-attachment":"scroll","background-type":"","background-media":"","overlay-type":"","overlay-color":"","overlay-opacity":"","overlay-gradient":""}},"ast-content-background-meta":{"desktop":{"background-color":"var(--ast-global-color-5)","background-image":"","background-repeat":"repeat","background-position":"center center","background-size":"auto","background-attachment":"scroll","background-type":"","background-media":"","overlay-type":"","overlay-color":"","overlay-opacity":"","overlay-gradient":""},"tablet":{"background-color":"var(--ast-global-color-5)","background-image":"","background-repeat":"repeat","background-position":"center center","background-size":"auto","background-attachment":"scroll","background-type":"","background-media":"","overlay-type":"","overlay-color":"","overlay-opacity":"","overlay-gradient":""},"mobile":{"background-color":"var(--ast-global-color-5)","background-image":"","background-repeat":"repeat","background-position":"center center","background-size":"auto","background-attachment":"scroll","background-type":"","background-media":"","overlay-type":"","overlay-color":"","overlay-opacity":"","overlay-gradient":""}},"footnotes":""},"class_list":["post-23083","page","type-page","status-publish","hentry"],"post_mailing_queue_ids":[],"_links":{"self":[{"href":"https:\/\/agora.xtec.cat\/escolasaavedra\/wp-json\/wp\/v2\/pages\/23083","targetHints":{"allow":["GET"]}}],"collection":[{"href":"https:\/\/agora.xtec.cat\/escolasaavedra\/wp-json\/wp\/v2\/pages"}],"about":[{"href":"https:\/\/agora.xtec.cat\/escolasaavedra\/wp-json\/wp\/v2\/types\/page"}],"author":[{"embeddable":true,"href":"https:\/\/agora.xtec.cat\/escolasaavedra\/wp-json\/wp\/v2\/users\/3"}],"replies":[{"embeddable":true,"href":"https:\/\/agora.xtec.cat\/escolasaavedra\/wp-json\/wp\/v2\/comments?post=23083"}],"version-history":[{"count":3,"href":"https:\/\/agora.xtec.cat\/escolasaavedra\/wp-json\/wp\/v2\/pages\/23083\/revisions"}],"predecessor-version":[{"id":23121,"href":"https:\/\/agora.xtec.cat\/escolasaavedra\/wp-json\/wp\/v2\/pages\/23083\/revisions\/23121"}],"up":[{"embeddable":true,"href":"https:\/\/agora.xtec.cat\/escolasaavedra\/wp-json\/wp\/v2\/pages\/23073"}],"wp:attachment":[{"href":"https:\/\/agora.xtec.cat\/escolasaavedra\/wp-json\/wp\/v2\/media?parent=23083"}],"curies":[{"name":"wp","href":"https:\/\/api.w.org\/{rel}","templated":true}]}}