{"id":23081,"date":"2021-02-05T17:40:07","date_gmt":"2021-02-05T16:40:07","guid":{"rendered":"https:\/\/agora.xtec.cat\/escolasaavedra\/?page_id=23081"},"modified":"2021-02-06T09:47:47","modified_gmt":"2021-02-06T08:47:47","slug":"scratch","status":"publish","type":"page","link":"https:\/\/agora.xtec.cat\/escolasaavedra\/llum\/scratch\/","title":{"rendered":"Scratch"},"content":{"rendered":"<p>Amb Scratch hem fet un projecte amb l&#8217;extensi\u00f3 Llapis, de manera que quan el personatge es mou per la pantalla, aquest deixa un rastre de pas.<br \/>\n<img loading=\"lazy\" decoding=\"async\" class=\"wp-image-23095 aligncenter\" src=\"https:\/\/agora.xtec.cat\/escolasaavedra\/wp-content\/uploads\/usu587\/2021\/02\/Captura-de-Pantalla-2021-02-05-a-les-22.47.41.png\" alt=\"\" width=\"206\" height=\"229\" srcset=\"https:\/\/agora.xtec.cat\/escolasaavedra\/wp-content\/uploads\/usu587\/2021\/02\/Captura-de-Pantalla-2021-02-05-a-les-22.47.41.png 626w, https:\/\/agora.xtec.cat\/escolasaavedra\/wp-content\/uploads\/usu587\/2021\/02\/Captura-de-Pantalla-2021-02-05-a-les-22.47.41-270x300.png 270w\" sizes=\"auto, (max-width: 206px) 100vw, 206px\" \/><\/p>\n<p>Per a que el personatge es pugui despla\u00e7ar, i deixar el rastre, hem hagut de programar-ne els moviments. Utilitzarem les tecles del cursor com a tecles direccionals, a les que quan es premin sumarem o restarem (de fet, sumarem xifres negatives) unitats als eixos cartesians X o Y.<\/p>\n<p><img loading=\"lazy\" decoding=\"async\" class=\"wp-image-23097 aligncenter\" src=\"https:\/\/agora.xtec.cat\/escolasaavedra\/wp-content\/uploads\/usu587\/2021\/02\/Captura-de-Pantalla-2021-02-05-a-les-22.49.26-1024x678.png\" alt=\"\" width=\"405\" height=\"268\" srcset=\"https:\/\/agora.xtec.cat\/escolasaavedra\/wp-content\/uploads\/usu587\/2021\/02\/Captura-de-Pantalla-2021-02-05-a-les-22.49.26-1024x678.png 1024w, https:\/\/agora.xtec.cat\/escolasaavedra\/wp-content\/uploads\/usu587\/2021\/02\/Captura-de-Pantalla-2021-02-05-a-les-22.49.26-300x199.png 300w, https:\/\/agora.xtec.cat\/escolasaavedra\/wp-content\/uploads\/usu587\/2021\/02\/Captura-de-Pantalla-2021-02-05-a-les-22.49.26-768x508.png 768w, https:\/\/agora.xtec.cat\/escolasaavedra\/wp-content\/uploads\/usu587\/2021\/02\/Captura-de-Pantalla-2021-02-05-a-les-22.49.26.png 1106w\" sizes=\"auto, (max-width: 405px) 100vw, 405px\" \/><\/p>\n<p>Crearem una altra columna de blocs, que s&#8217;iniciar\u00e0 amb la bandera verda en la que reduirem la mida del personatge i farem que fixi la seva posici\u00f3 inicial al centre de la pantalla (tant en vertical com en horitzontal). Farem baixar el llapis per a que quan el personatge es desplaci deixi el rastre i definirem la mida del rastre.<\/p>\n<p>Adicionalment situarem un bloc per esborrar qualsevol rastre anterior que hi pugui haver a la pantalla en el moment de clicar la bandera.<\/p>\n<p><img loading=\"lazy\" decoding=\"async\" class=\"wp-image-23098 aligncenter\" src=\"https:\/\/agora.xtec.cat\/escolasaavedra\/wp-content\/uploads\/usu587\/2021\/02\/Captura-de-Pantalla-2021-02-05-a-les-22.54.22.png\" alt=\"\" width=\"235\" height=\"251\" srcset=\"https:\/\/agora.xtec.cat\/escolasaavedra\/wp-content\/uploads\/usu587\/2021\/02\/Captura-de-Pantalla-2021-02-05-a-les-22.54.22.png 482w, https:\/\/agora.xtec.cat\/escolasaavedra\/wp-content\/uploads\/usu587\/2021\/02\/Captura-de-Pantalla-2021-02-05-a-les-22.54.22-281x300.png 281w\" sizes=\"auto, (max-width: 235px) 100vw, 235px\" \/><\/p>\n<p>Per definir de quin color determinat volem que sigui el rastre utilitzarem un bloc condicional i un sensor de tecles.<\/p>\n<p>Utilitzarem per al color vermell la tecla A. Ser\u00e0 la A i no cap altra tecla perqu\u00e8 aix\u00ed ens ser\u00e0 molt m\u00e9s senzill implementar la placa Makey-Makey al projecte, ja que la lletra A \u00e9s una de les sis opcions de tecles que ofereix la placa Makey-Makey (W, A, S, D, F, G).<\/p>\n<p>Utilitzarem el bloc de color al n\u00famero 0 (vermell) i la saturaci\u00f3 al 100 (color vermell pur sense cap rastre de blanc). El bloc lluminisitat no l&#8217;utilitzarem perqu\u00e8 \u00e9s el que afegeix el rastre de color negre al color definit.<\/p>\n<p><img loading=\"lazy\" decoding=\"async\" class=\"wp-image-23100 aligncenter\" src=\"https:\/\/agora.xtec.cat\/escolasaavedra\/wp-content\/uploads\/usu587\/2021\/02\/Captura-de-Pantalla-2021-02-05-a-les-23.07.49.png\" alt=\"\" width=\"340\" height=\"165\" srcset=\"https:\/\/agora.xtec.cat\/escolasaavedra\/wp-content\/uploads\/usu587\/2021\/02\/Captura-de-Pantalla-2021-02-05-a-les-23.07.49.png 766w, https:\/\/agora.xtec.cat\/escolasaavedra\/wp-content\/uploads\/usu587\/2021\/02\/Captura-de-Pantalla-2021-02-05-a-les-23.07.49-300x146.png 300w\" sizes=\"auto, (max-width: 340px) 100vw, 340px\" \/><\/p>\n<p>Per al color verd, farem la mateixa de quatre blocs anteriors, per\u00f2 amb la lletra S i el color al 30. La saturaci\u00f3 continuar\u00e0 sent al 100%. Escollirem la lletra S per la mateixa ra\u00f3 que hem escollit la A amb el vermell.<\/p>\n<p>Per al color blau, farem la mateixa de quatre blocs anteriors, per\u00f2 amb la lletra D i el color al 60. La saturaci\u00f3 continuar\u00e0 sent al 100%. Escollirem la lletra D per la mateixa ra\u00f3 que hem escollit la A amb el vermell.<\/p>\n<p><img loading=\"lazy\" decoding=\"async\" class=\"wp-image-23101 aligncenter\" src=\"https:\/\/agora.xtec.cat\/escolasaavedra\/wp-content\/uploads\/usu587\/2021\/02\/Captura-de-Pantalla-2021-02-05-a-les-23.10.15-1024x441.png\" alt=\"\" width=\"543\" height=\"234\" srcset=\"https:\/\/agora.xtec.cat\/escolasaavedra\/wp-content\/uploads\/usu587\/2021\/02\/Captura-de-Pantalla-2021-02-05-a-les-23.10.15-1024x441.png 1024w, https:\/\/agora.xtec.cat\/escolasaavedra\/wp-content\/uploads\/usu587\/2021\/02\/Captura-de-Pantalla-2021-02-05-a-les-23.10.15-300x129.png 300w, https:\/\/agora.xtec.cat\/escolasaavedra\/wp-content\/uploads\/usu587\/2021\/02\/Captura-de-Pantalla-2021-02-05-a-les-23.10.15-768x331.png 768w, https:\/\/agora.xtec.cat\/escolasaavedra\/wp-content\/uploads\/usu587\/2021\/02\/Captura-de-Pantalla-2021-02-05-a-les-23.10.15.png 1220w\" sizes=\"auto, (max-width: 543px) 100vw, 543px\" \/><\/p>\n<p>Per a que es puguin clicar indistintament qualsevol de les tres tecles de color i en qualsevol ordre, caldr\u00e0 el bloc PER SEMPRE que ho agrupi tot.<\/p>\n<p>A aquestes al\u00e7ades del projecte, a banda de les tecles de moviment que hem constru\u00eft anteriorment, els blocs de color han de quedar de la seg\u00fcent manera:<\/p>\n<p><img loading=\"lazy\" decoding=\"async\" class=\"wp-image-23102 aligncenter\" src=\"https:\/\/agora.xtec.cat\/escolasaavedra\/wp-content\/uploads\/usu587\/2021\/02\/Captura-de-Pantalla-2021-02-05-a-les-23.12.18-469x1024.png\" alt=\"\" width=\"284\" height=\"620\" srcset=\"https:\/\/agora.xtec.cat\/escolasaavedra\/wp-content\/uploads\/usu587\/2021\/02\/Captura-de-Pantalla-2021-02-05-a-les-23.12.18-469x1024.png 469w, https:\/\/agora.xtec.cat\/escolasaavedra\/wp-content\/uploads\/usu587\/2021\/02\/Captura-de-Pantalla-2021-02-05-a-les-23.12.18-137x300.png 137w, https:\/\/agora.xtec.cat\/escolasaavedra\/wp-content\/uploads\/usu587\/2021\/02\/Captura-de-Pantalla-2021-02-05-a-les-23.12.18.png 684w\" sizes=\"auto, (max-width: 284px) 100vw, 284px\" \/><\/p>\n<p>Ja podem deixar el rastre rere el personatge dels tres colors primaris de la llum, per\u00f2 cap combinaci\u00f3 entre ells, els anomenats\u00a0colors additius secundaris: cian (verd+blau), magenta (vermell+blau)\u00a0i groc (vermell+verd).<\/p>\n<p>Per a crear qualsevol d&#8217;aquests tres colors necessitarem un bloc del calaix dels OPERADORS, un bloc que fa la funci\u00f3 de conjunci\u00f3 copulativa.<\/p>\n<p style=\"padding-left: 80px;\">Per al color cian, el codi de color \u00e9s el 45<\/p>\n<p style=\"padding-left: 80px;\">Per al color magenta, el codi de color \u00e9s el 80<\/p>\n<p style=\"padding-left: 80px;\">Per al color groc, el codi de color \u00e9s el 15<\/p>\n<p><img loading=\"lazy\" decoding=\"async\" class=\"wp-image-23104 aligncenter\" src=\"https:\/\/agora.xtec.cat\/escolasaavedra\/wp-content\/uploads\/usu587\/2021\/02\/Captura-de-Pantalla-2021-02-05-a-les-23.32.32-1024x815.png\" alt=\"\" width=\"563\" height=\"448\" srcset=\"https:\/\/agora.xtec.cat\/escolasaavedra\/wp-content\/uploads\/usu587\/2021\/02\/Captura-de-Pantalla-2021-02-05-a-les-23.32.32-1024x815.png 1024w, https:\/\/agora.xtec.cat\/escolasaavedra\/wp-content\/uploads\/usu587\/2021\/02\/Captura-de-Pantalla-2021-02-05-a-les-23.32.32-300x239.png 300w, https:\/\/agora.xtec.cat\/escolasaavedra\/wp-content\/uploads\/usu587\/2021\/02\/Captura-de-Pantalla-2021-02-05-a-les-23.32.32-768x611.png 768w, https:\/\/agora.xtec.cat\/escolasaavedra\/wp-content\/uploads\/usu587\/2021\/02\/Captura-de-Pantalla-2021-02-05-a-les-23.32.32.png 1040w\" sizes=\"auto, (max-width: 563px) 100vw, 563px\" \/><\/p>\n<p>Finalment ja nom\u00e9s ens queda definir els blocs que faran que poguem pintar de color blanc, \u00e9s a dir, amb les tres tecles pulsades simult\u00e0niament (A+S+D), \u00e9s a dir, amb els tres colors (vermell+verd+blau) en la mateixa proporci\u00f3.<\/p>\n<p>En aquest cas no cal definir el bloc color, perqu\u00e8 qualsevol color amb una saturaci\u00f3 de 0 ser\u00e0 color blanc, ja que la proporci\u00f3 de color ser\u00e0 del 100% i el color ser\u00e0 el 0%<\/p>\n<p><img loading=\"lazy\" decoding=\"async\" class=\"wp-image-23105 aligncenter\" src=\"https:\/\/agora.xtec.cat\/escolasaavedra\/wp-content\/uploads\/usu587\/2021\/02\/Captura-de-Pantalla-2021-02-05-a-les-23.35.38-1024x208.png\" alt=\"\" width=\"724\" height=\"147\" srcset=\"https:\/\/agora.xtec.cat\/escolasaavedra\/wp-content\/uploads\/usu587\/2021\/02\/Captura-de-Pantalla-2021-02-05-a-les-23.35.38-1024x208.png 1024w, https:\/\/agora.xtec.cat\/escolasaavedra\/wp-content\/uploads\/usu587\/2021\/02\/Captura-de-Pantalla-2021-02-05-a-les-23.35.38-300x61.png 300w, https:\/\/agora.xtec.cat\/escolasaavedra\/wp-content\/uploads\/usu587\/2021\/02\/Captura-de-Pantalla-2021-02-05-a-les-23.35.38-768x156.png 768w, https:\/\/agora.xtec.cat\/escolasaavedra\/wp-content\/uploads\/usu587\/2021\/02\/Captura-de-Pantalla-2021-02-05-a-les-23.35.38.png 1132w\" sizes=\"auto, (max-width: 724px) 100vw, 724px\" \/><\/p>\n<p>Com que hem de dibuixar de color blanc i el color de fons per defecte de l&#8217;Scratch \u00e9s el blanc, haurem de canviar el fons a color negre. Clicarem a ESCENARI a la part inferior dreta i seguidament a FONS a la part superior esquerra. En aquest punt ens hem d&#8217;assegurar que a la part inferior de la pantalla hi ha el text CONVERTEIX A VECTORIAL. En cas que hi posi CONVERTEIX A MAPA DE BITS, hi haurem de clicar per a que posi vectorial.<\/p>\n<p>Ens queda seleccionar el color negre a l&#8217;icona OMPLE, clicar sobre el pot de pintura i clicar al background per a canviar-lo.<\/p>\n<p>Tornem a clicar sobre el personatge a la part inferior de la pantalla i endrecem els blocs de programaci\u00f3\u00a0posant-ho tot dins el bloc PER SEMPRE i estar\u00e0 llest per poder jugar amb les tecles, per\u00f2 el nostre projecte de la llum <a href=\"https:\/\/agora.xtec.cat\/escolasaavedra\/llum\/impressio-3d\/\">continua amb un disseny amb Tinkercad que despr\u00e9s imprimirem amb la impressora 3D de l&#8217;escola<\/a>.<\/p>\n<p>A continuaci\u00f3 deixem disponible el\u00a0<a href=\"https:\/\/scratch.mit.edu\/projects\/445671616\/fullscreen\/\" target=\"_blank\" rel=\"noopener noreferrer\">Projecte Scratch per a reinventar<\/a>\u00a0i que est\u00e0 llest per a utilitzar immediatament.<\/p>\n","protected":false},"excerpt":{"rendered":"<p>Amb Scratch hem fet un projecte amb l&#8217;extensi\u00f3 Llapis, de manera que quan el personatge es mou per la pantalla, aquest deixa un rastre de pas. Per a que el personatge es pugui despla\u00e7ar, i deixar el rastre, hem hagut de programar-ne els moviments. Utilitzarem les tecles del cursor com a tecles direccionals, a les [&hellip;]<\/p>\n","protected":false},"author":3,"featured_media":0,"parent":23073,"menu_order":20,"comment_status":"closed","ping_status":"closed","template":"page-templates\/side-menu.php","meta":{"_bbp_topic_count":0,"_bbp_reply_count":0,"_bbp_total_topic_count":0,"_bbp_total_reply_count":0,"_bbp_voice_count":0,"_bbp_anonymous_reply_count":0,"_bbp_topic_count_hidden":0,"_bbp_reply_count_hidden":0,"_bbp_forum_subforum_count":0,"site-sidebar-layout":"default","site-content-layout":"","ast-site-content-layout":"","site-content-style":"default","site-sidebar-style":"default","ast-global-header-display":"","ast-banner-title-visibility":"","ast-main-header-display":"","ast-hfb-above-header-display":"","ast-hfb-below-header-display":"","ast-hfb-mobile-header-display":"","site-post-title":"","ast-breadcrumbs-content":"","ast-featured-img":"","footer-sml-layout":"","theme-transparent-header-meta":"","adv-header-id-meta":"","stick-header-meta":"","header-above-stick-meta":"","header-main-stick-meta":"","header-below-stick-meta":"","astra-migrate-meta-layouts":"default","ast-page-background-enabled":"default","ast-page-background-meta":{"desktop":{"background-color":"var(--ast-global-color-4)","background-image":"","background-repeat":"repeat","background-position":"center center","background-size":"auto","background-attachment":"scroll","background-type":"","background-media":"","overlay-type":"","overlay-color":"","overlay-opacity":"","overlay-gradient":""},"tablet":{"background-color":"","background-image":"","background-repeat":"repeat","background-position":"center center","background-size":"auto","background-attachment":"scroll","background-type":"","background-media":"","overlay-type":"","overlay-color":"","overlay-opacity":"","overlay-gradient":""},"mobile":{"background-color":"","background-image":"","background-repeat":"repeat","background-position":"center center","background-size":"auto","background-attachment":"scroll","background-type":"","background-media":"","overlay-type":"","overlay-color":"","overlay-opacity":"","overlay-gradient":""}},"ast-content-background-meta":{"desktop":{"background-color":"var(--ast-global-color-5)","background-image":"","background-repeat":"repeat","background-position":"center center","background-size":"auto","background-attachment":"scroll","background-type":"","background-media":"","overlay-type":"","overlay-color":"","overlay-opacity":"","overlay-gradient":""},"tablet":{"background-color":"var(--ast-global-color-5)","background-image":"","background-repeat":"repeat","background-position":"center center","background-size":"auto","background-attachment":"scroll","background-type":"","background-media":"","overlay-type":"","overlay-color":"","overlay-opacity":"","overlay-gradient":""},"mobile":{"background-color":"var(--ast-global-color-5)","background-image":"","background-repeat":"repeat","background-position":"center center","background-size":"auto","background-attachment":"scroll","background-type":"","background-media":"","overlay-type":"","overlay-color":"","overlay-opacity":"","overlay-gradient":""}},"footnotes":""},"class_list":["post-23081","page","type-page","status-publish","hentry"],"post_mailing_queue_ids":[],"_links":{"self":[{"href":"https:\/\/agora.xtec.cat\/escolasaavedra\/wp-json\/wp\/v2\/pages\/23081","targetHints":{"allow":["GET"]}}],"collection":[{"href":"https:\/\/agora.xtec.cat\/escolasaavedra\/wp-json\/wp\/v2\/pages"}],"about":[{"href":"https:\/\/agora.xtec.cat\/escolasaavedra\/wp-json\/wp\/v2\/types\/page"}],"author":[{"embeddable":true,"href":"https:\/\/agora.xtec.cat\/escolasaavedra\/wp-json\/wp\/v2\/users\/3"}],"replies":[{"embeddable":true,"href":"https:\/\/agora.xtec.cat\/escolasaavedra\/wp-json\/wp\/v2\/comments?post=23081"}],"version-history":[{"count":4,"href":"https:\/\/agora.xtec.cat\/escolasaavedra\/wp-json\/wp\/v2\/pages\/23081\/revisions"}],"predecessor-version":[{"id":23110,"href":"https:\/\/agora.xtec.cat\/escolasaavedra\/wp-json\/wp\/v2\/pages\/23081\/revisions\/23110"}],"up":[{"embeddable":true,"href":"https:\/\/agora.xtec.cat\/escolasaavedra\/wp-json\/wp\/v2\/pages\/23073"}],"wp:attachment":[{"href":"https:\/\/agora.xtec.cat\/escolasaavedra\/wp-json\/wp\/v2\/media?parent=23081"}],"curies":[{"name":"wp","href":"https:\/\/api.w.org\/{rel}","templated":true}]}}