{"id":23073,"date":"2021-02-05T17:31:40","date_gmt":"2021-02-05T16:31:40","guid":{"rendered":"https:\/\/agora.xtec.cat\/escolasaavedra\/?page_id=23073"},"modified":"2021-02-08T19:33:25","modified_gmt":"2021-02-08T18:33:25","slug":"llum","status":"publish","type":"page","link":"https:\/\/agora.xtec.cat\/escolasaavedra\/llum\/","title":{"rendered":"Projecte magnet de la Llum: Scratch+Makey+3D"},"content":{"rendered":"<p>La <a href=\"https:\/\/ca.wikipedia.org\/wiki\/Llum\" target=\"_blank\" rel=\"noopener noreferrer\">llum<\/a> \u00e9s, durant tot aquest curs, l&#8217;eix principal que vehicula el projecte <a href=\"http:\/\/www.magnet.cat\" target=\"_blank\" rel=\"noopener noreferrer\">magnet<\/a> de l&#8217;escola, on el nostre partner magnet, l&#8217;<a href=\"https:\/\/www.etse.urv.cat\/ca\/\" target=\"_blank\" rel=\"noopener noreferrer\">ETSE de la URV<\/a>, hi t\u00e9 un paper fonamental i protagonista, aportant la seva experi\u00e8ncia, el seu coneixement i els seus professionals qualificats. Tots els alumnes, al llarg del curs han anat treballant i aprenent en relaci\u00f3 a la llum, tots els \u00e0mbits del curr\u00edculum.<\/p>\n<p><a href=\"https:\/\/agora.xtec.cat\/escolasaavedra\/llum\/introduccio\/\">1.- Introducci\u00f3<\/a><\/p>\n<p><a href=\"https:\/\/agora.xtec.cat\/escolasaavedra\/llum\/scratch\/\">2.- Scratch<\/a><\/p>\n<p><a href=\"https:\/\/agora.xtec.cat\/escolasaavedra\/llum\/impressio-3d\/\">3.- Impressi\u00f3 3D<\/a><\/p>\n<p style=\"padding-left: 120px;\"><a href=\"https:\/\/agora.xtec.cat\/escolasaavedra\/llum\/impressio-3d\/disseny-3d-amb-tinkercad\/\">3.1 Disseny 3D amb Tinkercad<\/a><\/p>\n<p style=\"padding-left: 120px;\"><a href=\"https:\/\/agora.xtec.cat\/escolasaavedra\/llum\/impressio-3d\/laminacio-de-la-peca-amb-prusaslicer\/\">3.2 Laminaci\u00f3 de la pe\u00e7a amb PrusaSlicer<\/a><\/p>\n<p><a href=\"https:\/\/agora.xtec.cat\/escolasaavedra\/llum\/muntatge-suport\/\">4.- Muntatge del suport de paper<\/a><\/p>\n<p><a href=\"https:\/\/agora.xtec.cat\/escolasaavedra\/llum\/makey-makey\/\">5.- Makey-Makey<\/a><\/p>\n<p>Aquest \u00e9s el resultat final i com expliquen el proc\u00e9s aquests dos alumnes.<\/p>\n<p style=\"text-align: center;\"><iframe loading=\"lazy\" src=\"https:\/\/www.youtube.com\/embed\/ssv-HfbUEpw\" width=\"560\" height=\"315\" frameborder=\"0\"><\/iframe><\/p>\n","protected":false},"excerpt":{"rendered":"<p>La llum \u00e9s, durant tot aquest curs, l&#8217;eix principal que vehicula el projecte magnet de l&#8217;escola, on el nostre partner magnet, l&#8217;ETSE de la URV, hi t\u00e9 un paper fonamental i protagonista, aportant la seva experi\u00e8ncia, el seu coneixement i els seus professionals qualificats. Tots els alumnes, al llarg del curs han anat treballant i [&hellip;]<\/p>\n","protected":false},"author":3,"featured_media":0,"parent":0,"menu_order":0,"comment_status":"closed","ping_status":"closed","template":"page-templates\/side-menu.php","meta":{"_bbp_topic_count":0,"_bbp_reply_count":0,"_bbp_total_topic_count":0,"_bbp_total_reply_count":0,"_bbp_voice_count":0,"_bbp_anonymous_reply_count":0,"_bbp_topic_count_hidden":0,"_bbp_reply_count_hidden":0,"_bbp_forum_subforum_count":0,"site-sidebar-layout":"default","site-content-layout":"","ast-site-content-layout":"","site-content-style":"default","site-sidebar-style":"default","ast-global-header-display":"","ast-banner-title-visibility":"","ast-main-header-display":"","ast-hfb-above-header-display":"","ast-hfb-below-header-display":"","ast-hfb-mobile-header-display":"","site-post-title":"","ast-breadcrumbs-content":"","ast-featured-img":"","footer-sml-layout":"","theme-transparent-header-meta":"","adv-header-id-meta":"","stick-header-meta":"","header-above-stick-meta":"","header-main-stick-meta":"","header-below-stick-meta":"","astra-migrate-meta-layouts":"default","ast-page-background-enabled":"default","ast-page-background-meta":{"desktop":{"background-color":"var(--ast-global-color-4)","background-image":"","background-repeat":"repeat","background-position":"center center","background-size":"auto","background-attachment":"scroll","background-type":"","background-media":"","overlay-type":"","overlay-color":"","overlay-opacity":"","overlay-gradient":""},"tablet":{"background-color":"","background-image":"","background-repeat":"repeat","background-position":"center center","background-size":"auto","background-attachment":"scroll","background-type":"","background-media":"","overlay-type":"","overlay-color":"","overlay-opacity":"","overlay-gradient":""},"mobile":{"background-color":"","background-image":"","background-repeat":"repeat","background-position":"center center","background-size":"auto","background-attachment":"scroll","background-type":"","background-media":"","overlay-type":"","overlay-color":"","overlay-opacity":"","overlay-gradient":""}},"ast-content-background-meta":{"desktop":{"background-color":"var(--ast-global-color-5)","background-image":"","background-repeat":"repeat","background-position":"center center","background-size":"auto","background-attachment":"scroll","background-type":"","background-media":"","overlay-type":"","overlay-color":"","overlay-opacity":"","overlay-gradient":""},"tablet":{"background-color":"var(--ast-global-color-5)","background-image":"","background-repeat":"repeat","background-position":"center center","background-size":"auto","background-attachment":"scroll","background-type":"","background-media":"","overlay-type":"","overlay-color":"","overlay-opacity":"","overlay-gradient":""},"mobile":{"background-color":"var(--ast-global-color-5)","background-image":"","background-repeat":"repeat","background-position":"center center","background-size":"auto","background-attachment":"scroll","background-type":"","background-media":"","overlay-type":"","overlay-color":"","overlay-opacity":"","overlay-gradient":""}},"footnotes":""},"class_list":["post-23073","page","type-page","status-publish","hentry"],"post_mailing_queue_ids":[],"_links":{"self":[{"href":"https:\/\/agora.xtec.cat\/escolasaavedra\/wp-json\/wp\/v2\/pages\/23073","targetHints":{"allow":["GET"]}}],"collection":[{"href":"https:\/\/agora.xtec.cat\/escolasaavedra\/wp-json\/wp\/v2\/pages"}],"about":[{"href":"https:\/\/agora.xtec.cat\/escolasaavedra\/wp-json\/wp\/v2\/types\/page"}],"author":[{"embeddable":true,"href":"https:\/\/agora.xtec.cat\/escolasaavedra\/wp-json\/wp\/v2\/users\/3"}],"replies":[{"embeddable":true,"href":"https:\/\/agora.xtec.cat\/escolasaavedra\/wp-json\/wp\/v2\/comments?post=23073"}],"version-history":[{"count":3,"href":"https:\/\/agora.xtec.cat\/escolasaavedra\/wp-json\/wp\/v2\/pages\/23073\/revisions"}],"predecessor-version":[{"id":23232,"href":"https:\/\/agora.xtec.cat\/escolasaavedra\/wp-json\/wp\/v2\/pages\/23073\/revisions\/23232"}],"wp:attachment":[{"href":"https:\/\/agora.xtec.cat\/escolasaavedra\/wp-json\/wp\/v2\/media?parent=23073"}],"curies":[{"name":"wp","href":"https:\/\/api.w.org\/{rel}","templated":true}]}}