{"id":21857,"date":"2020-07-28T14:37:48","date_gmt":"2020-07-28T12:37:48","guid":{"rendered":"https:\/\/agora.xtec.cat\/escolasaavedra\/?page_id=21857"},"modified":"2025-09-09T12:11:07","modified_gmt":"2025-09-09T10:11:07","slug":"inscripcio-al-menjador","status":"publish","type":"page","link":"https:\/\/agora.xtec.cat\/escolasaavedra\/serveis\/menjador-escolar\/inscripcio-al-menjador\/","title":{"rendered":"Inscripci\u00f3 al menjador"},"content":{"rendered":"<p>La gesti\u00f3 del menjador es fa per part de l\u2019empresa \u00c0gora. la fam\u00edlia que vulgui fer \u00fas del servei ha de registrar-se a l\u2019app \u00c0gora (<a href=\"https:\/\/play.google.com\/store\/apps\/details?id=com.recrea.iaraagora\" target=\"_blank\" rel=\"noopener\">Android<\/a>\u00a0\/\u00a0<a href=\"https:\/\/apps.apple.com\/es\/app\/agora-col-lectivitats\/id6450038526\" target=\"_blank\" rel=\"noopener\">IOS<\/a>), ja sigui una inscripci\u00f3 fixa o espor\u00e0dic.<\/p>\n<table style=\"border-collapse: collapse; width: 100%;\">\n<tbody>\n<tr>\n<td style=\"width: 50%; text-align: center;\"><img loading=\"lazy\" decoding=\"async\" class=\"alignnone size-full wp-image-31301\" src=\"https:\/\/agora.xtec.cat\/escolasaavedra\/wp-content\/uploads\/usu587\/2024\/10\/QR-AGORA-Android.png\" alt=\"\" width=\"270\" height=\"270\" srcset=\"https:\/\/agora.xtec.cat\/escolasaavedra\/wp-content\/uploads\/usu587\/2024\/10\/QR-AGORA-Android.png 270w, https:\/\/agora.xtec.cat\/escolasaavedra\/wp-content\/uploads\/usu587\/2024\/10\/QR-AGORA-Android-150x150.png 150w\" sizes=\"auto, (max-width: 270px) 100vw, 270px\" \/><\/td>\n<td style=\"width: 50%; text-align: center;\"><img loading=\"lazy\" decoding=\"async\" class=\"alignnone size-full wp-image-31300\" src=\"https:\/\/agora.xtec.cat\/escolasaavedra\/wp-content\/uploads\/usu587\/2024\/10\/QR-AGORA-IOS.png\" alt=\"\" width=\"270\" height=\"270\" srcset=\"https:\/\/agora.xtec.cat\/escolasaavedra\/wp-content\/uploads\/usu587\/2024\/10\/QR-AGORA-IOS.png 270w, https:\/\/agora.xtec.cat\/escolasaavedra\/wp-content\/uploads\/usu587\/2024\/10\/QR-AGORA-IOS-150x150.png 150w\" sizes=\"auto, (max-width: 270px) 100vw, 270px\" \/><\/td>\n<\/tr>\n<tr>\n<td style=\"width: 50%; text-align: center;\"><a href=\"https:\/\/play.google.com\/store\/apps\/details?id=com.recrea.iaraagora\" target=\"_blank\" rel=\"noopener\">https:\/\/play.google.com\/store\/apps\/details?id=com.recrea.iaraagora<\/a><\/td>\n<td style=\"width: 50%; text-align: center;\"><a href=\"https:\/\/apps.apple.com\/es\/app\/agora-col-lectivitats\/id6450038526\" target=\"_blank\" rel=\"noopener\">https:\/\/apps.apple.com\/es\/app\/agora-col-lectivitats\/id6450038526<\/a><\/td>\n<\/tr>\n<\/tbody>\n<\/table>\n<p><iframe loading=\"lazy\" src=\"https:\/\/drive.google.com\/file\/d\/1ryd31Rz4AL9zOl4B5Bcw9v7W-Z-AG7I5\/preview\" width=\"100%\" height=\"1000px\"><\/iframe><\/p>\n","protected":false},"excerpt":{"rendered":"<p>La gesti\u00f3 del menjador es fa per part de l\u2019empresa \u00c0gora. la fam\u00edlia que vulgui fer \u00fas del servei ha de registrar-se a l\u2019app \u00c0gora (Android\u00a0\/\u00a0IOS), ja sigui una inscripci\u00f3 fixa o espor\u00e0dic. https:\/\/play.google.com\/store\/apps\/details?id=com.recrea.iaraagora https:\/\/apps.apple.com\/es\/app\/agora-col-lectivitats\/id6450038526<\/p>\n","protected":false},"author":3,"featured_media":0,"parent":73,"menu_order":20,"comment_status":"closed","ping_status":"closed","template":"","meta":{"_bbp_topic_count":0,"_bbp_reply_count":0,"_bbp_total_topic_count":0,"_bbp_total_reply_count":0,"_bbp_voice_count":0,"_bbp_anonymous_reply_count":0,"_bbp_topic_count_hidden":0,"_bbp_reply_count_hidden":0,"_bbp_forum_subforum_count":0,"site-sidebar-layout":"default","site-content-layout":"","ast-site-content-layout":"default","site-content-style":"default","site-sidebar-style":"default","ast-global-header-display":"","ast-banner-title-visibility":"","ast-main-header-display":"","ast-hfb-above-header-display":"","ast-hfb-below-header-display":"","ast-hfb-mobile-header-display":"","site-post-title":"","ast-breadcrumbs-content":"","ast-featured-img":"","footer-sml-layout":"","theme-transparent-header-meta":"default","adv-header-id-meta":"","stick-header-meta":"","header-above-stick-meta":"","header-main-stick-meta":"","header-below-stick-meta":"","astra-migrate-meta-layouts":"set","ast-page-background-enabled":"default","ast-page-background-meta":{"desktop":{"background-color":"var(--ast-global-color-4)","background-image":"","background-repeat":"repeat","background-position":"center center","background-size":"auto","background-attachment":"scroll","background-type":"","background-media":"","overlay-type":"","overlay-color":"","overlay-opacity":"","overlay-gradient":""},"tablet":{"background-color":"","background-image":"","background-repeat":"repeat","background-position":"center center","background-size":"auto","background-attachment":"scroll","background-type":"","background-media":"","overlay-type":"","overlay-color":"","overlay-opacity":"","overlay-gradient":""},"mobile":{"background-color":"","background-image":"","background-repeat":"repeat","background-position":"center center","background-size":"auto","background-attachment":"scroll","background-type":"","background-media":"","overlay-type":"","overlay-color":"","overlay-opacity":"","overlay-gradient":""}},"ast-content-background-meta":{"desktop":{"background-color":"var(--ast-global-color-5)","background-image":"","background-repeat":"repeat","background-position":"center center","background-size":"auto","background-attachment":"scroll","background-type":"","background-media":"","overlay-type":"","overlay-color":"","overlay-opacity":"","overlay-gradient":""},"tablet":{"background-color":"var(--ast-global-color-5)","background-image":"","background-repeat":"repeat","background-position":"center center","background-size":"auto","background-attachment":"scroll","background-type":"","background-media":"","overlay-type":"","overlay-color":"","overlay-opacity":"","overlay-gradient":""},"mobile":{"background-color":"var(--ast-global-color-5)","background-image":"","background-repeat":"repeat","background-position":"center center","background-size":"auto","background-attachment":"scroll","background-type":"","background-media":"","overlay-type":"","overlay-color":"","overlay-opacity":"","overlay-gradient":""}},"footnotes":""},"class_list":["post-21857","page","type-page","status-publish","hentry"],"post_mailing_queue_ids":[],"_links":{"self":[{"href":"https:\/\/agora.xtec.cat\/escolasaavedra\/wp-json\/wp\/v2\/pages\/21857","targetHints":{"allow":["GET"]}}],"collection":[{"href":"https:\/\/agora.xtec.cat\/escolasaavedra\/wp-json\/wp\/v2\/pages"}],"about":[{"href":"https:\/\/agora.xtec.cat\/escolasaavedra\/wp-json\/wp\/v2\/types\/page"}],"author":[{"embeddable":true,"href":"https:\/\/agora.xtec.cat\/escolasaavedra\/wp-json\/wp\/v2\/users\/3"}],"replies":[{"embeddable":true,"href":"https:\/\/agora.xtec.cat\/escolasaavedra\/wp-json\/wp\/v2\/comments?post=21857"}],"version-history":[{"count":6,"href":"https:\/\/agora.xtec.cat\/escolasaavedra\/wp-json\/wp\/v2\/pages\/21857\/revisions"}],"predecessor-version":[{"id":32813,"href":"https:\/\/agora.xtec.cat\/escolasaavedra\/wp-json\/wp\/v2\/pages\/21857\/revisions\/32813"}],"up":[{"embeddable":true,"href":"https:\/\/agora.xtec.cat\/escolasaavedra\/wp-json\/wp\/v2\/pages\/73"}],"wp:attachment":[{"href":"https:\/\/agora.xtec.cat\/escolasaavedra\/wp-json\/wp\/v2\/media?parent=21857"}],"curies":[{"name":"wp","href":"https:\/\/api.w.org\/{rel}","templated":true}]}}