{"id":21780,"date":"2020-06-11T23:38:11","date_gmt":"2020-06-11T21:38:11","guid":{"rendered":"https:\/\/agora.xtec.cat\/escolasaavedra\/?page_id=21780"},"modified":"2021-01-23T22:27:47","modified_gmt":"2021-01-23T21:27:47","slug":"podcast-de-catalunya-radio","status":"publish","type":"page","link":"https:\/\/agora.xtec.cat\/escolasaavedra\/semafor\/podcast-de-catalunya-radio\/","title":{"rendered":"Podcast de Catalunya Radio"},"content":{"rendered":"<p>Aquest projecte va ser un dels temes protagonistes del programa <a href=\"https:\/\/www.ccma.cat\/catradio\/popap\/\" target=\"_blank\" rel=\"noopener noreferrer\">POPAP Escolar<\/a> de <a href=\"https:\/\/www.ccma.cat\/catradio\/\" target=\"_blank\" rel=\"noopener noreferrer\">Catalunya R\u00e0dio<\/a> que es va emetre de 16h a 17h el dia 10 de juny de 2020. Dirigit per <a href=\"https:\/\/twitter.com\/HolaMariola\" target=\"_blank\" rel=\"noopener noreferrer\">Mariola Dinar\u00e8s<\/a>, el POPAP \u00e9s un programa\u00a0<sup id=\"cite_ref-6\" class=\"reference\"><\/sup>per promoure continguts que contribueixin a l&#8217;aprenentatge dels alumnes\u00a0que aquests dies s&#8217;han quedat sense classe, confinats a casa.<\/p>\n<p>Avui al &#8220;Popap escolar&#8221;, S\u00edlvia C\u00f3ppulo explica el conte &#8220;La granota Carlota&#8221;; <a href=\"https:\/\/agora.xtec.cat\/escolasaavedra\/wp-content\/uploads\/usu587\/2020\/06\/200610-POPAP-escolar-CATRadio.mp3\" target=\"_blank\" rel=\"noopener noreferrer\">Sergi Moncus\u00ed, mestre i coordinador TAC de l&#8217;escola Saavedra de Tarragona, ens explica com es fa un sem\u00e0for sonor<\/a>; entrevistem el creador del web www.examenselectivitat.com, Pasqual Mas, i Elisabet Pedrosa parla amb Asunci\u00f3n Moreno, professora i investigadora a la Universitat de Barcelona, i autora del llibre &#8220;La interpretaci\u00f3n del dibujo infantil&#8221;.<\/p>\n<p>&nbsp;<\/p>\n<p>Sergi Moncus\u00ed, mestre i coordinador TAC de l&#8217;escola Saavedra de Tarragona, ens explica com es fa un sem\u00e0for sonor<\/p>\n<!--[if lt IE 9]><script>document.createElement('audio');<\/script><![endif]-->\n<audio class=\"wp-audio-shortcode\" id=\"audio-21780-1\" preload=\"none\" style=\"width: 100%;\" controls=\"controls\"><source type=\"audio\/mpeg\" src=\"https:\/\/agora.xtec.cat\/escolasaavedra\/wp-content\/uploads\/usu587\/2020\/06\/200610-POPAP-escolar-CATRadio.mp3?_=1\" \/><a href=\"https:\/\/agora.xtec.cat\/escolasaavedra\/wp-content\/uploads\/usu587\/2020\/06\/200610-POPAP-escolar-CATRadio.mp3\">https:\/\/agora.xtec.cat\/escolasaavedra\/wp-content\/uploads\/usu587\/2020\/06\/200610-POPAP-escolar-CATRadio.mp3<\/a><\/audio>\n<p>&nbsp;<\/p>\n<p style=\"text-align: left;\">Tot el programa em\u00e8s el dia 10 de juny de 2020<\/p>\n<p style=\"text-align: center;\"><iframe loading=\"lazy\" src=\"https:\/\/www.ccma.cat\/audio\/embed\/1072781\/\" width=\"500px\" height=\"281px\" frameborder=\"0\"><\/iframe><\/p>\n","protected":false},"excerpt":{"rendered":"<p>Aquest projecte va ser un dels temes protagonistes del programa POPAP Escolar de Catalunya R\u00e0dio que es va emetre de 16h a 17h el dia 10 de juny de 2020. Dirigit per Mariola Dinar\u00e8s, el POPAP \u00e9s un programa\u00a0per promoure continguts que contribueixin a l&#8217;aprenentatge dels alumnes\u00a0que aquests dies s&#8217;han quedat sense classe, confinats a [&hellip;]<\/p>\n","protected":false},"author":3,"featured_media":0,"parent":21598,"menu_order":100,"comment_status":"closed","ping_status":"closed","template":"page-templates\/side-menu.php","meta":{"_bbp_topic_count":0,"_bbp_reply_count":0,"_bbp_total_topic_count":0,"_bbp_total_reply_count":0,"_bbp_voice_count":0,"_bbp_anonymous_reply_count":0,"_bbp_topic_count_hidden":0,"_bbp_reply_count_hidden":0,"_bbp_forum_subforum_count":0,"site-sidebar-layout":"default","site-content-layout":"","ast-site-content-layout":"","site-content-style":"default","site-sidebar-style":"default","ast-global-header-display":"","ast-banner-title-visibility":"","ast-main-header-display":"","ast-hfb-above-header-display":"","ast-hfb-below-header-display":"","ast-hfb-mobile-header-display":"","site-post-title":"","ast-breadcrumbs-content":"","ast-featured-img":"","footer-sml-layout":"","theme-transparent-header-meta":"","adv-header-id-meta":"","stick-header-meta":"","header-above-stick-meta":"","header-main-stick-meta":"","header-below-stick-meta":"","astra-migrate-meta-layouts":"default","ast-page-background-enabled":"default","ast-page-background-meta":{"desktop":{"background-color":"var(--ast-global-color-4)","background-image":"","background-repeat":"repeat","background-position":"center center","background-size":"auto","background-attachment":"scroll","background-type":"","background-media":"","overlay-type":"","overlay-color":"","overlay-opacity":"","overlay-gradient":""},"tablet":{"background-color":"","background-image":"","background-repeat":"repeat","background-position":"center center","background-size":"auto","background-attachment":"scroll","background-type":"","background-media":"","overlay-type":"","overlay-color":"","overlay-opacity":"","overlay-gradient":""},"mobile":{"background-color":"","background-image":"","background-repeat":"repeat","background-position":"center center","background-size":"auto","background-attachment":"scroll","background-type":"","background-media":"","overlay-type":"","overlay-color":"","overlay-opacity":"","overlay-gradient":""}},"ast-content-background-meta":{"desktop":{"background-color":"var(--ast-global-color-5)","background-image":"","background-repeat":"repeat","background-position":"center center","background-size":"auto","background-attachment":"scroll","background-type":"","background-media":"","overlay-type":"","overlay-color":"","overlay-opacity":"","overlay-gradient":""},"tablet":{"background-color":"var(--ast-global-color-5)","background-image":"","background-repeat":"repeat","background-position":"center center","background-size":"auto","background-attachment":"scroll","background-type":"","background-media":"","overlay-type":"","overlay-color":"","overlay-opacity":"","overlay-gradient":""},"mobile":{"background-color":"var(--ast-global-color-5)","background-image":"","background-repeat":"repeat","background-position":"center center","background-size":"auto","background-attachment":"scroll","background-type":"","background-media":"","overlay-type":"","overlay-color":"","overlay-opacity":"","overlay-gradient":""}},"footnotes":""},"class_list":["post-21780","page","type-page","status-publish","hentry"],"post_mailing_queue_ids":[],"_links":{"self":[{"href":"https:\/\/agora.xtec.cat\/escolasaavedra\/wp-json\/wp\/v2\/pages\/21780","targetHints":{"allow":["GET"]}}],"collection":[{"href":"https:\/\/agora.xtec.cat\/escolasaavedra\/wp-json\/wp\/v2\/pages"}],"about":[{"href":"https:\/\/agora.xtec.cat\/escolasaavedra\/wp-json\/wp\/v2\/types\/page"}],"author":[{"embeddable":true,"href":"https:\/\/agora.xtec.cat\/escolasaavedra\/wp-json\/wp\/v2\/users\/3"}],"replies":[{"embeddable":true,"href":"https:\/\/agora.xtec.cat\/escolasaavedra\/wp-json\/wp\/v2\/comments?post=21780"}],"version-history":[{"count":3,"href":"https:\/\/agora.xtec.cat\/escolasaavedra\/wp-json\/wp\/v2\/pages\/21780\/revisions"}],"predecessor-version":[{"id":22882,"href":"https:\/\/agora.xtec.cat\/escolasaavedra\/wp-json\/wp\/v2\/pages\/21780\/revisions\/22882"}],"up":[{"embeddable":true,"href":"https:\/\/agora.xtec.cat\/escolasaavedra\/wp-json\/wp\/v2\/pages\/21598"}],"wp:attachment":[{"href":"https:\/\/agora.xtec.cat\/escolasaavedra\/wp-json\/wp\/v2\/media?parent=21780"}],"curies":[{"name":"wp","href":"https:\/\/api.w.org\/{rel}","templated":true}]}}