{"id":21749,"date":"2020-06-10T13:02:56","date_gmt":"2020-06-10T11:02:56","guid":{"rendered":"https:\/\/agora.xtec.cat\/escolasaavedra\/?page_id=21749"},"modified":"2020-06-10T13:02:56","modified_gmt":"2020-06-10T11:02:56","slug":"introduccio","status":"publish","type":"page","link":"https:\/\/agora.xtec.cat\/escolasaavedra\/semafor\/introduccio\/","title":{"rendered":"Introducci\u00f3"},"content":{"rendered":"<p>L\u2019<a href=\"http:\/\/www.escolasasavedra.cat\">Escola Saavedra<\/a>, amb m\u00e9s de cent anys d\u2019hist\u00f2ria, \u00e9s un centre d\u2019educaci\u00f3 infantil i prim\u00e0ria ubicat al centre de la ciutat de Tarragona. Des del curs 2018-2019 forma part del projecte \u201c<a href=\"https:\/\/magnet.cat\/\" target=\"_blank\" rel=\"noopener noreferrer\">Magnet. Aliances per a l\u2019\u00e8xit educatiu<\/a>\u201d impulsat per la <a href=\"https:\/\/www.fbofill.cat\/\" target=\"_blank\" rel=\"noopener noreferrer\">Fundaci\u00f3 Jaume Bofill<\/a> i el <a href=\"http:\/\/ensenyament.gencat.cat\/ca\/index.html\" target=\"_blank\" rel=\"noopener noreferrer\">Departament d&#8217;Ensenyament<\/a>.<br \/>\nUna alian\u00e7a Magnet permet la col\u00b7laboraci\u00f3 d\u2019una instituci\u00f3 de refer\u00e8ncia amb un centre educatiu per dur a terme un projecte innovador, de qualitat i atractiu per a les fam\u00edlies . En el nostre cas, aquesta instituci\u00f3 de refer\u00e8ncia \u00e9s l\u2019<a href=\"https:\/\/www.etse.urv.cat\/ca\/\" target=\"_blank\" rel=\"noopener noreferrer\">Escola T\u00e8cnica Superior d\u2019Enginyeria<\/a> de la <a href=\"https:\/\/www.urv.cat\/ca\/\" target=\"_blank\" rel=\"noopener noreferrer\">Universitat Rovira i Virgili de Tarragona<\/a>.<br \/>\nFruit de la col\u00b7laboraci\u00f3 entre les tres entitats (Escola + Fundaci\u00f3 Bofill + ETSE) han nascut un seguit d\u2019iniciatives formatives per als alumnes de l\u2019escola que anualment exposem a la \u201c<a href=\"https:\/\/www.youtube.com\/embed\/jJvmoq1skCQ\" target=\"_blank\" rel=\"noopener noreferrer\">Fira tecnol\u00f2gica<\/a>\u201d que es celebra durant un dissabte del mes de febrer. Aquesta fira est\u00e0 oberta a tota la comunitat educativa i a tota la ciutat.<\/p>\n<p>Aquest \u00e9s el video que vam fer un cop acabada l&#8217;edici\u00f3 de 2019, ja que la del 2020 va ser ajornada pel COVID-19<\/p>\n<p style=\"text-align: center;\"><iframe loading=\"lazy\" src=\"https:\/\/www.youtube.com\/embed\/jJvmoq1skCQ\" width=\"560\" height=\"315\" frameborder=\"0\"><\/iframe><\/p>\n<p>&nbsp;<\/p>\n<p>Els alumnes i mestres del Saavedra, professors de l\u2019ETSE implicats en el projecte Magnet, l\u2019associaci\u00f3 de rob\u00f2tica de la URV URBots i la formadora Rosa Escoda expliquen en aquest v\u00eddeo qu\u00e8 comporta per a ells el fet de formar part d\u2019un projecte Magnet<\/p>\n<p style=\"text-align: center;\"><iframe loading=\"lazy\" src=\"https:\/\/www.youtube.com\/embed\/WgUqVImtkE8\" width=\"560\" height=\"315\" frameborder=\"0\"><\/iframe><\/p>\n","protected":false},"excerpt":{"rendered":"<p>L\u2019Escola Saavedra, amb m\u00e9s de cent anys d\u2019hist\u00f2ria, \u00e9s un centre d\u2019educaci\u00f3 infantil i prim\u00e0ria ubicat al centre de la ciutat de Tarragona. Des del curs 2018-2019 forma part del projecte \u201cMagnet. Aliances per a l\u2019\u00e8xit educatiu\u201d impulsat per la Fundaci\u00f3 Jaume Bofill i el Departament d&#8217;Ensenyament. Una alian\u00e7a Magnet permet la col\u00b7laboraci\u00f3 d\u2019una instituci\u00f3 [&hellip;]<\/p>\n","protected":false},"author":3,"featured_media":0,"parent":21598,"menu_order":10,"comment_status":"closed","ping_status":"closed","template":"page-templates\/side-menu.php","meta":{"_bbp_topic_count":0,"_bbp_reply_count":0,"_bbp_total_topic_count":0,"_bbp_total_reply_count":0,"_bbp_voice_count":0,"_bbp_anonymous_reply_count":0,"_bbp_topic_count_hidden":0,"_bbp_reply_count_hidden":0,"_bbp_forum_subforum_count":0,"site-sidebar-layout":"default","site-content-layout":"","ast-site-content-layout":"","site-content-style":"default","site-sidebar-style":"default","ast-global-header-display":"","ast-banner-title-visibility":"","ast-main-header-display":"","ast-hfb-above-header-display":"","ast-hfb-below-header-display":"","ast-hfb-mobile-header-display":"","site-post-title":"","ast-breadcrumbs-content":"","ast-featured-img":"","footer-sml-layout":"","theme-transparent-header-meta":"","adv-header-id-meta":"","stick-header-meta":"","header-above-stick-meta":"","header-main-stick-meta":"","header-below-stick-meta":"","astra-migrate-meta-layouts":"default","ast-page-background-enabled":"default","ast-page-background-meta":{"desktop":{"background-color":"var(--ast-global-color-4)","background-image":"","background-repeat":"repeat","background-position":"center center","background-size":"auto","background-attachment":"scroll","background-type":"","background-media":"","overlay-type":"","overlay-color":"","overlay-opacity":"","overlay-gradient":""},"tablet":{"background-color":"","background-image":"","background-repeat":"repeat","background-position":"center center","background-size":"auto","background-attachment":"scroll","background-type":"","background-media":"","overlay-type":"","overlay-color":"","overlay-opacity":"","overlay-gradient":""},"mobile":{"background-color":"","background-image":"","background-repeat":"repeat","background-position":"center center","background-size":"auto","background-attachment":"scroll","background-type":"","background-media":"","overlay-type":"","overlay-color":"","overlay-opacity":"","overlay-gradient":""}},"ast-content-background-meta":{"desktop":{"background-color":"var(--ast-global-color-5)","background-image":"","background-repeat":"repeat","background-position":"center center","background-size":"auto","background-attachment":"scroll","background-type":"","background-media":"","overlay-type":"","overlay-color":"","overlay-opacity":"","overlay-gradient":""},"tablet":{"background-color":"var(--ast-global-color-5)","background-image":"","background-repeat":"repeat","background-position":"center center","background-size":"auto","background-attachment":"scroll","background-type":"","background-media":"","overlay-type":"","overlay-color":"","overlay-opacity":"","overlay-gradient":""},"mobile":{"background-color":"var(--ast-global-color-5)","background-image":"","background-repeat":"repeat","background-position":"center center","background-size":"auto","background-attachment":"scroll","background-type":"","background-media":"","overlay-type":"","overlay-color":"","overlay-opacity":"","overlay-gradient":""}},"footnotes":""},"class_list":["post-21749","page","type-page","status-publish","hentry"],"post_mailing_queue_ids":[],"_links":{"self":[{"href":"https:\/\/agora.xtec.cat\/escolasaavedra\/wp-json\/wp\/v2\/pages\/21749","targetHints":{"allow":["GET"]}}],"collection":[{"href":"https:\/\/agora.xtec.cat\/escolasaavedra\/wp-json\/wp\/v2\/pages"}],"about":[{"href":"https:\/\/agora.xtec.cat\/escolasaavedra\/wp-json\/wp\/v2\/types\/page"}],"author":[{"embeddable":true,"href":"https:\/\/agora.xtec.cat\/escolasaavedra\/wp-json\/wp\/v2\/users\/3"}],"replies":[{"embeddable":true,"href":"https:\/\/agora.xtec.cat\/escolasaavedra\/wp-json\/wp\/v2\/comments?post=21749"}],"version-history":[{"count":1,"href":"https:\/\/agora.xtec.cat\/escolasaavedra\/wp-json\/wp\/v2\/pages\/21749\/revisions"}],"predecessor-version":[{"id":21750,"href":"https:\/\/agora.xtec.cat\/escolasaavedra\/wp-json\/wp\/v2\/pages\/21749\/revisions\/21750"}],"up":[{"embeddable":true,"href":"https:\/\/agora.xtec.cat\/escolasaavedra\/wp-json\/wp\/v2\/pages\/21598"}],"wp:attachment":[{"href":"https:\/\/agora.xtec.cat\/escolasaavedra\/wp-json\/wp\/v2\/media?parent=21749"}],"curies":[{"name":"wp","href":"https:\/\/api.w.org\/{rel}","templated":true}]}}