{"id":21743,"date":"2020-06-10T12:56:54","date_gmt":"2020-06-10T10:56:54","guid":{"rendered":"https:\/\/agora.xtec.cat\/escolasaavedra\/?page_id=21743"},"modified":"2020-06-10T13:01:14","modified_gmt":"2020-06-10T11:01:14","slug":"crear-el-codi-de-programacio","status":"publish","type":"page","link":"https:\/\/agora.xtec.cat\/escolasaavedra\/semafor\/crear-el-codi-de-programacio\/","title":{"rendered":"Crear el codi de programaci\u00f3"},"content":{"rendered":"<p>Podem optar per dues vies<\/p>\n<ul>\n<li><a href=\"https:\/\/agora.xtec.cat\/escolasaavedra\/semafor\/crear-el-codi-de-programacio\/crear-el-codi-amb-arduinoblocks\/\">Crear el codi amb ArduinoBlocks<\/a> \u2192 Educativament la m\u00e9s interessant ja que proporciona la possibilitat de pensar i crear el codi amb les seves variables i funcions. Aquesta opci\u00f3 ofereix la possibilitat de individualitzar tot el proc\u00e9s.<\/li>\n<li><a href=\"https:\/\/agora.xtec.cat\/escolasaavedra\/semafor\/crear-el-codi-de-programacio\/carregar-el-programa-ino-a-la-placa-arduino\/\">Carregar el programa .ino a la placa Arduino<\/a> \u2192 La m\u00e9s r\u00e0pida, on el codi ja est\u00e0 escrit i nom\u00e9s cal carregar-lo a la placa.<\/li>\n<\/ul>\n","protected":false},"excerpt":{"rendered":"<p>Podem optar per dues vies Crear el codi amb ArduinoBlocks \u2192 Educativament la m\u00e9s interessant ja que proporciona la possibilitat de pensar i crear el codi amb les seves variables i funcions. Aquesta opci\u00f3 ofereix la possibilitat de individualitzar tot el proc\u00e9s. Carregar el programa .ino a la placa Arduino \u2192 La m\u00e9s r\u00e0pida, on [&hellip;]<\/p>\n","protected":false},"author":3,"featured_media":0,"parent":21598,"menu_order":70,"comment_status":"closed","ping_status":"closed","template":"page-templates\/side-menu.php","meta":{"_bbp_topic_count":0,"_bbp_reply_count":0,"_bbp_total_topic_count":0,"_bbp_total_reply_count":0,"_bbp_voice_count":0,"_bbp_anonymous_reply_count":0,"_bbp_topic_count_hidden":0,"_bbp_reply_count_hidden":0,"_bbp_forum_subforum_count":0,"site-sidebar-layout":"default","site-content-layout":"","ast-site-content-layout":"","site-content-style":"default","site-sidebar-style":"default","ast-global-header-display":"","ast-banner-title-visibility":"","ast-main-header-display":"","ast-hfb-above-header-display":"","ast-hfb-below-header-display":"","ast-hfb-mobile-header-display":"","site-post-title":"","ast-breadcrumbs-content":"","ast-featured-img":"","footer-sml-layout":"","theme-transparent-header-meta":"","adv-header-id-meta":"","stick-header-meta":"","header-above-stick-meta":"","header-main-stick-meta":"","header-below-stick-meta":"","astra-migrate-meta-layouts":"default","ast-page-background-enabled":"default","ast-page-background-meta":{"desktop":{"background-color":"var(--ast-global-color-4)","background-image":"","background-repeat":"repeat","background-position":"center center","background-size":"auto","background-attachment":"scroll","background-type":"","background-media":"","overlay-type":"","overlay-color":"","overlay-opacity":"","overlay-gradient":""},"tablet":{"background-color":"","background-image":"","background-repeat":"repeat","background-position":"center center","background-size":"auto","background-attachment":"scroll","background-type":"","background-media":"","overlay-type":"","overlay-color":"","overlay-opacity":"","overlay-gradient":""},"mobile":{"background-color":"","background-image":"","background-repeat":"repeat","background-position":"center center","background-size":"auto","background-attachment":"scroll","background-type":"","background-media":"","overlay-type":"","overlay-color":"","overlay-opacity":"","overlay-gradient":""}},"ast-content-background-meta":{"desktop":{"background-color":"var(--ast-global-color-5)","background-image":"","background-repeat":"repeat","background-position":"center center","background-size":"auto","background-attachment":"scroll","background-type":"","background-media":"","overlay-type":"","overlay-color":"","overlay-opacity":"","overlay-gradient":""},"tablet":{"background-color":"var(--ast-global-color-5)","background-image":"","background-repeat":"repeat","background-position":"center center","background-size":"auto","background-attachment":"scroll","background-type":"","background-media":"","overlay-type":"","overlay-color":"","overlay-opacity":"","overlay-gradient":""},"mobile":{"background-color":"var(--ast-global-color-5)","background-image":"","background-repeat":"repeat","background-position":"center center","background-size":"auto","background-attachment":"scroll","background-type":"","background-media":"","overlay-type":"","overlay-color":"","overlay-opacity":"","overlay-gradient":""}},"footnotes":""},"class_list":["post-21743","page","type-page","status-publish","hentry"],"post_mailing_queue_ids":[],"_links":{"self":[{"href":"https:\/\/agora.xtec.cat\/escolasaavedra\/wp-json\/wp\/v2\/pages\/21743","targetHints":{"allow":["GET"]}}],"collection":[{"href":"https:\/\/agora.xtec.cat\/escolasaavedra\/wp-json\/wp\/v2\/pages"}],"about":[{"href":"https:\/\/agora.xtec.cat\/escolasaavedra\/wp-json\/wp\/v2\/types\/page"}],"author":[{"embeddable":true,"href":"https:\/\/agora.xtec.cat\/escolasaavedra\/wp-json\/wp\/v2\/users\/3"}],"replies":[{"embeddable":true,"href":"https:\/\/agora.xtec.cat\/escolasaavedra\/wp-json\/wp\/v2\/comments?post=21743"}],"version-history":[{"count":2,"href":"https:\/\/agora.xtec.cat\/escolasaavedra\/wp-json\/wp\/v2\/pages\/21743\/revisions"}],"predecessor-version":[{"id":21747,"href":"https:\/\/agora.xtec.cat\/escolasaavedra\/wp-json\/wp\/v2\/pages\/21743\/revisions\/21747"}],"up":[{"embeddable":true,"href":"https:\/\/agora.xtec.cat\/escolasaavedra\/wp-json\/wp\/v2\/pages\/21598"}],"wp:attachment":[{"href":"https:\/\/agora.xtec.cat\/escolasaavedra\/wp-json\/wp\/v2\/media?parent=21743"}],"curies":[{"name":"wp","href":"https:\/\/api.w.org\/{rel}","templated":true}]}}