{"id":21731,"date":"2020-06-10T12:50:58","date_gmt":"2020-06-10T10:50:58","guid":{"rendered":"https:\/\/agora.xtec.cat\/escolasaavedra\/?page_id=21731"},"modified":"2020-06-10T12:58:03","modified_gmt":"2020-06-10T10:58:03","slug":"carregar-el-programa-ino-a-la-placa-arduino","status":"publish","type":"page","link":"https:\/\/agora.xtec.cat\/escolasaavedra\/semafor\/crear-el-codi-de-programacio\/carregar-el-programa-ino-a-la-placa-arduino\/","title":{"rendered":"Carregar el programa .ino a la placa Arduino"},"content":{"rendered":"<p style=\"padding-left: 80px;\">1. Descarregar el programa gratu\u00eft Arduino IDE des de la p\u00e0gina web oficial. Tamb\u00e9 podem optar per la versi\u00f3 online. Caldr\u00e0 registrar-se o obrir sessi\u00f3. Optarem per aquesta opci\u00f3 online<\/p>\n<p style=\"padding-left: 80px;\">2. Visita la p\u00e0gina tutorial de com construir un sem\u00e0for sonor<\/p>\n<p><iframe src=https:\/\/create.arduino.cc\/editor\/smoncusi\/f582f4c5-1396-495d-aa2e-8356f6e39619\/preview?embed style=\"height:510px;width:100%;margin:10px 0\" frameborder=0><\/iframe><\/p>\n<p style=\"padding-left: 80px;\">3. Clica a OPEN CODE<\/p>\n<p style=\"padding-left: 80px;\">4. Tan si tenim compte al web d\u2019Arduino com si no, clicarem a SIGN IN<\/p>\n<p style=\"padding-left: 80px;\">5. Si tenim un compte de correu de Google (sigui Gmail o de qualsevol entitat corporativa associada), clicarem a SIGN IN WITH GOOGLE<\/p>\n<p style=\"padding-left: 160px;\">En cas contrari haurem de crear un compte des de zero a CREATE A NEW ACCOUNT<\/p>\n<p style=\"padding-left: 80px;\">6. Clicarem sobre el nostre correu electr\u00f2nic<\/p>\n<p style=\"padding-left: 160px;\">En cas que no el visualitzem, haurem d\u2019escriure\u2019l manualment<\/p>\n<p style=\"padding-left: 80px;\">7. Escriurem la nostra paraula de pas i despr\u00e9s a SEG\u00dcENT.<\/p>\n<p style=\"padding-left: 80px;\">8. Un cop validats haurem de clicar a OPEN IN WEB EDITOR.<\/p>\n<p style=\"padding-left: 160px;\">Caldr\u00e0 verificar si realment hem accedit\u00a0comprovant que surti la icona del nostre\u00a0perfil a la part superior dreta de la pantalla<\/p>\n<p style=\"padding-left: 80px;\">9. Ens apareixer\u00e0 una pantalla com aquesta que ens avisa que no tenim cap Arduino connectat i que ens manca un plug-in.<\/p>\n<p style=\"padding-left: 160px;\">El podem descarregar seguint les instruccions HELP<\/p>\n<p style=\"padding-left: 80px;\">10. Connectar l\u2019Arduino a l\u2019ordinador amb el cable USB<\/p>\n<p style=\"padding-left: 80px;\">11. Quan tinguem Arduino connectat per USB a l\u2019ordinador haur\u00e0 d\u2019apar\u00e8ixer el missatge de la ubicaci\u00f3<\/p>\n<p style=\"padding-left: 80px;\">12. Cliquem a VERIFY AND SAVE<\/p>\n<p style=\"padding-left: 160px;\">Fins que a la part inferior de la pantalla\u00a0aparegui un missatge en fons verd que digui\u00a0SUCCESS (\u00e8xit)<\/p>\n<p style=\"padding-left: 80px;\">13. Cliquem a UPLOAD AND SAVE<\/p>\n<p style=\"padding-left: 160px;\">Fins que a la part inferior de la pantalla\u00a0aparegui un missatge en fons verd que digui\u00a0SUCCESS (\u00e8xit)<\/p>\n<p style=\"padding-left: 80px;\">14. Ja tenim el nostre programa carregat. Ara nom\u00e9s cal gaudir de l\u2019experi\u00e8ncia d\u2019haver creat un equipament electr\u00f2nic des de zero amb les nostres mans.<\/p>\n<p><strong>8.- Usos educatius segons l&#8217;edat.<\/strong><\/p>\n","protected":false},"excerpt":{"rendered":"<p>1. Descarregar el programa gratu\u00eft Arduino IDE des de la p\u00e0gina web oficial. Tamb\u00e9 podem optar per la versi\u00f3 online. Caldr\u00e0 registrar-se o obrir sessi\u00f3. Optarem per aquesta opci\u00f3 online 2. Visita la p\u00e0gina tutorial de com construir un sem\u00e0for sonor 3. Clica a OPEN CODE 4. Tan si tenim compte al web d\u2019Arduino com [&hellip;]<\/p>\n","protected":false},"author":3,"featured_media":0,"parent":21743,"menu_order":20,"comment_status":"closed","ping_status":"closed","template":"page-templates\/side-menu.php","meta":{"_bbp_topic_count":0,"_bbp_reply_count":0,"_bbp_total_topic_count":0,"_bbp_total_reply_count":0,"_bbp_voice_count":0,"_bbp_anonymous_reply_count":0,"_bbp_topic_count_hidden":0,"_bbp_reply_count_hidden":0,"_bbp_forum_subforum_count":0,"site-sidebar-layout":"default","site-content-layout":"","ast-site-content-layout":"","site-content-style":"default","site-sidebar-style":"default","ast-global-header-display":"","ast-banner-title-visibility":"","ast-main-header-display":"","ast-hfb-above-header-display":"","ast-hfb-below-header-display":"","ast-hfb-mobile-header-display":"","site-post-title":"","ast-breadcrumbs-content":"","ast-featured-img":"","footer-sml-layout":"","theme-transparent-header-meta":"","adv-header-id-meta":"","stick-header-meta":"","header-above-stick-meta":"","header-main-stick-meta":"","header-below-stick-meta":"","astra-migrate-meta-layouts":"default","ast-page-background-enabled":"default","ast-page-background-meta":{"desktop":{"background-color":"var(--ast-global-color-4)","background-image":"","background-repeat":"repeat","background-position":"center center","background-size":"auto","background-attachment":"scroll","background-type":"","background-media":"","overlay-type":"","overlay-color":"","overlay-opacity":"","overlay-gradient":""},"tablet":{"background-color":"","background-image":"","background-repeat":"repeat","background-position":"center center","background-size":"auto","background-attachment":"scroll","background-type":"","background-media":"","overlay-type":"","overlay-color":"","overlay-opacity":"","overlay-gradient":""},"mobile":{"background-color":"","background-image":"","background-repeat":"repeat","background-position":"center center","background-size":"auto","background-attachment":"scroll","background-type":"","background-media":"","overlay-type":"","overlay-color":"","overlay-opacity":"","overlay-gradient":""}},"ast-content-background-meta":{"desktop":{"background-color":"var(--ast-global-color-5)","background-image":"","background-repeat":"repeat","background-position":"center center","background-size":"auto","background-attachment":"scroll","background-type":"","background-media":"","overlay-type":"","overlay-color":"","overlay-opacity":"","overlay-gradient":""},"tablet":{"background-color":"var(--ast-global-color-5)","background-image":"","background-repeat":"repeat","background-position":"center center","background-size":"auto","background-attachment":"scroll","background-type":"","background-media":"","overlay-type":"","overlay-color":"","overlay-opacity":"","overlay-gradient":""},"mobile":{"background-color":"var(--ast-global-color-5)","background-image":"","background-repeat":"repeat","background-position":"center center","background-size":"auto","background-attachment":"scroll","background-type":"","background-media":"","overlay-type":"","overlay-color":"","overlay-opacity":"","overlay-gradient":""}},"footnotes":""},"class_list":["post-21731","page","type-page","status-publish","hentry"],"post_mailing_queue_ids":[],"_links":{"self":[{"href":"https:\/\/agora.xtec.cat\/escolasaavedra\/wp-json\/wp\/v2\/pages\/21731","targetHints":{"allow":["GET"]}}],"collection":[{"href":"https:\/\/agora.xtec.cat\/escolasaavedra\/wp-json\/wp\/v2\/pages"}],"about":[{"href":"https:\/\/agora.xtec.cat\/escolasaavedra\/wp-json\/wp\/v2\/types\/page"}],"author":[{"embeddable":true,"href":"https:\/\/agora.xtec.cat\/escolasaavedra\/wp-json\/wp\/v2\/users\/3"}],"replies":[{"embeddable":true,"href":"https:\/\/agora.xtec.cat\/escolasaavedra\/wp-json\/wp\/v2\/comments?post=21731"}],"version-history":[{"count":2,"href":"https:\/\/agora.xtec.cat\/escolasaavedra\/wp-json\/wp\/v2\/pages\/21731\/revisions"}],"predecessor-version":[{"id":21746,"href":"https:\/\/agora.xtec.cat\/escolasaavedra\/wp-json\/wp\/v2\/pages\/21731\/revisions\/21746"}],"up":[{"embeddable":true,"href":"https:\/\/agora.xtec.cat\/escolasaavedra\/wp-json\/wp\/v2\/pages\/21743"}],"wp:attachment":[{"href":"https:\/\/agora.xtec.cat\/escolasaavedra\/wp-json\/wp\/v2\/media?parent=21731"}],"curies":[{"name":"wp","href":"https:\/\/api.w.org\/{rel}","templated":true}]}}