{"id":21726,"date":"2020-06-10T12:49:09","date_gmt":"2020-06-10T10:49:09","guid":{"rendered":"https:\/\/agora.xtec.cat\/escolasaavedra\/?page_id=21726"},"modified":"2020-06-10T12:55:49","modified_gmt":"2020-06-10T10:55:49","slug":"proces-de-creacio","status":"publish","type":"page","link":"https:\/\/agora.xtec.cat\/escolasaavedra\/semafor\/proces-de-creacio\/","title":{"rendered":"Proc\u00e9s de creaci\u00f3"},"content":{"rendered":"<p>Aquest tutorial sobre com construir un sem\u00e0for sonor s\u2019ha fet tal i com l\u2019han realitzat els alumnes de cicle superior de l\u2019escola Saavedra de Tarragona durant el curs 2019-2020 i que va haver de ser reformulat a causa del confinament del COVID-19 i la continuaci\u00f3 del curs per via telem\u00e0tica.<br \/>\n\u00d2bviament es pot fer m\u00e9s senzill, com per exemple redu\u00efnt el nombre de leds de cada color. En aquest tutorial, cada color de leds est\u00e0 format per 16 unitats lluminoses, per\u00f2 es pot fer amb nom\u00e9s un led de cada color (vermell, groc i verd).<br \/>\nTamb\u00e9 es pot eliminar la part de la pantalla LCD que informa del color que est\u00e0 enc\u00e8s i d\u2019una xifra num\u00e8rica relativa a la quantitat de so captat pel micr\u00f2fon.<br \/>\nLa resta de parts, cablejat, placa Arduino, pila de 9V i la programaci\u00f3 del codi poden ser exactament les mateixes.<\/p>\n<p style=\"padding-left: 80px;\">1. Mesurar al\u00e7ada i amplada de la carpeta<\/p>\n<p style=\"padding-left: 80px;\">2. Buscar el centre<\/p>\n<p style=\"padding-left: 80px;\">3. Marcar el centre<\/p>\n<p style=\"padding-left: 80px;\">4. Calcular el di\u00e0metre dels discs de color<\/p>\n<p style=\"padding-left: 160px;\">Restem 12 cm perqu\u00e8 deixarem 3cm de marge entre\u00a0els extrems i entre els c\u00e8rcols de color.<br \/>\n3cm x 4 espais =12cm<\/p>\n<p style=\"padding-left: 80px;\">5. Dibuixar un cercle del di\u00e0metre calculat i dividir-lo amb 16 radis iguals.<\/p>\n<p style=\"padding-left: 80px;\">6. Fer coincidir el centre marcat a la caixa amb el centre d\u2019un cercle, orientar-los en vertical i marcar amb un punx\u00f3 els punts d\u2019uni\u00f3 de la circumfer\u00e8ncia amb els radis<\/p>\n<p style=\"padding-left: 80px;\">7. Un cop fetes les dues circumfer\u00e8ncies, girar el paper 180 graus i fer la tercera<\/p>\n<p style=\"padding-left: 80px;\">8. Posar la pota llarga d\u2019un led a un dels forats i la curta a l\u2019interior de la circumfer\u00e8ncia. Fer un forat al lloc de la pota curta.<\/p>\n<p style=\"padding-left: 80px;\">9. Imatge de les tres circumfer\u00e8ncies dobles<\/p>\n<p style=\"padding-left: 80px;\">10. Comen\u00e7ar pels leds centrals (groc). Omplir les circumfer\u00e8ncies prestant atenci\u00f3 a la pota curta (c\u00e0tode, negatiu) a l\u2019interior, i la pota llarga (\u00e0node, positiu) a l\u2019exterior.<\/p>\n<p style=\"padding-left: 80px;\">11. Pota curta (c\u00e0tode, negatiu) a l\u2019interior, i la pota llarga (\u00e0node, positiu) a l\u2019exterior.<\/p>\n<p style=\"padding-left: 80px;\">12. Posar una tira de cinta de coure des de cada pota negativa en direcci\u00f3 al centre.<\/p>\n<p style=\"padding-left: 80px;\">13. Doblegar el c\u00e0tode cap a damunt la cinta de coure i posar-hi una nova cinta de coure a sobre del c\u00e0tode.<\/p>\n<p style=\"padding-left: 160px;\">Pr\u00e9mer amb for\u00e7a per assegurar la connexi\u00f3.<\/p>\n<p style=\"padding-left: 80px;\">14. Un cop fet a tots els leds, afegir alguna cinta de coure extra per assegurar la connexi\u00f3 de totes les potes entre s\u00ed.<\/p>\n<p style=\"padding-left: 160px;\">Pr\u00e9mer amb for\u00e7a per assegurar la connexi\u00f3.<\/p>\n<p style=\"padding-left: 80px;\">15. Posar una cinta de coure des del centre fins a un extrem de la caixa, evitant que faci connexi\u00f3 amb altres elements<\/p>\n<p style=\"padding-left: 80px;\">16. Posar una tira de coure sota de cada pota positiva (\u00e0node)<\/p>\n<p style=\"padding-left: 80px;\">17. Agafar una resist\u00e8ncia i doblegar-li les potes per la meitat, aix\u00ed redu\u00efm la longitud<\/p>\n<p style=\"padding-left: 80px;\">18. Ubicar la resist\u00e8ncia escur\u00e7ada sobre el coure que qui ha a l\u2019\u00e0node (pota llarga del led) per prendre mides.<\/p>\n<p style=\"padding-left: 80px;\">19. Posar un trosset de cinta de coure a sota l\u2019altra pota de la resist\u00e8ncia. Doblegar la pota del led per a que faci contacte amb el coure i la resist\u00e8ncia.<\/p>\n<p style=\"padding-left: 80px;\">20. Posar un trosset de cinta de coure a sobre de cada pota de la resist\u00e8ncia. Ha de quedar unit per coure una pota de la resist\u00e8ncia i la pota del led<\/p>\n<p style=\"padding-left: 80px;\">21. Anar fent amb cada led. Un led, una resist\u00e8ncia, fina a completar-los tots.<\/p>\n<p style=\"padding-left: 160px;\">Cal anar en compte de no contactar la part\u00a0negativa amb la part positiva<\/p>\n<p style=\"padding-left: 80px;\">22. Posar una resist\u00e8ncia a cada led<\/p>\n<p style=\"padding-left: 80px;\">23. Marcar la connexi\u00f3 negativa del sistema<\/p>\n<p style=\"padding-left: 80px;\">24. Interconnectar la part positiva dels leds entre s\u00ed de manera circular.<\/p>\n<p style=\"padding-left: 160px;\">No interconnectar positiu-negatiu.<\/p>\n<p style=\"padding-left: 80px;\">25. Per evitar la interconnexi\u00f3 podem posar una cinta adhesiva sobre de la part negativa per poder passar la corrent positiva per sobre.<\/p>\n<p style=\"padding-left: 80px;\">26. La part negativa est\u00e0 interconnectada de manera circular per la part distal de les resist\u00e8ncies.<\/p>\n<p style=\"padding-left: 80px;\">27. Treure un tros de cinta de coure per l\u2019altre extrem a la part positiva.<\/p>\n<p style=\"padding-left: 80px;\">28. Etiquetar la part positiva del circuit<\/p>\n<p style=\"padding-left: 80px;\">29. Empalmar un tros de cable marr\u00f3 al terminal negatiu i un tros de cable blau al terminal positiu.<\/p>\n<p style=\"padding-left: 80px;\">30. Encintar amb cinta adhesiva tot el circuit el\u00e8ctric per a\u00efllar-lo de les futures connexions dels altres colors del sem\u00e0for.<\/p>\n<p style=\"padding-left: 80px;\">31. Donar corrent de 5V al circuit per encendre els leds<\/p>\n<p style=\"padding-left: 160px;\">Si hi ha menys de 5V (com en la imatge que hi\u00a0ha 3V (2&#215;1\u20195V), s\u2019il\u00b7luminar\u00e0\u00a0igualment, per\u00f2 d\u2019un to diferent.<\/p>\n<p style=\"padding-left: 80px;\">32. Comprovaci\u00f3 de que tots els leds s\u2019encenen.<\/p>\n<p style=\"padding-left: 80px;\">33. Fer els altres dos colors de leds amb la mateixa metodologia que hem fet els grocs.<\/p>\n<p style=\"padding-left: 80px;\">34. Material per fer de suport als elements electr\u00f2nics i el\u00e8ctrics del circuit.<\/p>\n<p style=\"padding-left: 160px;\">Opcional<br \/>\nAquests estan impresos en 3D<br \/>\nEls fitxers STL estan a la llista de materials opcionals<\/p>\n<ul>\n<li style=\"list-style-type: none;\">\n<ul>\n<li style=\"list-style-type: none;\">\n<ul>\n<li style=\"list-style-type: none;\">\n<ul>\n<li style=\"list-style-type: none;\">\n<ul>\n<li style=\"list-style-type: none;\">\n<ul>\n<li style=\"list-style-type: none;\">\n<ul>\n<li style=\"list-style-type: none;\">\n<ul>\n<li style=\"list-style-type: none;\">\n<ul>\n<li style=\"list-style-type: none;\">\n<ul>\n<li style=\"list-style-type: none;\">\n<ul>\n<li style=\"list-style-type: none;\">\n<ul>\n<li><a href=\"https:\/\/www.thingiverse.com\/thing:4421584\">Arduino<\/a><\/li>\n<li><a href=\"https:\/\/www.thingiverse.com\/thing:4421603\">Pila 9V<\/a><\/li>\n<li><a href=\"https:\/\/www.thingiverse.com\/thing:4421607\">LCD 16&#215;02<\/a><\/li>\n<li><a href=\"https:\/\/www.thingiverse.com\/thing:4421612\">Micr\u00f2fon<\/a><\/li>\n<\/ul>\n<\/li>\n<\/ul>\n<\/li>\n<\/ul>\n<\/li>\n<\/ul>\n<\/li>\n<\/ul>\n<\/li>\n<\/ul>\n<\/li>\n<\/ul>\n<\/li>\n<\/ul>\n<\/li>\n<\/ul>\n<\/li>\n<\/ul>\n<\/li>\n<\/ul>\n<\/li>\n<\/ul>\n<p style=\"padding-left: 80px;\">35. Com s\u2019alimenta l\u2019Arduino amb la pila<\/p>\n<p style=\"padding-left: 80px;\">36. Ubicaci\u00f3 dels elements a la caixa. Marcar els forats<\/p>\n<p style=\"padding-left: 80px;\">37. Marcar els forats per aguantar els suports a la caixa<\/p>\n<p style=\"padding-left: 80px;\">38. Ubicar els elements de suport externs i col\u00b7locar-hi els cargols<\/p>\n<p style=\"padding-left: 80px;\">39. Foradar el requadre on anir\u00e0 la pantalla LCD amb un c\u00fater.<\/p>\n<p style=\"padding-left: 80px;\">40. Vista interior de la caixa amb els cargols i ubicats i el forat ja fet.<\/p>\n<p style=\"padding-left: 80px;\">41. Cargolar-hi les femelles i apretar-ho fort.<\/p>\n<p style=\"padding-left: 80px;\">42. Cargolar la placa Arduino al seu suport amb cargols adients<\/p>\n<p style=\"padding-left: 80px;\">43. Connectar la pantalla LCD a la placa Arduino seguint el seg\u00fcent esquema.<\/p>\n<p style=\"padding-left: 160px;\">PANTALLA \u00a0 \u00a0 \u00a0 \u00a0 \u00a0 \u00a0 \u00a0 \u00a0 \u00a0 \u00a0 \u00a0 \u00a0 \u00a0 \u00a0 \u00a0 \u00a0 \u00a0 \u00a0 \u00a0 \u00a0 \u00a0 \u00a0 LCD ARDUINO<br \/>\nGND &#8212;&#8212;&#8212;&#8212;&#8212;&#8212;&#8212;&#8212;&#8212;&#8212;&#8212;&#8212;&#8212;- GND<br \/>\nVCC &#8212;&#8212;&#8212;&#8212;&#8212;&#8212;&#8212;&#8212;&#8212;&#8212;&#8212;&#8212;&#8212;- 5V<br \/>\nSDA &#8212;&#8212;&#8212;&#8212;&#8212;&#8212;&#8212;&#8212;&#8212;&#8212;&#8212;&#8212;&#8212;- A4<br \/>\nSDL &#8212;&#8212;&#8212;&#8212;&#8212;&#8212;&#8212;&#8212;&#8212;&#8212;&#8212;&#8212;&#8212;- A5<\/p>\n<p style=\"padding-left: 80px;\">44. Empalmar tots els cables marrons dels cercles de leds a un cable pont MASC-MASC de color preferiblement negre o marr\u00f3.<\/p>\n<p style=\"padding-left: 80px;\">45. Empalmar cada cable blau dels cercles de leds a un cable pont MASC-MASC preferiblement del color del cercle de leds corresponent.<\/p>\n<p style=\"padding-left: 80px;\">46. Connectar el cable marr\u00f3 o negre al GND, el vermell al Digital 10, el groc al Digital 9 i el verd al Digital 8<\/p>\n<p style=\"padding-left: 80px;\">47. Connectar els cables del micr\u00f2fon<\/p>\n<p style=\"padding-left: 160px;\">MICR\u00d2FON \u00a0 \u00a0 \u00a0 \u00a0 \u00a0 \u00a0 \u00a0 \u00a0 \u00a0 \u00a0 \u00a0 \u00a0 \u00a0 \u00a0 \u00a0 \u00a0 \u00a0 \u00a0 \u00a0ARDUINO<br \/>\nGND &#8212;&#8212;&#8212;&#8212;&#8212;&#8212;&#8212;&#8212;&#8212;&#8212;&#8212;&#8212;&#8212; GND<br \/>\nVCC &#8212;&#8212;&#8212;&#8212;&#8212;&#8212;&#8212;&#8212;&#8212;&#8212;&#8212;&#8212;&#8212;- 5V<br \/>\nOUT &#8212;&#8212;&#8212;&#8212;&#8212;&#8212;&#8212;&#8212;&#8212;&#8212;&#8212;&#8212;&#8212;- A0<\/p>\n<p style=\"padding-left: 80px;\">48. Situar el micr\u00f2fon al seu suport, a la part frontal del sem\u00e0for<\/p>\n<p style=\"padding-left: 80px;\">49. Connectar els cables del micr\u00f2fon a la placa Arduino<\/p>\n<p style=\"padding-left: 160px;\">MICR\u00d2FON \u00a0 \u00a0 \u00a0 \u00a0 \u00a0 \u00a0 \u00a0 \u00a0 \u00a0 \u00a0 \u00a0 \u00a0 \u00a0 \u00a0 \u00a0 \u00a0 \u00a0 \u00a0 \u00a0ARDUINO<br \/>\nGND &#8212;&#8212;&#8212;&#8212;&#8212;&#8212;&#8212;&#8212;&#8212;&#8212;&#8212;&#8212;&#8212; GND<br \/>\nVCC &#8212;&#8212;&#8212;&#8212;&#8212;&#8212;&#8212;&#8212;&#8212;&#8212;&#8212;&#8212;&#8212;- 5V<br \/>\nOUT &#8212;&#8212;&#8212;&#8212;&#8212;&#8212;&#8212;&#8212;&#8212;&#8212;&#8212;&#8212;&#8212;- A0<\/p>\n<p style=\"padding-left: 80px;\">50. Ja tenim el sem\u00e0for a punt, nom\u00e9s ens queda carregar-hi la programaci\u00f3<\/p>\n<p style=\"padding-left: 160px;\">Podem optar per crear la programaci\u00f3 per blocs amb <a href=\"http:\/\/www.arduinoblocks.com\" target=\"_blank\" rel=\"noopener noreferrer\">ArduinoBlocks<\/a> o carregar-hi el codi .ino ja programat que es descriu en aquest tutorial.<\/p>\n<p>El resultat final del muntatge dels components ha de ser aquest<\/p>\n<p><img loading=\"lazy\" decoding=\"async\" class=\"size-large wp-image-21688 aligncenter\" src=\"https:\/\/agora.xtec.cat\/escolasaavedra\/wp-content\/uploads\/usu587\/2020\/06\/Esquema-Arduino-Sem\u00e0for-sonor-1024x705.png\" alt=\"\" width=\"560\" height=\"315\" \/><\/p>\n","protected":false},"excerpt":{"rendered":"<p>Aquest tutorial sobre com construir un sem\u00e0for sonor s\u2019ha fet tal i com l\u2019han realitzat els alumnes de cicle superior de l\u2019escola Saavedra de Tarragona durant el curs 2019-2020 i que va haver de ser reformulat a causa del confinament del COVID-19 i la continuaci\u00f3 del curs per via telem\u00e0tica. \u00d2bviament es pot fer m\u00e9s [&hellip;]<\/p>\n","protected":false},"author":3,"featured_media":0,"parent":21598,"menu_order":60,"comment_status":"closed","ping_status":"closed","template":"page-templates\/side-menu.php","meta":{"_bbp_topic_count":0,"_bbp_reply_count":0,"_bbp_total_topic_count":0,"_bbp_total_reply_count":0,"_bbp_voice_count":0,"_bbp_anonymous_reply_count":0,"_bbp_topic_count_hidden":0,"_bbp_reply_count_hidden":0,"_bbp_forum_subforum_count":0,"site-sidebar-layout":"default","site-content-layout":"","ast-site-content-layout":"","site-content-style":"default","site-sidebar-style":"default","ast-global-header-display":"","ast-banner-title-visibility":"","ast-main-header-display":"","ast-hfb-above-header-display":"","ast-hfb-below-header-display":"","ast-hfb-mobile-header-display":"","site-post-title":"","ast-breadcrumbs-content":"","ast-featured-img":"","footer-sml-layout":"","theme-transparent-header-meta":"","adv-header-id-meta":"","stick-header-meta":"","header-above-stick-meta":"","header-main-stick-meta":"","header-below-stick-meta":"","astra-migrate-meta-layouts":"default","ast-page-background-enabled":"default","ast-page-background-meta":{"desktop":{"background-color":"var(--ast-global-color-4)","background-image":"","background-repeat":"repeat","background-position":"center center","background-size":"auto","background-attachment":"scroll","background-type":"","background-media":"","overlay-type":"","overlay-color":"","overlay-opacity":"","overlay-gradient":""},"tablet":{"background-color":"","background-image":"","background-repeat":"repeat","background-position":"center center","background-size":"auto","background-attachment":"scroll","background-type":"","background-media":"","overlay-type":"","overlay-color":"","overlay-opacity":"","overlay-gradient":""},"mobile":{"background-color":"","background-image":"","background-repeat":"repeat","background-position":"center center","background-size":"auto","background-attachment":"scroll","background-type":"","background-media":"","overlay-type":"","overlay-color":"","overlay-opacity":"","overlay-gradient":""}},"ast-content-background-meta":{"desktop":{"background-color":"var(--ast-global-color-5)","background-image":"","background-repeat":"repeat","background-position":"center center","background-size":"auto","background-attachment":"scroll","background-type":"","background-media":"","overlay-type":"","overlay-color":"","overlay-opacity":"","overlay-gradient":""},"tablet":{"background-color":"var(--ast-global-color-5)","background-image":"","background-repeat":"repeat","background-position":"center center","background-size":"auto","background-attachment":"scroll","background-type":"","background-media":"","overlay-type":"","overlay-color":"","overlay-opacity":"","overlay-gradient":""},"mobile":{"background-color":"var(--ast-global-color-5)","background-image":"","background-repeat":"repeat","background-position":"center center","background-size":"auto","background-attachment":"scroll","background-type":"","background-media":"","overlay-type":"","overlay-color":"","overlay-opacity":"","overlay-gradient":""}},"footnotes":""},"class_list":["post-21726","page","type-page","status-publish","hentry"],"post_mailing_queue_ids":[],"_links":{"self":[{"href":"https:\/\/agora.xtec.cat\/escolasaavedra\/wp-json\/wp\/v2\/pages\/21726","targetHints":{"allow":["GET"]}}],"collection":[{"href":"https:\/\/agora.xtec.cat\/escolasaavedra\/wp-json\/wp\/v2\/pages"}],"about":[{"href":"https:\/\/agora.xtec.cat\/escolasaavedra\/wp-json\/wp\/v2\/types\/page"}],"author":[{"embeddable":true,"href":"https:\/\/agora.xtec.cat\/escolasaavedra\/wp-json\/wp\/v2\/users\/3"}],"replies":[{"embeddable":true,"href":"https:\/\/agora.xtec.cat\/escolasaavedra\/wp-json\/wp\/v2\/comments?post=21726"}],"version-history":[{"count":2,"href":"https:\/\/agora.xtec.cat\/escolasaavedra\/wp-json\/wp\/v2\/pages\/21726\/revisions"}],"predecessor-version":[{"id":21742,"href":"https:\/\/agora.xtec.cat\/escolasaavedra\/wp-json\/wp\/v2\/pages\/21726\/revisions\/21742"}],"up":[{"embeddable":true,"href":"https:\/\/agora.xtec.cat\/escolasaavedra\/wp-json\/wp\/v2\/pages\/21598"}],"wp:attachment":[{"href":"https:\/\/agora.xtec.cat\/escolasaavedra\/wp-json\/wp\/v2\/media?parent=21726"}],"curies":[{"name":"wp","href":"https:\/\/api.w.org\/{rel}","templated":true}]}}