{"id":21717,"date":"2020-06-10T12:46:11","date_gmt":"2020-06-10T10:46:11","guid":{"rendered":"https:\/\/agora.xtec.cat\/escolasaavedra\/?page_id=21717"},"modified":"2020-12-03T12:24:18","modified_gmt":"2020-12-03T11:24:18","slug":"el-semafor-dins-el-projecte-interdisciplicar-del-so","status":"publish","type":"page","link":"https:\/\/agora.xtec.cat\/escolasaavedra\/semafor\/el-semafor-dins-el-projecte-interdisciplicar-del-so\/","title":{"rendered":"El sem\u00e0for dins el projecte interdisciplicar del so"},"content":{"rendered":"<p>El sem\u00e0for forma part del projecte interdisciplinar del so que ha englobat moltes tasques escolars aquest curs 2019-2020.<\/p>\n<h5>Educaci\u00f3 infantil<\/h5>\n<p>A <span style=\"text-decoration: underline;\"><strong>educaci\u00f3 infantil<\/strong><\/span> hem treballat el so a trav\u00e9s de la m\u00fasica, la pintura i les emocions. Durant el segon trimestre hem apr\u00e8s a descobrir les diferents qualitats del so a trav\u00e9s de la tecnologia, el nostre entorn i elements del dia a dia. Gr\u00e0cies a aquestes descobertes hem creat un panell sonor on hem utilitzat molts estris que van portar de casa.<\/p>\n<p><img loading=\"lazy\" decoding=\"async\" class=\"wp-image-21654 aligncenter\" src=\"https:\/\/agora.xtec.cat\/escolasaavedra\/wp-content\/uploads\/usu587\/2020\/06\/WhatsApp-Image-2020-06-08-at-22.47.59.jpeg\" alt=\"\" width=\"560\" height=\"315\" \/><\/p>\n<p style=\"text-align: center;\">Imatge del panell sonor creat pels alumnes<\/p>\n<h5>Cicle inicial<\/h5>\n<p>A <strong><span style=\"text-decoration: underline;\">cicle inicial<\/span> <\/strong>hem treballat el \u201cTot sona?\u201d<br \/>\nA partir d\u2019aquesta pregunta i d\u2019el fil conductor d\u2019una hist\u00f2ria amb dos personatges: el follet Xiuxiueig i la Fada Xivarri, els alumnes van comen\u00e7ar a plantejar-se una s\u00e8rie de preguntes que a trav\u00e9s d\u2019experiments i reptes anaven responent tot marcant el cam\u00ed del seu propi aprenentatge.<br \/>\nEl projecte agrupa totes les \u00e0rees del curr\u00edculum per tal de donar una visi\u00f3 i un aprenentatge global.<\/p>\n<p><img loading=\"lazy\" decoding=\"async\" class=\"wp-image-21654 aligncenter\" src=\"https:\/\/agora.xtec.cat\/escolasaavedra\/wp-content\/uploads\/usu587\/2020\/06\/WhatsApp-Image-2020-06-08-at-21.23.26-1024x768.jpeg\" alt=\"\" width=\"560\" height=\"315\" \/><\/p>\n<p style=\"text-align: center;\">Carta del Follet Xiuxiueig als nens i nenes de cicle inicial<\/p>\n<p><img decoding=\"async\" class=\"wp-image-21655 aligncenter\" src=\"https:\/\/agora.xtec.cat\/escolasaavedra\/wp-content\/uploads\/usu587\/2020\/06\/WhatsApp-Image-2020-06-08-at-21.22.49.jpeg\" alt=\"\" width=\"560\" height=\"&quot;315\" srcset=\"https:\/\/agora.xtec.cat\/escolasaavedra\/wp-content\/uploads\/usu587\/2020\/06\/WhatsApp-Image-2020-06-08-at-21.22.49.jpeg 902w, https:\/\/agora.xtec.cat\/escolasaavedra\/wp-content\/uploads\/usu587\/2020\/06\/WhatsApp-Image-2020-06-08-at-21.22.49-300x225.jpeg 300w, https:\/\/agora.xtec.cat\/escolasaavedra\/wp-content\/uploads\/usu587\/2020\/06\/WhatsApp-Image-2020-06-08-at-21.22.49-768x576.jpeg 768w, https:\/\/agora.xtec.cat\/escolasaavedra\/wp-content\/uploads\/usu587\/2020\/06\/WhatsApp-Image-2020-06-08-at-21.22.49-200x150.jpeg 200w\" sizes=\"(max-width: 902px) 100vw, 902px\" \/><\/p>\n<p style=\"text-align: center;\">Tub de so ubicat al pati per comprendre la transmissi\u00f3 del so<\/p>\n<h5>Cicle mitj\u00e0<\/h5>\n<p>Al <span style=\"text-decoration: underline;\"><strong>cicle mitj\u00e0<\/strong><\/span> hem treballat el so arran de la problem\u00e0tica que tenim al gimn\u00e0s de l\u2019escola.<br \/>\n\u00c9s un espai gran amb el sostre molt alt i l\u2019alumnat, ha detectat que a la m\u00ednima hi ha molt de soroll i ressona. Per mirar de trobar una soluci\u00f3 a aquest problema, hem treballat el so i el soroll a trav\u00e9s d\u2019experiments i diferents tallers.<br \/>\nHem ent\u00e8s les caracter\u00edstiques del so, el funcionament de l\u2019o\u00efda i la reflexi\u00f3 del so. Hem treballat la contaminaci\u00f3 ac\u00fastica i com aquesta, afecta a la comunitat educativa. Amb un son\u00f2metre, hem analitzat el soroll de l\u2019escola recollint les dades per poder-ne treure conclusions. Tamb\u00e9 hem creat un oscil\u00b7loscopi per veure projectada la nostra veu o alguna m\u00fasica i entendre el funcionament de les ones sonores. Com a producte final, gr\u00e0cies a tot el que hem apr\u00e8s, ara nom\u00e9s ens queda idear la soluci\u00f3 pel gimn\u00e0s.<\/p>\n<h5>Cicle superior<\/h5>\n<p>A <span style=\"text-decoration: underline;\"><strong>cicle superior<\/strong><\/span>, hem presentat un projecte a la <a href=\"https:\/\/codeweek.eu\/view\/164706\/taller-tac-setmana-europea-del-codi-urv-actitud-stem\" target=\"_blank\" rel=\"noopener noreferrer\">CodeWeek URV 2019<\/a> sota el t\u00edtol \u201c<a href=\"https:\/\/www.youtube.com\/embed\/_pjdxNqvt_Q\" target=\"_blank\" rel=\"noopener noreferrer\">La flauta que escriu la partitura<\/a>\u201d. Es tracta de la fabricaci\u00f3 d\u2019uns guants connectats a una placa Makey-Makey que en utilitzar-los per tocar una flauta, els sons que es produeixen s\u2019escriuen en una partitura gr\u00e0cies a una programaci\u00f3 <a href=\"https:\/\/scratch.mit.edu\/projects\/343771006\/\" target=\"_blank\" rel=\"noopener noreferrer\">Scratch<\/a>.<\/p>\n<p style=\"text-align: center;\"><iframe loading=\"lazy\" src=\"https:\/\/www.youtube.com\/embed\/_pjdxNqvt_Q\" width=\"560\" height=\"315\" frameborder=\"0\"><\/iframe><\/p>\n<p>Posteriorment, i per a la decoraci\u00f3 de l&#8217;escola amb motius nadalencs, vam crear un panell llumin\u00f3s amb molt\u00edssims leds controlats per Arduino amb patrons d&#8217;encesa i apagada de leds que va fer les del\u00edcies dels ciutadans de Tarragona que s&#8217;acostaven a l&#8217;escola, sobretot de nit, que \u00e9s quan les llums llu\u00efen m\u00e9s. Aquesta activitat va implicar treball de rob\u00f2tica i de pl\u00e0stica i va suposar tot un repte tecnol\u00f2gic.<\/p>\n<p style=\"text-align: center;\"><iframe loading=\"lazy\" src=\"https:\/\/www.youtube.com\/embed\/cG7bxhzfYz0\" width=\"560\" height=\"315\" frameborder=\"0\"><\/iframe><\/p>\n<p>Als tallers, on estem implementant el treball per comunitats, s&#8217;han desenvolupat aquestes propostes a l&#8217;\u00e0rea d&#8217;educaci\u00f3 art\u00edstica.<\/p>\n<h5>A les comunitats<\/h5>\n<p>A la <span style=\"text-decoration: underline;\"><strong>Comunitat de Petits<\/strong><\/span>: &#8220;<span style=\"text-decoration: underline;\">Moviment a la selva<\/span>&#8221; \u2192\u00a0Per mitj\u00e0 d&#8217;audicions musicals ens movem per l&#8217;espai imaginant-nos la selva i treballem alguns animals amb jocs r\u00edtmics.<\/p>\n<p>A la <span style=\"text-decoration: underline;\"><strong>Comunitat de Mitjans<\/strong><\/span>: &#8220;<span style=\"text-decoration: underline;\">Recicla-sons<\/span>&#8221; \u2192\u00a0Cada nen crea un instrument amb material de reciclat: percussi\u00f3, vent i corda. (maraques a 1r, guitarra a 2n, i trompa 3r).<\/p>\n<p>A la <span style=\"text-decoration: underline;\"><strong>Comunitat de Grans<\/strong><\/span>: &#8220;<span style=\"text-decoration: underline;\">Entorn sonor<\/span>&#8221; \u2192\u00a0Cada\u00a0grup composa un ambient sonor, una melodia amb instruments de l&#8217;aula \u00a0(una ciutat sorollosa, un bosc en calma, una tempesta&#8230; )<\/p>\n<h5>Aula de m\u00fasica<\/h5>\n<p>A l&#8217;<span style=\"text-decoration: underline;\"><strong>aula de m\u00fasica<\/strong><\/span> s&#8217;ha desenvolupat un treball anomenat &#8220;<span style=\"text-decoration: underline;\">Som emocions<\/span>&#8221; on es\u00a0treballen les emocions. Cada comunitat pinta lliurement una emoci\u00f3 que li suggereix la m\u00fasica ambiental proposada per la mestra. Entre tots es fa un mural amb el t\u00edtol de &#8220;Som emocions&#8221;. En aquest espai, les m\u00fasiques que es proposen s\u00f3n:<\/p>\n<ul>\n<li>La\u00a0&#8220;<a href=\"https:\/\/www.youtube.com\/watch?v=wk6v1mt9CzA\" target=\"_blank\" rel=\"noopener noreferrer\">M\u00e0quina d&#8217;escriure<\/a>&#8221; de <a href=\"https:\/\/ca.wikipedia.org\/wiki\/Leroy_Anderson\" target=\"_blank\" rel=\"noopener noreferrer\">Leroy Anderson<\/a> \u2192 per a educaci\u00f3 infantil<\/li>\n<li>El moviment dedicat a <a href=\"https:\/\/www.youtube.com\/watch?v=aDFGmiXnLjU\" target=\"_blank\" rel=\"noopener noreferrer\">Ur\u00e0<\/a> de la simfonia &#8220;<a href=\"https:\/\/www.youtube.com\/watch?v=Isic2Z2e2xs\" target=\"_blank\" rel=\"noopener noreferrer\">Els planetes<\/a>&#8221; de <a href=\"https:\/\/ca.wikipedia.org\/wiki\/Gustav_Holst\" target=\"_blank\" rel=\"noopener noreferrer\">Gustav Holst<\/a> \u2192 per a cicle inicial<\/li>\n<li><a href=\"https:\/\/www.youtube.com\/watch?v=hBlNa9_RCNw\" target=\"_blank\" rel=\"noopener noreferrer\">L&#8217;Arlesienne<\/a> de <a href=\"https:\/\/ca.wikipedia.org\/wiki\/Georges_Bizet\" target=\"_blank\" rel=\"noopener noreferrer\">Georges Bizet<\/a> \u2192 per a cicle mitj\u00e0<\/li>\n<li>El <a href=\"https:\/\/www.youtube.com\/watch?v=CY_I1xPOEKI\" target=\"_blank\" rel=\"noopener noreferrer\">segon moviment<\/a> de la &#8220;<a href=\"https:\/\/www.youtube.com\/watch?v=qFvL-1HXi-I\" target=\"_blank\" rel=\"noopener noreferrer\">Simfonia del Nou M\u00f3n<\/a>&#8221; op 65\u00a0de <a href=\"https:\/\/ca.wikipedia.org\/wiki\/Anton%C3%ADn_Dvo\u0159\u00e1k\" target=\"_blank\" rel=\"noopener noreferrer\">Anton\u00edn Dvo\u0159\u00e1k<\/a>\u00a0\u2192 per a cicle superior<\/li>\n<\/ul>\n<p><img loading=\"lazy\" decoding=\"async\" class=\"size-large wp-image-21682 aligncenter\" src=\"https:\/\/agora.xtec.cat\/escolasaavedra\/wp-content\/uploads\/usu587\/2020\/06\/WhatsApp-Image-2020-06-09-at-10.39.27-1024x577.jpeg\" alt=\"\" width=\"560\" height=\"315\" srcset=\"https:\/\/agora.xtec.cat\/escolasaavedra\/wp-content\/uploads\/usu587\/2020\/06\/WhatsApp-Image-2020-06-09-at-10.39.27-1024x577.jpeg 1024w, https:\/\/agora.xtec.cat\/escolasaavedra\/wp-content\/uploads\/usu587\/2020\/06\/WhatsApp-Image-2020-06-09-at-10.39.27-300x169.jpeg 300w, https:\/\/agora.xtec.cat\/escolasaavedra\/wp-content\/uploads\/usu587\/2020\/06\/WhatsApp-Image-2020-06-09-at-10.39.27-768x432.jpeg 768w, https:\/\/agora.xtec.cat\/escolasaavedra\/wp-content\/uploads\/usu587\/2020\/06\/WhatsApp-Image-2020-06-09-at-10.39.27.jpeg 1600w\" sizes=\"auto, (max-width: 560px) 100vw, 560px\" \/><\/p>\n<p style=\"text-align: center;\">Mural de les emocions. Activitat acabada i exposada a l&#8217;entrada de l&#8217;escola.<\/p>\n","protected":false},"excerpt":{"rendered":"<p>El sem\u00e0for forma part del projecte interdisciplinar del so que ha englobat moltes tasques escolars aquest curs 2019-2020. Educaci\u00f3 infantil A educaci\u00f3 infantil hem treballat el so a trav\u00e9s de la m\u00fasica, la pintura i les emocions. Durant el segon trimestre hem apr\u00e8s a descobrir les diferents qualitats del so a trav\u00e9s de la tecnologia, [&hellip;]<\/p>\n","protected":false},"author":3,"featured_media":0,"parent":21598,"menu_order":20,"comment_status":"closed","ping_status":"closed","template":"page-templates\/side-menu.php","meta":{"_bbp_topic_count":0,"_bbp_reply_count":0,"_bbp_total_topic_count":0,"_bbp_total_reply_count":0,"_bbp_voice_count":0,"_bbp_anonymous_reply_count":0,"_bbp_topic_count_hidden":0,"_bbp_reply_count_hidden":0,"_bbp_forum_subforum_count":0,"site-sidebar-layout":"default","site-content-layout":"","ast-site-content-layout":"","site-content-style":"default","site-sidebar-style":"default","ast-global-header-display":"","ast-banner-title-visibility":"","ast-main-header-display":"","ast-hfb-above-header-display":"","ast-hfb-below-header-display":"","ast-hfb-mobile-header-display":"","site-post-title":"","ast-breadcrumbs-content":"","ast-featured-img":"","footer-sml-layout":"","theme-transparent-header-meta":"","adv-header-id-meta":"","stick-header-meta":"","header-above-stick-meta":"","header-main-stick-meta":"","header-below-stick-meta":"","astra-migrate-meta-layouts":"default","ast-page-background-enabled":"default","ast-page-background-meta":{"desktop":{"background-color":"var(--ast-global-color-4)","background-image":"","background-repeat":"repeat","background-position":"center center","background-size":"auto","background-attachment":"scroll","background-type":"","background-media":"","overlay-type":"","overlay-color":"","overlay-opacity":"","overlay-gradient":""},"tablet":{"background-color":"","background-image":"","background-repeat":"repeat","background-position":"center center","background-size":"auto","background-attachment":"scroll","background-type":"","background-media":"","overlay-type":"","overlay-color":"","overlay-opacity":"","overlay-gradient":""},"mobile":{"background-color":"","background-image":"","background-repeat":"repeat","background-position":"center center","background-size":"auto","background-attachment":"scroll","background-type":"","background-media":"","overlay-type":"","overlay-color":"","overlay-opacity":"","overlay-gradient":""}},"ast-content-background-meta":{"desktop":{"background-color":"var(--ast-global-color-5)","background-image":"","background-repeat":"repeat","background-position":"center center","background-size":"auto","background-attachment":"scroll","background-type":"","background-media":"","overlay-type":"","overlay-color":"","overlay-opacity":"","overlay-gradient":""},"tablet":{"background-color":"var(--ast-global-color-5)","background-image":"","background-repeat":"repeat","background-position":"center center","background-size":"auto","background-attachment":"scroll","background-type":"","background-media":"","overlay-type":"","overlay-color":"","overlay-opacity":"","overlay-gradient":""},"mobile":{"background-color":"var(--ast-global-color-5)","background-image":"","background-repeat":"repeat","background-position":"center center","background-size":"auto","background-attachment":"scroll","background-type":"","background-media":"","overlay-type":"","overlay-color":"","overlay-opacity":"","overlay-gradient":""}},"footnotes":""},"class_list":["post-21717","page","type-page","status-publish","hentry"],"post_mailing_queue_ids":[],"_links":{"self":[{"href":"https:\/\/agora.xtec.cat\/escolasaavedra\/wp-json\/wp\/v2\/pages\/21717","targetHints":{"allow":["GET"]}}],"collection":[{"href":"https:\/\/agora.xtec.cat\/escolasaavedra\/wp-json\/wp\/v2\/pages"}],"about":[{"href":"https:\/\/agora.xtec.cat\/escolasaavedra\/wp-json\/wp\/v2\/types\/page"}],"author":[{"embeddable":true,"href":"https:\/\/agora.xtec.cat\/escolasaavedra\/wp-json\/wp\/v2\/users\/3"}],"replies":[{"embeddable":true,"href":"https:\/\/agora.xtec.cat\/escolasaavedra\/wp-json\/wp\/v2\/comments?post=21717"}],"version-history":[{"count":3,"href":"https:\/\/agora.xtec.cat\/escolasaavedra\/wp-json\/wp\/v2\/pages\/21717\/revisions"}],"predecessor-version":[{"id":22650,"href":"https:\/\/agora.xtec.cat\/escolasaavedra\/wp-json\/wp\/v2\/pages\/21717\/revisions\/22650"}],"up":[{"embeddable":true,"href":"https:\/\/agora.xtec.cat\/escolasaavedra\/wp-json\/wp\/v2\/pages\/21598"}],"wp:attachment":[{"href":"https:\/\/agora.xtec.cat\/escolasaavedra\/wp-json\/wp\/v2\/media?parent=21717"}],"curies":[{"name":"wp","href":"https:\/\/api.w.org\/{rel}","templated":true}]}}