{"id":21598,"date":"2020-06-02T22:21:53","date_gmt":"2020-06-02T20:21:53","guid":{"rendered":"https:\/\/agora.xtec.cat\/escolasaavedra\/?page_id=21598"},"modified":"2021-02-08T19:33:46","modified_gmt":"2021-02-08T18:33:46","slug":"semafor","status":"publish","type":"page","link":"https:\/\/agora.xtec.cat\/escolasaavedra\/semafor\/","title":{"rendered":"Projecte magnet del so: Un sem\u00e0for sonor"},"content":{"rendered":"<p><a href=\"https:\/\/agora.xtec.cat\/escolasaavedra\/semafor\/introduccio\/\">1.- Introducci\u00f3<\/a><br \/>\n<a href=\"https:\/\/agora.xtec.cat\/escolasaavedra\/semafor\/el-semafor-dins-el-projecte-interdisciplicar-del-so\/\">2.- El sem\u00e0for dins el projecte interdisciplicar del so<\/a><br \/>\n<a href=\"https:\/\/agora.xtec.cat\/escolasaavedra\/semafor\/material-necessari\/\">3.- Material necessari<\/a><br \/>\n<a href=\"https:\/\/agora.xtec.cat\/escolasaavedra\/semafor\/equipament-informatic\/\">4.- Equipament inform\u00e0tic<\/a><br \/>\n<a href=\"https:\/\/agora.xtec.cat\/escolasaavedra\/semafor\/material-opcional\/\">5.- Material opcional<\/a><br \/>\n<a href=\"https:\/\/agora.xtec.cat\/escolasaavedra\/semafor\/proces-de-creacio\/\">6.- Proc\u00e9s de creaci\u00f3<\/a><br \/>\n<a href=\"https:\/\/agora.xtec.cat\/escolasaavedra\/semafor\/crear-el-codi-de-programacio\/\">7.- Crear el codi de programaci\u00f3<\/a><\/p>\n<ul>\n<li style=\"list-style-type: none;\">\n<ul>\n<li style=\"list-style-type: none;\">\n<ul style=\"list-style-type: disc;\">\n<li><a href=\"https:\/\/agora.xtec.cat\/escolasaavedra\/semafor\/crear-el-codi-de-programacio\/crear-el-codi-amb-arduinoblocks\/\">7.1.- Crear el codi amb ArduinoBlocks<\/a> \u2192 Educativament la m\u00e9s interessant ja que proporciona la possibilitat de pensar i crear el codi amb les seves variables i funcions. Aquesta opci\u00f3 ofereix la possibilitat de individualitzar tot el proc\u00e9s.<\/li>\n<li><a href=\"https:\/\/agora.xtec.cat\/escolasaavedra\/semafor\/crear-el-codi-de-programacio\/carregar-el-programa-ino-a-la-placa-arduino\/\">7.2.- Carregar el programa .ino a la placa Arduino<\/a> \u2192 La m\u00e9s r\u00e0pida, on el codi ja est\u00e0 escrit i nom\u00e9s cal carregar-lo a la placa.<\/li>\n<\/ul>\n<\/li>\n<\/ul>\n<\/li>\n<\/ul>\n<p><a href=\"https:\/\/agora.xtec.cat\/escolasaavedra\/semafor\/usos-educatius-segons-ledat\/\">8.- Usos educatius segons l&#8217;edat<\/a><br \/>\n<a href=\"https:\/\/agora.xtec.cat\/escolasaavedra\/semafor\/descarregat-el-tutorial-en-pdf\/\">9.- Descarrega&#8217;t el tutorial en PDF<\/a><\/p>\n<table>\n<tbody>\n<tr>\n<td><img loading=\"lazy\" decoding=\"async\" class=\"size-large wp-image-21753 aligncenter\" src=\"https:\/\/agora.xtec.cat\/escolasaavedra\/wp-content\/uploads\/usu587\/2020\/06\/200610-Sem\u00e0for-sonor-1-e1591789047925-768x1024.jpg\" alt=\"\" width=\"768\" height=\"1024\" srcset=\"https:\/\/agora.xtec.cat\/escolasaavedra\/wp-content\/uploads\/usu587\/2020\/06\/200610-Sem\u00e0for-sonor-1-e1591789047925-768x1024.jpg 768w, https:\/\/agora.xtec.cat\/escolasaavedra\/wp-content\/uploads\/usu587\/2020\/06\/200610-Sem\u00e0for-sonor-1-e1591789047925-225x300.jpg 225w, https:\/\/agora.xtec.cat\/escolasaavedra\/wp-content\/uploads\/usu587\/2020\/06\/200610-Sem\u00e0for-sonor-1-e1591789047925.jpg 1512w\" sizes=\"auto, (max-width: 768px) 100vw, 768px\" \/><\/td>\n<td><img loading=\"lazy\" decoding=\"async\" class=\"size-large wp-image-21754 aligncenter\" src=\"https:\/\/agora.xtec.cat\/escolasaavedra\/wp-content\/uploads\/usu587\/2020\/06\/200610-Sem\u00e0for-sonor-2-1024x768.jpg\" alt=\"\" width=\"1024\" height=\"768\" srcset=\"https:\/\/agora.xtec.cat\/escolasaavedra\/wp-content\/uploads\/usu587\/2020\/06\/200610-Sem\u00e0for-sonor-2-1024x768.jpg 1024w, https:\/\/agora.xtec.cat\/escolasaavedra\/wp-content\/uploads\/usu587\/2020\/06\/200610-Sem\u00e0for-sonor-2-300x225.jpg 300w, https:\/\/agora.xtec.cat\/escolasaavedra\/wp-content\/uploads\/usu587\/2020\/06\/200610-Sem\u00e0for-sonor-2-768x576.jpg 768w, https:\/\/agora.xtec.cat\/escolasaavedra\/wp-content\/uploads\/usu587\/2020\/06\/200610-Sem\u00e0for-sonor-2-200x150.jpg 200w, https:\/\/agora.xtec.cat\/escolasaavedra\/wp-content\/uploads\/usu587\/2020\/06\/200610-Sem\u00e0for-sonor-2.jpg 2016w\" sizes=\"auto, (max-width: 1024px) 100vw, 1024px\" \/><\/td>\n<td><img loading=\"lazy\" decoding=\"async\" class=\"size-large wp-image-21755 aligncenter\" src=\"https:\/\/agora.xtec.cat\/escolasaavedra\/wp-content\/uploads\/usu587\/2020\/06\/200610-Sem\u00e0for-sonor-3-e1591789034940-768x1024.jpg\" alt=\"\" width=\"768\" height=\"1024\" srcset=\"https:\/\/agora.xtec.cat\/escolasaavedra\/wp-content\/uploads\/usu587\/2020\/06\/200610-Sem\u00e0for-sonor-3-e1591789034940-768x1024.jpg 768w, https:\/\/agora.xtec.cat\/escolasaavedra\/wp-content\/uploads\/usu587\/2020\/06\/200610-Sem\u00e0for-sonor-3-e1591789034940-225x300.jpg 225w, https:\/\/agora.xtec.cat\/escolasaavedra\/wp-content\/uploads\/usu587\/2020\/06\/200610-Sem\u00e0for-sonor-3-e1591789034940.jpg 1512w\" sizes=\"auto, (max-width: 768px) 100vw, 768px\" \/><\/td>\n<\/tr>\n<tr>\n<td style=\"text-align: center;\">Vista anterior<\/td>\n<td style=\"text-align: center;\">Vista interior<\/td>\n<td style=\"text-align: center;\">Vista posterior<\/td>\n<\/tr>\n<\/tbody>\n<\/table>\n","protected":false},"excerpt":{"rendered":"<p>1.- Introducci\u00f3 2.- El sem\u00e0for dins el projecte interdisciplicar del so 3.- Material necessari 4.- Equipament inform\u00e0tic 5.- Material opcional 6.- Proc\u00e9s de creaci\u00f3 7.- Crear el codi de programaci\u00f3 7.1.- Crear el codi amb ArduinoBlocks \u2192 Educativament la m\u00e9s interessant ja que proporciona la possibilitat de pensar i crear el codi amb les seves [&hellip;]<\/p>\n","protected":false},"author":3,"featured_media":0,"parent":0,"menu_order":0,"comment_status":"closed","ping_status":"closed","template":"page-templates\/side-menu.php","meta":{"_bbp_topic_count":0,"_bbp_reply_count":0,"_bbp_total_topic_count":0,"_bbp_total_reply_count":0,"_bbp_voice_count":0,"_bbp_anonymous_reply_count":0,"_bbp_topic_count_hidden":0,"_bbp_reply_count_hidden":0,"_bbp_forum_subforum_count":0,"site-sidebar-layout":"default","site-content-layout":"","ast-site-content-layout":"","site-content-style":"default","site-sidebar-style":"default","ast-global-header-display":"","ast-banner-title-visibility":"","ast-main-header-display":"","ast-hfb-above-header-display":"","ast-hfb-below-header-display":"","ast-hfb-mobile-header-display":"","site-post-title":"","ast-breadcrumbs-content":"","ast-featured-img":"","footer-sml-layout":"","theme-transparent-header-meta":"","adv-header-id-meta":"","stick-header-meta":"","header-above-stick-meta":"","header-main-stick-meta":"","header-below-stick-meta":"","astra-migrate-meta-layouts":"default","ast-page-background-enabled":"default","ast-page-background-meta":{"desktop":{"background-color":"var(--ast-global-color-4)","background-image":"","background-repeat":"repeat","background-position":"center center","background-size":"auto","background-attachment":"scroll","background-type":"","background-media":"","overlay-type":"","overlay-color":"","overlay-opacity":"","overlay-gradient":""},"tablet":{"background-color":"","background-image":"","background-repeat":"repeat","background-position":"center center","background-size":"auto","background-attachment":"scroll","background-type":"","background-media":"","overlay-type":"","overlay-color":"","overlay-opacity":"","overlay-gradient":""},"mobile":{"background-color":"","background-image":"","background-repeat":"repeat","background-position":"center center","background-size":"auto","background-attachment":"scroll","background-type":"","background-media":"","overlay-type":"","overlay-color":"","overlay-opacity":"","overlay-gradient":""}},"ast-content-background-meta":{"desktop":{"background-color":"var(--ast-global-color-5)","background-image":"","background-repeat":"repeat","background-position":"center center","background-size":"auto","background-attachment":"scroll","background-type":"","background-media":"","overlay-type":"","overlay-color":"","overlay-opacity":"","overlay-gradient":""},"tablet":{"background-color":"var(--ast-global-color-5)","background-image":"","background-repeat":"repeat","background-position":"center center","background-size":"auto","background-attachment":"scroll","background-type":"","background-media":"","overlay-type":"","overlay-color":"","overlay-opacity":"","overlay-gradient":""},"mobile":{"background-color":"var(--ast-global-color-5)","background-image":"","background-repeat":"repeat","background-position":"center center","background-size":"auto","background-attachment":"scroll","background-type":"","background-media":"","overlay-type":"","overlay-color":"","overlay-opacity":"","overlay-gradient":""}},"footnotes":""},"class_list":["post-21598","page","type-page","status-publish","hentry"],"post_mailing_queue_ids":[],"_links":{"self":[{"href":"https:\/\/agora.xtec.cat\/escolasaavedra\/wp-json\/wp\/v2\/pages\/21598","targetHints":{"allow":["GET"]}}],"collection":[{"href":"https:\/\/agora.xtec.cat\/escolasaavedra\/wp-json\/wp\/v2\/pages"}],"about":[{"href":"https:\/\/agora.xtec.cat\/escolasaavedra\/wp-json\/wp\/v2\/types\/page"}],"author":[{"embeddable":true,"href":"https:\/\/agora.xtec.cat\/escolasaavedra\/wp-json\/wp\/v2\/users\/3"}],"replies":[{"embeddable":true,"href":"https:\/\/agora.xtec.cat\/escolasaavedra\/wp-json\/wp\/v2\/comments?post=21598"}],"version-history":[{"count":4,"href":"https:\/\/agora.xtec.cat\/escolasaavedra\/wp-json\/wp\/v2\/pages\/21598\/revisions"}],"predecessor-version":[{"id":23233,"href":"https:\/\/agora.xtec.cat\/escolasaavedra\/wp-json\/wp\/v2\/pages\/21598\/revisions\/23233"}],"wp:attachment":[{"href":"https:\/\/agora.xtec.cat\/escolasaavedra\/wp-json\/wp\/v2\/media?parent=21598"}],"curies":[{"name":"wp","href":"https:\/\/api.w.org\/{rel}","templated":true}]}}