{"id":13713,"date":"2018-03-22T13:41:24","date_gmt":"2018-03-22T12:41:24","guid":{"rendered":"http:\/\/projectes.xtec.cat\/programacioirobotica\/?page_id=12527"},"modified":"2018-09-12T13:08:17","modified_gmt":"2018-09-12T11:08:17","slug":"m4-sessio10","status":"publish","type":"page","link":"https:\/\/agora.xtec.cat\/escolasaavedra\/curs-scratch-primaria\/modul-4-2\/m4-sessio10\/","title":{"rendered":"Sessi\u00f3 10. I ara acabem el nostre projecte"},"content":{"rendered":"<h2>Pla de treball<\/h2>\n<div style=\"padding-left: 50px;\">\n<ul>\n<li>Planificaci\u00f3 del projecte.<\/li>\n<li>Observaci\u00f3 d&#8217;exemples.<\/li>\n<\/ul>\n<\/div>\n<hr \/>\n<h2>Alguns exemples per inspirar-nos<\/h2>\n<p>Ha arribat el moment de dedicar-nos totalment al nostre repte final. Al llarg de totes les sessions heu anat fent la descripci\u00f3 i segur que ja heu comen\u00e7at a fer algunes de les parts.<\/p>\n<p>Per acabar-vos d&#8217;inspirar, aqu\u00ed teniu alguns exemples de programes amb viatges que us poden servir. Ja sabeu que podeu accedir als programes per veure com han utilitzat els blocs i quines estructures de programaci\u00f3 han emprat.<\/p>\n<p>I sobre tot, jugueu, \u00e9s la forma d&#8217;entendre com funcionen !!<\/p>\n<p><iframe loading=\"lazy\" class=\"aligncenter\" src=\"\/\/scratch.mit.edu\/projects\/embed\/88002322\/?autostart=false\" width=\"485\" height=\"402\" frameborder=\"0\" allowfullscreen=\"allowfullscreen\"><\/iframe><\/p>\n<p><iframe loading=\"lazy\" class=\"aligncenter\" src=\"\/\/scratch.mit.edu\/projects\/embed\/128060201\/?autostart=false\" width=\"485\" height=\"402\" frameborder=\"0\" allowfullscreen=\"allowfullscreen\"><\/iframe><\/p>\n<div style=\"padding-left: 50px;\"><\/div>\n","protected":false},"excerpt":{"rendered":"<p>Pla de treball Planificaci\u00f3 del projecte. Observaci\u00f3 d&#8217;exemples. Alguns exemples per inspirar-nos Ha arribat el moment de dedicar-nos totalment al nostre repte final. Al llarg de totes les sessions heu anat fent la descripci\u00f3 i segur que ja heu comen\u00e7at a fer algunes de les parts. Per acabar-vos d&#8217;inspirar, aqu\u00ed teniu alguns exemples de programes [&hellip;]<\/p>\n","protected":false},"author":86,"featured_media":0,"parent":13716,"menu_order":10,"comment_status":"closed","ping_status":"closed","template":"page-templates\/side-menu.php","meta":{"_bbp_topic_count":0,"_bbp_reply_count":0,"_bbp_total_topic_count":0,"_bbp_total_reply_count":0,"_bbp_voice_count":0,"_bbp_anonymous_reply_count":0,"_bbp_topic_count_hidden":0,"_bbp_reply_count_hidden":0,"_bbp_forum_subforum_count":0,"site-sidebar-layout":"default","site-content-layout":"","ast-site-content-layout":"","site-content-style":"default","site-sidebar-style":"default","ast-global-header-display":"","ast-banner-title-visibility":"","ast-main-header-display":"","ast-hfb-above-header-display":"","ast-hfb-below-header-display":"","ast-hfb-mobile-header-display":"","site-post-title":"","ast-breadcrumbs-content":"","ast-featured-img":"","footer-sml-layout":"","theme-transparent-header-meta":"","adv-header-id-meta":"","stick-header-meta":"","header-above-stick-meta":"","header-main-stick-meta":"","header-below-stick-meta":"","astra-migrate-meta-layouts":"default","ast-page-background-enabled":"default","ast-page-background-meta":{"desktop":{"background-color":"var(--ast-global-color-4)","background-image":"","background-repeat":"repeat","background-position":"center center","background-size":"auto","background-attachment":"scroll","background-type":"","background-media":"","overlay-type":"","overlay-color":"","overlay-opacity":"","overlay-gradient":""},"tablet":{"background-color":"","background-image":"","background-repeat":"repeat","background-position":"center center","background-size":"auto","background-attachment":"scroll","background-type":"","background-media":"","overlay-type":"","overlay-color":"","overlay-opacity":"","overlay-gradient":""},"mobile":{"background-color":"","background-image":"","background-repeat":"repeat","background-position":"center center","background-size":"auto","background-attachment":"scroll","background-type":"","background-media":"","overlay-type":"","overlay-color":"","overlay-opacity":"","overlay-gradient":""}},"ast-content-background-meta":{"desktop":{"background-color":"var(--ast-global-color-5)","background-image":"","background-repeat":"repeat","background-position":"center center","background-size":"auto","background-attachment":"scroll","background-type":"","background-media":"","overlay-type":"","overlay-color":"","overlay-opacity":"","overlay-gradient":""},"tablet":{"background-color":"var(--ast-global-color-5)","background-image":"","background-repeat":"repeat","background-position":"center center","background-size":"auto","background-attachment":"scroll","background-type":"","background-media":"","overlay-type":"","overlay-color":"","overlay-opacity":"","overlay-gradient":""},"mobile":{"background-color":"var(--ast-global-color-5)","background-image":"","background-repeat":"repeat","background-position":"center center","background-size":"auto","background-attachment":"scroll","background-type":"","background-media":"","overlay-type":"","overlay-color":"","overlay-opacity":"","overlay-gradient":""}},"footnotes":""},"class_list":["post-13713","page","type-page","status-publish","hentry"],"post_mailing_queue_ids":[],"_links":{"self":[{"href":"https:\/\/agora.xtec.cat\/escolasaavedra\/wp-json\/wp\/v2\/pages\/13713","targetHints":{"allow":["GET"]}}],"collection":[{"href":"https:\/\/agora.xtec.cat\/escolasaavedra\/wp-json\/wp\/v2\/pages"}],"about":[{"href":"https:\/\/agora.xtec.cat\/escolasaavedra\/wp-json\/wp\/v2\/types\/page"}],"author":[{"embeddable":true,"href":"https:\/\/agora.xtec.cat\/escolasaavedra\/wp-json\/wp\/v2\/users\/86"}],"replies":[{"embeddable":true,"href":"https:\/\/agora.xtec.cat\/escolasaavedra\/wp-json\/wp\/v2\/comments?post=13713"}],"version-history":[{"count":1,"href":"https:\/\/agora.xtec.cat\/escolasaavedra\/wp-json\/wp\/v2\/pages\/13713\/revisions"}],"predecessor-version":[{"id":13743,"href":"https:\/\/agora.xtec.cat\/escolasaavedra\/wp-json\/wp\/v2\/pages\/13713\/revisions\/13743"}],"up":[{"embeddable":true,"href":"https:\/\/agora.xtec.cat\/escolasaavedra\/wp-json\/wp\/v2\/pages\/13716"}],"wp:attachment":[{"href":"https:\/\/agora.xtec.cat\/escolasaavedra\/wp-json\/wp\/v2\/media?parent=13713"}],"curies":[{"name":"wp","href":"https:\/\/api.w.org\/{rel}","templated":true}]}}