{"id":9,"date":"2021-05-31T16:00:18","date_gmt":"2021-05-31T14:00:18","guid":{"rendered":"http:\/\/agora.xtec.cat\/escolaruizamado\/?page_id=9"},"modified":"2026-02-27T15:37:51","modified_gmt":"2026-02-27T14:37:51","slug":"pagina-dinici-buida","status":"publish","type":"page","link":"https:\/\/agora.xtec.cat\/escolaruizamado\/","title":{"rendered":"Not\u00edcies"},"content":{"rendered":"<div class=\"engrandeix img;\">\n<h3 style=\"text-align: center;\">PREINSCRIPCI\u00d3 I MATR\u00cdCULA CURS 2026-2027<\/h3>\n<p style=\"text-align: center;\">Adre\u00e7at a fam\u00edlies de nova matr\u00edcula pel curs 2026-2027 des de I3 fins a 6\u00e8. Els\/les alumnes que ja estan al centre NO han de fer preinscripci\u00f3.<\/p>\n<p><a href=\"https:\/\/preinscripcio.gencat.cat\/ca\/inici\/\" target=\"_blank\" rel=\"noopener noreferrer\">ENLLA\u00c7 INFORMACI\u00d3 PREINSCRIPCI\u00d3. DEPARTAMENT EDUCACI\u00d3.<\/a><br \/>\n<a href=\"https:\/\/www.castello.cat\/wp-content\/uploads\/2026\/02\/PREINSCRIPCIO-ESCOLAR-2026-3.pdf\" target=\"_blank\" rel=\"noopener\">PRESENTACI\u00d3 DE LA SESSI\u00d3 INFORMATIVA. AJUNTAMENT DE CASTELL\u00d3 D\u2019EMP\u00daRIES<\/a><\/p>\n<h4 style=\"text-align: center;\"><strong>CALENDARI I TERMINIS DE LA PREINSCRIPCI\u00d3 I LA MATR\u00cdCULA PEL CURS 2026-2027<\/strong><\/h4>\n<table style=\"width: 100%;\">\n<tbody>\n<tr>\n<td style=\"width: 17.8545%;\"><strong>3 de mar\u00e7<\/strong><\/td>\n<td style=\"width: 82.072%;\"><strong>Oferta inicial\u00a0<\/strong>de places. Publicaci\u00f3 del nombre de places escolars per centre i curs previst.<\/td>\n<\/tr>\n<tr>\n<td style=\"width: 17.8545%;\"><strong>Del 4 al 18 de mar\u00e7<\/strong><\/td>\n<td style=\"width: 82.072%;\">Per\u00edode de\u00a0<strong>presentaci\u00f3 de sol\u00b7licituds\u00a0<\/strong>d\u2019educaci\u00f3 infantil i prim\u00e0ria.<br \/>\nLes sol\u00b7licituds de preinscripci\u00f3 es faran per via telem\u00e0tica al web:<br \/>\n<a href=\"https:\/\/preinscripcio.gencat.cat\/ca\/inici\/\">https:\/\/preinscripcio.gencat.cat\/ca\/inici\/<\/a><\/td>\n<\/tr>\n<tr>\n<td style=\"width: 17.8545%;\"><strong>\u00a0<\/strong><strong>Fins a 19 de mar\u00e7<\/strong><\/td>\n<td style=\"width: 82.072%;\"><strong>Presentaci\u00f3 de documentaci\u00f3<\/strong>. Data l\u00edmit per a presentar documentaci\u00f3 acreditativa que no s\u2019hagi pogut adjuntar durant el per\u00edode de presentaci\u00f3 de sol\u00b7licituds.<\/td>\n<\/tr>\n<tr>\n<td style=\"width: 17.8545%;\"><strong>15 d\u2019abril<\/strong><\/td>\n<td style=\"width: 82.072%;\"><strong>Publicaci\u00f3\u00a0<\/strong>de la llista de sol\u00b7licituds amb la\u00a0<strong>puntuaci\u00f3 provisional<\/strong>.<\/td>\n<\/tr>\n<tr>\n<td style=\"width: 17.8545%;\"><strong>\u00a0<\/strong><strong>Del 15 al 20 d\u2019abril<\/strong><\/td>\n<td style=\"width: 82.072%;\"><strong>Presentaci\u00f3 de reclamacions<\/strong>. Si es detecta alguna possible errada en la puntuaci\u00f3 assignada, durant aquest per\u00edode es pot presentar una reclamaci\u00f3.<\/td>\n<\/tr>\n<tr>\n<td style=\"width: 17.8545%;\"><strong>\u00a0<\/strong><strong>23 d\u2019abril<br \/>\n<\/strong><\/td>\n<td style=\"width: 82.072%;\">Un cop resoltes totes les reclamacions, es publica la llista de sol\u00b7licituds amb la\u00a0<strong>puntuaci\u00f3 definitiva\u00a0<\/strong>i el n\u00famero de desempat si s\u2019escau.<\/td>\n<\/tr>\n<tr>\n<td style=\"width: 17.8545%;\"><strong>28 d\u2019abril<br \/>\n<\/strong><\/td>\n<td style=\"width: 82.072%;\"><strong>Sorteig\u00a0<\/strong>per resoldre l\u2019empat en les puntuacions. Quan hi ha algunes sol\u00b7licituds amb la mateixa puntuaci\u00f3, s\u2019utilitza el sorteig com a eina de desempat.<\/td>\n<\/tr>\n<tr>\n<td style=\"width: 17.8545%;\"><strong>29 d\u2019abril<br \/>\n<\/strong><\/td>\n<td style=\"width: 82.072%;\"><strong>Publicaci\u00f3 de la llista ordenada\u00a0<\/strong>un cop ateses les reclamacions i el sorteig en casos d\u2019empat.<\/td>\n<\/tr>\n<tr>\n<td style=\"width: 17.8545%;\"><strong>Del 13 al 14 de maig (alumnat NEE B)<\/strong><\/p>\n<p>De l\u20191 al 3 de juny (alumnat ordinari)<\/td>\n<td style=\"width: 82.072%;\"><strong>Ampliaci\u00f3 de peticions\u00a0<\/strong>de preinscripci\u00f3. Aquells alumnes que hagin quedat sense una pla\u00e7a assignada a cap centre i han marcat la petici\u00f3 d\u2019assignaci\u00f3 d\u2019ofici a la sol\u00b7licitud, durant aquest per\u00edode, es podr\u00e0 ampliar la petici\u00f3 de centres respecte a la sol\u00b7licitud general.<\/td>\n<\/tr>\n<tr>\n<td style=\"width: 17.8545%;\"><strong>10 de juny<\/strong><\/td>\n<td style=\"width: 82.072%;\"><strong>Oferta final\u00a0<\/strong>de places. Publicaci\u00f3 del nombre de places escolars per centre i curs definitives i publicaci\u00f3 de la llista d\u2019<strong>alumnes admesos\u00a0<\/strong>i la\u00a0<strong>llista d\u2019espera<\/strong>.<\/td>\n<\/tr>\n<tr>\n<td style=\"width: 17.8545%;\"><strong>Del 10 al 12 de juny<br \/>\n<\/strong><\/td>\n<td style=\"width: 82.072%;\"><strong>Presentaci\u00f3 de reclamacions<\/strong>. Per\u00edode per interposar reclamacions a les llistes d\u2019alumnes amb pla\u00e7a assignada davant de la Comissi\u00f3 de Garanties d\u2019Admissi\u00f3.<\/td>\n<\/tr>\n<tr>\n<td style=\"width: 17.8545%;\"><strong><br \/>\n<\/strong><strong>Del 22 al 30 de juny<br \/>\n<\/strong><\/td>\n<td style=\"width: 82.072%;\"><strong>Per\u00edode de matr\u00edcula<\/strong>. Un cop es publica el llistat d\u2019alumnes admesos a cada centre, s\u2019inicia el per\u00edode de matriculaci\u00f3. En cas que no es realitzi la matr\u00edcula en aquest per\u00edode es perd la pla\u00e7a.<\/td>\n<\/tr>\n<\/tbody>\n<\/table>\n<p>&nbsp;<\/p>\n<table style=\"height: 186px; width: 100%; border-collapse: collapse; border-style: none;\">\n<tbody>\n<tr style=\"height: 186px;\">\n<td style=\"width: 20%; height: 93px; border-style: hidden; background-color: #ececec;\"><a href=\"https:\/\/agora.xtec.cat\/escolaruizamado\/categoria\/ambients-daprenentatge\/\" target=\"_blank\" rel=\"noopener\"><img loading=\"lazy\" decoding=\"async\" class=\"alignnone wp-image-5905 size-medium\" src=\"https:\/\/agora.xtec.cat\/escolaruizamado\/wp-content\/uploads\/usu935\/2023\/04\/Copia-de-MANUAL-ACOLLIDA-FAMILIES-300x300.png\" alt=\"\" width=\"300\" height=\"300\" srcset=\"https:\/\/agora.xtec.cat\/escolaruizamado\/wp-content\/uploads\/usu935\/2023\/04\/Copia-de-MANUAL-ACOLLIDA-FAMILIES-300x300.png 300w, https:\/\/agora.xtec.cat\/escolaruizamado\/wp-content\/uploads\/usu935\/2023\/04\/Copia-de-MANUAL-ACOLLIDA-FAMILIES-1024x1024.png 1024w, https:\/\/agora.xtec.cat\/escolaruizamado\/wp-content\/uploads\/usu935\/2023\/04\/Copia-de-MANUAL-ACOLLIDA-FAMILIES-150x150.png 150w, https:\/\/agora.xtec.cat\/escolaruizamado\/wp-content\/uploads\/usu935\/2023\/04\/Copia-de-MANUAL-ACOLLIDA-FAMILIES-768x768.png 768w, https:\/\/agora.xtec.cat\/escolaruizamado\/wp-content\/uploads\/usu935\/2023\/04\/Copia-de-MANUAL-ACOLLIDA-FAMILIES.png 1080w\" sizes=\"auto, (max-width: 300px) 100vw, 300px\" \/><\/a><\/td>\n<td style=\"width: 20%; height: 93px; border-style: hidden; background-color: #ececec;\"><a href=\"https:\/\/agora.xtec.cat\/escolaruizamado\/activitats-escolars\/estrategia-digital-de-centre\/\" target=\"_blank\" rel=\"noopener\"><img loading=\"lazy\" decoding=\"async\" class=\"alignnone wp-image-5901 size-medium\" style=\"background-color: #f9f9f9;\" src=\"https:\/\/agora.xtec.cat\/escolaruizamado\/wp-content\/uploads\/usu935\/2023\/04\/Copia-de-Copia-de-Xarxa-de-Competencies-basiques-300x300.png\" alt=\"\" width=\"300\" height=\"300\" srcset=\"https:\/\/agora.xtec.cat\/escolaruizamado\/wp-content\/uploads\/usu935\/2023\/04\/Copia-de-Copia-de-Xarxa-de-Competencies-basiques-300x300.png 300w, https:\/\/agora.xtec.cat\/escolaruizamado\/wp-content\/uploads\/usu935\/2023\/04\/Copia-de-Copia-de-Xarxa-de-Competencies-basiques-1024x1024.png 1024w, https:\/\/agora.xtec.cat\/escolaruizamado\/wp-content\/uploads\/usu935\/2023\/04\/Copia-de-Copia-de-Xarxa-de-Competencies-basiques-150x150.png 150w, https:\/\/agora.xtec.cat\/escolaruizamado\/wp-content\/uploads\/usu935\/2023\/04\/Copia-de-Copia-de-Xarxa-de-Competencies-basiques-768x768.png 768w, https:\/\/agora.xtec.cat\/escolaruizamado\/wp-content\/uploads\/usu935\/2023\/04\/Copia-de-Copia-de-Xarxa-de-Competencies-basiques.png 1080w\" sizes=\"auto, (max-width: 300px) 100vw, 300px\" \/><\/a><\/td>\n<td style=\"width: 20%; height: 93px; border-style: hidden; background-color: #ececec;\"><a href=\"https:\/\/agora.xtec.cat\/escolaruizamado\/activitats\/activitats-escolars\/aula-atelier-educacio-visual-i-plastica\/\" target=\"_blank\" rel=\"noopener\"><img loading=\"lazy\" decoding=\"async\" class=\"alignnone wp-image-5921 size-medium\" src=\"https:\/\/agora.xtec.cat\/escolaruizamado\/wp-content\/uploads\/usu935\/2023\/04\/EVP-Atelier-300x300.png\" alt=\"\" width=\"300\" height=\"300\" srcset=\"https:\/\/agora.xtec.cat\/escolaruizamado\/wp-content\/uploads\/usu935\/2023\/04\/EVP-Atelier-300x300.png 300w, https:\/\/agora.xtec.cat\/escolaruizamado\/wp-content\/uploads\/usu935\/2023\/04\/EVP-Atelier-1024x1024.png 1024w, https:\/\/agora.xtec.cat\/escolaruizamado\/wp-content\/uploads\/usu935\/2023\/04\/EVP-Atelier-150x150.png 150w, https:\/\/agora.xtec.cat\/escolaruizamado\/wp-content\/uploads\/usu935\/2023\/04\/EVP-Atelier-768x768.png 768w, https:\/\/agora.xtec.cat\/escolaruizamado\/wp-content\/uploads\/usu935\/2023\/04\/EVP-Atelier.png 1080w\" sizes=\"auto, (max-width: 300px) 100vw, 300px\" \/><\/a><\/td>\n<td style=\"width: 20%; height: 93px; border-style: hidden; background-color: #ececec;\"><a href=\"https:\/\/agora.xtec.cat\/escolaruizamado\/activitats-escolars\/projecte-ubinding\/\" target=\"_blank\" rel=\"noopener\"><img loading=\"lazy\" decoding=\"async\" class=\"alignnone wp-image-5924 size-medium\" src=\"https:\/\/agora.xtec.cat\/escolaruizamado\/wp-content\/uploads\/usu935\/2023\/04\/Projecte-UBindiing-300x300.png\" alt=\"\" width=\"300\" height=\"300\" srcset=\"https:\/\/agora.xtec.cat\/escolaruizamado\/wp-content\/uploads\/usu935\/2023\/04\/Projecte-UBindiing-300x300.png 300w, https:\/\/agora.xtec.cat\/escolaruizamado\/wp-content\/uploads\/usu935\/2023\/04\/Projecte-UBindiing-1024x1024.png 1024w, https:\/\/agora.xtec.cat\/escolaruizamado\/wp-content\/uploads\/usu935\/2023\/04\/Projecte-UBindiing-150x150.png 150w, https:\/\/agora.xtec.cat\/escolaruizamado\/wp-content\/uploads\/usu935\/2023\/04\/Projecte-UBindiing-768x768.png 768w, https:\/\/agora.xtec.cat\/escolaruizamado\/wp-content\/uploads\/usu935\/2023\/04\/Projecte-UBindiing.png 1080w\" sizes=\"auto, (max-width: 300px) 100vw, 300px\" \/><\/a><\/td>\n<td style=\"width: 20%; height: 93px; border-style: hidden; background-color: #ececec;\"><a href=\"https:\/\/agora.xtec.cat\/escolaruizamado\/activitats\/activitats-escolars\/projecte-cantania\/\" target=\"_blank\" rel=\"noopener\"><img loading=\"lazy\" decoding=\"async\" class=\"alignnone wp-image-5904 size-medium\" src=\"https:\/\/agora.xtec.cat\/escolaruizamado\/wp-content\/uploads\/usu935\/2023\/04\/CANTANIA-300x300.png\" alt=\"\" width=\"300\" height=\"300\" srcset=\"https:\/\/agora.xtec.cat\/escolaruizamado\/wp-content\/uploads\/usu935\/2023\/04\/CANTANIA-300x300.png 300w, https:\/\/agora.xtec.cat\/escolaruizamado\/wp-content\/uploads\/usu935\/2023\/04\/CANTANIA-1024x1024.png 1024w, https:\/\/agora.xtec.cat\/escolaruizamado\/wp-content\/uploads\/usu935\/2023\/04\/CANTANIA-150x150.png 150w, https:\/\/agora.xtec.cat\/escolaruizamado\/wp-content\/uploads\/usu935\/2023\/04\/CANTANIA-768x768.png 768w, https:\/\/agora.xtec.cat\/escolaruizamado\/wp-content\/uploads\/usu935\/2023\/04\/CANTANIA.png 1080w\" sizes=\"auto, (max-width: 300px) 100vw, 300px\" \/><\/a><\/td>\n<\/tr>\n<tr style=\"height: 186px;\">\n<td style=\"width: 20%; height: 93px; border-style: hidden; background-color: #ececec;\"><a href=\"https:\/\/agora.xtec.cat\/escolaruizamado\/activitats\/activitats-esportives\/rodajoc\/\" target=\"_blank\" rel=\"noopener\"><img loading=\"lazy\" decoding=\"async\" class=\"alignnone wp-image-5915 size-medium\" src=\"https:\/\/agora.xtec.cat\/escolaruizamado\/wp-content\/uploads\/usu935\/2023\/04\/Rodajoc-300x300.png\" alt=\"\" width=\"300\" height=\"300\" srcset=\"https:\/\/agora.xtec.cat\/escolaruizamado\/wp-content\/uploads\/usu935\/2023\/04\/Rodajoc-300x300.png 300w, https:\/\/agora.xtec.cat\/escolaruizamado\/wp-content\/uploads\/usu935\/2023\/04\/Rodajoc-1024x1024.png 1024w, https:\/\/agora.xtec.cat\/escolaruizamado\/wp-content\/uploads\/usu935\/2023\/04\/Rodajoc-150x150.png 150w, https:\/\/agora.xtec.cat\/escolaruizamado\/wp-content\/uploads\/usu935\/2023\/04\/Rodajoc-768x768.png 768w, https:\/\/agora.xtec.cat\/escolaruizamado\/wp-content\/uploads\/usu935\/2023\/04\/Rodajoc.png 1080w\" sizes=\"auto, (max-width: 300px) 100vw, 300px\" \/><\/a><\/td>\n<td style=\"width: 20%; height: 93px; border-style: hidden; background-color: #ececec;\"><a href=\"https:\/\/agora.xtec.cat\/escolaruizamado\/activitats-escolars\/setmana-de-lesport\/\"><img loading=\"lazy\" decoding=\"async\" class=\"alignnone wp-image-5914 size-medium\" src=\"https:\/\/agora.xtec.cat\/escolaruizamado\/wp-content\/uploads\/usu935\/2023\/04\/Setmana-de-lEsport-1-300x300.png\" alt=\"\" width=\"300\" height=\"300\" srcset=\"https:\/\/agora.xtec.cat\/escolaruizamado\/wp-content\/uploads\/usu935\/2023\/04\/Setmana-de-lEsport-1-300x300.png 300w, https:\/\/agora.xtec.cat\/escolaruizamado\/wp-content\/uploads\/usu935\/2023\/04\/Setmana-de-lEsport-1-1024x1024.png 1024w, https:\/\/agora.xtec.cat\/escolaruizamado\/wp-content\/uploads\/usu935\/2023\/04\/Setmana-de-lEsport-1-150x150.png 150w, https:\/\/agora.xtec.cat\/escolaruizamado\/wp-content\/uploads\/usu935\/2023\/04\/Setmana-de-lEsport-1-768x768.png 768w, https:\/\/agora.xtec.cat\/escolaruizamado\/wp-content\/uploads\/usu935\/2023\/04\/Setmana-de-lEsport-1.png 1080w\" sizes=\"auto, (max-width: 300px) 100vw, 300px\" \/><\/a><\/td>\n<td style=\"width: 20%; height: 93px; border-style: hidden; background-color: #ececec;\"><a href=\"https:\/\/agora.xtec.cat\/escolaruizamado\/activitats\/activitats-esportives\/curset-de-piscina\/\" target=\"_blank\" rel=\"noopener\"><img loading=\"lazy\" decoding=\"async\" class=\"alignnone wp-image-5916 size-medium\" src=\"https:\/\/agora.xtec.cat\/escolaruizamado\/wp-content\/uploads\/usu935\/2023\/04\/Pisciona-300x300.png\" alt=\"\" width=\"300\" height=\"300\" srcset=\"https:\/\/agora.xtec.cat\/escolaruizamado\/wp-content\/uploads\/usu935\/2023\/04\/Pisciona-300x300.png 300w, https:\/\/agora.xtec.cat\/escolaruizamado\/wp-content\/uploads\/usu935\/2023\/04\/Pisciona-1024x1024.png 1024w, https:\/\/agora.xtec.cat\/escolaruizamado\/wp-content\/uploads\/usu935\/2023\/04\/Pisciona-150x150.png 150w, https:\/\/agora.xtec.cat\/escolaruizamado\/wp-content\/uploads\/usu935\/2023\/04\/Pisciona-768x768.png 768w, https:\/\/agora.xtec.cat\/escolaruizamado\/wp-content\/uploads\/usu935\/2023\/04\/Pisciona.png 1080w\" sizes=\"auto, (max-width: 300px) 100vw, 300px\" \/><\/a><\/td>\n<td style=\"width: 20%; height: 93px; border-style: hidden; background-color: #ececec;\"><a href=\"https:\/\/agora.xtec.cat\/escolaruizamado\/activitats-escolars\/esport-blau-escolar\/\"><img loading=\"lazy\" decoding=\"async\" class=\"alignnone wp-image-5918 size-medium\" src=\"https:\/\/agora.xtec.cat\/escolaruizamado\/wp-content\/uploads\/usu935\/2023\/04\/Vela-300x300.png\" alt=\"\" width=\"300\" height=\"300\" srcset=\"https:\/\/agora.xtec.cat\/escolaruizamado\/wp-content\/uploads\/usu935\/2023\/04\/Vela-300x300.png 300w, https:\/\/agora.xtec.cat\/escolaruizamado\/wp-content\/uploads\/usu935\/2023\/04\/Vela-1024x1024.png 1024w, https:\/\/agora.xtec.cat\/escolaruizamado\/wp-content\/uploads\/usu935\/2023\/04\/Vela-150x150.png 150w, https:\/\/agora.xtec.cat\/escolaruizamado\/wp-content\/uploads\/usu935\/2023\/04\/Vela-768x768.png 768w, https:\/\/agora.xtec.cat\/escolaruizamado\/wp-content\/uploads\/usu935\/2023\/04\/Vela.png 1080w\" sizes=\"auto, (max-width: 300px) 100vw, 300px\" \/><\/a><\/td>\n<td style=\"width: 20%; height: 93px; border-style: hidden; background-color: #ececec;\"><a href=\"https:\/\/serveiseducatius.xtec.cat\/altemporda\/categoria\/xarxa-escoles-aiguamolls-emporda\/\"><img loading=\"lazy\" decoding=\"async\" class=\"alignnone wp-image-6644 size-full\" src=\"https:\/\/agora.xtec.cat\/escolaruizamado\/wp-content\/uploads\/usu935\/2025\/10\/Quadrat-boto-SE.png\" alt=\"\" width=\"465\" height=\"466\" srcset=\"https:\/\/agora.xtec.cat\/escolaruizamado\/wp-content\/uploads\/usu935\/2025\/10\/Quadrat-boto-SE.png 465w, https:\/\/agora.xtec.cat\/escolaruizamado\/wp-content\/uploads\/usu935\/2025\/10\/Quadrat-boto-SE-300x300.png 300w, https:\/\/agora.xtec.cat\/escolaruizamado\/wp-content\/uploads\/usu935\/2025\/10\/Quadrat-boto-SE-150x150.png 150w\" sizes=\"auto, (max-width: 465px) 100vw, 465px\" \/><\/a><\/td>\n<\/tr>\n<\/tbody>\n<\/table>\n<p style=\"text-align: justify;\">\n<\/div>\n","protected":false},"excerpt":{"rendered":"<p>PREINSCRIPCI\u00d3 I MATR\u00cdCULA CURS 2026-2027 Adre\u00e7at a fam\u00edlies de nova matr\u00edcula pel curs 2026-2027 des de I3 fins a 6\u00e8. Els\/les alumnes que ja estan al centre NO han de fer preinscripci\u00f3. ENLLA\u00c7 INFORMACI\u00d3 PREINSCRIPCI\u00d3. DEPARTAMENT EDUCACI\u00d3. PRESENTACI\u00d3 DE LA SESSI\u00d3 INFORMATIVA. AJUNTAMENT DE CASTELL\u00d3 D\u2019EMP\u00daRIES CALENDARI I TERMINIS DE LA PREINSCRIPCI\u00d3 I LA MATR\u00cdCULA [&hellip;]<\/p>\n","protected":false},"author":1,"featured_media":0,"parent":0,"menu_order":0,"comment_status":"closed","ping_status":"closed","template":"","meta":{"_bbp_topic_count":0,"_bbp_reply_count":0,"_bbp_total_topic_count":0,"_bbp_total_reply_count":0,"_bbp_voice_count":0,"_bbp_anonymous_reply_count":0,"_bbp_topic_count_hidden":0,"_bbp_reply_count_hidden":0,"_bbp_forum_subforum_count":0,"site-sidebar-layout":"default","site-content-layout":"","ast-site-content-layout":"default","site-content-style":"default","site-sidebar-style":"default","ast-global-header-display":"","ast-banner-title-visibility":"","ast-main-header-display":"","ast-hfb-above-header-display":"","ast-hfb-below-header-display":"","ast-hfb-mobile-header-display":"","site-post-title":"","ast-breadcrumbs-content":"","ast-featured-img":"","footer-sml-layout":"","theme-transparent-header-meta":"default","adv-header-id-meta":"","stick-header-meta":"","header-above-stick-meta":"","header-main-stick-meta":"","header-below-stick-meta":"","astra-migrate-meta-layouts":"set","ast-page-background-enabled":"default","ast-page-background-meta":{"desktop":{"background-color":"var(--ast-global-color-4)","background-image":"","background-repeat":"repeat","background-position":"center center","background-size":"auto","background-attachment":"scroll","background-type":"","background-media":"","overlay-type":"","overlay-color":"","overlay-opacity":"","overlay-gradient":""},"tablet":{"background-color":"","background-image":"","background-repeat":"repeat","background-position":"center center","background-size":"auto","background-attachment":"scroll","background-type":"","background-media":"","overlay-type":"","overlay-color":"","overlay-opacity":"","overlay-gradient":""},"mobile":{"background-color":"","background-image":"","background-repeat":"repeat","background-position":"center center","background-size":"auto","background-attachment":"scroll","background-type":"","background-media":"","overlay-type":"","overlay-color":"","overlay-opacity":"","overlay-gradient":""}},"ast-content-background-meta":{"desktop":{"background-color":"var(--ast-global-color-5)","background-image":"","background-repeat":"repeat","background-position":"center center","background-size":"auto","background-attachment":"scroll","background-type":"","background-media":"","overlay-type":"","overlay-color":"","overlay-opacity":"","overlay-gradient":""},"tablet":{"background-color":"var(--ast-global-color-5)","background-image":"","background-repeat":"repeat","background-position":"center center","background-size":"auto","background-attachment":"scroll","background-type":"","background-media":"","overlay-type":"","overlay-color":"","overlay-opacity":"","overlay-gradient":""},"mobile":{"background-color":"var(--ast-global-color-5)","background-image":"","background-repeat":"repeat","background-position":"center center","background-size":"auto","background-attachment":"scroll","background-type":"","background-media":"","overlay-type":"","overlay-color":"","overlay-opacity":"","overlay-gradient":""}},"footnotes":""},"class_list":["post-9","page","type-page","status-publish","hentry"],"post_mailing_queue_ids":[],"_links":{"self":[{"href":"https:\/\/agora.xtec.cat\/escolaruizamado\/wp-json\/wp\/v2\/pages\/9","targetHints":{"allow":["GET"]}}],"collection":[{"href":"https:\/\/agora.xtec.cat\/escolaruizamado\/wp-json\/wp\/v2\/pages"}],"about":[{"href":"https:\/\/agora.xtec.cat\/escolaruizamado\/wp-json\/wp\/v2\/types\/page"}],"author":[{"embeddable":true,"href":"https:\/\/agora.xtec.cat\/escolaruizamado\/wp-json\/wp\/v2\/users\/1"}],"replies":[{"embeddable":true,"href":"https:\/\/agora.xtec.cat\/escolaruizamado\/wp-json\/wp\/v2\/comments?post=9"}],"version-history":[{"count":8,"href":"https:\/\/agora.xtec.cat\/escolaruizamado\/wp-json\/wp\/v2\/pages\/9\/revisions"}],"predecessor-version":[{"id":6692,"href":"https:\/\/agora.xtec.cat\/escolaruizamado\/wp-json\/wp\/v2\/pages\/9\/revisions\/6692"}],"wp:attachment":[{"href":"https:\/\/agora.xtec.cat\/escolaruizamado\/wp-json\/wp\/v2\/media?parent=9"}],"curies":[{"name":"wp","href":"https:\/\/api.w.org\/{rel}","templated":true}]}}