{"id":84,"date":"2014-09-18T14:11:31","date_gmt":"2014-09-18T13:11:31","guid":{"rendered":"http:\/\/agora.xtec.cat\/escolaruda\/?page_id=84"},"modified":"2026-01-15T16:31:48","modified_gmt":"2026-01-15T15:31:48","slug":"activitats-extraescolares","status":"publish","type":"page","link":"https:\/\/agora.xtec.cat\/escolaruda\/servicis\/activitats-extraescolares\/","title":{"rendered":"Activitats extraescolares"},"content":{"rendered":"<table style=\"border-collapse: collapse; width: 98.9109%;\">\n<tbody>\n<tr>\n<td style=\"width: 20%; text-align: center;\"><strong>ACTIVITAT<\/strong><\/td>\n<td style=\"width: 18.6413%; text-align: center;\"><strong>TEMPORALIZACION<\/strong><\/td>\n<td style=\"width: 20.6794%; text-align: center;\"><strong>GROP<\/strong><\/td>\n<td style=\"width: 20.6793%; text-align: center;\"><strong>PR\u00c8TZ<\/strong><\/td>\n<\/tr>\n<tr>\n<td style=\"width: 20%; text-align: center;\">Balhs aranesi<\/p>\n<p>(Mart\u00ed)<\/td>\n<td style=\"width: 18.6413%; text-align: center;\">Pendent tot eth cors<\/p>\n<p>(17:30 a 18:30 ores)<\/td>\n<td style=\"width: 20.6794%; text-align: center;\">8-10 escolans<\/td>\n<td style=\"width: 20.6793%; text-align: center;\">20,80\u20ac\/trim\u00e8stre<\/td>\n<\/tr>\n<tr>\n<td style=\"width: 20%; text-align: center;\">Angl\u00e8s<\/p>\n<p>(Simon)<\/td>\n<td style=\"width: 18.6413%; text-align: center;\">Pendent tot eth cors<\/p>\n<p>(meddia)<\/td>\n<td style=\"width: 20.6794%;\"><\/td>\n<td style=\"width: 20.6793%;\"><\/td>\n<\/tr>\n<tr>\n<td style=\"width: 20%;\">\n<p style=\"text-align: center;\">Angl\u00e8s<\/p>\n<p style=\"text-align: center;\">(Gabriela)<\/p>\n<\/td>\n<td style=\"width: 18.6413%; text-align: center;\">Pendent tot eth cors<\/p>\n<p>(meddia)<\/td>\n<td style=\"width: 20.6794%; text-align: center;\">5-10 escolans<\/td>\n<td style=\"width: 20.6793%; text-align: center;\">20\u20ac\/mes<\/td>\n<\/tr>\n<tr>\n<td style=\"width: 20%; text-align: center;\">Franc\u00e8s<\/p>\n<p>(Gabriela)<\/td>\n<td style=\"width: 18.6413%; text-align: center;\">Pendent tot eth cors<\/p>\n<p>(meddia)<\/td>\n<td style=\"width: 20.6794%; text-align: center;\">5-10 escolans<\/td>\n<td style=\"width: 20.6793%; text-align: center;\">20\u20ac\/mes<\/td>\n<\/tr>\n<tr>\n<td style=\"width: 20%; text-align: center;\">Escacs<\/p>\n<p>(Alex)<\/td>\n<td style=\"width: 18.6413%; text-align: center;\">1\u00e8r trim\u00e8stre (octobre\/noveme) e\u00a0 \u00a0 \u00a0 \u00a03au trim\u00e8stre<\/p>\n<p>(meddia)<\/td>\n<td style=\"width: 20.6794%; text-align: center;\">8-10 escolans<\/td>\n<td style=\"width: 20.6793%; text-align: center;\">20\u20ac\/mes<\/td>\n<\/tr>\n<\/tbody>\n<\/table>\n","protected":false},"excerpt":{"rendered":"<p>ACTIVITAT TEMPORALIZACION GROP PR\u00c8TZ Balhs aranesi (Mart\u00ed) Pendent tot eth cors (17:30 a 18:30 ores) 8-10 escolans 20,80\u20ac\/trim\u00e8stre Angl\u00e8s (Simon) Pendent tot eth cors (meddia) Angl\u00e8s (Gabriela) Pendent tot eth cors (meddia) 5-10 escolans 20\u20ac\/mes Franc\u00e8s (Gabriela) Pendent tot eth cors (meddia) 5-10 escolans 20\u20ac\/mes Escacs (Alex) 1\u00e8r trim\u00e8stre (octobre\/noveme) e\u00a0 \u00a0 \u00a0 \u00a03au trim\u00e8stre [&hellip;]<\/p>\n","protected":false},"author":1,"featured_media":0,"parent":66,"menu_order":2,"comment_status":"closed","ping_status":"closed","template":"","meta":{"_bbp_topic_count":0,"_bbp_reply_count":0,"_bbp_total_topic_count":0,"_bbp_total_reply_count":0,"_bbp_voice_count":0,"_bbp_anonymous_reply_count":0,"_bbp_topic_count_hidden":0,"_bbp_reply_count_hidden":0,"_bbp_forum_subforum_count":0,"site-sidebar-layout":"default","site-content-layout":"","ast-site-content-layout":"default","site-content-style":"default","site-sidebar-style":"default","ast-global-header-display":"","ast-banner-title-visibility":"","ast-main-header-display":"","ast-hfb-above-header-display":"","ast-hfb-below-header-display":"","ast-hfb-mobile-header-display":"","site-post-title":"","ast-breadcrumbs-content":"","ast-featured-img":"","footer-sml-layout":"","theme-transparent-header-meta":"default","adv-header-id-meta":"","stick-header-meta":"","header-above-stick-meta":"","header-main-stick-meta":"","header-below-stick-meta":"","astra-migrate-meta-layouts":"set","ast-page-background-enabled":"default","ast-page-background-meta":{"desktop":{"background-color":"var(--ast-global-color-4)","background-image":"","background-repeat":"repeat","background-position":"center center","background-size":"auto","background-attachment":"scroll","background-type":"","background-media":"","overlay-type":"","overlay-color":"","overlay-opacity":"","overlay-gradient":""},"tablet":{"background-color":"","background-image":"","background-repeat":"repeat","background-position":"center center","background-size":"auto","background-attachment":"scroll","background-type":"","background-media":"","overlay-type":"","overlay-color":"","overlay-opacity":"","overlay-gradient":""},"mobile":{"background-color":"","background-image":"","background-repeat":"repeat","background-position":"center center","background-size":"auto","background-attachment":"scroll","background-type":"","background-media":"","overlay-type":"","overlay-color":"","overlay-opacity":"","overlay-gradient":""}},"ast-content-background-meta":{"desktop":{"background-color":"var(--ast-global-color-5)","background-image":"","background-repeat":"repeat","background-position":"center center","background-size":"auto","background-attachment":"scroll","background-type":"","background-media":"","overlay-type":"","overlay-color":"","overlay-opacity":"","overlay-gradient":""},"tablet":{"background-color":"var(--ast-global-color-5)","background-image":"","background-repeat":"repeat","background-position":"center center","background-size":"auto","background-attachment":"scroll","background-type":"","background-media":"","overlay-type":"","overlay-color":"","overlay-opacity":"","overlay-gradient":""},"mobile":{"background-color":"var(--ast-global-color-5)","background-image":"","background-repeat":"repeat","background-position":"center center","background-size":"auto","background-attachment":"scroll","background-type":"","background-media":"","overlay-type":"","overlay-color":"","overlay-opacity":"","overlay-gradient":""}},"footnotes":""},"class_list":["post-84","page","type-page","status-publish","hentry"],"post_mailing_queue_ids":[],"_links":{"self":[{"href":"https:\/\/agora.xtec.cat\/escolaruda\/wp-json\/wp\/v2\/pages\/84","targetHints":{"allow":["GET"]}}],"collection":[{"href":"https:\/\/agora.xtec.cat\/escolaruda\/wp-json\/wp\/v2\/pages"}],"about":[{"href":"https:\/\/agora.xtec.cat\/escolaruda\/wp-json\/wp\/v2\/types\/page"}],"author":[{"embeddable":true,"href":"https:\/\/agora.xtec.cat\/escolaruda\/wp-json\/wp\/v2\/users\/1"}],"replies":[{"embeddable":true,"href":"https:\/\/agora.xtec.cat\/escolaruda\/wp-json\/wp\/v2\/comments?post=84"}],"version-history":[{"count":5,"href":"https:\/\/agora.xtec.cat\/escolaruda\/wp-json\/wp\/v2\/pages\/84\/revisions"}],"predecessor-version":[{"id":3314,"href":"https:\/\/agora.xtec.cat\/escolaruda\/wp-json\/wp\/v2\/pages\/84\/revisions\/3314"}],"up":[{"embeddable":true,"href":"https:\/\/agora.xtec.cat\/escolaruda\/wp-json\/wp\/v2\/pages\/66"}],"wp:attachment":[{"href":"https:\/\/agora.xtec.cat\/escolaruda\/wp-json\/wp\/v2\/media?parent=84"}],"curies":[{"name":"wp","href":"https:\/\/api.w.org\/{rel}","templated":true}]}}