{"id":3103,"date":"2025-10-19T00:10:44","date_gmt":"2025-10-18T22:10:44","guid":{"rendered":"https:\/\/agora.xtec.cat\/escolaruda\/?page_id=3103"},"modified":"2025-10-19T16:15:40","modified_gmt":"2025-10-19T14:15:40","slug":"toti-em-afa","status":"publish","type":"page","link":"https:\/\/agora.xtec.cat\/escolaruda\/afa\/toti-em-afa\/","title":{"rendered":"Toti \u00e8m AFA"},"content":{"rendered":"<p>Era participacion de tota era comunitat educativa ei important!<\/p>\n<ul>\n<li>Ap\u00f2rta id\u00e8es.<\/li>\n<li>Participa ena dinamica comunicativa.<\/li>\n<li>Vene t\u00e0s amassades.<\/li>\n<li>Ajuda-mos damb es activitats que organizam.<\/li>\n<\/ul>\n<p style=\"text-align: center;\"><a href=\"https:\/\/agora.xtec.cat\/escolaruda\/wp-content\/uploads\/usu738\/2025\/10\/Diseno-sin-titulo-1.png\"><img loading=\"lazy\" decoding=\"async\" class=\"alignnone size-medium wp-image-3144\" src=\"https:\/\/agora.xtec.cat\/escolaruda\/wp-content\/uploads\/usu738\/2025\/10\/Diseno-sin-titulo-1-300x300.png\" alt=\"\" width=\"300\" height=\"300\" srcset=\"https:\/\/agora.xtec.cat\/escolaruda\/wp-content\/uploads\/usu738\/2025\/10\/Diseno-sin-titulo-1-300x300.png 300w, https:\/\/agora.xtec.cat\/escolaruda\/wp-content\/uploads\/usu738\/2025\/10\/Diseno-sin-titulo-1-1024x1024.png 1024w, https:\/\/agora.xtec.cat\/escolaruda\/wp-content\/uploads\/usu738\/2025\/10\/Diseno-sin-titulo-1-150x150.png 150w, https:\/\/agora.xtec.cat\/escolaruda\/wp-content\/uploads\/usu738\/2025\/10\/Diseno-sin-titulo-1-768x768.png 768w, https:\/\/agora.xtec.cat\/escolaruda\/wp-content\/uploads\/usu738\/2025\/10\/Diseno-sin-titulo-1-1536x1536.png 1536w, https:\/\/agora.xtec.cat\/escolaruda\/wp-content\/uploads\/usu738\/2025\/10\/Diseno-sin-titulo-1.png 1772w\" sizes=\"auto, (max-width: 300px) 100vw, 300px\" \/><\/a><\/p>\n<p style=\"text-align: center;\"><strong>GR\u00c0CIES PERA V\u00d2STA COLLABORACION!<\/strong><\/p>\n","protected":false},"excerpt":{"rendered":"<p>Era participacion de tota era comunitat educativa ei important! Ap\u00f2rta id\u00e8es. Participa ena dinamica comunicativa. Vene t\u00e0s amassades. Ajuda-mos damb es activitats que organizam. GR\u00c0CIES PERA V\u00d2STA COLLABORACION!<\/p>\n","protected":false},"author":1,"featured_media":0,"parent":3073,"menu_order":5,"comment_status":"closed","ping_status":"closed","template":"","meta":{"_bbp_topic_count":0,"_bbp_reply_count":0,"_bbp_total_topic_count":0,"_bbp_total_reply_count":0,"_bbp_voice_count":0,"_bbp_anonymous_reply_count":0,"_bbp_topic_count_hidden":0,"_bbp_reply_count_hidden":0,"_bbp_forum_subforum_count":0,"site-sidebar-layout":"default","site-content-layout":"","ast-site-content-layout":"default","site-content-style":"default","site-sidebar-style":"default","ast-global-header-display":"","ast-banner-title-visibility":"","ast-main-header-display":"","ast-hfb-above-header-display":"","ast-hfb-below-header-display":"","ast-hfb-mobile-header-display":"","site-post-title":"","ast-breadcrumbs-content":"","ast-featured-img":"","footer-sml-layout":"","theme-transparent-header-meta":"default","adv-header-id-meta":"","stick-header-meta":"","header-above-stick-meta":"","header-main-stick-meta":"","header-below-stick-meta":"","astra-migrate-meta-layouts":"set","ast-page-background-enabled":"default","ast-page-background-meta":{"desktop":{"background-color":"var(--ast-global-color-4)","background-image":"","background-repeat":"repeat","background-position":"center center","background-size":"auto","background-attachment":"scroll","background-type":"","background-media":"","overlay-type":"","overlay-color":"","overlay-opacity":"","overlay-gradient":""},"tablet":{"background-color":"","background-image":"","background-repeat":"repeat","background-position":"center center","background-size":"auto","background-attachment":"scroll","background-type":"","background-media":"","overlay-type":"","overlay-color":"","overlay-opacity":"","overlay-gradient":""},"mobile":{"background-color":"","background-image":"","background-repeat":"repeat","background-position":"center center","background-size":"auto","background-attachment":"scroll","background-type":"","background-media":"","overlay-type":"","overlay-color":"","overlay-opacity":"","overlay-gradient":""}},"ast-content-background-meta":{"desktop":{"background-color":"var(--ast-global-color-5)","background-image":"","background-repeat":"repeat","background-position":"center center","background-size":"auto","background-attachment":"scroll","background-type":"","background-media":"","overlay-type":"","overlay-color":"","overlay-opacity":"","overlay-gradient":""},"tablet":{"background-color":"var(--ast-global-color-5)","background-image":"","background-repeat":"repeat","background-position":"center center","background-size":"auto","background-attachment":"scroll","background-type":"","background-media":"","overlay-type":"","overlay-color":"","overlay-opacity":"","overlay-gradient":""},"mobile":{"background-color":"var(--ast-global-color-5)","background-image":"","background-repeat":"repeat","background-position":"center center","background-size":"auto","background-attachment":"scroll","background-type":"","background-media":"","overlay-type":"","overlay-color":"","overlay-opacity":"","overlay-gradient":""}},"footnotes":""},"class_list":["post-3103","page","type-page","status-publish","hentry"],"post_mailing_queue_ids":[],"_links":{"self":[{"href":"https:\/\/agora.xtec.cat\/escolaruda\/wp-json\/wp\/v2\/pages\/3103","targetHints":{"allow":["GET"]}}],"collection":[{"href":"https:\/\/agora.xtec.cat\/escolaruda\/wp-json\/wp\/v2\/pages"}],"about":[{"href":"https:\/\/agora.xtec.cat\/escolaruda\/wp-json\/wp\/v2\/types\/page"}],"author":[{"embeddable":true,"href":"https:\/\/agora.xtec.cat\/escolaruda\/wp-json\/wp\/v2\/users\/1"}],"replies":[{"embeddable":true,"href":"https:\/\/agora.xtec.cat\/escolaruda\/wp-json\/wp\/v2\/comments?post=3103"}],"version-history":[{"count":4,"href":"https:\/\/agora.xtec.cat\/escolaruda\/wp-json\/wp\/v2\/pages\/3103\/revisions"}],"predecessor-version":[{"id":3146,"href":"https:\/\/agora.xtec.cat\/escolaruda\/wp-json\/wp\/v2\/pages\/3103\/revisions\/3146"}],"up":[{"embeddable":true,"href":"https:\/\/agora.xtec.cat\/escolaruda\/wp-json\/wp\/v2\/pages\/3073"}],"wp:attachment":[{"href":"https:\/\/agora.xtec.cat\/escolaruda\/wp-json\/wp\/v2\/media?parent=3103"}],"curies":[{"name":"wp","href":"https:\/\/api.w.org\/{rel}","templated":true}]}}