{"id":3090,"date":"2025-10-18T23:47:27","date_gmt":"2025-10-18T21:47:27","guid":{"rendered":"https:\/\/agora.xtec.cat\/escolaruda\/?page_id=3090"},"modified":"2025-10-19T16:11:00","modified_gmt":"2025-10-19T14:11:00","slug":"3au-trimestre","status":"publish","type":"page","link":"https:\/\/agora.xtec.cat\/escolaruda\/afa\/hestes-e-eveniments\/3au-trimestre\/","title":{"rendered":"3au trim\u00e8stre"},"content":{"rendered":"<p><strong>SANT J\u00d2RDI:<\/strong><\/p>\n<p><a href=\"https:\/\/agora.xtec.cat\/escolaruda\/wp-content\/uploads\/usu738\/2025\/10\/4.png\"><img loading=\"lazy\" decoding=\"async\" class=\"alignnone  wp-image-3139\" src=\"https:\/\/agora.xtec.cat\/escolaruda\/wp-content\/uploads\/usu738\/2025\/10\/4-300x300.png\" alt=\"\" width=\"154\" height=\"154\" srcset=\"https:\/\/agora.xtec.cat\/escolaruda\/wp-content\/uploads\/usu738\/2025\/10\/4-300x300.png 300w, https:\/\/agora.xtec.cat\/escolaruda\/wp-content\/uploads\/usu738\/2025\/10\/4-1024x1024.png 1024w, https:\/\/agora.xtec.cat\/escolaruda\/wp-content\/uploads\/usu738\/2025\/10\/4-150x150.png 150w, https:\/\/agora.xtec.cat\/escolaruda\/wp-content\/uploads\/usu738\/2025\/10\/4-768x768.png 768w, https:\/\/agora.xtec.cat\/escolaruda\/wp-content\/uploads\/usu738\/2025\/10\/4-1536x1536.png 1536w, https:\/\/agora.xtec.cat\/escolaruda\/wp-content\/uploads\/usu738\/2025\/10\/4.png 1772w\" sizes=\"auto, (max-width: 154px) 100vw, 154px\" \/><\/a><\/p>\n<ul>\n<li>Paradeta ent\u00e0 v\u00e9ner r\u00f2ses e libres.<\/li>\n<\/ul>\n<p><strong>NET DE PRIMAUERA:<\/strong><\/p>\n<p><a href=\"https:\/\/agora.xtec.cat\/escolaruda\/wp-content\/uploads\/usu738\/2025\/10\/5.png\"><img loading=\"lazy\" decoding=\"async\" class=\"alignnone  wp-image-3140\" src=\"https:\/\/agora.xtec.cat\/escolaruda\/wp-content\/uploads\/usu738\/2025\/10\/5-300x300.png\" alt=\"\" width=\"158\" height=\"158\" srcset=\"https:\/\/agora.xtec.cat\/escolaruda\/wp-content\/uploads\/usu738\/2025\/10\/5-300x300.png 300w, https:\/\/agora.xtec.cat\/escolaruda\/wp-content\/uploads\/usu738\/2025\/10\/5-1024x1024.png 1024w, https:\/\/agora.xtec.cat\/escolaruda\/wp-content\/uploads\/usu738\/2025\/10\/5-150x150.png 150w, https:\/\/agora.xtec.cat\/escolaruda\/wp-content\/uploads\/usu738\/2025\/10\/5-768x768.png 768w, https:\/\/agora.xtec.cat\/escolaruda\/wp-content\/uploads\/usu738\/2025\/10\/5-1536x1536.png 1536w, https:\/\/agora.xtec.cat\/escolaruda\/wp-content\/uploads\/usu738\/2025\/10\/5.png 1772w\" sizes=\"auto, (max-width: 158px) 100vw, 158px\" \/><\/a><\/p>\n<ul>\n<li>Sopar (pizza).<\/li>\n<li>Esdejoar variat.<\/li>\n<\/ul>\n<p><strong>H\u00c8STA DE FINAU DE CORS:<\/strong><\/p>\n<p><a href=\"https:\/\/agora.xtec.cat\/escolaruda\/wp-content\/uploads\/usu738\/2025\/10\/6.png\"><img loading=\"lazy\" decoding=\"async\" class=\"alignnone  wp-image-3141\" src=\"https:\/\/agora.xtec.cat\/escolaruda\/wp-content\/uploads\/usu738\/2025\/10\/6-300x300.png\" alt=\"\" width=\"159\" height=\"159\" srcset=\"https:\/\/agora.xtec.cat\/escolaruda\/wp-content\/uploads\/usu738\/2025\/10\/6-300x300.png 300w, https:\/\/agora.xtec.cat\/escolaruda\/wp-content\/uploads\/usu738\/2025\/10\/6-1024x1024.png 1024w, https:\/\/agora.xtec.cat\/escolaruda\/wp-content\/uploads\/usu738\/2025\/10\/6-150x150.png 150w, https:\/\/agora.xtec.cat\/escolaruda\/wp-content\/uploads\/usu738\/2025\/10\/6-768x768.png 768w, https:\/\/agora.xtec.cat\/escolaruda\/wp-content\/uploads\/usu738\/2025\/10\/6-1536x1536.png 1536w, https:\/\/agora.xtec.cat\/escolaruda\/wp-content\/uploads\/usu738\/2025\/10\/6.png 1772w\" sizes=\"auto, (max-width: 159px) 100vw, 159px\" \/><\/a><\/p>\n<ul>\n<li>Dinar ent\u00e0s familhes.<\/li>\n<li>Presents ent\u00e0s escolans de darr\u00e8r cors.<\/li>\n<\/ul>\n","protected":false},"excerpt":{"rendered":"<p>SANT J\u00d2RDI: Paradeta ent\u00e0 v\u00e9ner r\u00f2ses e libres. NET DE PRIMAUERA: Sopar (pizza). Esdejoar variat. H\u00c8STA DE FINAU DE CORS: Dinar ent\u00e0s familhes. Presents ent\u00e0s escolans de darr\u00e8r cors.<\/p>\n","protected":false},"author":1,"featured_media":0,"parent":3086,"menu_order":3,"comment_status":"closed","ping_status":"closed","template":"","meta":{"_bbp_topic_count":0,"_bbp_reply_count":0,"_bbp_total_topic_count":0,"_bbp_total_reply_count":0,"_bbp_voice_count":0,"_bbp_anonymous_reply_count":0,"_bbp_topic_count_hidden":0,"_bbp_reply_count_hidden":0,"_bbp_forum_subforum_count":0,"site-sidebar-layout":"default","site-content-layout":"","ast-site-content-layout":"default","site-content-style":"default","site-sidebar-style":"default","ast-global-header-display":"","ast-banner-title-visibility":"","ast-main-header-display":"","ast-hfb-above-header-display":"","ast-hfb-below-header-display":"","ast-hfb-mobile-header-display":"","site-post-title":"","ast-breadcrumbs-content":"","ast-featured-img":"","footer-sml-layout":"","theme-transparent-header-meta":"default","adv-header-id-meta":"","stick-header-meta":"","header-above-stick-meta":"","header-main-stick-meta":"","header-below-stick-meta":"","astra-migrate-meta-layouts":"set","ast-page-background-enabled":"default","ast-page-background-meta":{"desktop":{"background-color":"var(--ast-global-color-4)","background-image":"","background-repeat":"repeat","background-position":"center center","background-size":"auto","background-attachment":"scroll","background-type":"","background-media":"","overlay-type":"","overlay-color":"","overlay-opacity":"","overlay-gradient":""},"tablet":{"background-color":"","background-image":"","background-repeat":"repeat","background-position":"center center","background-size":"auto","background-attachment":"scroll","background-type":"","background-media":"","overlay-type":"","overlay-color":"","overlay-opacity":"","overlay-gradient":""},"mobile":{"background-color":"","background-image":"","background-repeat":"repeat","background-position":"center center","background-size":"auto","background-attachment":"scroll","background-type":"","background-media":"","overlay-type":"","overlay-color":"","overlay-opacity":"","overlay-gradient":""}},"ast-content-background-meta":{"desktop":{"background-color":"var(--ast-global-color-5)","background-image":"","background-repeat":"repeat","background-position":"center center","background-size":"auto","background-attachment":"scroll","background-type":"","background-media":"","overlay-type":"","overlay-color":"","overlay-opacity":"","overlay-gradient":""},"tablet":{"background-color":"var(--ast-global-color-5)","background-image":"","background-repeat":"repeat","background-position":"center center","background-size":"auto","background-attachment":"scroll","background-type":"","background-media":"","overlay-type":"","overlay-color":"","overlay-opacity":"","overlay-gradient":""},"mobile":{"background-color":"var(--ast-global-color-5)","background-image":"","background-repeat":"repeat","background-position":"center center","background-size":"auto","background-attachment":"scroll","background-type":"","background-media":"","overlay-type":"","overlay-color":"","overlay-opacity":"","overlay-gradient":""}},"footnotes":""},"class_list":["post-3090","page","type-page","status-publish","hentry"],"post_mailing_queue_ids":[],"_links":{"self":[{"href":"https:\/\/agora.xtec.cat\/escolaruda\/wp-json\/wp\/v2\/pages\/3090","targetHints":{"allow":["GET"]}}],"collection":[{"href":"https:\/\/agora.xtec.cat\/escolaruda\/wp-json\/wp\/v2\/pages"}],"about":[{"href":"https:\/\/agora.xtec.cat\/escolaruda\/wp-json\/wp\/v2\/types\/page"}],"author":[{"embeddable":true,"href":"https:\/\/agora.xtec.cat\/escolaruda\/wp-json\/wp\/v2\/users\/1"}],"replies":[{"embeddable":true,"href":"https:\/\/agora.xtec.cat\/escolaruda\/wp-json\/wp\/v2\/comments?post=3090"}],"version-history":[{"count":3,"href":"https:\/\/agora.xtec.cat\/escolaruda\/wp-json\/wp\/v2\/pages\/3090\/revisions"}],"predecessor-version":[{"id":3143,"href":"https:\/\/agora.xtec.cat\/escolaruda\/wp-json\/wp\/v2\/pages\/3090\/revisions\/3143"}],"up":[{"embeddable":true,"href":"https:\/\/agora.xtec.cat\/escolaruda\/wp-json\/wp\/v2\/pages\/3086"}],"wp:attachment":[{"href":"https:\/\/agora.xtec.cat\/escolaruda\/wp-json\/wp\/v2\/media?parent=3090"}],"curies":[{"name":"wp","href":"https:\/\/api.w.org\/{rel}","templated":true}]}}