{"id":3033,"date":"2025-10-18T16:12:55","date_gmt":"2025-10-18T14:12:55","guid":{"rendered":"https:\/\/agora.xtec.cat\/escolaruda\/?page_id=3033"},"modified":"2025-10-21T21:08:27","modified_gmt":"2025-10-21T19:08:27","slug":"documents-de-centre","status":"publish","type":"page","link":"https:\/\/agora.xtec.cat\/escolaruda\/era-escola\/documents-de-centre\/","title":{"rendered":"Documents de centre"},"content":{"rendered":"<table style=\"border-collapse: collapse; width: 100%;\">\n<tbody>\n<tr>\n<td style=\"width: 50%; text-align: center;\"><strong>Documents publics<\/strong><\/td>\n<td style=\"width: 50%; text-align: center;\"><strong>N\u00f2m abreujat<\/strong><\/td>\n<\/tr>\n<tr>\n<td style=\"width: 50%; text-align: left;\">Proj\u00e8cte Educatiu de Centre<\/td>\n<td style=\"width: 50%; text-align: center;\">PEC<\/td>\n<\/tr>\n<tr>\n<td style=\"width: 50%;\">Normes d&#8217;Organizacion e Foncionament deth Centre<\/td>\n<td style=\"width: 50%; text-align: center;\">NOFC<\/td>\n<\/tr>\n<tr>\n<td style=\"width: 50%;\">Estrat\u00e8gia Digitau de Centre<\/td>\n<td style=\"width: 50%; text-align: center;\">EDC<\/td>\n<\/tr>\n<tr>\n<td style=\"width: 50%;\">Proj\u00e8cte Ling\u00fcistic de Centre<\/td>\n<td style=\"width: 50%; text-align: center;\">PLC<\/td>\n<\/tr>\n<tr>\n<td style=\"width: 50%;\"><a href=\"https:\/\/agora.xtec.cat\/escolaruda\/wp-content\/uploads\/usu738\/2025\/10\/PLAN-MINJADOR-ZER-VAL-DARAN-ESCOLA-RUDA.docx.pdf\">Plan de Foncionament deth Minjador<\/a><\/td>\n<td style=\"width: 50%; text-align: center;\">PFM<\/td>\n<\/tr>\n<tr>\n<td style=\"width: 50%;\"><\/td>\n<td style=\"width: 50%;\"><\/td>\n<\/tr>\n<tr>\n<td style=\"width: 50%; text-align: center;\"><strong>Documents int\u00e8rns<\/strong><\/td>\n<td style=\"width: 50%; text-align: center;\"><strong>N\u00f2m abreujat<\/strong><\/td>\n<\/tr>\n<tr>\n<td style=\"width: 50%; text-align: left;\">Proj\u00e8cte de direccion<\/td>\n<td style=\"width: 50%; text-align: center;\">PD<\/td>\n<\/tr>\n<tr>\n<td style=\"width: 50%; text-align: left;\">Plan d&#8217;acuelhuda<\/td>\n<td style=\"width: 50%; text-align: center;\">PA<\/td>\n<\/tr>\n<tr>\n<td style=\"width: 50%; text-align: left;\">Programacion Annau Generau de Centre<\/td>\n<td style=\"width: 50%; text-align: center;\">PGAC<\/td>\n<\/tr>\n<tr>\n<td style=\"width: 50%; text-align: left;\">Mem\u00f2ria Annau de Centre<\/td>\n<td style=\"width: 50%; text-align: center;\">MAC<\/td>\n<\/tr>\n<\/tbody>\n<\/table>\n","protected":false},"excerpt":{"rendered":"<p>Documents publics N\u00f2m abreujat Proj\u00e8cte Educatiu de Centre PEC Normes d&#8217;Organizacion e Foncionament deth Centre NOFC Estrat\u00e8gia Digitau de Centre EDC Proj\u00e8cte Ling\u00fcistic de Centre PLC Plan de Foncionament deth Minjador PFM Documents int\u00e8rns N\u00f2m abreujat Proj\u00e8cte de direccion PD Plan d&#8217;acuelhuda PA Programacion Annau Generau de Centre PGAC Mem\u00f2ria Annau de Centre MAC<\/p>\n","protected":false},"author":1,"featured_media":0,"parent":22,"menu_order":4,"comment_status":"closed","ping_status":"closed","template":"","meta":{"_bbp_topic_count":0,"_bbp_reply_count":0,"_bbp_total_topic_count":0,"_bbp_total_reply_count":0,"_bbp_voice_count":0,"_bbp_anonymous_reply_count":0,"_bbp_topic_count_hidden":0,"_bbp_reply_count_hidden":0,"_bbp_forum_subforum_count":0,"site-sidebar-layout":"default","site-content-layout":"","ast-site-content-layout":"default","site-content-style":"default","site-sidebar-style":"default","ast-global-header-display":"","ast-banner-title-visibility":"","ast-main-header-display":"","ast-hfb-above-header-display":"","ast-hfb-below-header-display":"","ast-hfb-mobile-header-display":"","site-post-title":"","ast-breadcrumbs-content":"","ast-featured-img":"","footer-sml-layout":"","theme-transparent-header-meta":"default","adv-header-id-meta":"","stick-header-meta":"","header-above-stick-meta":"","header-main-stick-meta":"","header-below-stick-meta":"","astra-migrate-meta-layouts":"set","ast-page-background-enabled":"default","ast-page-background-meta":{"desktop":{"background-color":"var(--ast-global-color-4)","background-image":"","background-repeat":"repeat","background-position":"center center","background-size":"auto","background-attachment":"scroll","background-type":"","background-media":"","overlay-type":"","overlay-color":"","overlay-opacity":"","overlay-gradient":""},"tablet":{"background-color":"","background-image":"","background-repeat":"repeat","background-position":"center center","background-size":"auto","background-attachment":"scroll","background-type":"","background-media":"","overlay-type":"","overlay-color":"","overlay-opacity":"","overlay-gradient":""},"mobile":{"background-color":"","background-image":"","background-repeat":"repeat","background-position":"center center","background-size":"auto","background-attachment":"scroll","background-type":"","background-media":"","overlay-type":"","overlay-color":"","overlay-opacity":"","overlay-gradient":""}},"ast-content-background-meta":{"desktop":{"background-color":"var(--ast-global-color-5)","background-image":"","background-repeat":"repeat","background-position":"center center","background-size":"auto","background-attachment":"scroll","background-type":"","background-media":"","overlay-type":"","overlay-color":"","overlay-opacity":"","overlay-gradient":""},"tablet":{"background-color":"var(--ast-global-color-5)","background-image":"","background-repeat":"repeat","background-position":"center center","background-size":"auto","background-attachment":"scroll","background-type":"","background-media":"","overlay-type":"","overlay-color":"","overlay-opacity":"","overlay-gradient":""},"mobile":{"background-color":"var(--ast-global-color-5)","background-image":"","background-repeat":"repeat","background-position":"center center","background-size":"auto","background-attachment":"scroll","background-type":"","background-media":"","overlay-type":"","overlay-color":"","overlay-opacity":"","overlay-gradient":""}},"footnotes":""},"class_list":["post-3033","page","type-page","status-publish","hentry"],"post_mailing_queue_ids":[],"_links":{"self":[{"href":"https:\/\/agora.xtec.cat\/escolaruda\/wp-json\/wp\/v2\/pages\/3033","targetHints":{"allow":["GET"]}}],"collection":[{"href":"https:\/\/agora.xtec.cat\/escolaruda\/wp-json\/wp\/v2\/pages"}],"about":[{"href":"https:\/\/agora.xtec.cat\/escolaruda\/wp-json\/wp\/v2\/types\/page"}],"author":[{"embeddable":true,"href":"https:\/\/agora.xtec.cat\/escolaruda\/wp-json\/wp\/v2\/users\/1"}],"replies":[{"embeddable":true,"href":"https:\/\/agora.xtec.cat\/escolaruda\/wp-json\/wp\/v2\/comments?post=3033"}],"version-history":[{"count":6,"href":"https:\/\/agora.xtec.cat\/escolaruda\/wp-json\/wp\/v2\/pages\/3033\/revisions"}],"predecessor-version":[{"id":3208,"href":"https:\/\/agora.xtec.cat\/escolaruda\/wp-json\/wp\/v2\/pages\/3033\/revisions\/3208"}],"up":[{"embeddable":true,"href":"https:\/\/agora.xtec.cat\/escolaruda\/wp-json\/wp\/v2\/pages\/22"}],"wp:attachment":[{"href":"https:\/\/agora.xtec.cat\/escolaruda\/wp-json\/wp\/v2\/media?parent=3033"}],"curies":[{"name":"wp","href":"https:\/\/api.w.org\/{rel}","templated":true}]}}