{"id":3021,"date":"2025-10-18T00:25:30","date_gmt":"2025-10-17T22:25:30","guid":{"rendered":"https:\/\/agora.xtec.cat\/escolaruda\/?page_id=3021"},"modified":"2025-11-09T22:36:41","modified_gmt":"2025-11-09T21:36:41","slug":"gessudes-pedagogiques","status":"publish","type":"page","link":"https:\/\/agora.xtec.cat\/escolaruda\/corsactuau\/gessudes-pedagogiques\/","title":{"rendered":"Gessudes pedagogiques"},"content":{"rendered":"<p><strong>GESSUDES 1\u00c8R TRIM\u00c8STRE:<\/strong><\/p>\n<table style=\"border-collapse: collapse; width: 100%;\">\n<tbody>\n<tr>\n<td style=\"width: 20%; text-align: center;\"><strong>ACTIVITAT<\/strong><\/td>\n<td style=\"width: 20%; text-align: center;\"><strong>L\u00d2C<\/strong><\/td>\n<td style=\"width: 20%; text-align: center;\"><strong>ORGAN<\/strong><\/td>\n<td style=\"width: 20%; text-align: center;\"><strong>DATA<\/strong><\/td>\n<td style=\"width: 20%; text-align: center;\"><strong>GROP<\/strong><\/td>\n<\/tr>\n<tr>\n<td style=\"width: 20%; text-align: center;\"><a href=\"https:\/\/agora.xtec.cat\/escolaruda\/general\/gessuda-de-tardor\/\">Era tardor<\/a><\/td>\n<td style=\"width: 20%; text-align: center;\">Camin a Gessa<\/td>\n<td style=\"width: 20%; text-align: center;\">CdA Valls d&#8217;\u00c0neu<\/td>\n<td style=\"width: 20%; text-align: center;\"><span style=\"font-size: 16px; font-style: normal; font-weight: 400; text-align: center;\">15.10.2025<\/span><\/td>\n<td style=\"width: 20%; text-align: center;\">Educacion Infantila<\/td>\n<\/tr>\n<tr>\n<td style=\"width: 20%; text-align: center;\">Era tardor<\/td>\n<td style=\"width: 20%; text-align: center;\">Montgarri-Vitaldent<\/td>\n<td style=\"width: 20%; text-align: center;\">Agents forestaus<\/td>\n<td style=\"width: 20%; text-align: center;\">17.10.2025<\/td>\n<td style=\"width: 20%; text-align: center;\">Cicle Iniciau + 3au<\/td>\n<\/tr>\n<tr>\n<td style=\"width: 20%; text-align: center;\">Era tardor<\/td>\n<td style=\"width: 20%; text-align: center;\">Montgarri<\/td>\n<td style=\"width: 20%; text-align: center;\">Agents forestaus<\/td>\n<td style=\"width: 20%; text-align: center;\">23.10.2025<\/td>\n<td style=\"width: 20%; text-align: center;\">Cicle Superior + 4au<\/td>\n<\/tr>\n<tr>\n<td style=\"width: 20%; text-align: center;\"><a href=\"https:\/\/agora.xtec.cat\/escolaruda\/general\/grottes-de-gargas\/\">Art Rupestre<\/a><\/td>\n<td style=\"width: 20%; text-align: center;\">Grottes de Gargas<\/td>\n<td style=\"width: 20%;\"><\/td>\n<td style=\"width: 20%; text-align: center;\">06.11.2025<\/td>\n<td style=\"width: 20%; text-align: center;\">Cicle Iniciau<\/td>\n<\/tr>\n<tr>\n<td style=\"width: 20%; text-align: center;\">Coneishem\u00a0 era Val<\/td>\n<td style=\"width: 20%; text-align: center;\">Artiga de Lin<\/td>\n<td style=\"width: 20%; text-align: center;\">Sara Arj\u00f3<\/td>\n<td style=\"width: 20%; text-align: center;\">Pendent de concretar<\/td>\n<td style=\"width: 20%; text-align: center;\">Educacion Infantila<\/td>\n<\/tr>\n<\/tbody>\n<\/table>\n<p>&nbsp;<\/p>\n","protected":false},"excerpt":{"rendered":"<p>GESSUDES 1\u00c8R TRIM\u00c8STRE: ACTIVITAT L\u00d2C ORGAN DATA GROP Era tardor Camin a Gessa CdA Valls d&#8217;\u00c0neu 15.10.2025 Educacion Infantila Era tardor Montgarri-Vitaldent Agents forestaus 17.10.2025 Cicle Iniciau + 3au Era tardor Montgarri Agents forestaus 23.10.2025 Cicle Superior + 4au Art Rupestre Grottes de Gargas 06.11.2025 Cicle Iniciau Coneishem\u00a0 era Val Artiga de Lin Sara Arj\u00f3 [&hellip;]<\/p>\n","protected":false},"author":1,"featured_media":0,"parent":64,"menu_order":0,"comment_status":"closed","ping_status":"closed","template":"","meta":{"_bbp_topic_count":0,"_bbp_reply_count":0,"_bbp_total_topic_count":0,"_bbp_total_reply_count":0,"_bbp_voice_count":0,"_bbp_anonymous_reply_count":0,"_bbp_topic_count_hidden":0,"_bbp_reply_count_hidden":0,"_bbp_forum_subforum_count":0,"site-sidebar-layout":"default","site-content-layout":"","ast-site-content-layout":"default","site-content-style":"default","site-sidebar-style":"default","ast-global-header-display":"","ast-banner-title-visibility":"","ast-main-header-display":"","ast-hfb-above-header-display":"","ast-hfb-below-header-display":"","ast-hfb-mobile-header-display":"","site-post-title":"","ast-breadcrumbs-content":"","ast-featured-img":"","footer-sml-layout":"","theme-transparent-header-meta":"default","adv-header-id-meta":"","stick-header-meta":"","header-above-stick-meta":"","header-main-stick-meta":"","header-below-stick-meta":"","astra-migrate-meta-layouts":"set","ast-page-background-enabled":"default","ast-page-background-meta":{"desktop":{"background-color":"var(--ast-global-color-4)","background-image":"","background-repeat":"repeat","background-position":"center center","background-size":"auto","background-attachment":"scroll","background-type":"","background-media":"","overlay-type":"","overlay-color":"","overlay-opacity":"","overlay-gradient":""},"tablet":{"background-color":"","background-image":"","background-repeat":"repeat","background-position":"center center","background-size":"auto","background-attachment":"scroll","background-type":"","background-media":"","overlay-type":"","overlay-color":"","overlay-opacity":"","overlay-gradient":""},"mobile":{"background-color":"","background-image":"","background-repeat":"repeat","background-position":"center center","background-size":"auto","background-attachment":"scroll","background-type":"","background-media":"","overlay-type":"","overlay-color":"","overlay-opacity":"","overlay-gradient":""}},"ast-content-background-meta":{"desktop":{"background-color":"var(--ast-global-color-5)","background-image":"","background-repeat":"repeat","background-position":"center center","background-size":"auto","background-attachment":"scroll","background-type":"","background-media":"","overlay-type":"","overlay-color":"","overlay-opacity":"","overlay-gradient":""},"tablet":{"background-color":"var(--ast-global-color-5)","background-image":"","background-repeat":"repeat","background-position":"center center","background-size":"auto","background-attachment":"scroll","background-type":"","background-media":"","overlay-type":"","overlay-color":"","overlay-opacity":"","overlay-gradient":""},"mobile":{"background-color":"var(--ast-global-color-5)","background-image":"","background-repeat":"repeat","background-position":"center center","background-size":"auto","background-attachment":"scroll","background-type":"","background-media":"","overlay-type":"","overlay-color":"","overlay-opacity":"","overlay-gradient":""}},"footnotes":""},"class_list":["post-3021","page","type-page","status-publish","hentry"],"post_mailing_queue_ids":[],"_links":{"self":[{"href":"https:\/\/agora.xtec.cat\/escolaruda\/wp-json\/wp\/v2\/pages\/3021","targetHints":{"allow":["GET"]}}],"collection":[{"href":"https:\/\/agora.xtec.cat\/escolaruda\/wp-json\/wp\/v2\/pages"}],"about":[{"href":"https:\/\/agora.xtec.cat\/escolaruda\/wp-json\/wp\/v2\/types\/page"}],"author":[{"embeddable":true,"href":"https:\/\/agora.xtec.cat\/escolaruda\/wp-json\/wp\/v2\/users\/1"}],"replies":[{"embeddable":true,"href":"https:\/\/agora.xtec.cat\/escolaruda\/wp-json\/wp\/v2\/comments?post=3021"}],"version-history":[{"count":6,"href":"https:\/\/agora.xtec.cat\/escolaruda\/wp-json\/wp\/v2\/pages\/3021\/revisions"}],"predecessor-version":[{"id":3264,"href":"https:\/\/agora.xtec.cat\/escolaruda\/wp-json\/wp\/v2\/pages\/3021\/revisions\/3264"}],"up":[{"embeddable":true,"href":"https:\/\/agora.xtec.cat\/escolaruda\/wp-json\/wp\/v2\/pages\/64"}],"wp:attachment":[{"href":"https:\/\/agora.xtec.cat\/escolaruda\/wp-json\/wp\/v2\/media?parent=3021"}],"curies":[{"name":"wp","href":"https:\/\/api.w.org\/{rel}","templated":true}]}}