{"id":30,"date":"2014-09-18T12:30:23","date_gmt":"2014-09-18T11:30:23","guid":{"rendered":"http:\/\/agora.xtec.cat\/escolaruda\/?page_id=30"},"modified":"2025-10-23T15:19:58","modified_gmt":"2025-10-23T13:19:58","slug":"installacions","status":"publish","type":"page","link":"https:\/\/agora.xtec.cat\/escolaruda\/era-escola\/installacions\/","title":{"rendered":"Installacions"},"content":{"rendered":"<p style=\"text-align: center;\"><strong>PATI DERA ESC\u00d2LA:<\/strong><\/p>\n<p><a href=\"https:\/\/agora.xtec.cat\/escolaruda\/wp-content\/uploads\/usu738\/2025\/10\/DSC3582.jpg\"><img loading=\"lazy\" decoding=\"async\" class=\"alignnone size-full wp-image-3228\" src=\"https:\/\/agora.xtec.cat\/escolaruda\/wp-content\/uploads\/usu738\/2025\/10\/DSC3582.jpg\" alt=\"\" width=\"2048\" height=\"1365\" srcset=\"https:\/\/agora.xtec.cat\/escolaruda\/wp-content\/uploads\/usu738\/2025\/10\/DSC3582.jpg 2048w, https:\/\/agora.xtec.cat\/escolaruda\/wp-content\/uploads\/usu738\/2025\/10\/DSC3582-300x200.jpg 300w, https:\/\/agora.xtec.cat\/escolaruda\/wp-content\/uploads\/usu738\/2025\/10\/DSC3582-1024x683.jpg 1024w, https:\/\/agora.xtec.cat\/escolaruda\/wp-content\/uploads\/usu738\/2025\/10\/DSC3582-768x512.jpg 768w, https:\/\/agora.xtec.cat\/escolaruda\/wp-content\/uploads\/usu738\/2025\/10\/DSC3582-1536x1024.jpg 1536w\" sizes=\"auto, (max-width: 2048px) 100vw, 2048px\" \/><\/a><\/p>\n<p style=\"text-align: center;\"><strong><a href=\"https:\/\/agora.xtec.cat\/escolaruda\/wp-content\/uploads\/usu738\/2025\/10\/DSC3586-1-scaled.jpg\"><img loading=\"lazy\" decoding=\"async\" class=\"alignnone size-full wp-image-3249\" src=\"https:\/\/agora.xtec.cat\/escolaruda\/wp-content\/uploads\/usu738\/2025\/10\/DSC3586-1-scaled.jpg\" alt=\"\" width=\"2560\" height=\"1707\" srcset=\"https:\/\/agora.xtec.cat\/escolaruda\/wp-content\/uploads\/usu738\/2025\/10\/DSC3586-1-scaled.jpg 2560w, https:\/\/agora.xtec.cat\/escolaruda\/wp-content\/uploads\/usu738\/2025\/10\/DSC3586-1-300x200.jpg 300w, https:\/\/agora.xtec.cat\/escolaruda\/wp-content\/uploads\/usu738\/2025\/10\/DSC3586-1-1024x683.jpg 1024w, https:\/\/agora.xtec.cat\/escolaruda\/wp-content\/uploads\/usu738\/2025\/10\/DSC3586-1-768x512.jpg 768w, https:\/\/agora.xtec.cat\/escolaruda\/wp-content\/uploads\/usu738\/2025\/10\/DSC3586-1-1536x1024.jpg 1536w, https:\/\/agora.xtec.cat\/escolaruda\/wp-content\/uploads\/usu738\/2025\/10\/DSC3586-1-2048x1365.jpg 2048w\" sizes=\"auto, (max-width: 2560px) 100vw, 2560px\" \/><\/a><\/strong><\/p>\n<p style=\"text-align: center;\"><strong>CLASSA D&#8217;INFANTILA:<\/strong><a href=\"https:\/\/agora.xtec.cat\/escolaruda\/wp-content\/uploads\/usu738\/2025\/10\/DSC3578.jpg\"><img loading=\"lazy\" decoding=\"async\" class=\"aligncenter wp-image-3227 size-full\" src=\"https:\/\/agora.xtec.cat\/escolaruda\/wp-content\/uploads\/usu738\/2025\/10\/DSC3578.jpg\" alt=\"\" width=\"2048\" height=\"1365\" srcset=\"https:\/\/agora.xtec.cat\/escolaruda\/wp-content\/uploads\/usu738\/2025\/10\/DSC3578.jpg 2048w, https:\/\/agora.xtec.cat\/escolaruda\/wp-content\/uploads\/usu738\/2025\/10\/DSC3578-300x200.jpg 300w, https:\/\/agora.xtec.cat\/escolaruda\/wp-content\/uploads\/usu738\/2025\/10\/DSC3578-1024x683.jpg 1024w, https:\/\/agora.xtec.cat\/escolaruda\/wp-content\/uploads\/usu738\/2025\/10\/DSC3578-768x512.jpg 768w, https:\/\/agora.xtec.cat\/escolaruda\/wp-content\/uploads\/usu738\/2025\/10\/DSC3578-1536x1024.jpg 1536w\" sizes=\"auto, (max-width: 2048px) 100vw, 2048px\" \/><\/a><\/p>\n<p style=\"text-align: center;\"><a href=\"https:\/\/agora.xtec.cat\/escolaruda\/wp-content\/uploads\/usu738\/2025\/10\/DSC3576-1.jpg\"><img loading=\"lazy\" decoding=\"async\" class=\"alignnone size-full wp-image-3226\" src=\"https:\/\/agora.xtec.cat\/escolaruda\/wp-content\/uploads\/usu738\/2025\/10\/DSC3576-1.jpg\" alt=\"\" width=\"2048\" height=\"1365\" srcset=\"https:\/\/agora.xtec.cat\/escolaruda\/wp-content\/uploads\/usu738\/2025\/10\/DSC3576-1.jpg 2048w, https:\/\/agora.xtec.cat\/escolaruda\/wp-content\/uploads\/usu738\/2025\/10\/DSC3576-1-300x200.jpg 300w, https:\/\/agora.xtec.cat\/escolaruda\/wp-content\/uploads\/usu738\/2025\/10\/DSC3576-1-1024x683.jpg 1024w, https:\/\/agora.xtec.cat\/escolaruda\/wp-content\/uploads\/usu738\/2025\/10\/DSC3576-1-768x512.jpg 768w, https:\/\/agora.xtec.cat\/escolaruda\/wp-content\/uploads\/usu738\/2025\/10\/DSC3576-1-1536x1024.jpg 1536w\" sizes=\"auto, (max-width: 2048px) 100vw, 2048px\" \/><\/a><\/p>\n<p style=\"text-align: center;\"><strong>CLASSA DE CICLE INICIAU:<a href=\"https:\/\/agora.xtec.cat\/escolaruda\/wp-content\/uploads\/usu738\/2025\/10\/DSC3527.jpg\"><img loading=\"lazy\" decoding=\"async\" class=\"alignnone size-full wp-image-3212\" src=\"https:\/\/agora.xtec.cat\/escolaruda\/wp-content\/uploads\/usu738\/2025\/10\/DSC3527.jpg\" alt=\"\" width=\"2048\" height=\"1365\" srcset=\"https:\/\/agora.xtec.cat\/escolaruda\/wp-content\/uploads\/usu738\/2025\/10\/DSC3527.jpg 2048w, https:\/\/agora.xtec.cat\/escolaruda\/wp-content\/uploads\/usu738\/2025\/10\/DSC3527-300x200.jpg 300w, https:\/\/agora.xtec.cat\/escolaruda\/wp-content\/uploads\/usu738\/2025\/10\/DSC3527-1024x683.jpg 1024w, https:\/\/agora.xtec.cat\/escolaruda\/wp-content\/uploads\/usu738\/2025\/10\/DSC3527-768x512.jpg 768w, https:\/\/agora.xtec.cat\/escolaruda\/wp-content\/uploads\/usu738\/2025\/10\/DSC3527-1536x1024.jpg 1536w\" sizes=\"auto, (max-width: 2048px) 100vw, 2048px\" \/><\/a><\/strong><\/p>\n<p style=\"text-align: center;\"><strong><a href=\"https:\/\/agora.xtec.cat\/escolaruda\/wp-content\/uploads\/usu738\/2025\/10\/DSC3533-1-scaled.jpg\"><img loading=\"lazy\" decoding=\"async\" class=\"alignnone size-full wp-image-3246\" src=\"https:\/\/agora.xtec.cat\/escolaruda\/wp-content\/uploads\/usu738\/2025\/10\/DSC3533-1-scaled.jpg\" alt=\"\" width=\"2560\" height=\"1707\" srcset=\"https:\/\/agora.xtec.cat\/escolaruda\/wp-content\/uploads\/usu738\/2025\/10\/DSC3533-1-scaled.jpg 2560w, https:\/\/agora.xtec.cat\/escolaruda\/wp-content\/uploads\/usu738\/2025\/10\/DSC3533-1-300x200.jpg 300w, https:\/\/agora.xtec.cat\/escolaruda\/wp-content\/uploads\/usu738\/2025\/10\/DSC3533-1-1024x683.jpg 1024w, https:\/\/agora.xtec.cat\/escolaruda\/wp-content\/uploads\/usu738\/2025\/10\/DSC3533-1-768x512.jpg 768w, https:\/\/agora.xtec.cat\/escolaruda\/wp-content\/uploads\/usu738\/2025\/10\/DSC3533-1-1536x1024.jpg 1536w, https:\/\/agora.xtec.cat\/escolaruda\/wp-content\/uploads\/usu738\/2025\/10\/DSC3533-1-2048x1365.jpg 2048w\" sizes=\"auto, (max-width: 2560px) 100vw, 2560px\" \/><\/a><\/strong><\/p>\n<p style=\"text-align: center;\"><strong>CLASSA DE 3AU DE PRIM\u00c0RIA:<\/strong><a href=\"https:\/\/agora.xtec.cat\/escolaruda\/wp-content\/uploads\/usu738\/2025\/10\/DSC3525.jpg\"><img loading=\"lazy\" decoding=\"async\" class=\"aligncenter wp-image-3211 size-full\" src=\"https:\/\/agora.xtec.cat\/escolaruda\/wp-content\/uploads\/usu738\/2025\/10\/DSC3525.jpg\" alt=\"\" width=\"2048\" height=\"1365\" srcset=\"https:\/\/agora.xtec.cat\/escolaruda\/wp-content\/uploads\/usu738\/2025\/10\/DSC3525.jpg 2048w, https:\/\/agora.xtec.cat\/escolaruda\/wp-content\/uploads\/usu738\/2025\/10\/DSC3525-300x200.jpg 300w, https:\/\/agora.xtec.cat\/escolaruda\/wp-content\/uploads\/usu738\/2025\/10\/DSC3525-1024x683.jpg 1024w, https:\/\/agora.xtec.cat\/escolaruda\/wp-content\/uploads\/usu738\/2025\/10\/DSC3525-768x512.jpg 768w, https:\/\/agora.xtec.cat\/escolaruda\/wp-content\/uploads\/usu738\/2025\/10\/DSC3525-1536x1024.jpg 1536w\" sizes=\"auto, (max-width: 2048px) 100vw, 2048px\" \/><\/a><\/p>\n<p style=\"text-align: center;\"><a href=\"https:\/\/agora.xtec.cat\/escolaruda\/wp-content\/uploads\/usu738\/2025\/10\/DSC3520.jpg\"><img loading=\"lazy\" decoding=\"async\" class=\"alignnone size-full wp-image-3210\" src=\"https:\/\/agora.xtec.cat\/escolaruda\/wp-content\/uploads\/usu738\/2025\/10\/DSC3520.jpg\" alt=\"\" width=\"2048\" height=\"1365\" srcset=\"https:\/\/agora.xtec.cat\/escolaruda\/wp-content\/uploads\/usu738\/2025\/10\/DSC3520.jpg 2048w, https:\/\/agora.xtec.cat\/escolaruda\/wp-content\/uploads\/usu738\/2025\/10\/DSC3520-300x200.jpg 300w, https:\/\/agora.xtec.cat\/escolaruda\/wp-content\/uploads\/usu738\/2025\/10\/DSC3520-1024x683.jpg 1024w, https:\/\/agora.xtec.cat\/escolaruda\/wp-content\/uploads\/usu738\/2025\/10\/DSC3520-768x512.jpg 768w, https:\/\/agora.xtec.cat\/escolaruda\/wp-content\/uploads\/usu738\/2025\/10\/DSC3520-1536x1024.jpg 1536w\" sizes=\"auto, (max-width: 2048px) 100vw, 2048px\" \/><\/a><\/p>\n<p style=\"text-align: center;\"><strong>CLASSA DE 4AU DE PRIM\u00c0RIA:<\/strong><a href=\"https:\/\/agora.xtec.cat\/escolaruda\/wp-content\/uploads\/usu738\/2025\/10\/DSC3568.jpg\"><img loading=\"lazy\" decoding=\"async\" class=\"aligncenter wp-image-3224 size-full\" src=\"https:\/\/agora.xtec.cat\/escolaruda\/wp-content\/uploads\/usu738\/2025\/10\/DSC3568.jpg\" alt=\"\" width=\"2048\" height=\"1365\" srcset=\"https:\/\/agora.xtec.cat\/escolaruda\/wp-content\/uploads\/usu738\/2025\/10\/DSC3568.jpg 2048w, https:\/\/agora.xtec.cat\/escolaruda\/wp-content\/uploads\/usu738\/2025\/10\/DSC3568-300x200.jpg 300w, https:\/\/agora.xtec.cat\/escolaruda\/wp-content\/uploads\/usu738\/2025\/10\/DSC3568-1024x683.jpg 1024w, https:\/\/agora.xtec.cat\/escolaruda\/wp-content\/uploads\/usu738\/2025\/10\/DSC3568-768x512.jpg 768w, https:\/\/agora.xtec.cat\/escolaruda\/wp-content\/uploads\/usu738\/2025\/10\/DSC3568-1536x1024.jpg 1536w\" sizes=\"auto, (max-width: 2048px) 100vw, 2048px\" \/><\/a><\/p>\n<p style=\"text-align: center;\"><a href=\"https:\/\/agora.xtec.cat\/escolaruda\/wp-content\/uploads\/usu738\/2025\/10\/DSC3566.jpg\"><img loading=\"lazy\" decoding=\"async\" class=\"alignnone size-full wp-image-3223\" src=\"https:\/\/agora.xtec.cat\/escolaruda\/wp-content\/uploads\/usu738\/2025\/10\/DSC3566.jpg\" alt=\"\" width=\"2048\" height=\"1365\" srcset=\"https:\/\/agora.xtec.cat\/escolaruda\/wp-content\/uploads\/usu738\/2025\/10\/DSC3566.jpg 2048w, https:\/\/agora.xtec.cat\/escolaruda\/wp-content\/uploads\/usu738\/2025\/10\/DSC3566-300x200.jpg 300w, https:\/\/agora.xtec.cat\/escolaruda\/wp-content\/uploads\/usu738\/2025\/10\/DSC3566-1024x683.jpg 1024w, https:\/\/agora.xtec.cat\/escolaruda\/wp-content\/uploads\/usu738\/2025\/10\/DSC3566-768x512.jpg 768w, https:\/\/agora.xtec.cat\/escolaruda\/wp-content\/uploads\/usu738\/2025\/10\/DSC3566-1536x1024.jpg 1536w\" sizes=\"auto, (max-width: 2048px) 100vw, 2048px\" \/><\/a><\/p>\n<p style=\"text-align: center;\"><strong>CLASSA DE CICLE SUPERIOR:<\/strong><a href=\"https:\/\/agora.xtec.cat\/escolaruda\/wp-content\/uploads\/usu738\/2025\/10\/DSC3540.jpg\"><img loading=\"lazy\" decoding=\"async\" class=\"aligncenter wp-image-3216 size-full\" src=\"https:\/\/agora.xtec.cat\/escolaruda\/wp-content\/uploads\/usu738\/2025\/10\/DSC3540.jpg\" alt=\"\" width=\"2048\" height=\"1365\" srcset=\"https:\/\/agora.xtec.cat\/escolaruda\/wp-content\/uploads\/usu738\/2025\/10\/DSC3540.jpg 2048w, https:\/\/agora.xtec.cat\/escolaruda\/wp-content\/uploads\/usu738\/2025\/10\/DSC3540-300x200.jpg 300w, https:\/\/agora.xtec.cat\/escolaruda\/wp-content\/uploads\/usu738\/2025\/10\/DSC3540-1024x683.jpg 1024w, https:\/\/agora.xtec.cat\/escolaruda\/wp-content\/uploads\/usu738\/2025\/10\/DSC3540-768x512.jpg 768w, https:\/\/agora.xtec.cat\/escolaruda\/wp-content\/uploads\/usu738\/2025\/10\/DSC3540-1536x1024.jpg 1536w\" sizes=\"auto, (max-width: 2048px) 100vw, 2048px\" \/><\/a><\/p>\n<p style=\"text-align: center;\"><a href=\"https:\/\/agora.xtec.cat\/escolaruda\/wp-content\/uploads\/usu738\/2025\/10\/DSC3543.jpg\"><img loading=\"lazy\" decoding=\"async\" class=\"alignnone size-full wp-image-3217\" src=\"https:\/\/agora.xtec.cat\/escolaruda\/wp-content\/uploads\/usu738\/2025\/10\/DSC3543.jpg\" alt=\"\" width=\"2048\" height=\"1365\" srcset=\"https:\/\/agora.xtec.cat\/escolaruda\/wp-content\/uploads\/usu738\/2025\/10\/DSC3543.jpg 2048w, https:\/\/agora.xtec.cat\/escolaruda\/wp-content\/uploads\/usu738\/2025\/10\/DSC3543-300x200.jpg 300w, https:\/\/agora.xtec.cat\/escolaruda\/wp-content\/uploads\/usu738\/2025\/10\/DSC3543-1024x683.jpg 1024w, https:\/\/agora.xtec.cat\/escolaruda\/wp-content\/uploads\/usu738\/2025\/10\/DSC3543-768x512.jpg 768w, https:\/\/agora.xtec.cat\/escolaruda\/wp-content\/uploads\/usu738\/2025\/10\/DSC3543-1536x1024.jpg 1536w\" sizes=\"auto, (max-width: 2048px) 100vw, 2048px\" \/><\/a><\/p>\n<p style=\"text-align: center;\"><strong>MINJADOR DERA ESC\u00d2LA:<\/strong><\/p>\n<p style=\"text-align: left;\"><a href=\"https:\/\/agora.xtec.cat\/escolaruda\/wp-content\/uploads\/usu738\/2025\/10\/DSC3553-1-scaled.jpg\"><img loading=\"lazy\" decoding=\"async\" class=\"alignnone size-full wp-image-3247\" src=\"https:\/\/agora.xtec.cat\/escolaruda\/wp-content\/uploads\/usu738\/2025\/10\/DSC3553-1-scaled.jpg\" alt=\"\" width=\"2560\" height=\"1707\" srcset=\"https:\/\/agora.xtec.cat\/escolaruda\/wp-content\/uploads\/usu738\/2025\/10\/DSC3553-1-scaled.jpg 2560w, https:\/\/agora.xtec.cat\/escolaruda\/wp-content\/uploads\/usu738\/2025\/10\/DSC3553-1-300x200.jpg 300w, https:\/\/agora.xtec.cat\/escolaruda\/wp-content\/uploads\/usu738\/2025\/10\/DSC3553-1-1024x683.jpg 1024w, https:\/\/agora.xtec.cat\/escolaruda\/wp-content\/uploads\/usu738\/2025\/10\/DSC3553-1-768x512.jpg 768w, https:\/\/agora.xtec.cat\/escolaruda\/wp-content\/uploads\/usu738\/2025\/10\/DSC3553-1-1536x1024.jpg 1536w, https:\/\/agora.xtec.cat\/escolaruda\/wp-content\/uploads\/usu738\/2025\/10\/DSC3553-1-2048x1365.jpg 2048w\" sizes=\"auto, (max-width: 2560px) 100vw, 2560px\" \/><\/a><\/p>\n<p style=\"text-align: center;\"><strong>ESCALA DE DAUANT:<\/strong><a href=\"https:\/\/agora.xtec.cat\/escolaruda\/wp-content\/uploads\/usu738\/2025\/10\/DSC3572.jpg\"><img loading=\"lazy\" decoding=\"async\" class=\"alignnone size-full wp-image-3225\" src=\"https:\/\/agora.xtec.cat\/escolaruda\/wp-content\/uploads\/usu738\/2025\/10\/DSC3572.jpg\" alt=\"\" width=\"2048\" height=\"1365\" srcset=\"https:\/\/agora.xtec.cat\/escolaruda\/wp-content\/uploads\/usu738\/2025\/10\/DSC3572.jpg 2048w, https:\/\/agora.xtec.cat\/escolaruda\/wp-content\/uploads\/usu738\/2025\/10\/DSC3572-300x200.jpg 300w, https:\/\/agora.xtec.cat\/escolaruda\/wp-content\/uploads\/usu738\/2025\/10\/DSC3572-1024x683.jpg 1024w, https:\/\/agora.xtec.cat\/escolaruda\/wp-content\/uploads\/usu738\/2025\/10\/DSC3572-768x512.jpg 768w, https:\/\/agora.xtec.cat\/escolaruda\/wp-content\/uploads\/usu738\/2025\/10\/DSC3572-1536x1024.jpg 1536w\" sizes=\"auto, (max-width: 2048px) 100vw, 2048px\" \/><\/a><\/p>\n<p style=\"text-align: center;\"><strong>ESCALA DE DARR\u00c8R:<\/strong><a href=\"https:\/\/agora.xtec.cat\/escolaruda\/wp-content\/uploads\/usu738\/2025\/10\/DSC3559.jpg\"><img loading=\"lazy\" decoding=\"async\" class=\"alignnone size-full wp-image-3221 aligncenter\" src=\"https:\/\/agora.xtec.cat\/escolaruda\/wp-content\/uploads\/usu738\/2025\/10\/DSC3559.jpg\" alt=\"\" width=\"2048\" height=\"1366\" srcset=\"https:\/\/agora.xtec.cat\/escolaruda\/wp-content\/uploads\/usu738\/2025\/10\/DSC3559.jpg 2048w, https:\/\/agora.xtec.cat\/escolaruda\/wp-content\/uploads\/usu738\/2025\/10\/DSC3559-300x200.jpg 300w, https:\/\/agora.xtec.cat\/escolaruda\/wp-content\/uploads\/usu738\/2025\/10\/DSC3559-1024x683.jpg 1024w, https:\/\/agora.xtec.cat\/escolaruda\/wp-content\/uploads\/usu738\/2025\/10\/DSC3559-768x512.jpg 768w, https:\/\/agora.xtec.cat\/escolaruda\/wp-content\/uploads\/usu738\/2025\/10\/DSC3559-1536x1025.jpg 1536w\" sizes=\"auto, (max-width: 2048px) 100vw, 2048px\" \/><\/a><\/p>\n<p style=\"text-align: center;\"><strong>SALA DE M\u00c8STRES:<\/strong><a href=\"https:\/\/agora.xtec.cat\/escolaruda\/wp-content\/uploads\/usu738\/2025\/10\/DSC3548.jpg\"><img loading=\"lazy\" decoding=\"async\" class=\"alignnone size-full wp-image-3218\" src=\"https:\/\/agora.xtec.cat\/escolaruda\/wp-content\/uploads\/usu738\/2025\/10\/DSC3548.jpg\" alt=\"\" width=\"2048\" height=\"1365\" srcset=\"https:\/\/agora.xtec.cat\/escolaruda\/wp-content\/uploads\/usu738\/2025\/10\/DSC3548.jpg 2048w, https:\/\/agora.xtec.cat\/escolaruda\/wp-content\/uploads\/usu738\/2025\/10\/DSC3548-300x200.jpg 300w, https:\/\/agora.xtec.cat\/escolaruda\/wp-content\/uploads\/usu738\/2025\/10\/DSC3548-1024x683.jpg 1024w, https:\/\/agora.xtec.cat\/escolaruda\/wp-content\/uploads\/usu738\/2025\/10\/DSC3548-768x512.jpg 768w, https:\/\/agora.xtec.cat\/escolaruda\/wp-content\/uploads\/usu738\/2025\/10\/DSC3548-1536x1024.jpg 1536w\" sizes=\"auto, (max-width: 2048px) 100vw, 2048px\" \/><\/a><\/p>\n","protected":false},"excerpt":{"rendered":"<p>PATI DERA ESC\u00d2LA: CLASSA D&#8217;INFANTILA: CLASSA DE CICLE INICIAU: CLASSA DE 3AU DE PRIM\u00c0RIA: CLASSA DE 4AU DE PRIM\u00c0RIA: CLASSA DE CICLE SUPERIOR: MINJADOR DERA ESC\u00d2LA: ESCALA DE DAUANT: ESCALA DE DARR\u00c8R: SALA DE M\u00c8STRES:<\/p>\n","protected":false},"author":1,"featured_media":0,"parent":22,"menu_order":3,"comment_status":"closed","ping_status":"closed","template":"","meta":{"_bbp_topic_count":0,"_bbp_reply_count":0,"_bbp_total_topic_count":0,"_bbp_total_reply_count":0,"_bbp_voice_count":0,"_bbp_anonymous_reply_count":0,"_bbp_topic_count_hidden":0,"_bbp_reply_count_hidden":0,"_bbp_forum_subforum_count":0,"site-sidebar-layout":"default","site-content-layout":"","ast-site-content-layout":"default","site-content-style":"default","site-sidebar-style":"default","ast-global-header-display":"","ast-banner-title-visibility":"","ast-main-header-display":"","ast-hfb-above-header-display":"","ast-hfb-below-header-display":"","ast-hfb-mobile-header-display":"","site-post-title":"","ast-breadcrumbs-content":"","ast-featured-img":"","footer-sml-layout":"","theme-transparent-header-meta":"default","adv-header-id-meta":"","stick-header-meta":"","header-above-stick-meta":"","header-main-stick-meta":"","header-below-stick-meta":"","astra-migrate-meta-layouts":"set","ast-page-background-enabled":"default","ast-page-background-meta":{"desktop":{"background-color":"var(--ast-global-color-4)","background-image":"","background-repeat":"repeat","background-position":"center center","background-size":"auto","background-attachment":"scroll","background-type":"","background-media":"","overlay-type":"","overlay-color":"","overlay-opacity":"","overlay-gradient":""},"tablet":{"background-color":"","background-image":"","background-repeat":"repeat","background-position":"center center","background-size":"auto","background-attachment":"scroll","background-type":"","background-media":"","overlay-type":"","overlay-color":"","overlay-opacity":"","overlay-gradient":""},"mobile":{"background-color":"","background-image":"","background-repeat":"repeat","background-position":"center center","background-size":"auto","background-attachment":"scroll","background-type":"","background-media":"","overlay-type":"","overlay-color":"","overlay-opacity":"","overlay-gradient":""}},"ast-content-background-meta":{"desktop":{"background-color":"var(--ast-global-color-5)","background-image":"","background-repeat":"repeat","background-position":"center center","background-size":"auto","background-attachment":"scroll","background-type":"","background-media":"","overlay-type":"","overlay-color":"","overlay-opacity":"","overlay-gradient":""},"tablet":{"background-color":"var(--ast-global-color-5)","background-image":"","background-repeat":"repeat","background-position":"center center","background-size":"auto","background-attachment":"scroll","background-type":"","background-media":"","overlay-type":"","overlay-color":"","overlay-opacity":"","overlay-gradient":""},"mobile":{"background-color":"var(--ast-global-color-5)","background-image":"","background-repeat":"repeat","background-position":"center center","background-size":"auto","background-attachment":"scroll","background-type":"","background-media":"","overlay-type":"","overlay-color":"","overlay-opacity":"","overlay-gradient":""}},"footnotes":""},"class_list":["post-30","page","type-page","status-publish","hentry"],"post_mailing_queue_ids":[],"_links":{"self":[{"href":"https:\/\/agora.xtec.cat\/escolaruda\/wp-json\/wp\/v2\/pages\/30","targetHints":{"allow":["GET"]}}],"collection":[{"href":"https:\/\/agora.xtec.cat\/escolaruda\/wp-json\/wp\/v2\/pages"}],"about":[{"href":"https:\/\/agora.xtec.cat\/escolaruda\/wp-json\/wp\/v2\/types\/page"}],"author":[{"embeddable":true,"href":"https:\/\/agora.xtec.cat\/escolaruda\/wp-json\/wp\/v2\/users\/1"}],"replies":[{"embeddable":true,"href":"https:\/\/agora.xtec.cat\/escolaruda\/wp-json\/wp\/v2\/comments?post=30"}],"version-history":[{"count":6,"href":"https:\/\/agora.xtec.cat\/escolaruda\/wp-json\/wp\/v2\/pages\/30\/revisions"}],"predecessor-version":[{"id":3251,"href":"https:\/\/agora.xtec.cat\/escolaruda\/wp-json\/wp\/v2\/pages\/30\/revisions\/3251"}],"up":[{"embeddable":true,"href":"https:\/\/agora.xtec.cat\/escolaruda\/wp-json\/wp\/v2\/pages\/22"}],"wp:attachment":[{"href":"https:\/\/agora.xtec.cat\/escolaruda\/wp-json\/wp\/v2\/media?parent=30"}],"curies":[{"name":"wp","href":"https:\/\/api.w.org\/{rel}","templated":true}]}}