{"id":9,"date":"2014-09-17T15:08:18","date_gmt":"2014-09-17T13:08:18","guid":{"rendered":"http:\/\/agora.xtec.cat\/escolarubioiors\/?page_id=9"},"modified":"2026-03-06T19:19:11","modified_gmt":"2026-03-06T18:19:11","slug":"pagina-dinici-buida","status":"publish","type":"page","link":"https:\/\/agora.xtec.cat\/escolarubioiors\/pagina-dinici-buida\/","title":{"rendered":"PREINSCRIPCI\u00d3"},"content":{"rendered":"<p style=\"text-align: justify;\">El Departament d\u2019Educaci\u00f3 ha publicat el calendari del proc\u00e9s de Preinscripci\u00f3 per al curs 2026-2027:<\/p>\n<ul style=\"text-align: justify;\">\n<li>Educaci\u00f3 infantil de segon cicle i educaci\u00f3 prim\u00e0ria: del 4 al 18 de mar\u00e7 de 2026.<\/li>\n<\/ul>\n<p style=\"text-align: justify;\">Et convidem a descobrir el nostre projecte educatiu, les instal\u00b7lacions i l&#8217;equip docent que acompanya l&#8217;alumnat en cada pas del seu aprenentatge. L&#8217;escola obra les portes el <strong>25 de febrer a les 15.15h<\/strong> i el <strong>27 de febrer a les 11.15h<\/strong>.<\/p>\n<p style=\"text-align: justify;\">Podeu confirmar la vostra assist\u00e8ncia per tel\u00e8fon (<strong>977 755 843<\/strong>) o per correu electr\u00f2nic <strong>(e3006061@xtec.cat<\/strong>). US HI ESPEREM!<\/p>\n<p><a href=\"https:\/\/agora.xtec.cat\/escolarubioiors\/wp-content\/uploads\/usu2134\/2026\/02\/WhatsApp-Image-2026-01-27-at-15.16.31-1.jpeg\"><img loading=\"lazy\" decoding=\"async\" class=\"aligncenter size-large wp-image-2012\" src=\"https:\/\/agora.xtec.cat\/escolarubioiors\/wp-content\/uploads\/usu2134\/2026\/02\/WhatsApp-Image-2026-01-27-at-15.16.31-1-1024x427.jpeg\" alt=\"\" width=\"1024\" height=\"427\" srcset=\"https:\/\/agora.xtec.cat\/escolarubioiors\/wp-content\/uploads\/usu2134\/2026\/02\/WhatsApp-Image-2026-01-27-at-15.16.31-1-1024x427.jpeg 1024w, https:\/\/agora.xtec.cat\/escolarubioiors\/wp-content\/uploads\/usu2134\/2026\/02\/WhatsApp-Image-2026-01-27-at-15.16.31-1-300x125.jpeg 300w, https:\/\/agora.xtec.cat\/escolarubioiors\/wp-content\/uploads\/usu2134\/2026\/02\/WhatsApp-Image-2026-01-27-at-15.16.31-1-768x320.jpeg 768w, https:\/\/agora.xtec.cat\/escolarubioiors\/wp-content\/uploads\/usu2134\/2026\/02\/WhatsApp-Image-2026-01-27-at-15.16.31-1-1536x640.jpeg 1536w, https:\/\/agora.xtec.cat\/escolarubioiors\/wp-content\/uploads\/usu2134\/2026\/02\/WhatsApp-Image-2026-01-27-at-15.16.31-1.jpeg 1920w\" sizes=\"auto, (max-width: 1024px) 100vw, 1024px\" \/><\/a><\/p>\n<p style=\"text-align: justify;\">El proc\u00e9s de preinscripci\u00f3 s\u2019ha de realitzar de forma telem\u00e0tica des de la web del Departament d\u2019Educaci\u00f3, us adjuntem els enlla\u00e7os. En aquestes p\u00e0gines web trobareu les <span style=\"text-decoration: underline;\">dates clau del calendari<\/span> i tots els <span style=\"text-decoration: underline;\">passos a seguir<\/span>.<\/p>\n<p><a href=\"https:\/\/preinscripcio.gencat.cat\/ca\/estudis\/infantil-3-6\/inici\/\">Educaci\u00f3 infantil<\/a> (3-6 anys)<\/p>\n<p><a href=\"https:\/\/preinscripcio.gencat.cat\/ca\/estudis\/primaria\/inici\/\">Educaci\u00f3 prim\u00e0ria<\/a><\/p>\n","protected":false},"excerpt":{"rendered":"<p>El Departament d\u2019Educaci\u00f3 ha publicat el calendari del proc\u00e9s de Preinscripci\u00f3 per al curs 2026-2027: Educaci\u00f3 infantil de segon cicle i educaci\u00f3 prim\u00e0ria: del 4 al 18 de mar\u00e7 de 2026. Et convidem a descobrir el nostre projecte educatiu, les instal\u00b7lacions i l&#8217;equip docent que acompanya l&#8217;alumnat en cada pas del seu aprenentatge. L&#8217;escola obra [&hellip;]<\/p>\n","protected":false},"author":3,"featured_media":0,"parent":0,"menu_order":0,"comment_status":"closed","ping_status":"closed","template":"","meta":{"_bbp_topic_count":0,"_bbp_reply_count":0,"_bbp_total_topic_count":0,"_bbp_total_reply_count":0,"_bbp_voice_count":0,"_bbp_anonymous_reply_count":0,"_bbp_topic_count_hidden":0,"_bbp_reply_count_hidden":0,"_bbp_forum_subforum_count":0,"site-sidebar-layout":"default","site-content-layout":"","ast-site-content-layout":"default","site-content-style":"default","site-sidebar-style":"default","ast-global-header-display":"","ast-banner-title-visibility":"","ast-main-header-display":"","ast-hfb-above-header-display":"","ast-hfb-below-header-display":"","ast-hfb-mobile-header-display":"","site-post-title":"","ast-breadcrumbs-content":"","ast-featured-img":"","footer-sml-layout":"","theme-transparent-header-meta":"default","adv-header-id-meta":"","stick-header-meta":"","header-above-stick-meta":"","header-main-stick-meta":"","header-below-stick-meta":"","astra-migrate-meta-layouts":"set","ast-page-background-enabled":"default","ast-page-background-meta":{"desktop":{"background-color":"var(--ast-global-color-4)","background-image":"","background-repeat":"repeat","background-position":"center center","background-size":"auto","background-attachment":"scroll","background-type":"","background-media":"","overlay-type":"","overlay-color":"","overlay-opacity":"","overlay-gradient":""},"tablet":{"background-color":"","background-image":"","background-repeat":"repeat","background-position":"center center","background-size":"auto","background-attachment":"scroll","background-type":"","background-media":"","overlay-type":"","overlay-color":"","overlay-opacity":"","overlay-gradient":""},"mobile":{"background-color":"","background-image":"","background-repeat":"repeat","background-position":"center center","background-size":"auto","background-attachment":"scroll","background-type":"","background-media":"","overlay-type":"","overlay-color":"","overlay-opacity":"","overlay-gradient":""}},"ast-content-background-meta":{"desktop":{"background-color":"var(--ast-global-color-5)","background-image":"","background-repeat":"repeat","background-position":"center center","background-size":"auto","background-attachment":"scroll","background-type":"","background-media":"","overlay-type":"","overlay-color":"","overlay-opacity":"","overlay-gradient":""},"tablet":{"background-color":"var(--ast-global-color-5)","background-image":"","background-repeat":"repeat","background-position":"center center","background-size":"auto","background-attachment":"scroll","background-type":"","background-media":"","overlay-type":"","overlay-color":"","overlay-opacity":"","overlay-gradient":""},"mobile":{"background-color":"var(--ast-global-color-5)","background-image":"","background-repeat":"repeat","background-position":"center center","background-size":"auto","background-attachment":"scroll","background-type":"","background-media":"","overlay-type":"","overlay-color":"","overlay-opacity":"","overlay-gradient":""}},"footnotes":""},"class_list":["post-9","page","type-page","status-publish","hentry"],"post_mailing_queue_ids":[],"_links":{"self":[{"href":"https:\/\/agora.xtec.cat\/escolarubioiors\/wp-json\/wp\/v2\/pages\/9","targetHints":{"allow":["GET"]}}],"collection":[{"href":"https:\/\/agora.xtec.cat\/escolarubioiors\/wp-json\/wp\/v2\/pages"}],"about":[{"href":"https:\/\/agora.xtec.cat\/escolarubioiors\/wp-json\/wp\/v2\/types\/page"}],"author":[{"embeddable":true,"href":"https:\/\/agora.xtec.cat\/escolarubioiors\/wp-json\/wp\/v2\/users\/3"}],"replies":[{"embeddable":true,"href":"https:\/\/agora.xtec.cat\/escolarubioiors\/wp-json\/wp\/v2\/comments?post=9"}],"version-history":[{"count":7,"href":"https:\/\/agora.xtec.cat\/escolarubioiors\/wp-json\/wp\/v2\/pages\/9\/revisions"}],"predecessor-version":[{"id":2070,"href":"https:\/\/agora.xtec.cat\/escolarubioiors\/wp-json\/wp\/v2\/pages\/9\/revisions\/2070"}],"wp:attachment":[{"href":"https:\/\/agora.xtec.cat\/escolarubioiors\/wp-json\/wp\/v2\/media?parent=9"}],"curies":[{"name":"wp","href":"https:\/\/api.w.org\/{rel}","templated":true}]}}