{"id":28,"date":"2014-09-18T12:29:35","date_gmt":"2014-09-18T11:29:35","guid":{"rendered":"http:\/\/agora.xtec.cat\/escolarubioiors\/?page_id=28"},"modified":"2026-02-02T10:45:07","modified_gmt":"2026-02-02T09:45:07","slug":"consell-escolar","status":"publish","type":"page","link":"https:\/\/agora.xtec.cat\/escolarubioiors\/lescola\/consell-escolar\/","title":{"rendered":"Consell escolar"},"content":{"rendered":"<p style=\"color: #444444;\"><strong>Qu\u00e8 \u00e9s el consell escolar?<\/strong><\/p>\n<p>El consell escolar del centre \u00e9s l&#8217;\u00f2rgan col\u00b7legiat de participaci\u00f3 de la comunitat escolar en el govern del centre. En el consell escolar hi ha representats tots els col\u00b7lectius que intervenen en la comunitat educativa.<\/p>\n<p>La funci\u00f3 principal del consell escolar \u00e9s participar en la presa de decisions en relaci\u00f3 amb aquells temes importants per al funcionament i l&#8217;organitzaci\u00f3 del centre.<\/p>\n<p>Els membres del consell escolar s\u00f3n elegits per un per\u00edode de quatre anys i es renoven per meitats cada dos anys.<\/p>\n<p>&nbsp;<\/p>\n<h4><span style=\"text-decoration: underline;\"><strong>COMPOSICI\u00d3 DEL CONSELL ESCOLAR<\/strong><\/span><\/h4>\n<p><strong>Director:<\/strong> Carlos Hugo Velarde Garrido<\/p>\n<p><strong>Cap d&#8217;estudis:<\/strong> Zulema Ortega Vaquero<\/p>\n<p><strong>Secret\u00e0ria<\/strong>: Montse Pi\u00f1ero Mar\u00edn<\/p>\n<p><strong>Representants del professorat<\/strong><\/p>\n<ul style=\"list-style-type: disc;\">\n<li>Aaron Serrano Mart\u00ednez<\/li>\n<li>Isaac Aguil\u00e0 Manch\u00f3<\/li>\n<li>Maria Belen Muixi Asensio<\/li>\n<li>Noelia Moliner Martin<\/li>\n<li>N\u00faria Jim\u00e9nez Baiget<\/li>\n<li>Sheila Santos Cano<\/li>\n<\/ul>\n<p><strong>Representants de les fam\u00edlies<\/strong><\/p>\n<ul style=\"list-style-type: disc;\">\n<li>Aleix Saez Salvador<\/li>\n<li>Cindy Vanessa Matiz Lettich<\/li>\n<li>Elisabeth Navarro Lara<\/li>\n<li>Granada Valdivia Merino<\/li>\n<li>M\u00edriam Ester Archaga Vargas<\/li>\n<li>Noelia Tol\u00edn Ram\u00f3n<\/li>\n<\/ul>\n<p><strong>Representant del personal d&#8217;administraci\u00f3 i serveis (PAS)<\/strong><\/p>\n<ul style=\"list-style-type: disc;\">\n<li>Maria dels \u00c0ngels de las Heras Seuma<\/li>\n<\/ul>\n<p><strong>Representant del personal d&#8217;atenci\u00f3 educativa (PAE)<\/strong><\/p>\n<ul>\n<li>Josep Pujals Cabr\u00e9<\/li>\n<\/ul>\n<p><strong>Representant de l&#8217;AFA<\/strong><\/p>\n<ul>\n<li>Fatima El Yaackoubi Abdellaoui<\/li>\n<\/ul>\n<p><strong>Representant de l&#8217;Ajuntament<\/strong><\/p>\n<ul>\n<li>Gl\u00f2ria Fortuny March<\/li>\n<\/ul>\n","protected":false},"excerpt":{"rendered":"<p>Qu\u00e8 \u00e9s el consell escolar? El consell escolar del centre \u00e9s l&#8217;\u00f2rgan col\u00b7legiat de participaci\u00f3 de la comunitat escolar en el govern del centre. En el consell escolar hi ha representats tots els col\u00b7lectius que intervenen en la comunitat educativa. La funci\u00f3 principal del consell escolar \u00e9s participar en la presa de decisions en relaci\u00f3 [&hellip;]<\/p>\n","protected":false},"author":1,"featured_media":0,"parent":22,"menu_order":30,"comment_status":"closed","ping_status":"closed","template":"","meta":{"_bbp_topic_count":0,"_bbp_reply_count":0,"_bbp_total_topic_count":0,"_bbp_total_reply_count":0,"_bbp_voice_count":0,"_bbp_anonymous_reply_count":0,"_bbp_topic_count_hidden":0,"_bbp_reply_count_hidden":0,"_bbp_forum_subforum_count":0,"site-sidebar-layout":"default","site-content-layout":"","ast-site-content-layout":"default","site-content-style":"default","site-sidebar-style":"default","ast-global-header-display":"","ast-banner-title-visibility":"","ast-main-header-display":"","ast-hfb-above-header-display":"","ast-hfb-below-header-display":"","ast-hfb-mobile-header-display":"","site-post-title":"","ast-breadcrumbs-content":"","ast-featured-img":"","footer-sml-layout":"","theme-transparent-header-meta":"default","adv-header-id-meta":"","stick-header-meta":"","header-above-stick-meta":"","header-main-stick-meta":"","header-below-stick-meta":"","astra-migrate-meta-layouts":"set","ast-page-background-enabled":"default","ast-page-background-meta":{"desktop":{"background-color":"var(--ast-global-color-4)","background-image":"","background-repeat":"repeat","background-position":"center center","background-size":"auto","background-attachment":"scroll","background-type":"","background-media":"","overlay-type":"","overlay-color":"","overlay-opacity":"","overlay-gradient":""},"tablet":{"background-color":"","background-image":"","background-repeat":"repeat","background-position":"center center","background-size":"auto","background-attachment":"scroll","background-type":"","background-media":"","overlay-type":"","overlay-color":"","overlay-opacity":"","overlay-gradient":""},"mobile":{"background-color":"","background-image":"","background-repeat":"repeat","background-position":"center center","background-size":"auto","background-attachment":"scroll","background-type":"","background-media":"","overlay-type":"","overlay-color":"","overlay-opacity":"","overlay-gradient":""}},"ast-content-background-meta":{"desktop":{"background-color":"var(--ast-global-color-5)","background-image":"","background-repeat":"repeat","background-position":"center center","background-size":"auto","background-attachment":"scroll","background-type":"","background-media":"","overlay-type":"","overlay-color":"","overlay-opacity":"","overlay-gradient":""},"tablet":{"background-color":"var(--ast-global-color-5)","background-image":"","background-repeat":"repeat","background-position":"center center","background-size":"auto","background-attachment":"scroll","background-type":"","background-media":"","overlay-type":"","overlay-color":"","overlay-opacity":"","overlay-gradient":""},"mobile":{"background-color":"var(--ast-global-color-5)","background-image":"","background-repeat":"repeat","background-position":"center center","background-size":"auto","background-attachment":"scroll","background-type":"","background-media":"","overlay-type":"","overlay-color":"","overlay-opacity":"","overlay-gradient":""}},"footnotes":""},"class_list":["post-28","page","type-page","status-publish","hentry"],"post_mailing_queue_ids":[],"_links":{"self":[{"href":"https:\/\/agora.xtec.cat\/escolarubioiors\/wp-json\/wp\/v2\/pages\/28","targetHints":{"allow":["GET"]}}],"collection":[{"href":"https:\/\/agora.xtec.cat\/escolarubioiors\/wp-json\/wp\/v2\/pages"}],"about":[{"href":"https:\/\/agora.xtec.cat\/escolarubioiors\/wp-json\/wp\/v2\/types\/page"}],"author":[{"embeddable":true,"href":"https:\/\/agora.xtec.cat\/escolarubioiors\/wp-json\/wp\/v2\/users\/1"}],"replies":[{"embeddable":true,"href":"https:\/\/agora.xtec.cat\/escolarubioiors\/wp-json\/wp\/v2\/comments?post=28"}],"version-history":[{"count":5,"href":"https:\/\/agora.xtec.cat\/escolarubioiors\/wp-json\/wp\/v2\/pages\/28\/revisions"}],"predecessor-version":[{"id":1961,"href":"https:\/\/agora.xtec.cat\/escolarubioiors\/wp-json\/wp\/v2\/pages\/28\/revisions\/1961"}],"up":[{"embeddable":true,"href":"https:\/\/agora.xtec.cat\/escolarubioiors\/wp-json\/wp\/v2\/pages\/22"}],"wp:attachment":[{"href":"https:\/\/agora.xtec.cat\/escolarubioiors\/wp-json\/wp\/v2\/media?parent=28"}],"curies":[{"name":"wp","href":"https:\/\/api.w.org\/{rel}","templated":true}]}}